{"id":94,"date":"2015-06-23T09:19:50","date_gmt":"2015-06-23T06:19:50","guid":{"rendered":"http:\/\/wwwtesti.teknosavo.fi\/kontakt-2\/"},"modified":"2025-06-11T10:06:07","modified_gmt":"2025-06-11T07:06:07","slug":"de-kontakt","status":"publish","type":"page","link":"https:\/\/teknosavo.fi\/sv\/de-kontakt\/","title":{"rendered":"Kontakt"},"content":{"rendered":"\t\t<div data-elementor-type=\"wp-post\" data-elementor-id=\"94\" class=\"elementor elementor-94 elementor-110\" data-elementor-post-type=\"page\">\n\t\t\t\t\t\t<section class=\"elementor-section elementor-top-section elementor-element elementor-element-a1b8da9 elementor-section-boxed elementor-section-height-default elementor-section-height-default\" data-id=\"a1b8da9\" data-element_type=\"section\">\n\t\t\t\t\t\t<div class=\"elementor-container elementor-column-gap-default\">\n\t\t\t\t\t<div class=\"elementor-column elementor-col-100 elementor-top-column elementor-element elementor-element-dc399d6 mod_articlelightBg\" data-id=\"dc399d6\" data-element_type=\"column\">\n\t\t\t<div class=\"elementor-widget-wrap elementor-element-populated\">\n\t\t\t\t\t\t<div class=\"elementor-element elementor-element-8d67c73 g2 block ce_text elementor-widget elementor-widget-text-editor\" data-id=\"8d67c73\" data-element_type=\"widget\" data-widget_type=\"text-editor.default\">\n\t\t\t\t<div class=\"elementor-widget-container\">\n\t\t\t\t\t\t\t\t\t<h1>KONTAKT<br \/><strong>Teknosavo<\/strong><\/h1>\t\t\t\t\t\t\t\t<\/div>\n\t\t\t\t<\/div>\n\t\t\t\t<div class=\"elementor-element elementor-element-416fdc2  block ce_html elementor-widget elementor-widget-html\" data-id=\"416fdc2\" data-element_type=\"widget\" data-widget_type=\"html.default\">\n\t\t\t\t<div class=\"elementor-widget-container\">\n\t\t\t\t\t<div style=\"clear:both;\"><\/div>\t\t\t\t<\/div>\n\t\t\t\t<\/div>\n\t\t\t\t<div class=\"elementor-element elementor-element-0611279 g4 block ce_text elementor-widget__width-initial e-transform elementor-widget elementor-widget-text-editor\" data-id=\"0611279\" data-element_type=\"widget\" data-settings=\"{&quot;_transform_scale_effect&quot;:{&quot;unit&quot;:&quot;px&quot;,&quot;size&quot;:0.7,&quot;sizes&quot;:[]},&quot;_transform_scale_effect_tablet&quot;:{&quot;unit&quot;:&quot;px&quot;,&quot;size&quot;:&quot;&quot;,&quot;sizes&quot;:[]},&quot;_transform_scale_effect_mobile&quot;:{&quot;unit&quot;:&quot;px&quot;,&quot;size&quot;:&quot;&quot;,&quot;sizes&quot;:[]}}\" data-widget_type=\"text-editor.default\">\n\t\t\t\t<div class=\"elementor-widget-container\">\n\t\t\t\t\t\t\t\t\t<h3>ADMINISTRATION<\/h3><div><a href=\"mailto:smart@teknosavo.fi\">smart@teknosavo.fi<\/a><\/div>\t\t\t\t\t\t\t\t<\/div>\n\t\t\t\t<\/div>\n\t\t\t\t<div class=\"elementor-element elementor-element-5ae94a3 g4 block ce_text elementor-widget elementor-widget-text-editor\" data-id=\"5ae94a3\" data-element_type=\"widget\" data-widget_type=\"text-editor.default\">\n\t\t\t\t<div class=\"elementor-widget-container\">\n\t\t\t\t\t\t\t\t\t<p><strong>Hannu H\u00e4m\u00e4l\u00e4inen<br \/><\/strong>Managing Director<br \/>Mob. +358 (0) 50 529 1366<br \/><a href=\"mailto:hannu.hamalainen@teknosavo.fi\">hannu.hamalainen@teknosavo.fi<\/a><\/p>\t\t\t\t\t\t\t\t<\/div>\n\t\t\t\t<\/div>\n\t\t\t\t<div class=\"elementor-element elementor-element-f9e4d34 g4 block ce_text elementor-widget elementor-widget-text-editor\" data-id=\"f9e4d34\" data-element_type=\"widget\" data-widget_type=\"text-editor.default\">\n\t\t\t\t<div class=\"elementor-widget-container\">\n\t\t\t\t\t\t\t\t\t<p><strong>Hanna Matilainen<br><\/strong><span style=\"caret-color: #000000; color: #000000; font-family: Calibri, sans-serif; font-size: 14.6667px; text-size-adjust: auto;\">Controller&nbsp;<\/span><strong><br><\/strong>Mob. +358 (0)&nbsp;<span style=\"caret-color: #000000; color: #000000; font-family: Calibri, sans-serif; font-size: 14.6667px; text-size-adjust: auto;\">44&nbsp;477 2050<\/span><br><a title=\"Contact\" href=\"mailto:hanna.matilainen@teknosavo.fi\">hanna.matilainen@teknosavo.fi<\/a><\/p>\t\t\t\t\t\t\t\t<\/div>\n\t\t\t\t<\/div>\n\t\t\t\t<div class=\"elementor-element elementor-element-9d15a27 g4 block ce_text elementor-widget elementor-widget-text-editor\" data-id=\"9d15a27\" data-element_type=\"widget\" data-widget_type=\"text-editor.default\">\n\t\t\t\t<div class=\"elementor-widget-container\">\n\t\t\t\t\t\t\t\t\t<p><b>Sonja Niittylahti<\/b><b><br \/><\/b>Mob. +358 (0)\u00a0<span style=\"caret-color: #000000; color: #000000; font-family: Calibri, sans-serif; font-size: 14.6667px; text-size-adjust: auto;\">50\u00a0348 7386<br \/><\/span><a href=\"mailto:sonja.niittylahti@teknosavo.fi\">sonja.niittylahti@teknosavo.fi<\/a><\/p>\t\t\t\t\t\t\t\t<\/div>\n\t\t\t\t<\/div>\n\t\t\t\t<div class=\"elementor-element elementor-element-d3ed593  block ce_html elementor-widget elementor-widget-html\" data-id=\"d3ed593\" data-element_type=\"widget\" data-widget_type=\"html.default\">\n\t\t\t\t<div class=\"elementor-widget-container\">\n\t\t\t\t\t<div style=\"clear:both;\"><\/div>\t\t\t\t<\/div>\n\t\t\t\t<\/div>\n\t\t\t\t<div class=\"elementor-element elementor-element-e1a8b3c g4 block ce_text elementor-widget elementor-widget-text-editor\" data-id=\"e1a8b3c\" data-element_type=\"widget\" data-widget_type=\"text-editor.default\">\n\t\t\t\t<div class=\"elementor-widget-container\">\n\t\t\t\t\t\t\t\t\t<p>\u00a0 \u00a0 \u00a0 \u00a0 \u00a0\u00a0<\/p>\t\t\t\t\t\t\t\t<\/div>\n\t\t\t\t<\/div>\n\t\t\t\t<div class=\"elementor-element elementor-element-e7bb2ba g4 block ce_text elementor-widget elementor-widget-text-editor\" data-id=\"e7bb2ba\" data-element_type=\"widget\" data-widget_type=\"text-editor.default\">\n\t\t\t\t<div class=\"elementor-widget-container\">\n\t\t\t\t\t\t\t\t\t<p><strong>Jarna Salminen<br \/><\/strong>Marketing Assistant<br \/>Mob. +358 (0) 50\u00a0340 5973<br \/><a href=\"mailto:jarna.salminen@teknosavo.fi\">jarna.salminen@teknosavo.fi<\/a><\/p>\t\t\t\t\t\t\t\t<\/div>\n\t\t\t\t<\/div>\n\t\t\t\t<div class=\"elementor-element elementor-element-f4cb8de  block ce_html elementor-widget elementor-widget-html\" data-id=\"f4cb8de\" data-element_type=\"widget\" data-widget_type=\"html.default\">\n\t\t\t\t<div class=\"elementor-widget-container\">\n\t\t\t\t\t<div style=\"clear:both;\"><\/div>\t\t\t\t<\/div>\n\t\t\t\t<\/div>\n\t\t\t\t<div class=\"elementor-element elementor-element-33b7a24 g4 block ce_text elementor-widget__width-initial e-transform elementor-widget elementor-widget-text-editor\" data-id=\"33b7a24\" data-element_type=\"widget\" data-settings=\"{&quot;_transform_scale_effect&quot;:{&quot;unit&quot;:&quot;px&quot;,&quot;size&quot;:0.8,&quot;sizes&quot;:[]},&quot;_transform_scale_effect_tablet&quot;:{&quot;unit&quot;:&quot;px&quot;,&quot;size&quot;:&quot;&quot;,&quot;sizes&quot;:[]},&quot;_transform_scale_effect_mobile&quot;:{&quot;unit&quot;:&quot;px&quot;,&quot;size&quot;:&quot;&quot;,&quot;sizes&quot;:[]}}\" data-widget_type=\"text-editor.default\">\n\t\t\t\t<div class=\"elementor-widget-container\">\n\t\t\t\t\t\t\t\t\t<h3>FAKTURENING<\/h3><div><a href=\"mailto:smart@teknosavo.fi\">smart@teknosavo.fi<\/a><\/div>\t\t\t\t\t\t\t\t<\/div>\n\t\t\t\t<\/div>\n\t\t\t\t<div class=\"elementor-element elementor-element-a9e6a6d g5 block ce_text elementor-widget elementor-widget-text-editor\" data-id=\"a9e6a6d\" data-element_type=\"widget\" data-widget_type=\"text-editor.default\">\n\t\t\t\t<div class=\"elementor-widget-container\">\n\t\t\t\t\t\t\t\t\t<h4>Teknosavo Oy<\/h4><p>Vipusenkatu 15<br \/>FI-57200 Savonlinna<br \/>Mob. +358 (0) 15 477 0700<br \/><a title=\"Send E-mail to Teknosavo\" href=\"mailto:smart@teknosavo.fi\">smart@teknosavo.fi<\/a><\/p>\t\t\t\t\t\t\t\t<\/div>\n\t\t\t\t<\/div>\n\t\t\t\t<div class=\"elementor-element elementor-element-54d71d9 g4 block ce_text elementor-widget elementor-widget-text-editor\" data-id=\"54d71d9\" data-element_type=\"widget\" data-widget_type=\"text-editor.default\">\n\t\t\t\t<div class=\"elementor-widget-container\">\n\t\t\t\t\t\t\t\t\t<p><b>Registeringsnummer<\/b><br>FI07520148<\/p>\n<p><strong>Adress f\u00f6r e-fakturor<br><\/strong>003707520148<\/p>\n<p><b>Operat\u00f6r E-faturor<\/b><br>(OpenText)<\/p>\t\t\t\t\t\t\t\t<\/div>\n\t\t\t\t<\/div>\n\t\t\t\t<div class=\"elementor-element elementor-element-1b88abc g4 block ce_text elementor-widget elementor-widget-text-editor\" data-id=\"1b88abc\" data-element_type=\"widget\" data-widget_type=\"text-editor.default\">\n\t\t\t\t<div class=\"elementor-widget-container\">\n\t\t\t\t\t\t\t\t\t<p><b>Operat\u00f6rskod<\/b><br \/>003708599126<\/p><p><strong>EDI-kod<br \/><\/strong>003707520148<\/p>\t\t\t\t\t\t\t\t<\/div>\n\t\t\t\t<\/div>\n\t\t\t\t<div class=\"elementor-element elementor-element-244dc0d  block ce_html elementor-widget elementor-widget-html\" data-id=\"244dc0d\" data-element_type=\"widget\" data-widget_type=\"html.default\">\n\t\t\t\t<div class=\"elementor-widget-container\">\n\t\t\t\t\t<div style=\"clear:both;\"><\/div>\t\t\t\t<\/div>\n\t\t\t\t<\/div>\n\t\t\t\t<div class=\"elementor-element elementor-element-c2c00ff g4 block ce_text elementor-widget elementor-widget-text-editor\" data-id=\"c2c00ff\" data-element_type=\"widget\" data-widget_type=\"text-editor.default\">\n\t\t\t\t<div class=\"elementor-widget-container\">\n\t\t\t\t\t\t\t\t\t<h3>UNDERH\u00c5LL<\/h3><div><a href=\"mailto:service@teknosavo.fi\">service@teknosavo.fi<\/a><\/div>\t\t\t\t\t\t\t\t<\/div>\n\t\t\t\t<\/div>\n\t\t\t\t<div class=\"elementor-element elementor-element-6ec0811 g4 block ce_text elementor-widget elementor-widget-text-editor\" data-id=\"6ec0811\" data-element_type=\"widget\" data-widget_type=\"text-editor.default\">\n\t\t\t\t<div class=\"elementor-widget-container\">\n\t\t\t\t\t\t\t\t\t<p><strong>Kimmo Makkonen<br \/><\/strong>Service Engineer<br \/><br \/><a href=\"mailto:kimmo.makkonen@teknosavo.fi\">kimmo.makkonen@teknosavo.fi<\/a><\/p>\t\t\t\t\t\t\t\t<\/div>\n\t\t\t\t<\/div>\n\t\t\t\t<div class=\"elementor-element elementor-element-cc2272c g4 block ce_text elementor-widget elementor-widget-text-editor\" data-id=\"cc2272c\" data-element_type=\"widget\" data-widget_type=\"text-editor.default\">\n\t\t\t\t<div class=\"elementor-widget-container\">\n\t\t\t\t\t\t\t\t\t<p><strong>Kalle Kuivalainen<br \/><\/strong>Service Engineer<br \/><br \/><a href=\"mailto:kalle.kuivalainen@teknosavo.fi\">kalle.kuivalainen@teknosavo.fi<\/a><\/p>\t\t\t\t\t\t\t\t<\/div>\n\t\t\t\t<\/div>\n\t\t\t\t<div class=\"elementor-element elementor-element-2a931f1 g4 block ce_text elementor-widget elementor-widget-text-editor\" data-id=\"2a931f1\" data-element_type=\"widget\" data-widget_type=\"text-editor.default\">\n\t\t\t\t<div class=\"elementor-widget-container\">\n\t\t\t\t\t\t\t\t\t<p><strong>Tatu Saariniva<br \/><\/strong>Service Engineer<br \/><br \/><a href=\"mailto:tatu.saariniva@teknosavo.fi\">tatu.saariniva@teknosavo.fi<\/a><\/p>\t\t\t\t\t\t\t\t<\/div>\n\t\t\t\t<\/div>\n\t\t\t\t<div class=\"elementor-element elementor-element-defaca7  block ce_html elementor-widget elementor-widget-html\" data-id=\"defaca7\" data-element_type=\"widget\" data-widget_type=\"html.default\">\n\t\t\t\t<div class=\"elementor-widget-container\">\n\t\t\t\t\t<div style=\"clear:both;\"><\/div>\t\t\t\t<\/div>\n\t\t\t\t<\/div>\n\t\t\t\t<div class=\"elementor-element elementor-element-396bc79 g4 block ce_text e-transform elementor-widget elementor-widget-text-editor\" data-id=\"396bc79\" data-element_type=\"widget\" data-settings=\"{&quot;_transform_scale_effect&quot;:{&quot;unit&quot;:&quot;px&quot;,&quot;size&quot;:0.9,&quot;sizes&quot;:[]},&quot;_transform_scale_effect_tablet&quot;:{&quot;unit&quot;:&quot;px&quot;,&quot;size&quot;:&quot;&quot;,&quot;sizes&quot;:[]},&quot;_transform_scale_effect_mobile&quot;:{&quot;unit&quot;:&quot;px&quot;,&quot;size&quot;:&quot;&quot;,&quot;sizes&quot;:[]}}\" data-widget_type=\"text-editor.default\">\n\t\t\t\t<div class=\"elementor-widget-container\">\n\t\t\t\t\t\t\t\t\t<h3>F\u00d6RS\u00c4LJNING<\/h3><div><a href=\"mailto:sales@teknosavo.fi\">sales@teknosavo.fi<\/a><\/div>\t\t\t\t\t\t\t\t<\/div>\n\t\t\t\t<\/div>\n\t\t\t\t<div class=\"elementor-element elementor-element-035831c g4 block ce_text elementor-widget elementor-widget-text-editor\" data-id=\"035831c\" data-element_type=\"widget\" data-widget_type=\"text-editor.default\">\n\t\t\t\t<div class=\"elementor-widget-container\">\n\t\t\t\t\t\t\t\t\t<p><strong>Kari Kallio<br \/><\/strong>Sales Manager<br \/>Mob.\u00a0 +358 (0) 400 332 335<br \/><a href=\"mailto:kari.kallio@teknosavo.fi\"><span style=\"font-style: inherit !important; font-weight: inherit !important;\">kari.kallio@teknosavo.fi<\/span><\/a><\/p>\t\t\t\t\t\t\t\t<\/div>\n\t\t\t\t<\/div>\n\t\t\t\t<div class=\"elementor-element elementor-element-5b3258c g4 block ce_text elementor-widget elementor-widget-text-editor\" data-id=\"5b3258c\" data-element_type=\"widget\" data-widget_type=\"text-editor.default\">\n\t\t\t\t<div class=\"elementor-widget-container\">\n\t\t\t\t\t\t\t\t\t<p><strong>Timo Alasuvanto<br><\/strong>Sales Manager<br>Mob.&nbsp; +358 (0) 44 477 2058<br><a href=\"mailto:timo.alasuvanto@teknosavo.fi\">timo.alasuvanto@teknosavo.fi<\/a><\/p>\t\t\t\t\t\t\t\t<\/div>\n\t\t\t\t<\/div>\n\t\t\t\t<div class=\"elementor-element elementor-element-7923b84  block ce_html elementor-widget elementor-widget-html\" data-id=\"7923b84\" data-element_type=\"widget\" data-widget_type=\"html.default\">\n\t\t\t\t<div class=\"elementor-widget-container\">\n\t\t\t\t\t<div style=\"clear:both;\"><\/div>\t\t\t\t<\/div>\n\t\t\t\t<\/div>\n\t\t\t\t<div class=\"elementor-element elementor-element-d812edf g1 block ce_text elementor-widget elementor-widget-text-editor\" data-id=\"d812edf\" data-element_type=\"widget\" data-widget_type=\"text-editor.default\">\n\t\t\t\t<div class=\"elementor-widget-container\">\n\t\t\t\t\t\t\t\t\t<h3>AGENTER<\/h3><h3>EUROPA<\/h3>\t\t\t\t\t\t\t\t<\/div>\n\t\t\t\t<\/div>\n\t\t\t\t<div class=\"elementor-element elementor-element-74637fa g4 block ce_text elementor-widget elementor-widget-text-editor\" data-id=\"74637fa\" data-element_type=\"widget\" data-widget_type=\"text-editor.default\">\n\t\t\t\t<div class=\"elementor-widget-container\">\n\t\t\t\t\t\t\t\t\t<h5>SLOWAKEI<br \/><br \/><\/h5><p>\u00a0<\/p><p>AGROSILVA SR, S.R.O.<br \/>Kukucinova 25<br \/>SK-921 01 Piestany,<br \/>Slowakei<br \/>Tel. +421 90 561 8352<br \/>Fax +421 33 772 3034<br \/><a title=\"Send E-mail\" href=\"mailto:agrosilva@py.sknet.sk\">agrosilva@agrosilva.sk<\/a><\/p>\t\t\t\t\t\t\t\t<\/div>\n\t\t\t\t<\/div>\n\t\t\t\t<div class=\"elementor-element elementor-element-683a938 g4 block ce_text elementor-widget elementor-widget-text-editor\" data-id=\"683a938\" data-element_type=\"widget\" data-widget_type=\"text-editor.default\">\n\t\t\t\t<div class=\"elementor-widget-container\">\n\t\t\t\t\t\t\t\t\t<h5>SPANIEN<br \/><br \/><\/h5><p>\u00a0<\/p><p>Sotgar Systems S.L.<br \/>Per Hornstein<br \/>Apdo. 30231<br \/>E-08080 Barcelona<br \/>Spanien<br \/>Tel. +34 93 205 5830<br \/>Fax +34 93 205 5490<br \/><a title=\"Send E-mail\" href=\"mailto:perhornstein@sotgar.com\">perhornstein@sotgar.com<\/a><\/p>\t\t\t\t\t\t\t\t<\/div>\n\t\t\t\t<\/div>\n\t\t\t\t<div class=\"elementor-element elementor-element-17b4181 g4 block ce_text elementor-widget elementor-widget-text-editor\" data-id=\"17b4181\" data-element_type=\"widget\" data-widget_type=\"text-editor.default\">\n\t\t\t\t<div class=\"elementor-widget-container\">\n\t\t\t\t\t\t\t\t\t<h5>\u00d6STERRIKE OCH TYSKLAND<\/h5><p>\u00a0<\/p><p>Dr. Gerhard Gabriel<br \/>gage 4P e. U.<br \/>Josef-Berghold-Strasse 23<br \/>2514 M\u00f6llersdorf<br \/>\u00d6sterrike<br \/>Tel. +43 681 2089 5112<br \/><a href=\"mailto:gerhard.gabriel@gage4p.com\">gerhard.gabriel@gage4p.com<\/a><\/p>\t\t\t\t\t\t\t\t<\/div>\n\t\t\t\t<\/div>\n\t\t\t\t<div class=\"elementor-element elementor-element-972c0dd g4 block ce_text elementor-widget elementor-widget-text-editor\" data-id=\"972c0dd\" data-element_type=\"widget\" data-widget_type=\"text-editor.default\">\n\t\t\t\t<div class=\"elementor-widget-container\">\n\t\t\t\t\t\t\t\t\t<h5>FRANKRIKE<br \/><br \/><\/h5><p>\u00a0<\/p><p>LOGICONSULT<br \/>Tel. +33 (0)5 63 23 28<br \/>ZI n\u00b03 &#8211; 63, avenue Maryse Basti\u00e9<br \/>16340 L\u2019Isle d\u2019Espagnac \u2013 Frankrike<br \/><a href=\"mailto:gerhard.gabriel@gage4p.com\">contact@logi-consult.fr<\/a><\/p>\t\t\t\t\t\t\t\t<\/div>\n\t\t\t\t<\/div>\n\t\t\t\t<div class=\"elementor-element elementor-element-a20d7c4  block ce_html elementor-widget elementor-widget-html\" data-id=\"a20d7c4\" data-element_type=\"widget\" data-widget_type=\"html.default\">\n\t\t\t\t<div class=\"elementor-widget-container\">\n\t\t\t\t\t<div style=\"clear:both;\"><\/div>\t\t\t\t<\/div>\n\t\t\t\t<\/div>\n\t\t\t\t<div class=\"elementor-element elementor-element-df171fd elementor-widget__width-initial elementor-widget elementor-widget-text-editor\" data-id=\"df171fd\" data-element_type=\"widget\" data-widget_type=\"text-editor.default\">\n\t\t\t\t<div class=\"elementor-widget-container\">\n\t\t\t\t\t\t\t\t\t<h5>PORTUGAL<\/h5><p>Celpapel &#8211; Equipamentos Industriais, LDA.<br \/>Rua Armando Cortez, 1-1\u00baD<br \/>2770-233 Pa\u00e7o de Arcos, Portugal<br \/>Tel. +351 21 313 8340<br \/>Fax +351 21 356 1335<br \/><a title=\"Send E-mail\" href=\"mailto:james.blades@celpapel.com\">james.blades@celpapel.com<\/a><\/p>\t\t\t\t\t\t\t\t<\/div>\n\t\t\t\t<\/div>\n\t\t\t\t<div class=\"elementor-element elementor-element-e907692 g1 block ce_text elementor-widget elementor-widget-text-editor\" data-id=\"e907692\" data-element_type=\"widget\" data-widget_type=\"text-editor.default\">\n\t\t\t\t<div class=\"elementor-widget-container\">\n\t\t\t\t\t\t\t\t\t<h3>USA, SOUTH-AFRICA, INDONESIA, CHILE<\/h3>\t\t\t\t\t\t\t\t<\/div>\n\t\t\t\t<\/div>\n\t\t\t\t<div class=\"elementor-element elementor-element-325f136  block ce_html elementor-widget elementor-widget-html\" data-id=\"325f136\" data-element_type=\"widget\" data-widget_type=\"html.default\">\n\t\t\t\t<div class=\"elementor-widget-container\">\n\t\t\t\t\t<div style=\"clear:both;\"><\/div>\t\t\t\t<\/div>\n\t\t\t\t<\/div>\n\t\t\t\t<div class=\"elementor-element elementor-element-833e201 elementor-widget__width-initial elementor-widget elementor-widget-text-editor\" data-id=\"833e201\" data-element_type=\"widget\" data-widget_type=\"text-editor.default\">\n\t\t\t\t<div class=\"elementor-widget-container\">\n\t\t\t\t\t\t\t\t\t<h5>USA &#8211; State of minnesota, michigan, wisconsin, illinois, indiana, iowa, ohio \/ canada &#8211; Ontario province<\/h5>\n<p>MATERIAL CONTROL SOLUTIONS LLC |&nbsp;<br>Chris Veley<br>Direct: +1 (0)414 708 4475<br>Fax: +1 (0)414 423 4473<br>Office: +1 (0)866 476 9861 or +1 (0)414 423 4472<br>1987 W Perdue<br>Milwaukee, WI 53209&nbsp;&nbsp;<br><a href=\"mailto:chris@materialcontrolsolutionsllc.com\">chris@materialcontrolsolutionsllc.com<\/a><br><a href=\"https:\/\/www.materialcontrolsolutionsllc.com\">www.materialcontrolsolutionsllc.com<\/a><\/p>\n<p><\/p>\t\t\t\t\t\t\t\t<\/div>\n\t\t\t\t<\/div>\n\t\t\t\t<div class=\"elementor-element elementor-element-168cd74  block ce_html elementor-widget elementor-widget-html\" data-id=\"168cd74\" data-element_type=\"widget\" data-widget_type=\"html.default\">\n\t\t\t\t<div class=\"elementor-widget-container\">\n\t\t\t\t\t<div style=\"clear:both;\"><\/div>\t\t\t\t<\/div>\n\t\t\t\t<\/div>\n\t\t\t\t<div class=\"elementor-element elementor-element-31afad4 elementor-widget__width-initial elementor-widget elementor-widget-text-editor\" data-id=\"31afad4\" data-element_type=\"widget\" data-widget_type=\"text-editor.default\">\n\t\t\t\t<div class=\"elementor-widget-container\">\n\t\t\t\t\t\t\t\t\t<h5>S\u00d6DAFRIKA<\/h5>\n<p>IMPORTANT PRODUCTS (PTY) LTD |<br>Theo Churchill<br>Tel.+2782 897 2464<br>P.O Box 69128, Bryanston, 2021, South Africa<br><a href=\"mailto:theo.churchill@importantproducts.co.za\">theo.churchill@importantproducts.co.za<\/a><\/p>\t\t\t\t\t\t\t\t<\/div>\n\t\t\t\t<\/div>\n\t\t\t\t<div class=\"elementor-element elementor-element-4949d6d  block ce_html elementor-widget elementor-widget-html\" data-id=\"4949d6d\" data-element_type=\"widget\" data-widget_type=\"html.default\">\n\t\t\t\t<div class=\"elementor-widget-container\">\n\t\t\t\t\t<div style=\"clear:both;\"><\/div>\t\t\t\t<\/div>\n\t\t\t\t<\/div>\n\t\t\t\t<div class=\"elementor-element elementor-element-9843efc elementor-widget elementor-widget-text-editor\" data-id=\"9843efc\" data-element_type=\"widget\" data-widget_type=\"text-editor.default\">\n\t\t\t\t<div class=\"elementor-widget-container\">\n\t\t\t\t\t\t\t\t\t<h5>IndonesIEN<\/h5><p>Nordic Ventures Pte. Ltd<br \/>Jakarta<br \/>Tel: +62\u00a0811\u00a0153 2282<br \/><a href=\"mailto:jakarta@nvg.fi\">jakarta@nvg.fi<\/a><\/p>\t\t\t\t\t\t\t\t<\/div>\n\t\t\t\t<\/div>\n\t\t\t\t<div class=\"elementor-element elementor-element-9f93d49  block ce_html elementor-widget elementor-widget-html\" data-id=\"9f93d49\" data-element_type=\"widget\" data-widget_type=\"html.default\">\n\t\t\t\t<div class=\"elementor-widget-container\">\n\t\t\t\t\t<div style=\"clear:both;\"><\/div>\t\t\t\t<\/div>\n\t\t\t\t<\/div>\n\t\t\t\t<div class=\"elementor-element elementor-element-fc7fcbf elementor-widget elementor-widget-text-editor\" data-id=\"fc7fcbf\" data-element_type=\"widget\" data-widget_type=\"text-editor.default\">\n\t\t\t\t<div class=\"elementor-widget-container\">\n\t\t\t\t\t\t\t\t\t<h5>CHILE<\/h5><p>TUTKA INGENIERIA &amp; CONSTRUCCION SPA | +56 (0)9 75 93 94 89<br \/>Marconi 840 11 Pedro Lagos<br \/>Los Angeles<br \/><a href=\"mailto:hcorrea@tutka.cl\">hcorrea@tutka.cl<\/a><\/p>\t\t\t\t\t\t\t\t<\/div>\n\t\t\t\t<\/div>\n\t\t\t\t\t<\/div>\n\t\t<\/div>\n\t\t\t\t\t<\/div>\n\t\t<\/section>\n\t\t\t\t<\/div>\n\t\t","protected":false},"excerpt":{"rendered":"<p>KONTAKTTeknosavo ADMINISTRATION smart@teknosavo.fi Hannu H\u00e4m\u00e4l\u00e4inenManaging DirectorMob. +358 (0) 50 529 1366hannu.hamalainen@teknosavo.fi Hanna MatilainenController&nbsp;Mob. +358 (0)&nbsp;44&nbsp;477 2050hanna.matilainen@teknosavo.fi Sonja NiittylahtiMob. +358 (0)\u00a050\u00a0348 7386sonja.niittylahti@teknosavo.fi \u00a0 \u00a0 \u00a0 \u00a0 \u00a0\u00a0 Jarna SalminenMarketing AssistantMob. +358 (0) 50\u00a0340 5973jarna.salminen@teknosavo.fi FAKTURENING smart@teknosavo.fi Teknosavo Oy Vipusenkatu 15FI-57200 SavonlinnaMob. +358 (0) 15 477 0700smart@teknosavo.fi RegisteringsnummerFI07520148 Adress f\u00f6r e-fakturor003707520148 Operat\u00f6r E-faturor(OpenText) Operat\u00f6rskod003708599126 EDI-kod003707520148 UNDERH\u00c5LL service@teknosavo.fi [&hellip;]<\/p>\n","protected":false},"author":12,"featured_media":691,"parent":0,"menu_order":0,"comment_status":"closed","ping_status":"closed","template":"","meta":{"footnotes":""},"class_list":["post-94","page","type-page","status-publish","has-post-thumbnail","hentry"],"aioseo_notices":[],"_links":{"self":[{"href":"https:\/\/teknosavo.fi\/sv\/wp-json\/wp\/v2\/pages\/94","targetHints":{"allow":["GET"]}}],"collection":[{"href":"https:\/\/teknosavo.fi\/sv\/wp-json\/wp\/v2\/pages"}],"about":[{"href":"https:\/\/teknosavo.fi\/sv\/wp-json\/wp\/v2\/types\/page"}],"author":[{"embeddable":true,"href":"https:\/\/teknosavo.fi\/sv\/wp-json\/wp\/v2\/users\/12"}],"replies":[{"embeddable":true,"href":"https:\/\/teknosavo.fi\/sv\/wp-json\/wp\/v2\/comments?post=94"}],"version-history":[{"count":67,"href":"https:\/\/teknosavo.fi\/sv\/wp-json\/wp\/v2\/pages\/94\/revisions"}],"predecessor-version":[{"id":4396,"href":"https:\/\/teknosavo.fi\/sv\/wp-json\/wp\/v2\/pages\/94\/revisions\/4396"}],"wp:featuredmedia":[{"embeddable":true,"href":"https:\/\/teknosavo.fi\/sv\/wp-json\/wp\/v2\/media\/691"}],"wp:attachment":[{"href":"https:\/\/teknosavo.fi\/sv\/wp-json\/wp\/v2\/media?parent=94"}],"curies":[{"name":"wp","href":"https:\/\/api.w.org\/{rel}","templated":true}]}}