{"id":75,"date":"2015-08-10T05:34:41","date_gmt":"2015-08-10T02:34:41","guid":{"rendered":"http:\/\/wwwtesti.teknosavo.fi\/teknosavo-3\/"},"modified":"2019-05-29T15:05:16","modified_gmt":"2019-05-29T12:05:16","slug":"teknosavo-91","status":"publish","type":"page","link":"https:\/\/teknosavo.fi\/sv\/teknosavo-91\/","title":{"rendered":"Teknosavo"},"content":{"rendered":"\t\t<div data-elementor-type=\"wp-post\" data-elementor-id=\"75\" class=\"elementor elementor-75 elementor-91\" data-elementor-post-type=\"page\">\n\t\t\t\t\t\t<section class=\"elementor-section elementor-top-section elementor-element elementor-element-ed0d7474e248d165e7b261a89f8130de elementor-section-boxed elementor-section-height-default elementor-section-height-default\" data-id=\"ed0d7474e248d165e7b261a89f8130de\" data-element_type=\"section\">\n\t\t\t\t\t\t<div class=\"elementor-container elementor-column-gap-default\">\n\t\t\t\t\t<div class=\"elementor-column elementor-col- elementor-top-column elementor-element elementor-element-9ba65e8b1b196af8753b6aad5420fc34 mod_articlehide_mobile\" data-id=\"9ba65e8b1b196af8753b6aad5420fc34\" data-element_type=\"column\" id=\"kuvabanneri\">\n\t\t\t<div class=\"elementor-widget-wrap\">\n\t\t\t\t\t\t\t<\/div>\n\t\t<\/div>\n\t\t\t\t\t<\/div>\n\t\t<\/section>\n\t\t\t\t<section class=\"elementor-section elementor-top-section elementor-element elementor-element-cb039dae14cb88c72314bd8b16504601 elementor-section-boxed elementor-section-height-default elementor-section-height-default\" data-id=\"cb039dae14cb88c72314bd8b16504601\" data-element_type=\"section\">\n\t\t\t\t\t\t<div class=\"elementor-container elementor-column-gap-default\">\n\t\t\t\t\t<div class=\"elementor-column elementor-col- elementor-top-column elementor-element elementor-element-29e857e84d8576f99f0695a61ac4a2e9 mod_article\" data-id=\"29e857e84d8576f99f0695a61ac4a2e9\" data-element_type=\"column\">\n\t\t\t<div class=\"elementor-widget-wrap elementor-element-populated\">\n\t\t\t\t\t\t<div class=\"elementor-element elementor-element-2e4d3f0fde094eef19100c1a6b806541 ingressi block ce_text elementor-widget elementor-widget-text-editor\" data-id=\"2e4d3f0fde094eef19100c1a6b806541\" data-element_type=\"widget\" data-widget_type=\"text-editor.default\">\n\t\t\t\t<div class=\"elementor-widget-container\">\n\t\t\t\t\t\t\t\t\t<h1>GLOBALT BEPR\u00d6VAD EXPERTIS <br>INOM OPTIMERING<\/h1>\n<p>Teknosavo \u00e4r specialiserat p\u00e5 att leverera optimeringssystem och onlinebaserad m\u00e4tutrustning f\u00f6r tr\u00e4f\u00f6r\u00e4dlingsindustrin samt f\u00f6r kundprojekt som kr\u00e4ver el-, automations-, programvaru- och mekanikplanering.<br><br><br><\/p>\t\t\t\t\t\t\t\t<\/div>\n\t\t\t\t<\/div>\n\t\t\t\t<div class=\"elementor-element elementor-element-2f7c41bc752fb826303fc497adbba036 g1 block ce_text elementor-widget elementor-widget-text-editor\" data-id=\"2f7c41bc752fb826303fc497adbba036\" data-element_type=\"widget\" data-widget_type=\"text-editor.default\">\n\t\t\t\t<div class=\"elementor-widget-container\">\n\t\t\t\t\t\t\t\t\t<p>Teknosavo grundades \u00e5r 1988 och har sedan dess utvecklat en ytterst avancerad teknisk kunskap inom tr\u00e4f\u00f6r\u00e4dlingsindustrin. Sedan vi startade har vi skaffat oss en bred och djup kunskap om v\u00e5ra storskaliga kunders processer p\u00e5 den globala marknaden. Vid Teknosavos anl\u00e4ggning i Nyslott jobbar v\u00e5ra erfarna ingenj\u00f6rer och programmerare inom m\u00e4tsystemteknik och barkningsprocesser med att p\u00e5 ett avancerat och v\u00e4lavv\u00e4gt s\u00e4tt skapa tillf\u00f6rlitliga produkter och system.<\/p>\t\t\t\t\t\t\t\t<\/div>\n\t\t\t\t<\/div>\n\t\t\t\t<div class=\"elementor-element elementor-element-1111f1b6ea6aa626bdab7c3a3a250d69 g1 block ce_image elementor-widget elementor-widget-image\" data-id=\"1111f1b6ea6aa626bdab7c3a3a250d69\" data-element_type=\"widget\" data-widget_type=\"image.default\">\n\t\t\t\t<div class=\"elementor-widget-container\">\n\t\t\t\t\t\t\t\t\t\t\t\t\t\t\t<img fetchpriority=\"high\" decoding=\"async\" width=\"980\" height=\"579\" src=\"https:\/\/teknosavo.fi\/wp-content\/uploads\/2019\/04\/map-teknosavo.png\" class=\"attachment-full size-full wp-image-636\" alt=\"Teknosavo world map\" srcset=\"https:\/\/teknosavo.fi\/wp-content\/uploads\/2019\/04\/map-teknosavo.png 980w, https:\/\/teknosavo.fi\/wp-content\/uploads\/2019\/04\/map-teknosavo-300x177.png 300w, https:\/\/teknosavo.fi\/wp-content\/uploads\/2019\/04\/map-teknosavo-768x454.png 768w\" sizes=\"(max-width: 980px) 100vw, 980px\" \/>\t\t\t\t\t\t\t\t\t\t\t\t\t\t\t<\/div>\n\t\t\t\t<\/div>\n\t\t\t\t<div class=\"elementor-element elementor-element-592c344a18950b800329702c2925f1fb g3 blue block ce_text elementor-widget elementor-widget-text-editor\" data-id=\"592c344a18950b800329702c2925f1fb\" data-element_type=\"widget\" data-widget_type=\"text-editor.default\">\n\t\t\t\t<div class=\"elementor-widget-container\">\n\t\t\t\t\t\t\t\t\t<h5>N\u00c4STA GENERATIONS SYSTEM<\/h5>\n<p>Med hj\u00e4lp av omfattande program f\u00f6r forskning och utveckling i samarbete med v\u00e5ra kunder lanserar vi l\u00f6pande n\u00e4sta generations onlinebaserade m\u00e4tsystem p\u00e5 marknaden. V\u00e5rt l\u00f6pande utvecklingsarbete har lett till ett omfattande produktsortiment som m\u00f6ter kundernas vitt skilda behov och \u00f6nskem\u00e5l.<\/p>\t\t\t\t\t\t\t\t<\/div>\n\t\t\t\t<\/div>\n\t\t\t\t<div class=\"elementor-element elementor-element-187707d61c9c790053fa6bacfdf23953 g3 green block ce_text elementor-widget elementor-widget-text-editor\" data-id=\"187707d61c9c790053fa6bacfdf23953\" data-element_type=\"widget\" data-widget_type=\"text-editor.default\">\n\t\t\t\t<div class=\"elementor-widget-container\">\n\t\t\t\t\t\t\t\t\t<h5>KONSULT- <br>TJ\u00c4NSTER<\/h5>\n<p>V\u00e5ra konsulter har m\u00e5nga \u00e5rs kunskap och erfarenhet att erbjuda kunderna. Vi utv\u00e4rderar kundens verksamhet och kvaliteten p\u00e5 ved- och flisprepareringsprocesserna f\u00f6r att s\u00e4kerst\u00e4lla ett slutresultat av h\u00f6g kvalitet.<\/p>\t\t\t\t\t\t\t\t<\/div>\n\t\t\t\t<\/div>\n\t\t\t\t<div class=\"elementor-element elementor-element-864e6fb58fe66edab3ca3d6446f3e456 g3 aqua block ce_text elementor-widget elementor-widget-text-editor\" data-id=\"864e6fb58fe66edab3ca3d6446f3e456\" data-element_type=\"widget\" data-widget_type=\"text-editor.default\">\n\t\t\t\t<div class=\"elementor-widget-container\">\n\t\t\t\t\t\t\t\t\t<h5>CERTIFIERAD <br>KVALITET<\/h5>\n<p>Vi har utvecklat ett internt kvalitetssystem f\u00f6r att uppfylla v\u00e5ra l\u00f6ften till kunderna. Systemet \u00e4r certifierat enligt ISO 9001. Vi str\u00e4var efter att utbilda v\u00e5ra medarbetare och h\u00e5lla oss uppdaterade p\u00e5 vad som h\u00e4nder inom branschen.<\/p>\t\t\t\t\t\t\t\t<\/div>\n\t\t\t\t<\/div>\n\t\t\t\t\t<\/div>\n\t\t<\/div>\n\t\t\t\t\t<\/div>\n\t\t<\/section>\n\t\t\t\t<\/div>\n\t\t","protected":false},"excerpt":{"rendered":"","protected":false},"author":12,"featured_media":691,"parent":0,"menu_order":0,"comment_status":"closed","ping_status":"closed","template":"","meta":{"footnotes":""},"class_list":["post-75","page","type-page","status-publish","has-post-thumbnail","hentry"],"aioseo_notices":[],"_links":{"self":[{"href":"https:\/\/teknosavo.fi\/sv\/wp-json\/wp\/v2\/pages\/75","targetHints":{"allow":["GET"]}}],"collection":[{"href":"https:\/\/teknosavo.fi\/sv\/wp-json\/wp\/v2\/pages"}],"about":[{"href":"https:\/\/teknosavo.fi\/sv\/wp-json\/wp\/v2\/types\/page"}],"author":[{"embeddable":true,"href":"https:\/\/teknosavo.fi\/sv\/wp-json\/wp\/v2\/users\/12"}],"replies":[{"embeddable":true,"href":"https:\/\/teknosavo.fi\/sv\/wp-json\/wp\/v2\/comments?post=75"}],"version-history":[{"count":1,"href":"https:\/\/teknosavo.fi\/sv\/wp-json\/wp\/v2\/pages\/75\/revisions"}],"predecessor-version":[{"id":192,"href":"https:\/\/teknosavo.fi\/sv\/wp-json\/wp\/v2\/pages\/75\/revisions\/192"}],"wp:featuredmedia":[{"embeddable":true,"href":"https:\/\/teknosavo.fi\/sv\/wp-json\/wp\/v2\/media\/691"}],"wp:attachment":[{"href":"https:\/\/teknosavo.fi\/sv\/wp-json\/wp\/v2\/media?parent=75"}],"curies":[{"name":"wp","href":"https:\/\/api.w.org\/{rel}","templated":true}]}}