{"id":72,"date":"2018-03-07T11:24:16","date_gmt":"2018-03-07T09:24:16","guid":{"rendered":"http:\/\/wwwtesti.teknosavo.fi\/optimeringstjanster\/"},"modified":"2019-05-29T15:05:14","modified_gmt":"2019-05-29T12:05:14","slug":"optimeringstjanster","status":"publish","type":"page","link":"https:\/\/teknosavo.fi\/sv\/optimeringstjanster\/","title":{"rendered":"Optimeringstj\u00e4nster"},"content":{"rendered":"\t\t<div data-elementor-type=\"wp-post\" data-elementor-id=\"72\" class=\"elementor elementor-72 elementor-74\" data-elementor-post-type=\"page\">\n\t\t\t\t\t\t<section class=\"elementor-section elementor-top-section elementor-element elementor-element-751896f726346086c4d2233d729498a0 elementor-section-boxed elementor-section-height-default elementor-section-height-default\" data-id=\"751896f726346086c4d2233d729498a0\" data-element_type=\"section\">\n\t\t\t\t\t\t<div class=\"elementor-container elementor-column-gap-default\">\n\t\t\t\t\t<div class=\"elementor-column elementor-col- elementor-top-column elementor-element elementor-element-34472d6b3e220bfe46f3bc5992f03047 mod_articlehide_mobile\" data-id=\"34472d6b3e220bfe46f3bc5992f03047\" data-element_type=\"column\" id=\"kuvabanneri\">\n\t\t\t<div class=\"elementor-widget-wrap\">\n\t\t\t\t\t\t\t<\/div>\n\t\t<\/div>\n\t\t\t\t\t<\/div>\n\t\t<\/section>\n\t\t\t\t<section class=\"elementor-section elementor-top-section elementor-element elementor-element-60c2b13e43019cb9ed0dccec60768974 elementor-section-boxed elementor-section-height-default elementor-section-height-default\" data-id=\"60c2b13e43019cb9ed0dccec60768974\" data-element_type=\"section\">\n\t\t\t\t\t\t<div class=\"elementor-container elementor-column-gap-default\">\n\t\t\t\t\t<div class=\"elementor-column elementor-col- elementor-top-column elementor-element elementor-element-0c40b88c80ef08fb3c4622081ab70a80 mod_article\" data-id=\"0c40b88c80ef08fb3c4622081ab70a80\" data-element_type=\"column\">\n\t\t\t<div class=\"elementor-widget-wrap elementor-element-populated\">\n\t\t\t\t\t\t<div class=\"elementor-element elementor-element-69062ff062f33e370b97e73c1f6803ed g1 ingressi block ce_text elementor-widget elementor-widget-text-editor\" data-id=\"69062ff062f33e370b97e73c1f6803ed\" data-element_type=\"widget\" data-widget_type=\"text-editor.default\">\n\t\t\t\t<div class=\"elementor-widget-container\">\n\t\t\t\t\t\t\t\t\t<h1>MINDRE VEDF\u00d6RLUST,&nbsp;<br>B\u00c4TTRE KVALITET OCH&nbsp;<br><strong>H\u00d6GRE AVKASTNING<\/strong><\/h1>\n<p>Ett toppmodernt system och en \u00f6vergripande tj\u00e4nst i samma paket<\/p>\t\t\t\t\t\t\t\t<\/div>\n\t\t\t\t<\/div>\n\t\t\t\t<div class=\"elementor-element elementor-element-e093ed9f0db4e3f70390b7e4b0da4b3d g1 block ce_text elementor-widget elementor-widget-text-editor\" data-id=\"e093ed9f0db4e3f70390b7e4b0da4b3d\" data-element_type=\"widget\" data-widget_type=\"text-editor.default\">\n\t\t\t\t<div class=\"elementor-widget-container\">\n\t\t\t\t\t\t\t\t\t<p>Med hj\u00e4lp av Teknosavos avancerade automationsl\u00f6sning kan kundernas aff\u00e4rsverksamhet h\u00f6jas till en ny niv\u00e5. V\u00e5r service omfattar optimering av kundens hela avbarkningsprocess, inklusive analys, utrustning, rapportering och fortl\u00f6pande underh\u00e5ll. Med hj\u00e4lp av v\u00e5r l\u00f6sning optimeras produktionen, vilket ger klara konkurrensf\u00f6rdelar f\u00f6r materialbehandling inom tr\u00e4f\u00f6r\u00e4dlingsindustrin.<\/p>\t\t\t\t\t\t\t\t<\/div>\n\t\t\t\t<\/div>\n\t\t\t\t<div class=\"elementor-element elementor-element-d2e158b0f8fc9f48bba7c6dd85df8b74  block ce_html elementor-widget elementor-widget-html\" data-id=\"d2e158b0f8fc9f48bba7c6dd85df8b74\" data-element_type=\"widget\" data-widget_type=\"html.default\">\n\t\t\t\t<div class=\"elementor-widget-container\">\n\t\t\t\t\t<div style=\"clear:both;\"><\/div>\t\t\t\t<\/div>\n\t\t\t\t<\/div>\n\t\t\t\t<div class=\"elementor-element elementor-element-9cf80fd0bbc67a178a4f6ac5b3f248a6 g1 green block ce_text elementor-widget elementor-widget-text-editor\" data-id=\"9cf80fd0bbc67a178a4f6ac5b3f248a6\" data-element_type=\"widget\" data-widget_type=\"text-editor.default\">\n\t\t\t\t<div class=\"elementor-widget-container\">\n\t\t\t\t\t\t\t\t\t<h5 class=\"p1\">Besparingar och effektivitet med hj\u00e4lp av exakta data<\/h5>\t\t\t\t\t\t\t\t<\/div>\n\t\t\t\t<\/div>\n\t\t\t\t<div class=\"elementor-element elementor-element-894923727f8b6611ed3131db1c75899e g2together block ce_image elementor-widget elementor-widget-image\" data-id=\"894923727f8b6611ed3131db1c75899e\" data-element_type=\"widget\" data-widget_type=\"image.default\">\n\t\t\t\t<div class=\"elementor-widget-container\">\n\t\t\t\t\t\t\t\t\t\t\t\t\t\t\t<img decoding=\"async\" src=\"https:\/\/teknosavo.fi\/wp-content\/uploads\/2019\/04\/optimointipalvelu1.png\" title=\"https:\/\/teknosavo.fi\/wp-content\/uploads\/2019\/04\/optimointipalvelu1.png\" alt=\"optimizing service image\" loading=\"lazy\" \/>\t\t\t\t\t\t\t\t\t\t\t\t\t\t\t<\/div>\n\t\t\t\t<\/div>\n\t\t\t\t<div class=\"elementor-element elementor-element-7b4866d260f850dba019ba4e2c7c7fef g2together block ce_image elementor-widget elementor-widget-image\" data-id=\"7b4866d260f850dba019ba4e2c7c7fef\" data-element_type=\"widget\" data-widget_type=\"image.default\">\n\t\t\t\t<div class=\"elementor-widget-container\">\n\t\t\t\t\t\t\t\t\t\t\t\t\t\t\t<img fetchpriority=\"high\" decoding=\"async\" width=\"465\" height=\"300\" src=\"https:\/\/teknosavo.fi\/wp-content\/uploads\/2019\/04\/sv-energibesparing.png\" class=\"attachment-full size-full wp-image-921\" alt=\"Energibesparingar p\u00e5 upp till 30 %\" srcset=\"https:\/\/teknosavo.fi\/wp-content\/uploads\/2019\/04\/sv-energibesparing.png 465w, https:\/\/teknosavo.fi\/wp-content\/uploads\/2019\/04\/sv-energibesparing-300x194.png 300w\" sizes=\"(max-width: 465px) 100vw, 465px\" \/>\t\t\t\t\t\t\t\t\t\t\t\t\t\t\t<\/div>\n\t\t\t\t<\/div>\n\t\t\t\t<div class=\"elementor-element elementor-element-b7a2225103b113c61f5a0b8fcc4d2cd3  block ce_html elementor-widget elementor-widget-html\" data-id=\"b7a2225103b113c61f5a0b8fcc4d2cd3\" data-element_type=\"widget\" data-widget_type=\"html.default\">\n\t\t\t\t<div class=\"elementor-widget-container\">\n\t\t\t\t\t<div style=\"clear:both;\"><\/div>\t\t\t\t<\/div>\n\t\t\t\t<\/div>\n\t\t\t\t<div class=\"elementor-element elementor-element-8e96b46f688ad068561d647cc1670806 g2 block ce_text elementor-widget elementor-widget-text-editor\" data-id=\"8e96b46f688ad068561d647cc1670806\" data-element_type=\"widget\" data-widget_type=\"text-editor.default\">\n\t\t\t\t<div class=\"elementor-widget-container\">\n\t\t\t\t\t\t\t\t\t<p><img decoding=\"async\" src=\"https:\/\/teknosavo.fi\/wp-content\/uploads\/2019\/04\/valittu-ruutu green.jpg\" alt=\"\" width=\"12\" height=\"12\">&nbsp;<strong>\u00d6kad kapacitet<br><\/strong>Automationssystemet snabbar upp flera arbetsmoment i avbarkningsprocessen. N\u00e4r effektiviteten \u00f6kar v\u00e4xer ocks\u00e5 kapaciteten.<\/p>\n<p class=\"p1\"><strong><img decoding=\"async\" src=\"https:\/\/teknosavo.fi\/wp-content\/uploads\/2019\/04\/valittu-ruutu green.jpg\" alt=\"\" width=\"12\" height=\"12\">&nbsp;Mindre vedf\u00f6rlust<br><\/strong>En exakt och optimerad avbarkning minskar f\u00f6rlust till i genomsnitt 1\u20134 %.<\/p>\n<p class=\"p1\"><strong><img decoding=\"async\" src=\"https:\/\/teknosavo.fi\/wp-content\/uploads\/2019\/04\/valittu-ruutu green.jpg\" alt=\"\" width=\"12\" height=\"12\">&nbsp;J\u00e4mn produktion<br><\/strong>Styrtekniken f\u00f6r barkning m\u00f6jligg\u00f6r en j\u00e4mn produktion och undanr\u00f6jer flaskhalsar i andra delar av produktionen. Tack vare j\u00e4mnheten kan man undvika st\u00f6rningar.<\/p>\n<p class=\"p1\"><strong><img decoding=\"async\" src=\"https:\/\/teknosavo.fi\/wp-content\/uploads\/2019\/04\/valittu-ruutu green.jpg\" alt=\"\" width=\"12\" height=\"12\">&nbsp;Produktionsrapporter i realtid<br><\/strong>Data som insamlats av m\u00e4tutrustningen sparas omedelbart i WoodSmart\u2122-systemet. Produktionsrapporteringen m\u00f6jligg\u00f6r uppf\u00f6ljning och optimering av tr\u00e4f\u00f6r\u00e4dlingen. WoodSmart\u2122 kan integreras i fabrikens system.<\/p>\n<p class=\"p1\"><strong><img decoding=\"async\" src=\"https:\/\/teknosavo.fi\/wp-content\/uploads\/2019\/04\/valittu-ruutu green.jpg\" alt=\"\" width=\"12\" height=\"12\">&nbsp;Renare flis \u2013 h\u00f6gre kvalitet<br><\/strong>En optimerad produktion m\u00f6jligg\u00f6r en ren och h\u00f6gklassig slutprodukt. Flisens h\u00f6ga kvalitet ger besparingar \u00e4ven i produktionsprocessen, eftersom man bland annat kan minska anv\u00e4ndningen av kemikalier.<\/p>\t\t\t\t\t\t\t\t<\/div>\n\t\t\t\t<\/div>\n\t\t\t\t<div class=\"elementor-element elementor-element-079ea880d7c96b15c758ec65a26f95a3 g2 block ce_text elementor-widget elementor-widget-text-editor\" data-id=\"079ea880d7c96b15c758ec65a26f95a3\" data-element_type=\"widget\" data-widget_type=\"text-editor.default\">\n\t\t\t\t<div class=\"elementor-widget-container\">\n\t\t\t\t\t\t\t\t\t<p class=\"p1\"><strong><img decoding=\"async\" src=\"https:\/\/teknosavo.fi\/wp-content\/uploads\/2019\/04\/valittu-ruutu green.jpg\" alt=\"\" width=\"12\" height=\"12\">&nbsp;Risken f\u00f6r m\u00e4nskliga misstag minskar<br><\/strong>Den automatiska styrningen m\u00f6jligg\u00f6r en j\u00e4mn och oavbruten process. M\u00e4nskliga misstag relaterade till byten av arbetsskift och andra avvikelser till f\u00f6ljd av m\u00e4nsklig verksamhet utesluts.&nbsp;<\/p>\n<p class=\"p1\"><strong><img decoding=\"async\" src=\"https:\/\/teknosavo.fi\/wp-content\/uploads\/2019\/04\/valittu-ruutu green.jpg\" alt=\"\" width=\"12\" height=\"12\">&nbsp;L\u00e4tt \u00f6vervakning<br><\/strong>Med hj\u00e4lp av Teknosavos l\u00f6sningar kan driftspersonalen fokusera p\u00e5 \u00f6vervakning av produktionen i st\u00e4llet f\u00f6r p\u00e5 fortl\u00f6pande manuell styrning.<\/p>\n<p class=\"p1\"><strong><img decoding=\"async\" src=\"https:\/\/teknosavo.fi\/wp-content\/uploads\/2019\/04\/valittu-ruutu green.jpg\" alt=\"\" width=\"12\" height=\"12\">&nbsp;Reglerbar<br><\/strong>Optimeringstj\u00e4nsten beaktar f\u00f6r\u00e4ndringar i produktionen. Vi justerar analysen efter behoven av f\u00f6r\u00e4ndringar i produktionen, till exempel vid byten av tr\u00e4slag.&nbsp;<\/p>\n<p class=\"p3\"><strong><img decoding=\"async\" src=\"https:\/\/teknosavo.fi\/wp-content\/uploads\/2019\/04\/valittu-ruutu green.jpg\" alt=\"\" width=\"12\" height=\"12\">&nbsp;Alltid den nyaste tekniken<br><\/strong>De nyaste tekniska l\u00f6sningarna s\u00e4kerst\u00e4ller att b\u00e5de programvaran och utrustningen fungerar effektivt. Man beh\u00f6ver inte l\u00e4ngre bekymra sig f\u00f6r att utrustningen fungerar p\u00e5 halv effekt, att tekniken \u00e4r f\u00f6r\u00e5ldrad eller att det inte l\u00e4ngre finns reservdelar.&nbsp;<\/p>\n<p class=\"p3\"><strong><img decoding=\"async\" src=\"https:\/\/teknosavo.fi\/wp-content\/uploads\/2019\/04\/valittu-ruutu green.jpg\" alt=\"\" width=\"12\" height=\"12\">&nbsp;Fortl\u00f6pande teknisk support och tillg\u00e5ng till reservdelar<br><\/strong>Teknisk support s\u00e4kerst\u00e4ller att processen fungerar utan st\u00f6rningar och f\u00f6rebygger driftstopp. Reservdelar levereras och monteras snabbt p\u00e5 plats.&nbsp;&nbsp;<\/p>\t\t\t\t\t\t\t\t<\/div>\n\t\t\t\t<\/div>\n\t\t\t\t<div class=\"elementor-element elementor-element-d0bdf19579ec8087e46cd51af51cc5b5 g1 blue block ce_text elementor-widget elementor-widget-text-editor\" data-id=\"d0bdf19579ec8087e46cd51af51cc5b5\" data-element_type=\"widget\" data-widget_type=\"text-editor.default\">\n\t\t\t\t<div class=\"elementor-widget-container\">\n\t\t\t\t\t\t\t\t\t<h5>SERVICEAVTAL<\/h5>\t\t\t\t\t\t\t\t<\/div>\n\t\t\t\t<\/div>\n\t\t\t\t<div class=\"elementor-element elementor-element-685e088699f833a3359b19736221080a g1 blue block ce_text elementor-widget elementor-widget-text-editor\" data-id=\"685e088699f833a3359b19736221080a\" data-element_type=\"widget\" data-widget_type=\"text-editor.default\">\n\t\t\t\t<div class=\"elementor-widget-container\">\n\t\t\t\t\t\t\t\t\t<img decoding=\"async\" width=\"368\" height=\"327\" src=\"https:\/\/teknosavo.fi\/wp-content\/uploads\/2019\/04\/Ka\u0308ytto\u0308liittyma\u0308leiska.jpg\" class=\"float_left\" alt=\"\" width=\"f\" height=\"u\" srcset=\"https:\/\/teknosavo.fi\/wp-content\/uploads\/2019\/04\/Ka\u0308ytto\u0308liittyma\u0308leiska.jpg 368w, https:\/\/teknosavo.fi\/wp-content\/uploads\/2019\/04\/Ka\u0308ytto\u0308liittyma\u0308leiska-300x267.jpg 300w\" sizes=\"(max-width: 368px) 100vw, 368px\" \/>\n\n<p><strong>Med m\u00e5nadsavtal kan du dra nytta av WoodSmartTM-optimeringsl\u00f6sningen direkt<\/strong><\/p>\n<p>Teknosavos serviceavtal omfattar teknisk utrustning som skr\u00e4ddarsytts enligt produktionsvolymen, \u00f6vervakning av installationen, idrifttagning och uppdateringar. Optimeringssystemet med fast pris som faktureras m\u00e5natligen \u00e4r ett l\u00e4tt s\u00e4tt f\u00f6r kunden att effektivisera verksamheten och uppn\u00e5 avsev\u00e4rda besparingar. <br><br>Avtalet omfattar tekniska l\u00f6sningar, underh\u00e5ll och reservdelar samt kundsupport \u00f6ver allt i v\u00e4rlden. Avtalet ing\u00e5s f\u00f6r fem \u00e5r i taget. Teknosavo garanterar effektivitetsnyttan av optimeringen under hela avtalsperioden.<\/p>\t\t\t\t\t\t\t\t<\/div>\n\t\t\t\t<\/div>\n\t\t\t\t\t<\/div>\n\t\t<\/div>\n\t\t\t\t\t<\/div>\n\t\t<\/section>\n\t\t\t\t<\/div>\n\t\t","protected":false},"excerpt":{"rendered":"","protected":false},"author":12,"featured_media":691,"parent":0,"menu_order":0,"comment_status":"closed","ping_status":"closed","template":"","meta":{"footnotes":""},"class_list":["post-72","page","type-page","status-publish","has-post-thumbnail","hentry"],"aioseo_notices":[],"_links":{"self":[{"href":"https:\/\/teknosavo.fi\/sv\/wp-json\/wp\/v2\/pages\/72","targetHints":{"allow":["GET"]}}],"collection":[{"href":"https:\/\/teknosavo.fi\/sv\/wp-json\/wp\/v2\/pages"}],"about":[{"href":"https:\/\/teknosavo.fi\/sv\/wp-json\/wp\/v2\/types\/page"}],"author":[{"embeddable":true,"href":"https:\/\/teknosavo.fi\/sv\/wp-json\/wp\/v2\/users\/12"}],"replies":[{"embeddable":true,"href":"https:\/\/teknosavo.fi\/sv\/wp-json\/wp\/v2\/comments?post=72"}],"version-history":[{"count":1,"href":"https:\/\/teknosavo.fi\/sv\/wp-json\/wp\/v2\/pages\/72\/revisions"}],"predecessor-version":[{"id":189,"href":"https:\/\/teknosavo.fi\/sv\/wp-json\/wp\/v2\/pages\/72\/revisions\/189"}],"wp:featuredmedia":[{"embeddable":true,"href":"https:\/\/teknosavo.fi\/sv\/wp-json\/wp\/v2\/media\/691"}],"wp:attachment":[{"href":"https:\/\/teknosavo.fi\/sv\/wp-json\/wp\/v2\/media?parent=72"}],"curies":[{"name":"wp","href":"https:\/\/api.w.org\/{rel}","templated":true}]}}