{"id":71,"date":"2015-06-22T10:22:24","date_gmt":"2015-06-22T07:22:24","guid":{"rendered":"http:\/\/wwwtesti.teknosavo.fi\/datainsamling-och-rapportering\/"},"modified":"2019-05-29T15:05:14","modified_gmt":"2019-05-29T12:05:14","slug":"datainsamling-och-rapportering","status":"publish","type":"page","link":"https:\/\/teknosavo.fi\/sv\/datainsamling-och-rapportering\/","title":{"rendered":"Datainsamling och rapportering"},"content":{"rendered":"\t\t<div data-elementor-type=\"wp-post\" data-elementor-id=\"71\" class=\"elementor elementor-71 elementor-55\" data-elementor-post-type=\"page\">\n\t\t\t\t\t\t<section class=\"elementor-section elementor-top-section elementor-element elementor-element-07954c1466bcf7655ae0a0f8939fe097 elementor-section-boxed elementor-section-height-default elementor-section-height-default\" data-id=\"07954c1466bcf7655ae0a0f8939fe097\" data-element_type=\"section\">\n\t\t\t\t\t\t<div class=\"elementor-container elementor-column-gap-default\">\n\t\t\t\t\t<div class=\"elementor-column elementor-col- elementor-top-column elementor-element elementor-element-cebd078402034926dbb92382d8f3d128 mod_articlehide_mobile\" data-id=\"cebd078402034926dbb92382d8f3d128\" data-element_type=\"column\" id=\"kuvabanneri\">\n\t\t\t<div class=\"elementor-widget-wrap\">\n\t\t\t\t\t\t\t<\/div>\n\t\t<\/div>\n\t\t\t\t\t<\/div>\n\t\t<\/section>\n\t\t\t\t<section class=\"elementor-section elementor-top-section elementor-element elementor-element-6fe0fdf0093a36efc27d97a9911514df elementor-section-boxed elementor-section-height-default elementor-section-height-default\" data-id=\"6fe0fdf0093a36efc27d97a9911514df\" data-element_type=\"section\">\n\t\t\t\t\t\t<div class=\"elementor-container elementor-column-gap-default\">\n\t\t\t\t\t<div class=\"elementor-column elementor-col- elementor-top-column elementor-element elementor-element-5bee8493c748e33f9354d834f130fcfd mod_articleinfoBg\" data-id=\"5bee8493c748e33f9354d834f130fcfd\" data-element_type=\"column\">\n\t\t\t<div class=\"elementor-widget-wrap elementor-element-populated\">\n\t\t\t\t\t\t<div class=\"elementor-element elementor-element-313876a4af689bb261c7baef6aff009f g2 ingressi block ce_text elementor-widget elementor-widget-text-editor\" data-id=\"313876a4af689bb261c7baef6aff009f\" data-element_type=\"widget\" data-widget_type=\"text-editor.default\">\n\t\t\t\t<div class=\"elementor-widget-container\">\n\t\t\t\t\t\t\t\t\t<h1>DATAINSAMLING <br>OCH RAPPORTERING 24\/7<\/h1>\n<p class=\"p1\">L\u00f6pande effektivitetsf\u00f6rb\u00e4ttringar kr\u00e4ver avancerade rapporteringsprogram.<\/p>\t\t\t\t\t\t\t\t<\/div>\n\t\t\t\t<\/div>\n\t\t\t\t<div class=\"elementor-element elementor-element-c8aa2c96353f2b9188d2bdd8a6d9ec91 g2 block ce_text elementor-widget elementor-widget-text-editor\" data-id=\"c8aa2c96353f2b9188d2bdd8a6d9ec91\" data-element_type=\"widget\" data-widget_type=\"text-editor.default\">\n\t\t\t\t<div class=\"elementor-widget-container\">\n\t\t\t\t\t\t\t\t\t<p><img fetchpriority=\"high\" decoding=\"async\" src=\"https:\/\/teknosavo.fi\/wp-content\/uploads\/2019\/04\/sv-smart-products-teknosavo.png\" alt=\"\" width=\"554\" height=\"327\"><\/p>\t\t\t\t\t\t\t\t<\/div>\n\t\t\t\t<\/div>\n\t\t\t\t<div class=\"elementor-element elementor-element-2e247efee29caa5f1ad711c80ba86246 g1 block ce_text elementor-widget elementor-widget-text-editor\" data-id=\"2e247efee29caa5f1ad711c80ba86246\" data-element_type=\"widget\" data-widget_type=\"text-editor.default\">\n\t\t\t\t<div class=\"elementor-widget-container\">\n\t\t\t\t\t\t\t\t\t<h5 class=\"p1\">REPORTSMART\u2122<\/h5>\n<p>ReportSmart\u2122 \u00e4r ett Windowsbaserat program som anv\u00e4nds f\u00f6r rapportering i optimeringssystemet WoodSmart\u2122 f\u00f6r barkningsanl\u00e4ggningar p\u00e5 massa- och pappersfabriker. Programmet innefattar bland annat datainsamling och ber\u00e4kning av \u00f6nskad m\u00e4tdata. De uppm\u00e4tta v\u00e4rdena kan f\u00f6ljas i realtid via diagram p\u00e5 displayen. Man kan ocks\u00e5 g\u00e5 igenom sparad data i databasen. Vid behov kan informationen exporteras till MS Excel och liknande program.<\/p>\n<p>ReportSmart\u2122 kan \u00e4ven anv\u00e4ndas f\u00f6r att till exempel hantera data om st\u00f6rningar, manuell inmatning av data, efterkorrigering samt f\u00f6r att ta fram skr\u00e4ddarsydda webb- och MS Excel-baserade rapporter. ReportSmart\u2122 fungerar med andra ord som en del av driftpersonalens eller ledningens informationssystem (MIS). Programvaran \u00e4r oberoende av h\u00e5rdvarutillverkare tack vare OPC-gr\u00e4nssnitt.<\/p>\t\t\t\t\t\t\t\t<\/div>\n\t\t\t\t<\/div>\n\t\t\t\t\t<\/div>\n\t\t<\/div>\n\t\t\t\t\t<\/div>\n\t\t<\/section>\n\t\t\t\t<\/div>\n\t\t","protected":false},"excerpt":{"rendered":"","protected":false},"author":12,"featured_media":317,"parent":0,"menu_order":0,"comment_status":"closed","ping_status":"closed","template":"","meta":{"footnotes":""},"class_list":["post-71","page","type-page","status-publish","has-post-thumbnail","hentry"],"aioseo_notices":[],"_links":{"self":[{"href":"https:\/\/teknosavo.fi\/sv\/wp-json\/wp\/v2\/pages\/71","targetHints":{"allow":["GET"]}}],"collection":[{"href":"https:\/\/teknosavo.fi\/sv\/wp-json\/wp\/v2\/pages"}],"about":[{"href":"https:\/\/teknosavo.fi\/sv\/wp-json\/wp\/v2\/types\/page"}],"author":[{"embeddable":true,"href":"https:\/\/teknosavo.fi\/sv\/wp-json\/wp\/v2\/users\/12"}],"replies":[{"embeddable":true,"href":"https:\/\/teknosavo.fi\/sv\/wp-json\/wp\/v2\/comments?post=71"}],"version-history":[{"count":1,"href":"https:\/\/teknosavo.fi\/sv\/wp-json\/wp\/v2\/pages\/71\/revisions"}],"predecessor-version":[{"id":188,"href":"https:\/\/teknosavo.fi\/sv\/wp-json\/wp\/v2\/pages\/71\/revisions\/188"}],"wp:featuredmedia":[{"embeddable":true,"href":"https:\/\/teknosavo.fi\/sv\/wp-json\/wp\/v2\/media\/317"}],"wp:attachment":[{"href":"https:\/\/teknosavo.fi\/sv\/wp-json\/wp\/v2\/media?parent=71"}],"curies":[{"name":"wp","href":"https:\/\/api.w.org\/{rel}","templated":true}]}}