{"id":70,"date":"2018-07-31T06:52:42","date_gmt":"2018-07-31T03:52:42","guid":{"rendered":"http:\/\/wwwtesti.teknosavo.fi\/barkningsoptimering\/"},"modified":"2019-05-29T15:05:13","modified_gmt":"2019-05-29T12:05:13","slug":"barkningsoptimering","status":"publish","type":"page","link":"https:\/\/teknosavo.fi\/sv\/barkningsoptimering\/","title":{"rendered":"Barkningsoptimering"},"content":{"rendered":"\t\t<div data-elementor-type=\"wp-post\" data-elementor-id=\"70\" class=\"elementor elementor-70\" data-elementor-post-type=\"page\">\n\t\t\t\t\t\t<section class=\"elementor-section elementor-top-section elementor-element elementor-element-555e2ae8f55c577de01c35ee74ae0cf4 elementor-section-boxed elementor-section-height-default elementor-section-height-default\" data-id=\"555e2ae8f55c577de01c35ee74ae0cf4\" data-element_type=\"section\">\n\t\t\t\t\t\t<div class=\"elementor-container elementor-column-gap-default\">\n\t\t\t\t\t<div class=\"elementor-column elementor-col- elementor-top-column elementor-element elementor-element-db5952c8ed622be8a2eb0ef9d26e5d29 mod_articlehide_mobile\" data-id=\"db5952c8ed622be8a2eb0ef9d26e5d29\" data-element_type=\"column\" id=\"kuvabanneri\">\n\t\t\t<div class=\"elementor-widget-wrap\">\n\t\t\t\t\t\t\t<\/div>\n\t\t<\/div>\n\t\t\t\t\t<\/div>\n\t\t<\/section>\n\t\t\t\t<section class=\"elementor-section elementor-top-section elementor-element elementor-element-2496cab33b7e2b9d219e89bc2f8c2548 elementor-section-boxed elementor-section-height-default elementor-section-height-default\" data-id=\"2496cab33b7e2b9d219e89bc2f8c2548\" data-element_type=\"section\">\n\t\t\t\t\t\t<div class=\"elementor-container elementor-column-gap-default\">\n\t\t\t\t\t<div class=\"elementor-column elementor-col- elementor-top-column elementor-element elementor-element-d788dccb76a73640f3ea758088b4deff mod_articleinfoBg\" data-id=\"d788dccb76a73640f3ea758088b4deff\" data-element_type=\"column\">\n\t\t\t<div class=\"elementor-widget-wrap elementor-element-populated\">\n\t\t\t\t\t\t<div class=\"elementor-element elementor-element-5b59cb236338369a10aeb416033685fc g2 ingressi block ce_text elementor-widget elementor-widget-text-editor\" data-id=\"5b59cb236338369a10aeb416033685fc\" data-element_type=\"widget\" data-widget_type=\"text-editor.default\">\n\t\t\t\t<div class=\"elementor-widget-container\">\n\t\t\t\t\t\t\t\t\t<h1>BARKNINGS-<br>OPTIMERING<\/h1>\n<p class=\"p1\">WoodSmart\u2122&nbsp;har utvecklats f\u00f6r att styra hela barkningsprocessen och p\u00e5 s\u00e5 s\u00e4tt stabilisera tillverkningen och optimera renhetsgrad och avkastning.<\/p>\t\t\t\t\t\t\t\t<\/div>\n\t\t\t\t<\/div>\n\t\t\t\t<div class=\"elementor-element elementor-element-327456df4710e2f7d1437df24e1bcf9a g2 block ce_text elementor-widget elementor-widget-text-editor\" data-id=\"327456df4710e2f7d1437df24e1bcf9a\" data-element_type=\"widget\" data-widget_type=\"text-editor.default\">\n\t\t\t\t<div class=\"elementor-widget-container\">\n\t\t\t\t\t\t\t\t\t<p><img fetchpriority=\"high\" decoding=\"async\" src=\"https:\/\/teknosavo.fi\/wp-content\/uploads\/2019\/04\/sv-smart-products-teknosavo.png\" alt=\"\" width=\"554\" height=\"327\"><\/p>\t\t\t\t\t\t\t\t<\/div>\n\t\t\t\t<\/div>\n\t\t\t\t<div class=\"elementor-element elementor-element-7e58fc1308e72125b25f179304451615  block ce_html elementor-widget elementor-widget-html\" data-id=\"7e58fc1308e72125b25f179304451615\" data-element_type=\"widget\" data-widget_type=\"html.default\">\n\t\t\t\t<div class=\"elementor-widget-container\">\n\t\t\t\t\t<div style=\"clear:both;\"><\/div>\t\t\t\t<\/div>\n\t\t\t\t<\/div>\n\t\t\t\t<div class=\"elementor-element elementor-element-90d2197d4a0c937ab93d63da5b157034 g2 block ce_text elementor-widget elementor-widget-text-editor\" data-id=\"90d2197d4a0c937ab93d63da5b157034\" data-element_type=\"widget\" data-widget_type=\"text-editor.default\">\n\t\t\t\t<div class=\"elementor-widget-container\">\n\t\t\t\t\t\t\t\t\t<p><img decoding=\"async\" style=\"display: block; margin-left: auto; margin-right: auto;\" src=\"https:\/\/teknosavo.fi\/wp-content\/uploads\/2019\/04\/woodsmart_naytto.png\" alt=\"\" width=\"390\" height=\"355\"><\/p>\t\t\t\t\t\t\t\t<\/div>\n\t\t\t\t<\/div>\n\t\t\t\t<div class=\"elementor-element elementor-element-a4e72493c0f3f8b8b76b78cca780912f g2 blue block ce_text elementor-widget elementor-widget-text-editor\" data-id=\"a4e72493c0f3f8b8b76b78cca780912f\" data-element_type=\"widget\" data-widget_type=\"text-editor.default\">\n\t\t\t\t<div class=\"elementor-widget-container\">\n\t\t\t\t\t\t\t\t\t<h5 class=\"p1\">WOODSMART\u2122<\/h5>\n<p>Den onlinebaserade m\u00e4tningen av flera processparametrar g\u00f6r det m\u00f6jligt att optimera barkningsprocessen helt, alltifr\u00e5n trummans fyllnadsgrad och vedens barkinneh\u00e5ll till m\u00e4tning av fliskvaliteten. Systemet r\u00e4knar fram de b\u00e4sta kontrollvariablerna f\u00f6r barkningen och uppr\u00e4tth\u00e5ller ett s\u00e5 stabilt vedfl\u00f6de som m\u00f6jligt.<\/p>\n<p>Onlinebaserad m\u00e4tning av olika processparametrar har flera stora f\u00f6rdelar och g\u00f6r det m\u00f6jligt att optimera barkningsprocessen fullt ut. WoodSmart\u2122 kan installeras i befintliga eller nya barkningsanl\u00e4ggningar.<\/p>\t\t\t\t\t\t\t\t<\/div>\n\t\t\t\t<\/div>\n\t\t\t\t\t<\/div>\n\t\t<\/div>\n\t\t\t\t\t<\/div>\n\t\t<\/section>\n\t\t\t\t<\/div>\n\t\t","protected":false},"excerpt":{"rendered":"","protected":false},"author":12,"featured_media":317,"parent":0,"menu_order":0,"comment_status":"closed","ping_status":"closed","template":"","meta":{"footnotes":""},"class_list":["post-70","page","type-page","status-publish","has-post-thumbnail","hentry"],"aioseo_notices":[],"_links":{"self":[{"href":"https:\/\/teknosavo.fi\/sv\/wp-json\/wp\/v2\/pages\/70","targetHints":{"allow":["GET"]}}],"collection":[{"href":"https:\/\/teknosavo.fi\/sv\/wp-json\/wp\/v2\/pages"}],"about":[{"href":"https:\/\/teknosavo.fi\/sv\/wp-json\/wp\/v2\/types\/page"}],"author":[{"embeddable":true,"href":"https:\/\/teknosavo.fi\/sv\/wp-json\/wp\/v2\/users\/12"}],"replies":[{"embeddable":true,"href":"https:\/\/teknosavo.fi\/sv\/wp-json\/wp\/v2\/comments?post=70"}],"version-history":[{"count":1,"href":"https:\/\/teknosavo.fi\/sv\/wp-json\/wp\/v2\/pages\/70\/revisions"}],"predecessor-version":[{"id":187,"href":"https:\/\/teknosavo.fi\/sv\/wp-json\/wp\/v2\/pages\/70\/revisions\/187"}],"wp:featuredmedia":[{"embeddable":true,"href":"https:\/\/teknosavo.fi\/sv\/wp-json\/wp\/v2\/media\/317"}],"wp:attachment":[{"href":"https:\/\/teknosavo.fi\/sv\/wp-json\/wp\/v2\/media?parent=70"}],"curies":[{"name":"wp","href":"https:\/\/api.w.org\/{rel}","templated":true}]}}