{"id":69,"date":"2018-07-31T06:53:10","date_gmt":"2018-07-31T03:53:10","guid":{"rendered":"http:\/\/wwwtesti.teknosavo.fi\/overvakning-av-fliskvalitet\/"},"modified":"2019-06-18T09:30:03","modified_gmt":"2019-06-18T06:30:03","slug":"overvakning-av-fliskvalitet","status":"publish","type":"page","link":"https:\/\/teknosavo.fi\/sv\/overvakning-av-fliskvalitet\/","title":{"rendered":"\u00d6vervakning av fliskvalitet"},"content":{"rendered":"\t\t<div data-elementor-type=\"wp-post\" data-elementor-id=\"69\" class=\"elementor elementor-69 elementor-102\" data-elementor-post-type=\"page\">\n\t\t\t\t\t\t<section class=\"elementor-section elementor-top-section elementor-element elementor-element-3c1fbe3511296fb41e40bf484ac3c140 elementor-section-boxed elementor-section-height-default elementor-section-height-default\" data-id=\"3c1fbe3511296fb41e40bf484ac3c140\" data-element_type=\"section\">\n\t\t\t\t\t\t<div class=\"elementor-container elementor-column-gap-default\">\n\t\t\t\t\t<div class=\"elementor-column elementor-col-100 elementor-top-column elementor-element elementor-element-5d2e2ce205440e4b6612a6c28cdde013 mod_articlehide_mobile\" data-id=\"5d2e2ce205440e4b6612a6c28cdde013\" data-element_type=\"column\" id=\"kuvabanneri\">\n\t\t\t<div class=\"elementor-widget-wrap\">\n\t\t\t\t\t\t\t<\/div>\n\t\t<\/div>\n\t\t\t\t\t<\/div>\n\t\t<\/section>\n\t\t\t\t<section class=\"elementor-section elementor-top-section elementor-element elementor-element-5dc703e621302b89edeabb8f9537815e elementor-section-boxed elementor-section-height-default elementor-section-height-default\" data-id=\"5dc703e621302b89edeabb8f9537815e\" data-element_type=\"section\">\n\t\t\t\t\t\t<div class=\"elementor-container elementor-column-gap-default\">\n\t\t\t\t\t<div class=\"elementor-column elementor-col-100 elementor-top-column elementor-element elementor-element-9a4516ad5ba74f72430c342049b2f492 mod_articleinfoBg\" data-id=\"9a4516ad5ba74f72430c342049b2f492\" data-element_type=\"column\">\n\t\t\t<div class=\"elementor-widget-wrap elementor-element-populated\">\n\t\t\t\t\t\t<div class=\"elementor-element elementor-element-961092ff596ac36461eb4dd15ab899da g2 ingressi block ce_text elementor-widget elementor-widget-text-editor\" data-id=\"961092ff596ac36461eb4dd15ab899da\" data-element_type=\"widget\" data-widget_type=\"text-editor.default\">\n\t\t\t\t<div class=\"elementor-widget-container\">\n\t\t\t\t\t\t\t\t\t<h1>\u00d6VERVAKNING AV FLISKVALITET<\/h1>\n<p class=\"p1\">Teknosavo har l\u00e5ng och omfattande erfarenhet av att leverera system f\u00f6r att \u00f6vervaka fliskvaliteten.<\/p>\t\t\t\t\t\t\t\t<\/div>\n\t\t\t\t<\/div>\n\t\t\t\t<div class=\"elementor-element elementor-element-9d8f68f0992920331ae495ad654857ea g2 block ce_text elementor-widget elementor-widget-text-editor\" data-id=\"9d8f68f0992920331ae495ad654857ea\" data-element_type=\"widget\" data-widget_type=\"text-editor.default\">\n\t\t\t\t<div class=\"elementor-widget-container\">\n\t\t\t\t\t\t\t\t\t<p><img fetchpriority=\"high\" decoding=\"async\" src=\"https:\/\/teknosavo.fi\/wp-content\/uploads\/2019\/04\/sv-smart-products-teknosavo.png\" alt=\"\" width=\"554\" height=\"327\"><\/p>\t\t\t\t\t\t\t\t<\/div>\n\t\t\t\t<\/div>\n\t\t\t\t<div class=\"elementor-element elementor-element-4805898ddf2111d2f7fd05593834929d g2 orange block ce_text elementor-widget elementor-widget-text-editor\" data-id=\"4805898ddf2111d2f7fd05593834929d\" data-element_type=\"widget\" data-widget_type=\"text-editor.default\">\n\t\t\t\t<div class=\"elementor-widget-container\">\n\t\t\t\t\t\t\t\t\t<h5 class=\"p1\">Chipsmart\u2122 2D<\/h5>\n<p>ChipSmart\u2122 2D \u00e4r utvecklat f\u00f6r att m\u00e4ta fliskvaliteten i realtid. Systemet best\u00e5r av en kamera- och belysningsenhet installerad p\u00e5 flistransport\u00f6ren, samt en dator inklusive analysprogramvara. Kameran fotograferar flisfl\u00f6det och \u00f6verf\u00f6r informationen till datorn f\u00f6r f\u00e4rganalys. Resultatet visar information om fliskvaliteten s\u00e5som flisens ytljushet, graden av bark och andra orenheter i flisfl\u00f6det, f\u00f6r\u00e4ndringar i flisens ytfuktighet, f\u00f6r\u00e4ndringar i klassificeringen av flisens styckesstorlek samt volymfl\u00f6det p\u00e5 flistransport\u00f6ren.<\/p>\n<p>M\u00e4tinformationen kan anv\u00e4ndas f\u00f6r att kontrollera barkningen, kontrollera skicket p\u00e5 flishuggens knivar eller ink\u00f6pt tr\u00e4flis f\u00f6r att undvika on\u00f6diga avbrott senare i processen. M\u00e4tinformationen kan kopplas till processoptimeringssystemet WoodSmart\u2122, till renseriets styrsystem eller visas i kontrollrummet p\u00e5 en separat display.<\/p>\t\t\t\t\t\t\t\t<\/div>\n\t\t\t\t<\/div>\n\t\t\t\t<div class=\"elementor-element elementor-element-511d240bffea742440a2bfac0ccc3814 g2 orange block ce_text elementor-widget elementor-widget-text-editor\" data-id=\"511d240bffea742440a2bfac0ccc3814\" data-element_type=\"widget\" data-widget_type=\"text-editor.default\">\n\t\t\t\t<div class=\"elementor-widget-container\">\n\t\t\t\t\t\t\t\t\t<h5 class=\"p1\">Chipsmart\u2122 3D<\/h5><p>ChipSmart\u2122 3D m\u00e4ter flisens kvalitet och dimensioner i realtid. M\u00e4tutrustningen kan placeras i n\u00e4rheten av flisfacket som sitter efter flishuggen vid barkningen i massa- och pappersfabriker, i s\u00e5llningssystemet, vid mottagning av ink\u00f6pt flis, vid utmatningstransport\u00f6ren fr\u00e5n flishuggens flissilo, eller vid massakokarens matningstransport\u00f6r. Utrustningen kan ocks\u00e5 anv\u00e4ndas f\u00f6r att analysera manuella prov, eller f\u00f6r kontroll av flis f\u00f6r f\u00f6rs\u00e4ljning som biprodukt vid ett s\u00e5gverk.<\/p><p>Ett representativt prov av flisfl\u00f6det tas med en automatisk provtagare. Provtagarens typ och s\u00e4ttet att behandla flisen efter kontrollen kan st\u00e4llas in separat f\u00f6r varje enskild industriell slutanv\u00e4ndare. ChipSmart\u2122 3D-systemet best\u00e5r av en flisklassificeringsenhet som sitter ovanf\u00f6r m\u00e4tenhetens egen flistransport\u00f6r, en kamera- och optisk enhet, en display samt en dator med analys- och underh\u00e5llsprogramvara.<\/p>\t\t\t\t\t\t\t\t<\/div>\n\t\t\t\t<\/div>\n\t\t\t\t<div class=\"elementor-element elementor-element-b441e239f9c4827af919525f4a3476ef g2 block ce_text elementor-widget elementor-widget-text-editor\" data-id=\"b441e239f9c4827af919525f4a3476ef\" data-element_type=\"widget\" data-widget_type=\"text-editor.default\">\n\t\t\t\t<div class=\"elementor-widget-container\">\n\t\t\t\t\t\t\t\t\t<p><img decoding=\"async\" style=\"display: block; margin-left: auto; margin-right: auto;\" src=\"https:\/\/teknosavo.fi\/wp-content\/uploads\/2019\/04\/sv-chipsmart3d.png\" alt=\"\" width=\"466\" height=\"466\"><\/p>\t\t\t\t\t\t\t\t<\/div>\n\t\t\t\t<\/div>\n\t\t\t\t<div class=\"elementor-element elementor-element-be2c274ec9e03dc1313fbf48c2c0ff4a g2 orange block ce_text elementor-widget elementor-widget-text-editor\" data-id=\"be2c274ec9e03dc1313fbf48c2c0ff4a\" data-element_type=\"widget\" data-widget_type=\"text-editor.default\">\n\t\t\t\t<div class=\"elementor-widget-container\">\n\t\t\t\t\t\t\t\t\t<p><strong>M\u00c4TNINGAR Chipsmart\u2122 3D:<\/strong><\/p><p><strong>Flisstorleksf\u00f6rdelning&nbsp;(SCAN-CM 40:01)<\/strong><\/p><ul><li>F\u00f6r stora flis<\/li><li>F\u00f6r tjocka flis<\/li><li>Stor accept<\/li><li>Liten accept<\/li><li>Pinnflis<\/li><li>S\u00e5gsp\u00e5n<\/li><li>Flisens m\u00e5tt: l\u00e4ngd, tjocklek, bredd<\/li><\/ul><p><strong>Alternativ:<\/strong><\/p><ul><li>Barkinneh\u00e5ll<\/li><li>Flisens ytljushet<\/li><li>Flisfuktighet<\/li><\/ul>\t\t\t\t\t\t\t\t<\/div>\n\t\t\t\t<\/div>\n\t\t\t\t\t<\/div>\n\t\t<\/div>\n\t\t\t\t\t<\/div>\n\t\t<\/section>\n\t\t\t\t<\/div>\n\t\t","protected":false},"excerpt":{"rendered":"<p>\u00d6VERVAKNING AV FLISKVALITET Teknosavo har l\u00e5ng och omfattande erfarenhet av att leverera system f\u00f6r att \u00f6vervaka fliskvaliteten. Chipsmart\u2122 2D ChipSmart\u2122 2D \u00e4r utvecklat f\u00f6r att m\u00e4ta fliskvaliteten i realtid. Systemet best\u00e5r av en kamera- och belysningsenhet installerad p\u00e5 flistransport\u00f6ren, samt en dator inklusive analysprogramvara. Kameran fotograferar flisfl\u00f6det och \u00f6verf\u00f6r informationen till datorn f\u00f6r f\u00e4rganalys. Resultatet [&hellip;]<\/p>\n","protected":false},"author":12,"featured_media":691,"parent":0,"menu_order":0,"comment_status":"closed","ping_status":"closed","template":"","meta":{"footnotes":""},"class_list":["post-69","page","type-page","status-publish","has-post-thumbnail","hentry"],"aioseo_notices":[],"_links":{"self":[{"href":"https:\/\/teknosavo.fi\/sv\/wp-json\/wp\/v2\/pages\/69","targetHints":{"allow":["GET"]}}],"collection":[{"href":"https:\/\/teknosavo.fi\/sv\/wp-json\/wp\/v2\/pages"}],"about":[{"href":"https:\/\/teknosavo.fi\/sv\/wp-json\/wp\/v2\/types\/page"}],"author":[{"embeddable":true,"href":"https:\/\/teknosavo.fi\/sv\/wp-json\/wp\/v2\/users\/12"}],"replies":[{"embeddable":true,"href":"https:\/\/teknosavo.fi\/sv\/wp-json\/wp\/v2\/comments?post=69"}],"version-history":[{"count":4,"href":"https:\/\/teknosavo.fi\/sv\/wp-json\/wp\/v2\/pages\/69\/revisions"}],"predecessor-version":[{"id":1836,"href":"https:\/\/teknosavo.fi\/sv\/wp-json\/wp\/v2\/pages\/69\/revisions\/1836"}],"wp:featuredmedia":[{"embeddable":true,"href":"https:\/\/teknosavo.fi\/sv\/wp-json\/wp\/v2\/media\/691"}],"wp:attachment":[{"href":"https:\/\/teknosavo.fi\/sv\/wp-json\/wp\/v2\/media?parent=69"}],"curies":[{"name":"wp","href":"https:\/\/api.w.org\/{rel}","templated":true}]}}