{"id":68,"date":"2015-07-02T11:17:47","date_gmt":"2015-07-02T08:17:47","guid":{"rendered":"http:\/\/wwwtesti.teknosavo.fi\/onlinebaserade-matsystem\/"},"modified":"2026-05-15T16:00:17","modified_gmt":"2026-05-15T13:00:17","slug":"trucksmart","status":"publish","type":"page","link":"https:\/\/teknosavo.fi\/sv\/trucksmart\/","title":{"rendered":"TruckSmart"},"content":{"rendered":"\t\t<div data-elementor-type=\"wp-post\" data-elementor-id=\"68\" class=\"elementor elementor-68 elementor-41\" data-elementor-post-type=\"page\">\n\t\t\t\t\t\t<section class=\"elementor-section elementor-top-section elementor-element elementor-element-547fc314799940c3a1f6b16f7df5e857 elementor-section-boxed elementor-section-height-default elementor-section-height-default\" data-id=\"547fc314799940c3a1f6b16f7df5e857\" data-element_type=\"section\">\n\t\t\t\t\t\t<div class=\"elementor-container elementor-column-gap-default\">\n\t\t\t\t\t<div class=\"elementor-column elementor-col-100 elementor-top-column elementor-element elementor-element-503184bb061d47514f49913c963e0fe1 mod_articlehide_mobile\" data-id=\"503184bb061d47514f49913c963e0fe1\" data-element_type=\"column\" id=\"kuvabanneri\">\n\t\t\t<div class=\"elementor-widget-wrap\">\n\t\t\t\t\t\t\t<\/div>\n\t\t<\/div>\n\t\t\t\t\t<\/div>\n\t\t<\/section>\n\t\t\t\t<section class=\"elementor-section elementor-top-section elementor-element elementor-element-9b3803d elementor-section-boxed elementor-section-height-default elementor-section-height-default\" data-id=\"9b3803d\" data-element_type=\"section\">\n\t\t\t\t\t\t<div class=\"elementor-container elementor-column-gap-default\">\n\t\t\t\t\t<div class=\"elementor-column elementor-col-66 elementor-top-column elementor-element elementor-element-3efdab4\" data-id=\"3efdab4\" data-element_type=\"column\">\n\t\t\t<div class=\"elementor-widget-wrap elementor-element-populated\">\n\t\t\t\t\t\t<div class=\"elementor-element elementor-element-43c5023 elementor-widget elementor-widget-heading\" data-id=\"43c5023\" data-element_type=\"widget\" data-widget_type=\"heading.default\">\n\t\t\t\t<div class=\"elementor-widget-container\">\n\t\t\t\t\t<h2 class=\"elementor-heading-title elementor-size-default\">TRUCKSMART \u2013 AUTOMATISERAR M\u00c4TNINGEN AV ANKOMMANDE VED<\/h2>\t\t\t\t<\/div>\n\t\t\t\t<\/div>\n\t\t\t\t\t<\/div>\n\t\t<\/div>\n\t\t\t\t<div class=\"elementor-column elementor-col-33 elementor-top-column elementor-element elementor-element-e1e1a6b\" data-id=\"e1e1a6b\" data-element_type=\"column\">\n\t\t\t<div class=\"elementor-widget-wrap\">\n\t\t\t\t\t\t\t<\/div>\n\t\t<\/div>\n\t\t\t\t\t<\/div>\n\t\t<\/section>\n\t\t\t\t<section class=\"elementor-section elementor-top-section elementor-element elementor-element-0ef3980 elementor-section-boxed elementor-section-height-default elementor-section-height-default\" data-id=\"0ef3980\" data-element_type=\"section\">\n\t\t\t\t\t\t<div class=\"elementor-container elementor-column-gap-default\">\n\t\t\t\t\t<div class=\"elementor-column elementor-col-33 elementor-top-column elementor-element elementor-element-b71e4b4\" data-id=\"b71e4b4\" data-element_type=\"column\">\n\t\t\t<div class=\"elementor-widget-wrap elementor-element-populated\">\n\t\t\t\t\t\t<div class=\"elementor-element elementor-element-479a207 elementor-widget-divider--view-line elementor-widget elementor-widget-divider\" data-id=\"479a207\" data-element_type=\"widget\" data-widget_type=\"divider.default\">\n\t\t\t\t<div class=\"elementor-widget-container\">\n\t\t\t\t\t\t\t<div class=\"elementor-divider\">\n\t\t\t<span class=\"elementor-divider-separator\">\n\t\t\t\t\t\t<\/span>\n\t\t<\/div>\n\t\t\t\t\t\t<\/div>\n\t\t\t\t<\/div>\n\t\t\t\t\t<\/div>\n\t\t<\/div>\n\t\t\t\t<div class=\"elementor-column elementor-col-66 elementor-top-column elementor-element elementor-element-99935d0\" data-id=\"99935d0\" data-element_type=\"column\">\n\t\t\t<div class=\"elementor-widget-wrap\">\n\t\t\t\t\t\t\t<\/div>\n\t\t<\/div>\n\t\t\t\t\t<\/div>\n\t\t<\/section>\n\t\t\t\t<section class=\"elementor-section elementor-top-section elementor-element elementor-element-1f5c7c7 elementor-section-boxed elementor-section-height-default elementor-section-height-default\" data-id=\"1f5c7c7\" data-element_type=\"section\">\n\t\t\t\t\t\t<div class=\"elementor-container elementor-column-gap-default\">\n\t\t\t\t\t<div class=\"elementor-column elementor-col-50 elementor-top-column elementor-element elementor-element-165225a\" data-id=\"165225a\" data-element_type=\"column\">\n\t\t\t<div class=\"elementor-widget-wrap elementor-element-populated\">\n\t\t\t\t\t\t<div class=\"elementor-element elementor-element-57ca687 elementor-widget elementor-widget-text-editor\" data-id=\"57ca687\" data-element_type=\"widget\" data-widget_type=\"text-editor.default\">\n\t\t\t\t<div class=\"elementor-widget-container\">\n\t\t\t\t\t\t\t\t\t<p style=\"font-weight: 400;\"><strong>TruckSmart<sup>TM\u00a0<\/sup>1) effektiviserar m\u00e4tningen av ankommande ved. 2) s\u00e4kerst\u00e4ller att fabriken inte betalar f\u00f6r mer \u00e4n vad som st\u00e5r i ink\u00f6psanvisningarna f\u00f6r r\u00e5varan. 3) Vedbokf\u00f6ringens precision \u00f6kar och 4) \u00f6vervakningen av ESG-kraven f\u00f6renklas.<\/strong><\/p><p style=\"font-weight: 400;\"><strong>Besparingar och transparens<\/strong><\/p><p style=\"font-weight: 400;\">M\u00e4tstationen TruckSmart<sup>TM<\/sup> m\u00e4ter de vedleveranser som ankommer till fabriken med hj\u00e4lp av m\u00e4tteknik som baseras p\u00e5 maskinsyn och laser. N\u00e4r en lastbil ankommer till m\u00e4tstationen ber\u00e4knar systemet kvaliteten och volymen p\u00e5 lastens vedmaterial utan m\u00e4nsklig inblandning. Det sker p\u00e5 ungef\u00e4r en minut. Med till\u00e4ggskomponenter kan \u00e4ven lastens tr\u00e4slag och barkhalt avg\u00f6ras. Efter m\u00e4tningen \u00f6verf\u00f6rs informationen om varje last till vedbokf\u00f6ringen.<\/p><p style=\"font-weight: 400;\">Ut\u00f6ver de <strong>ekonomiska f\u00f6rdelar<\/strong> som TruckSmart medf\u00f6r n\u00e4r det g\u00e4ller vedink\u00f6pen, <strong>underl\u00e4ttas \u00e4ven r\u00e5varufl\u00f6dets ursprungsidentifikation <\/strong>samt<strong> redovisningen av den leveransspecifika ESG-informationen<\/strong>. Efter den automatiserade m\u00e4tningen kan lastens kvalitets- och volymdata vid behov f\u00f6ljas genom hela produktionen.<\/p>\t\t\t\t\t\t\t\t<\/div>\n\t\t\t\t<\/div>\n\t\t\t\t\t<\/div>\n\t\t<\/div>\n\t\t\t\t<div class=\"elementor-column elementor-col-50 elementor-top-column elementor-element elementor-element-a905510\" data-id=\"a905510\" data-element_type=\"column\">\n\t\t\t<div class=\"elementor-widget-wrap elementor-element-populated\">\n\t\t\t\t\t\t<div class=\"elementor-element elementor-element-287059e elementor-widget elementor-widget-image\" data-id=\"287059e\" data-element_type=\"widget\" data-widget_type=\"image.default\">\n\t\t\t\t<div class=\"elementor-widget-container\">\n\t\t\t\t\t\t\t\t\t\t\t\t\t\t\t<img fetchpriority=\"high\" decoding=\"async\" width=\"449\" height=\"408\" src=\"https:\/\/teknosavo.fi\/wp-content\/uploads\/2019\/04\/truckmeasurement.jpg\" class=\"attachment-large size-large wp-image-656\" alt=\"Truck measurement screen\" srcset=\"https:\/\/teknosavo.fi\/wp-content\/uploads\/2019\/04\/truckmeasurement.jpg 449w, https:\/\/teknosavo.fi\/wp-content\/uploads\/2019\/04\/truckmeasurement-300x273.jpg 300w\" sizes=\"(max-width: 449px) 100vw, 449px\" \/>\t\t\t\t\t\t\t\t\t\t\t\t\t\t\t<\/div>\n\t\t\t\t<\/div>\n\t\t\t\t\t<\/div>\n\t\t<\/div>\n\t\t\t\t\t<\/div>\n\t\t<\/section>\n\t\t\t\t<section class=\"elementor-section elementor-top-section elementor-element elementor-element-16b32ef elementor-section-boxed elementor-section-height-default elementor-section-height-default\" data-id=\"16b32ef\" data-element_type=\"section\">\n\t\t\t\t\t\t<div class=\"elementor-container elementor-column-gap-default\">\n\t\t\t\t\t<div class=\"elementor-column elementor-col-100 elementor-top-column elementor-element elementor-element-159f589\" data-id=\"159f589\" data-element_type=\"column\">\n\t\t\t<div class=\"elementor-widget-wrap elementor-element-populated\">\n\t\t\t\t\t\t<div class=\"elementor-element elementor-element-cdb6b33 elementor-widget elementor-widget-image\" data-id=\"cdb6b33\" data-element_type=\"widget\" data-widget_type=\"image.default\">\n\t\t\t\t<div class=\"elementor-widget-container\">\n\t\t\t\t\t\t\t\t\t\t\t\t\t\t\t<img decoding=\"async\" width=\"900\" height=\"329\" src=\"https:\/\/teknosavo.fi\/wp-content\/uploads\/2025\/11\/Teknosavo_TruckSmart_AIview.jpg\" class=\"attachment-large size-large wp-image-4533\" alt=\"\" srcset=\"https:\/\/teknosavo.fi\/wp-content\/uploads\/2025\/11\/Teknosavo_TruckSmart_AIview.jpg 900w, https:\/\/teknosavo.fi\/wp-content\/uploads\/2025\/11\/Teknosavo_TruckSmart_AIview-300x110.jpg 300w, https:\/\/teknosavo.fi\/wp-content\/uploads\/2025\/11\/Teknosavo_TruckSmart_AIview-768x281.jpg 768w\" sizes=\"(max-width: 900px) 100vw, 900px\" \/>\t\t\t\t\t\t\t\t\t\t\t\t\t\t\t<\/div>\n\t\t\t\t<\/div>\n\t\t\t\t\t<\/div>\n\t\t<\/div>\n\t\t\t\t\t<\/div>\n\t\t<\/section>\n\t\t\t\t<section class=\"elementor-section elementor-top-section elementor-element elementor-element-be6d3b3 elementor-section-boxed elementor-section-height-default elementor-section-height-default\" data-id=\"be6d3b3\" data-element_type=\"section\">\n\t\t\t\t\t\t<div class=\"elementor-container elementor-column-gap-default\">\n\t\t\t\t\t<div class=\"elementor-column elementor-col-100 elementor-top-column elementor-element elementor-element-9bdff17\" data-id=\"9bdff17\" data-element_type=\"column\">\n\t\t\t<div class=\"elementor-widget-wrap elementor-element-populated\">\n\t\t\t\t\t\t<div class=\"elementor-element elementor-element-6941076 elementor-widget elementor-widget-text-editor\" data-id=\"6941076\" data-element_type=\"widget\" data-widget_type=\"text-editor.default\">\n\t\t\t\t<div class=\"elementor-widget-container\">\n\t\t\t\t\t\t\t\t\t<p style=\"font-weight: 400;\"><strong>Noggranna resultat och bepr\u00f6vad teknik<\/strong><\/p><p style=\"font-weight: 400;\">De f\u00f6rsta TruckSmart<sup>TM<\/sup>-m\u00e4tstationerna har varit i bruk i flera \u00e5r. Resultaten har varit goda. Kostnaderna f\u00f6r m\u00e4tning av veden har kunnat s\u00e4nkas samtidigt som tiden som g\u00e5tt \u00e5t till sj\u00e4lva m\u00e4tningen har minskat. M\u00e4tresultat p\u00e5 under en minut motsvarar de verkliga leveransf\u00f6rh\u00e5llandena. Systemet lever upp till de nordiska m\u00e4tkraven, som \u00e4r de str\u00e4ngaste i v\u00e4rlden.<\/p>\t\t\t\t\t\t\t\t<\/div>\n\t\t\t\t<\/div>\n\t\t\t\t\t<\/div>\n\t\t<\/div>\n\t\t\t\t\t<\/div>\n\t\t<\/section>\n\t\t\t\t<section class=\"elementor-section elementor-top-section elementor-element elementor-element-7241120 elementor-section-boxed elementor-section-height-default elementor-section-height-default\" data-id=\"7241120\" data-element_type=\"section\">\n\t\t\t\t\t\t<div class=\"elementor-container elementor-column-gap-default\">\n\t\t\t\t\t<div class=\"elementor-column elementor-col-100 elementor-top-column elementor-element elementor-element-33300ad\" data-id=\"33300ad\" data-element_type=\"column\">\n\t\t\t<div class=\"elementor-widget-wrap elementor-element-populated\">\n\t\t\t\t\t\t<div class=\"elementor-element elementor-element-642c753 elementor-widget-divider--view-line elementor-widget elementor-widget-divider\" data-id=\"642c753\" data-element_type=\"widget\" data-widget_type=\"divider.default\">\n\t\t\t\t<div class=\"elementor-widget-container\">\n\t\t\t\t\t\t\t<div class=\"elementor-divider\">\n\t\t\t<span class=\"elementor-divider-separator\">\n\t\t\t\t\t\t<\/span>\n\t\t<\/div>\n\t\t\t\t\t\t<\/div>\n\t\t\t\t<\/div>\n\t\t\t\t\t<\/div>\n\t\t<\/div>\n\t\t\t\t\t<\/div>\n\t\t<\/section>\n\t\t\t\t<section class=\"elementor-section elementor-top-section elementor-element elementor-element-e2198cf elementor-section-boxed elementor-section-height-default elementor-section-height-default\" data-id=\"e2198cf\" data-element_type=\"section\">\n\t\t\t\t\t\t<div class=\"elementor-container elementor-column-gap-default\">\n\t\t\t\t\t<div class=\"elementor-column elementor-col-100 elementor-top-column elementor-element elementor-element-ab59d5b\" data-id=\"ab59d5b\" data-element_type=\"column\">\n\t\t\t<div class=\"elementor-widget-wrap elementor-element-populated\">\n\t\t\t\t\t\t<div class=\"elementor-element elementor-element-d644ce3 elementor-widget elementor-widget-image\" data-id=\"d644ce3\" data-element_type=\"widget\" data-widget_type=\"image.default\">\n\t\t\t\t<div class=\"elementor-widget-container\">\n\t\t\t\t\t\t\t\t\t\t\t\t<figure class=\"wp-caption\">\n\t\t\t\t\t\t\t\t\t\t<img decoding=\"async\" width=\"900\" height=\"427\" src=\"https:\/\/teknosavo.fi\/wp-content\/uploads\/2025\/11\/Teknosavo_TruckSmart-1.jpg\" class=\"attachment-large size-large wp-image-4589\" alt=\"\" srcset=\"https:\/\/teknosavo.fi\/wp-content\/uploads\/2025\/11\/Teknosavo_TruckSmart-1.jpg 900w, https:\/\/teknosavo.fi\/wp-content\/uploads\/2025\/11\/Teknosavo_TruckSmart-1-300x142.jpg 300w, https:\/\/teknosavo.fi\/wp-content\/uploads\/2025\/11\/Teknosavo_TruckSmart-1-768x364.jpg 768w\" sizes=\"(max-width: 900px) 100vw, 900px\" \/>\t\t\t\t\t\t\t\t\t\t\t<figcaption class=\"widget-image-caption wp-caption-text\">Lasten skannas med hj\u00e4lp av laserbaserad maskinsyn vid ankomsten till m\u00e4tstationen. P\u00e5 mindre \u00e4n en minut ber\u00e4knas m\u00e4ngden vedmaterial under barken, och t\u00e4theten och fukthalten m\u00e4ts. Informationen f\u00f6ljer sedan med leveransen till vedupplagets bokf\u00f6ring efter att data \u00f6verf\u00f6rts till vedbokf\u00f6ringen. <\/figcaption>\n\t\t\t\t\t\t\t\t\t\t<\/figure>\n\t\t\t\t\t\t\t\t\t<\/div>\n\t\t\t\t<\/div>\n\t\t\t\t\t<\/div>\n\t\t<\/div>\n\t\t\t\t\t<\/div>\n\t\t<\/section>\n\t\t\t\t<section class=\"elementor-section elementor-top-section elementor-element elementor-element-bdcd7cd elementor-section-boxed elementor-section-height-default elementor-section-height-default\" data-id=\"bdcd7cd\" data-element_type=\"section\">\n\t\t\t\t\t\t<div class=\"elementor-container elementor-column-gap-default\">\n\t\t\t\t\t<div class=\"elementor-column elementor-col-100 elementor-top-column elementor-element elementor-element-f091155\" data-id=\"f091155\" data-element_type=\"column\">\n\t\t\t<div class=\"elementor-widget-wrap elementor-element-populated\">\n\t\t\t\t\t\t<div class=\"elementor-element elementor-element-68cd349 elementor-widget elementor-widget-spacer\" data-id=\"68cd349\" data-element_type=\"widget\" data-widget_type=\"spacer.default\">\n\t\t\t\t<div class=\"elementor-widget-container\">\n\t\t\t\t\t\t\t<div class=\"elementor-spacer\">\n\t\t\t<div class=\"elementor-spacer-inner\"><\/div>\n\t\t<\/div>\n\t\t\t\t\t\t<\/div>\n\t\t\t\t<\/div>\n\t\t\t\t\t<\/div>\n\t\t<\/div>\n\t\t\t\t\t<\/div>\n\t\t<\/section>\n\t\t\t\t<\/div>\n\t\t","protected":false},"excerpt":{"rendered":"<p>TRUCKSMART \u2013 AUTOMATISERAR M\u00c4TNINGEN AV ANKOMMANDE VED TruckSmartTM\u00a01) effektiviserar m\u00e4tningen av ankommande ved. 2) s\u00e4kerst\u00e4ller att fabriken inte betalar f\u00f6r mer \u00e4n vad som st\u00e5r i ink\u00f6psanvisningarna f\u00f6r r\u00e5varan. 3) Vedbokf\u00f6ringens precision \u00f6kar och 4) \u00f6vervakningen av ESG-kraven f\u00f6renklas. Besparingar och transparens M\u00e4tstationen TruckSmartTM m\u00e4ter de vedleveranser som ankommer till fabriken med hj\u00e4lp av m\u00e4tteknik [&hellip;]<\/p>\n","protected":false},"author":12,"featured_media":317,"parent":0,"menu_order":0,"comment_status":"closed","ping_status":"closed","template":"","meta":{"footnotes":""},"class_list":["post-68","page","type-page","status-publish","has-post-thumbnail","hentry"],"aioseo_notices":[],"_links":{"self":[{"href":"https:\/\/teknosavo.fi\/sv\/wp-json\/wp\/v2\/pages\/68","targetHints":{"allow":["GET"]}}],"collection":[{"href":"https:\/\/teknosavo.fi\/sv\/wp-json\/wp\/v2\/pages"}],"about":[{"href":"https:\/\/teknosavo.fi\/sv\/wp-json\/wp\/v2\/types\/page"}],"author":[{"embeddable":true,"href":"https:\/\/teknosavo.fi\/sv\/wp-json\/wp\/v2\/users\/12"}],"replies":[{"embeddable":true,"href":"https:\/\/teknosavo.fi\/sv\/wp-json\/wp\/v2\/comments?post=68"}],"version-history":[{"count":5,"href":"https:\/\/teknosavo.fi\/sv\/wp-json\/wp\/v2\/pages\/68\/revisions"}],"predecessor-version":[{"id":5277,"href":"https:\/\/teknosavo.fi\/sv\/wp-json\/wp\/v2\/pages\/68\/revisions\/5277"}],"wp:featuredmedia":[{"embeddable":true,"href":"https:\/\/teknosavo.fi\/sv\/wp-json\/wp\/v2\/media\/317"}],"wp:attachment":[{"href":"https:\/\/teknosavo.fi\/sv\/wp-json\/wp\/v2\/media?parent=68"}],"curies":[{"name":"wp","href":"https:\/\/api.w.org\/{rel}","templated":true}]}}