{"id":67,"date":"2018-07-31T06:52:58","date_gmt":"2018-07-31T03:52:58","guid":{"rendered":"http:\/\/wwwtesti.teknosavo.fi\/volymmatning\/"},"modified":"2019-05-29T15:05:11","modified_gmt":"2019-05-29T12:05:11","slug":"volymmaetning","status":"publish","type":"page","link":"https:\/\/teknosavo.fi\/sv\/volymmaetning\/","title":{"rendered":"Volymm\u00e4tning"},"content":{"rendered":"\t\t<div data-elementor-type=\"wp-post\" data-elementor-id=\"67\" class=\"elementor elementor-67 elementor-47\" data-elementor-post-type=\"page\">\n\t\t\t\t\t\t<section class=\"elementor-section elementor-top-section elementor-element elementor-element-2d41d6ae056fe281234e6667fc7f10f1 elementor-section-boxed elementor-section-height-default elementor-section-height-default\" data-id=\"2d41d6ae056fe281234e6667fc7f10f1\" data-element_type=\"section\">\n\t\t\t\t\t\t<div class=\"elementor-container elementor-column-gap-default\">\n\t\t\t\t\t<div class=\"elementor-column elementor-col- elementor-top-column elementor-element elementor-element-ed9f10537e39f92612e4661e09c45ef0 mod_articlehide_mobile\" data-id=\"ed9f10537e39f92612e4661e09c45ef0\" data-element_type=\"column\" id=\"kuvabanneri\">\n\t\t\t<div class=\"elementor-widget-wrap\">\n\t\t\t\t\t\t\t<\/div>\n\t\t<\/div>\n\t\t\t\t\t<\/div>\n\t\t<\/section>\n\t\t\t\t<section class=\"elementor-section elementor-top-section elementor-element elementor-element-93a3f8906fd635c2cf98d60e2a9994d8 elementor-section-boxed elementor-section-height-default elementor-section-height-default\" data-id=\"93a3f8906fd635c2cf98d60e2a9994d8\" data-element_type=\"section\">\n\t\t\t\t\t\t<div class=\"elementor-container elementor-column-gap-default\">\n\t\t\t\t\t<div class=\"elementor-column elementor-col- elementor-top-column elementor-element elementor-element-8a16dbba32cc40d47d1d4e8a1b391d2b mod_articleinfoBg\" data-id=\"8a16dbba32cc40d47d1d4e8a1b391d2b\" data-element_type=\"column\">\n\t\t\t<div class=\"elementor-widget-wrap elementor-element-populated\">\n\t\t\t\t\t\t<div class=\"elementor-element elementor-element-66678e37615936ef2af61bb44d942ad4 g2 ingressi block ce_text elementor-widget elementor-widget-text-editor\" data-id=\"66678e37615936ef2af61bb44d942ad4\" data-element_type=\"widget\" data-widget_type=\"text-editor.default\">\n\t\t\t\t<div class=\"elementor-widget-container\">\n\t\t\t\t\t\t\t\t\t<h1>VOLYMM\u00c4TNING<\/h1>\n<p class=\"p1\">Teknosavo erbjuder l\u00f6sningar f\u00f6r exakt&nbsp;m\u00e4tning av vedens l\u00e4ngd, storlek, volym och kvalitet innan barkning sker. Teknosavo kan alltid erbjuda en passande l\u00f6sning oavsett om m\u00e4ngden \u00e4r ett prov fr\u00e5n produktionslinjen, eller en st\u00f6rre kvantitet som m\u00e4ts direkt fr\u00e5n lastbilen.<\/p>\t\t\t\t\t\t\t\t<\/div>\n\t\t\t\t<\/div>\n\t\t\t\t<div class=\"elementor-element elementor-element-4f7d7759dbbcfe8b85387a364e937080 g2 block ce_text elementor-widget elementor-widget-text-editor\" data-id=\"4f7d7759dbbcfe8b85387a364e937080\" data-element_type=\"widget\" data-widget_type=\"text-editor.default\">\n\t\t\t\t<div class=\"elementor-widget-container\">\n\t\t\t\t\t\t\t\t\t<p><img fetchpriority=\"high\" decoding=\"async\" src=\"https:\/\/teknosavo.fi\/wp-content\/uploads\/2019\/04\/sv-smart-products-teknosavo.png\" alt=\"\" width=\"554\" height=\"327\"><\/p>\t\t\t\t\t\t\t\t<\/div>\n\t\t\t\t<\/div>\n\t\t\t\t<div class=\"elementor-element elementor-element-f97298f35cd8e566571b67f83c9758f6 g2 gray block ce_text elementor-widget elementor-widget-text-editor\" data-id=\"f97298f35cd8e566571b67f83c9758f6\" data-element_type=\"widget\" data-widget_type=\"text-editor.default\">\n\t\t\t\t<div class=\"elementor-widget-container\">\n\t\t\t\t\t\t\t\t\t<h5 class=\"p1\">LASTBILSM\u00c4TSTATION<\/h5>\n<p>Teknosavos lastbilsm\u00e4tstation g\u00f6r det m\u00f6jligt att m\u00e4ta volym, kvalitet och total m\u00e4ngd ved i ett parti direkt fr\u00e5n lastbilen. Lastbilsm\u00e4tstationen \u00e4r placerad i n\u00e4rheten av porten och \u00e4r utrustad med kamera och lasersystem som \u00e4r kopplade till en analysprogramvara. Stationen m\u00e4ter 100 % av det inkommande r\u00e5materialet.<\/p>\n<p>Utifr\u00e5n uppgifterna om kvalitet, storlek och volym kan barkningsprocessen optimeras f\u00f6r att s\u00e4kerst\u00e4lla h\u00f6g kvalitet p\u00e5 och h\u00f6g renhetsgrad f\u00f6r veden.<\/p>\t\t\t\t\t\t\t\t<\/div>\n\t\t\t\t<\/div>\n\t\t\t\t<div class=\"elementor-element elementor-element-06eb9ff717d24bf6163bdb658807dbb7 g2 block ce_text elementor-widget elementor-widget-text-editor\" data-id=\"06eb9ff717d24bf6163bdb658807dbb7\" data-element_type=\"widget\" data-widget_type=\"text-editor.default\">\n\t\t\t\t<div class=\"elementor-widget-container\">\n\t\t\t\t\t\t\t\t\t<p><img decoding=\"async\" style=\"display: block; margin-left: auto; margin-right: auto;\" src=\"https:\/\/teknosavo.fi\/wp-content\/uploads\/2019\/04\/truckmeasurement-copy.png\" alt=\"\" width=\"393\" height=\"322\"><\/p>\t\t\t\t\t\t\t\t<\/div>\n\t\t\t\t<\/div>\n\t\t\t\t<div class=\"elementor-element elementor-element-22c628a64728e360235e394edb808853 g2 aqua block ce_text elementor-widget elementor-widget-text-editor\" data-id=\"22c628a64728e360235e394edb808853\" data-element_type=\"widget\" data-widget_type=\"text-editor.default\">\n\t\t\t\t<div class=\"elementor-widget-container\">\n\t\t\t\t\t\t\t\t\t<h5 class=\"p1\">QS MEASUREMENT<\/h5>\n<p>Systemet QS Measurement m\u00e4ter ett litet urval (1-2 %) av den ved som matas till barkningstransport\u00f6ren med hj\u00e4lp av laserm\u00e4tenheter och kameror. QS Measurement \u00e4r integrerat i produktionslinjen och skapar besparingar tack vare att behovet av manuellt arbete minskar avsev\u00e4rt. Utan att reducera transport\u00f6rens hastighet m\u00e4ter systemet veden och skickar uppgifterna och bilderna till m\u00e4tstationen.<\/p>\n<p>Den m\u00e4ngd ved som ligger under storleksgr\u00e4nsen eller som har tekniska eller kvalitativa defekter, till exempel r\u00f6ta, skickas av QS Measurement-enheten till m\u00e4tpersonalen. Vid oklara utv\u00e4rderingar kan m\u00e4tpersonalen manuellt fatta ett kvalitetsbeslut som QS Measurement d\u00e5 sparar f\u00f6r framtida bruk. Med homogent r\u00e5material och fibrer av h\u00f6g kvalitet minskar kostnaderna tack vare att mindre material och energi kr\u00e4vs vid processen.<\/p>\t\t\t\t\t\t\t\t<\/div>\n\t\t\t\t<\/div>\n\t\t\t\t<div class=\"elementor-element elementor-element-c22f2c402db45bb4b59d9ef80a73045f  block ce_html elementor-widget elementor-widget-html\" data-id=\"c22f2c402db45bb4b59d9ef80a73045f\" data-element_type=\"widget\" data-widget_type=\"html.default\">\n\t\t\t\t<div class=\"elementor-widget-container\">\n\t\t\t\t\t<div style=\"clear:both;\"><\/div>\t\t\t\t<\/div>\n\t\t\t\t<\/div>\n\t\t\t\t\t<\/div>\n\t\t<\/div>\n\t\t\t\t\t<\/div>\n\t\t<\/section>\n\t\t\t\t<\/div>\n\t\t","protected":false},"excerpt":{"rendered":"","protected":false},"author":12,"featured_media":317,"parent":0,"menu_order":0,"comment_status":"closed","ping_status":"closed","template":"","meta":{"footnotes":""},"class_list":["post-67","page","type-page","status-publish","has-post-thumbnail","hentry"],"aioseo_notices":[],"_links":{"self":[{"href":"https:\/\/teknosavo.fi\/sv\/wp-json\/wp\/v2\/pages\/67","targetHints":{"allow":["GET"]}}],"collection":[{"href":"https:\/\/teknosavo.fi\/sv\/wp-json\/wp\/v2\/pages"}],"about":[{"href":"https:\/\/teknosavo.fi\/sv\/wp-json\/wp\/v2\/types\/page"}],"author":[{"embeddable":true,"href":"https:\/\/teknosavo.fi\/sv\/wp-json\/wp\/v2\/users\/12"}],"replies":[{"embeddable":true,"href":"https:\/\/teknosavo.fi\/sv\/wp-json\/wp\/v2\/comments?post=67"}],"version-history":[{"count":1,"href":"https:\/\/teknosavo.fi\/sv\/wp-json\/wp\/v2\/pages\/67\/revisions"}],"predecessor-version":[{"id":184,"href":"https:\/\/teknosavo.fi\/sv\/wp-json\/wp\/v2\/pages\/67\/revisions\/184"}],"wp:featuredmedia":[{"embeddable":true,"href":"https:\/\/teknosavo.fi\/sv\/wp-json\/wp\/v2\/media\/317"}],"wp:attachment":[{"href":"https:\/\/teknosavo.fi\/sv\/wp-json\/wp\/v2\/media?parent=67"}],"curies":[{"name":"wp","href":"https:\/\/api.w.org\/{rel}","templated":true}]}}