{"id":66,"date":"2015-08-10T05:33:55","date_gmt":"2015-08-10T02:33:55","guid":{"rendered":"http:\/\/wwwtesti.teknosavo.fi\/losningar\/"},"modified":"2019-06-11T16:22:16","modified_gmt":"2019-06-11T13:22:16","slug":"losningar","status":"publish","type":"page","link":"https:\/\/teknosavo.fi\/sv\/losningar\/","title":{"rendered":"L\u00f6sningar"},"content":{"rendered":"\t\t<div data-elementor-type=\"wp-post\" data-elementor-id=\"66\" class=\"elementor elementor-66\" data-elementor-post-type=\"page\">\n\t\t\t\t\t\t<section class=\"elementor-section elementor-top-section elementor-element elementor-element-c335622db0d834b85fde6ee42ed5aa04 elementor-section-boxed elementor-section-height-default elementor-section-height-default\" data-id=\"c335622db0d834b85fde6ee42ed5aa04\" data-element_type=\"section\">\n\t\t\t\t\t\t<div class=\"elementor-container elementor-column-gap-default\">\n\t\t\t\t\t<div class=\"elementor-column elementor-col-100 elementor-top-column elementor-element elementor-element-274c49dbf6580bf469cb8ad9ab4add6a mod_articlehide_mobile\" data-id=\"274c49dbf6580bf469cb8ad9ab4add6a\" data-element_type=\"column\" id=\"kuvabanneri\">\n\t\t\t<div class=\"elementor-widget-wrap\">\n\t\t\t\t\t\t\t<\/div>\n\t\t<\/div>\n\t\t\t\t\t<\/div>\n\t\t<\/section>\n\t\t\t\t<section class=\"elementor-section elementor-top-section elementor-element elementor-element-ebb829f9a2900d347fc0c48d41911073 elementor-section-boxed elementor-section-height-default elementor-section-height-default\" data-id=\"ebb829f9a2900d347fc0c48d41911073\" data-element_type=\"section\">\n\t\t\t\t\t\t<div class=\"elementor-container elementor-column-gap-default\">\n\t\t\t\t\t<div class=\"elementor-column elementor-col-100 elementor-top-column elementor-element elementor-element-c01835421d76b5f1cce6eef616661df7 mod_articleinfoBg\" data-id=\"c01835421d76b5f1cce6eef616661df7\" data-element_type=\"column\">\n\t\t\t<div class=\"elementor-widget-wrap elementor-element-populated\">\n\t\t\t\t\t\t<div class=\"elementor-element elementor-element-58f97e63f2e6eccdf84d77bb9dcc943f ingressi block ce_text elementor-widget elementor-widget-text-editor\" data-id=\"58f97e63f2e6eccdf84d77bb9dcc943f\" data-element_type=\"widget\" data-widget_type=\"text-editor.default\">\n\t\t\t\t<div class=\"elementor-widget-container\">\n\t\t\t\t\t\t\t\t\t<h1>H\u00d6GTEKNOLOGISKA L\u00d6SNINGAR <br><strong>FR\u00c5N PORT TILL KOKARE<\/strong><\/h1>\n<p>Med hj\u00e4lp av Teknosavos automationsl\u00f6sningar f\u00f6r produktion kan tr\u00e4f\u00f6r\u00e4dlingens produktionsprocess optimeras, vilket h\u00f6jer aff\u00e4rsverksamheten till en ny niv\u00e5.<\/p>\t\t\t\t\t\t\t\t<\/div>\n\t\t\t\t<\/div>\n\t\t\t\t<div class=\"elementor-element elementor-element-a41fe9720098a824a980a1efad4b1ed3 g1 block ce_text elementor-widget elementor-widget-text-editor\" data-id=\"a41fe9720098a824a980a1efad4b1ed3\" data-element_type=\"widget\" data-widget_type=\"text-editor.default\">\n\t\t\t\t<div class=\"elementor-widget-container\">\n\t\t\t\t\t\t\t\t\t<p>Teknosavos moderna optimeringssystem ger avsev\u00e4rda besparingar i energi- och r\u00e5varukostnaderna. Finl\u00e4ndsk teknisk ingenj\u00f6rskompetens utvecklar och p\u00e5skyndar produktionsprocessen. M\u00e4ngden tr\u00e4 som \u00e5rligen behandlas inom massaindustrin uppg\u00e5r till flera miljoner kubikmeter per avbarkningsanl\u00e4ggning, vilket inneb\u00e4r att redan en minskning av r\u00e5varuf\u00f6rlust med en procent \u00e4r en betydande besparing.<\/p>\t\t\t\t\t\t\t\t<\/div>\n\t\t\t\t<\/div>\n\t\t\t\t<div class=\"elementor-element elementor-element-706619781b5a3852d435475ee8464715 g1 blue block ce_text elementor-widget elementor-widget-text-editor\" data-id=\"706619781b5a3852d435475ee8464715\" data-element_type=\"widget\" data-widget_type=\"text-editor.default\">\n\t\t\t\t<div class=\"elementor-widget-container\">\n\t\t\t\t\t\t\t\t\t<h5><a title=\"woodsmart\" href=\"https:\/\/teknosavo.fi\/sv\/barkningsoptimering\/\">WOODSMART\u2122 OPTIMERING AV AVBARKNING<\/a><\/h5>\n<p>Det innovativa systemet WoodSmart\u2122 har designats f\u00f6r att optimera avbarkningen. Teknosavos moderna teknik ger avsev\u00e4rda besparingar i energi- och r\u00e5varukostnaderna, vilket maximerar hela produktionsprocessens kvalitet fr\u00e5n port till kokare. Systemet WoodSmart\u2122 har fem Smart-m\u00e4tare, som \u00f6vervakar olika delomr\u00e5den i processen i realtid. Utifr\u00e5n processvariabler som m\u00e4tts exakt med hj\u00e4lp av laser- och kamerateknik ber\u00e4knar systemet de b\u00e4sta v\u00e4rdena f\u00f6r avbarkningen. P\u00e5 detta s\u00e4tt uppn\u00e5s en optimal avbarkning, som ger en j\u00e4mn och effektiv produktion fr\u00e5n ett arbetsskift till ett annat.<\/p>\t\t\t\t\t\t\t\t<\/div>\n\t\t\t\t<\/div>\n\t\t\t\t<div class=\"elementor-element elementor-element-d01906e9fd78dd9e72018383e5eeb92c g1 block ce_image elementor-widget elementor-widget-image\" data-id=\"d01906e9fd78dd9e72018383e5eeb92c\" data-element_type=\"widget\" data-widget_type=\"image.default\">\n\t\t\t\t<div class=\"elementor-widget-container\">\n\t\t\t\t\t\t\t\t\t\t\t\t\t\t\t<img fetchpriority=\"high\" decoding=\"async\" width=\"980\" height=\"579\" src=\"https:\/\/teknosavo.fi\/wp-content\/uploads\/2019\/04\/sv-smart-products-teknosavo.png\" class=\"attachment-full size-full wp-image-441\" alt=\"Teknosavo products\" srcset=\"https:\/\/teknosavo.fi\/wp-content\/uploads\/2019\/04\/sv-smart-products-teknosavo.png 980w, https:\/\/teknosavo.fi\/wp-content\/uploads\/2019\/04\/sv-smart-products-teknosavo-300x177.png 300w, https:\/\/teknosavo.fi\/wp-content\/uploads\/2019\/04\/sv-smart-products-teknosavo-768x454.png 768w\" sizes=\"(max-width: 980px) 100vw, 980px\" \/>\t\t\t\t\t\t\t\t\t\t\t\t\t\t\t<\/div>\n\t\t\t\t<\/div>\n\t\t\t\t<div class=\"elementor-element elementor-element-7f40ab731028e8146fb5ee8279e64a8f  block ce_html elementor-widget elementor-widget-html\" data-id=\"7f40ab731028e8146fb5ee8279e64a8f\" data-element_type=\"widget\" data-widget_type=\"html.default\">\n\t\t\t\t<div class=\"elementor-widget-container\">\n\t\t\t\t\t<div style=\"clear:both;\"><\/div>\t\t\t\t<\/div>\n\t\t\t\t<\/div>\n\t\t\t\t<div class=\"elementor-element elementor-element-4f63afe56a6da7e2510025eb747df5de g2 green block ce_text elementor-widget elementor-widget-text-editor\" data-id=\"4f63afe56a6da7e2510025eb747df5de\" data-element_type=\"widget\" data-widget_type=\"text-editor.default\">\n\t\t\t\t<div class=\"elementor-widget-container\">\n\t\t\t\t\t\t\t\t\t<h5><a href=\"https:\/\/teknosavo.fi\/sv\/onlinebaserade-matsystem\/\">ONLINEBASERAT M\u00c4TSYSTEM<\/a><\/h5>\n<h6><a href=\"https:\/\/teknosavo.fi\/sv\/onlinebaserade-matsystem\/\">BARKSMART\u2122<\/a>\u00a0\u2022\u00a0<a href=\"https:\/\/teknosavo.fi\/sv\/onlinebaserade-matsystem\/\">PROFISMART\u2122<\/a> \u2022 <a href=\"https:\/\/teknosavo.fi\/sv\/onlinebaserade-matsystem\/\">STONESMART\u2122<\/a><br>\u2022\u00a0<a href=\"https:\/\/teknosavo.fi\/sv\/onlinebaserade-matsystem\/\">SOUNDSMART\u2122<\/a>\u00a0\u2022\u00a0<a href=\"https:\/\/teknosavo.fi\/sv\/onlinebaserade-matsystem\/\">FILLSMART\u2122<\/a>\u00a0\u2022\u00a0<a href=\"https:\/\/teknosavo.fi\/sv\/onlinebaserade-matsystem\/\">LOGSMART\u2122<br>\u2022<\/a>\u00a0<a title=\"feedsmart\" href=\"https:\/\/teknosavo.fi\/sv\/onlinebaserade-matsystem\/\">FEEDSMART\u2122<\/a><\/h6>\t\t\t\t\t\t\t\t<\/div>\n\t\t\t\t<\/div>\n\t\t\t\t<div class=\"elementor-element elementor-element-b97911108e4dc2659e2e01a9c9f054cc g2 aqua block ce_text elementor-widget elementor-widget-text-editor\" data-id=\"b97911108e4dc2659e2e01a9c9f054cc\" data-element_type=\"widget\" data-widget_type=\"text-editor.default\">\n\t\t\t\t<div class=\"elementor-widget-container\">\n\t\t\t\t\t\t\t\t\t<h5><a href=\"https:\/\/teknosavo.fi\/sv\/volymmaetning\/\">KVALITESKONTROLL<\/a><\/h5>\n<h6><a href=\"https:\/\/teknosavo.fi\/sv\/volymmaetning\/\">QS MEASUREMENT\u2122<\/a><\/h6>\t\t\t\t\t\t\t\t<\/div>\n\t\t\t\t<\/div>\n\t\t\t\t<div class=\"elementor-element elementor-element-fa0acb8ffec63da08d69e99247517c6e  block ce_html elementor-widget elementor-widget-html\" data-id=\"fa0acb8ffec63da08d69e99247517c6e\" data-element_type=\"widget\" data-widget_type=\"html.default\">\n\t\t\t\t<div class=\"elementor-widget-container\">\n\t\t\t\t\t<div style=\"clear:both;\"><\/div>\t\t\t\t<\/div>\n\t\t\t\t<\/div>\n\t\t\t\t<div class=\"elementor-element elementor-element-9fa4ae890496994db4106244117f1091 g2 gray block ce_text elementor-widget elementor-widget-text-editor\" data-id=\"9fa4ae890496994db4106244117f1091\" data-element_type=\"widget\" data-widget_type=\"text-editor.default\">\n\t\t\t\t<div class=\"elementor-widget-container\">\n\t\t\t\t\t\t\t\t\t<h5><a href=\"https:\/\/teknosavo.fi\/sv\/volymmaetning\/\">VOLYMMATNING<\/a><\/h5>\n<h6><a title=\"fabriksm\u00e4tning\" href=\"https:\/\/teknosavo.fi\/sv\/volymmaetning\/\">FABRIKSM\u00c4TNING&nbsp;<\/a><\/h6>\t\t\t\t\t\t\t\t<\/div>\n\t\t\t\t<\/div>\n\t\t\t\t<div class=\"elementor-element elementor-element-7d36c6effaa0e79e1a0e9bf80ab322bd g2 block ce_text elementor-widget elementor-widget-text-editor\" data-id=\"7d36c6effaa0e79e1a0e9bf80ab322bd\" data-element_type=\"widget\" data-widget_type=\"text-editor.default\">\n\t\t\t\t<div class=\"elementor-widget-container\">\n\t\t\t\t\t\t\t\t\t<h5><a href=\"https:\/\/teknosavo.fi\/sv\/datainsamling-och-rapportering\/\">DATAINSAMLING OCH RAPPORTERING DYGNET RUNT<\/a><\/h5>\n<h6><a href=\"https:\/\/teknosavo.fi\/sv\/datainsamling-och-rapportering\/\">REPORTSMART\u2122<\/a><\/h6>\t\t\t\t\t\t\t\t<\/div>\n\t\t\t\t<\/div>\n\t\t\t\t<div class=\"elementor-element elementor-element-ebfec0f0a3a52209629f0decadf10265 g1 orange block ce_text elementor-widget elementor-widget-text-editor\" data-id=\"ebfec0f0a3a52209629f0decadf10265\" data-element_type=\"widget\" data-widget_type=\"text-editor.default\">\n\t\t\t\t<div class=\"elementor-widget-container\">\n\t\t\t\t\t\t\t\t\t<h5><a href=\"https:\/\/teknosavo.fi\/sv\/overvakning-av-fliskvalitet\/\">\u00d6VERVAKNING AV FLISKVALITET<\/a><\/h5>\n<h6><a href=\"https:\/\/teknosavo.fi\/sv\/overvakning-av-fliskvalitet\/\">CHIPSMART\u2122 2D<\/a>&nbsp;\u2022 <a href=\"https:\/\/teknosavo.fi\/sv\/overvakning-av-fliskvalitet\/\">CHIPSMART\u2122 3D<\/a><\/h6>\t\t\t\t\t\t\t\t<\/div>\n\t\t\t\t<\/div>\n\t\t\t\t\t<\/div>\n\t\t<\/div>\n\t\t\t\t\t<\/div>\n\t\t<\/section>\n\t\t\t\t<\/div>\n\t\t","protected":false},"excerpt":{"rendered":"<p>H\u00d6GTEKNOLOGISKA L\u00d6SNINGAR FR\u00c5N PORT TILL KOKARE Med hj\u00e4lp av Teknosavos automationsl\u00f6sningar f\u00f6r produktion kan tr\u00e4f\u00f6r\u00e4dlingens produktionsprocess optimeras, vilket h\u00f6jer aff\u00e4rsverksamheten till en ny niv\u00e5. Teknosavos moderna optimeringssystem ger avsev\u00e4rda besparingar i energi- och r\u00e5varukostnaderna. Finl\u00e4ndsk teknisk ingenj\u00f6rskompetens utvecklar och p\u00e5skyndar produktionsprocessen. M\u00e4ngden tr\u00e4 som \u00e5rligen behandlas inom massaindustrin uppg\u00e5r till flera miljoner kubikmeter per avbarkningsanl\u00e4ggning, [&hellip;]<\/p>\n","protected":false},"author":12,"featured_media":317,"parent":0,"menu_order":0,"comment_status":"closed","ping_status":"closed","template":"","meta":{"footnotes":""},"class_list":["post-66","page","type-page","status-publish","has-post-thumbnail","hentry"],"aioseo_notices":[],"_links":{"self":[{"href":"https:\/\/teknosavo.fi\/sv\/wp-json\/wp\/v2\/pages\/66","targetHints":{"allow":["GET"]}}],"collection":[{"href":"https:\/\/teknosavo.fi\/sv\/wp-json\/wp\/v2\/pages"}],"about":[{"href":"https:\/\/teknosavo.fi\/sv\/wp-json\/wp\/v2\/types\/page"}],"author":[{"embeddable":true,"href":"https:\/\/teknosavo.fi\/sv\/wp-json\/wp\/v2\/users\/12"}],"replies":[{"embeddable":true,"href":"https:\/\/teknosavo.fi\/sv\/wp-json\/wp\/v2\/comments?post=66"}],"version-history":[{"count":3,"href":"https:\/\/teknosavo.fi\/sv\/wp-json\/wp\/v2\/pages\/66\/revisions"}],"predecessor-version":[{"id":1611,"href":"https:\/\/teknosavo.fi\/sv\/wp-json\/wp\/v2\/pages\/66\/revisions\/1611"}],"wp:featuredmedia":[{"embeddable":true,"href":"https:\/\/teknosavo.fi\/sv\/wp-json\/wp\/v2\/media\/317"}],"wp:attachment":[{"href":"https:\/\/teknosavo.fi\/sv\/wp-json\/wp\/v2\/media?parent=66"}],"curies":[{"name":"wp","href":"https:\/\/api.w.org\/{rel}","templated":true}]}}