{"id":65,"date":"2015-08-10T05:33:48","date_gmt":"2015-08-10T02:33:48","guid":{"rendered":"http:\/\/wwwtesti.teknosavo.fi\/hem\/"},"modified":"2019-11-07T13:41:56","modified_gmt":"2019-11-07T11:41:56","slug":"hem","status":"publish","type":"page","link":"https:\/\/teknosavo.fi\/sv\/","title":{"rendered":"Hem"},"content":{"rendered":"\t\t<div data-elementor-type=\"wp-post\" data-elementor-id=\"65\" class=\"elementor elementor-65 elementor-98\" data-elementor-post-type=\"page\">\n\t\t\t\t\t\t<section class=\"elementor-section elementor-top-section elementor-element elementor-element-b22102fd0a1ff9f2f23efaef4f91e173 elementor-section-boxed elementor-section-height-default elementor-section-height-default\" data-id=\"b22102fd0a1ff9f2f23efaef4f91e173\" data-element_type=\"section\">\n\t\t\t\t\t\t<div class=\"elementor-container elementor-column-gap-default\">\n\t\t\t\t\t<div class=\"elementor-column elementor-col-100 elementor-top-column elementor-element elementor-element-8ae7b463126c52b3f27b3afe409f52b6 mod_articlehide\" data-id=\"8ae7b463126c52b3f27b3afe409f52b6\" data-element_type=\"column\" id=\"slider\">\n\t\t\t<div class=\"elementor-widget-wrap\">\n\t\t\t\t\t\t\t<\/div>\n\t\t<\/div>\n\t\t\t\t\t<\/div>\n\t\t<\/section>\n\t\t\t\t<section class=\"elementor-section elementor-top-section elementor-element elementor-element-4d2d40d51ece95bc5c9a5f8f4666b1d5 elementor-section-boxed elementor-section-height-default elementor-section-height-default\" data-id=\"4d2d40d51ece95bc5c9a5f8f4666b1d5\" data-element_type=\"section\">\n\t\t\t\t\t\t<div class=\"elementor-container elementor-column-gap-default\">\n\t\t\t\t\t<div class=\"elementor-column elementor-col-100 elementor-top-column elementor-element elementor-element-c669957f3b2cd700bbc350b5f20a7efc mod_articleinfoBg\" data-id=\"c669957f3b2cd700bbc350b5f20a7efc\" data-element_type=\"column\" id=\"front\">\n\t\t\t<div class=\"elementor-widget-wrap elementor-element-populated\">\n\t\t\t\t\t\t<div class=\"elementor-element elementor-element-d8b8a444177d1cdeeab7fb543019db6b g1 blue block ce_text elementor-widget elementor-widget-text-editor\" data-id=\"d8b8a444177d1cdeeab7fb543019db6b\" data-element_type=\"widget\" data-widget_type=\"text-editor.default\">\n\t\t\t\t<div class=\"elementor-widget-container\">\n\t\t\t\t\t\t\t\t\t<h2>Effektivitet och driftss\u00e4kerhet<\/h2>\n<p><strong>Optimerad prestanda f\u00f6r tr\u00e4f\u00f6r\u00e4dling<\/strong><br><br>Med hj\u00e4lp av Teknosavos l\u00f6sningar kan tr\u00e4f\u00f6r\u00e4dlingsprocesserna optimeras fr\u00e5n fabriksporten till massakokare. Optimering s\u00e4kerst\u00e4ller en effektiv f\u00f6r\u00e4dling av tr\u00e4r\u00e5varor genom att minska vedf\u00f6rlust och \u00f6ka den totala kapaciteten. Den j\u00e4mna kvalitet i processen som v\u00e5r teknik garanterar minskar ocks\u00e5 kostnaderna f\u00f6r kemikalier, energi och arbetskraft.<br><br>Vi levererar en helhetsservice till kunden, omfattande hela automationsl\u00f6sningen inklusive m\u00e4tutrustning och programvara samt underh\u00e5ll. Tj\u00e4nsten med m\u00e5nadspris garanterar optimerade resultat f\u00f6r produktionen under hela avtalsperioden. De besparingar som uppn\u00e5s genom optimering uppg\u00e5r ofta till miljoner euro \u2013 l\u00e5t oss r\u00e4kna ut hur mycket ni sparar.<span style=\"text-decoration: underline;\"><a href=\"https:\/\/teknosavo.fi\/sv\/optimeringstjanster\/\"> L\u00e4s mer om v\u00e5ra optimeringstj\u00e4nster.<\/a><\/span><\/p>\t\t\t\t\t\t\t\t<\/div>\n\t\t\t\t<\/div>\n\t\t\t\t<div class=\"elementor-element elementor-element-700c3af7f209f60ab74547fbf100000a g1 block ce_image elementor-widget elementor-widget-image\" data-id=\"700c3af7f209f60ab74547fbf100000a\" data-element_type=\"widget\" data-widget_type=\"image.default\">\n\t\t\t\t<div class=\"elementor-widget-container\">\n\t\t\t\t\t\t\t\t\t\t\t\t\t\t\t<img fetchpriority=\"high\" decoding=\"async\" width=\"980\" height=\"359\" src=\"https:\/\/teknosavo.fi\/wp-content\/uploads\/2019\/04\/sv_etusivun_kuvaosa.png\" class=\"attachment-full size-full wp-image-891\" alt=\"Frontpage image\" srcset=\"https:\/\/teknosavo.fi\/wp-content\/uploads\/2019\/04\/sv_etusivun_kuvaosa.png 980w, https:\/\/teknosavo.fi\/wp-content\/uploads\/2019\/04\/sv_etusivun_kuvaosa-300x110.png 300w, https:\/\/teknosavo.fi\/wp-content\/uploads\/2019\/04\/sv_etusivun_kuvaosa-768x281.png 768w\" sizes=\"(max-width: 980px) 100vw, 980px\" \/>\t\t\t\t\t\t\t\t\t\t\t\t\t\t\t<\/div>\n\t\t\t\t<\/div>\n\t\t\t\t<div class=\"elementor-element elementor-element-41136cc elementor-widget elementor-widget-spacer\" data-id=\"41136cc\" data-element_type=\"widget\" data-widget_type=\"spacer.default\">\n\t\t\t\t<div class=\"elementor-widget-container\">\n\t\t\t\t\t\t\t<div class=\"elementor-spacer\">\n\t\t\t<div class=\"elementor-spacer-inner\"><\/div>\n\t\t<\/div>\n\t\t\t\t\t\t<\/div>\n\t\t\t\t<\/div>\n\t\t\t\t<div class=\"elementor-element elementor-element-4880eb37bce7acb9075a4eba636e6179 g3 block ce_image elementor-widget elementor-widget-image\" data-id=\"4880eb37bce7acb9075a4eba636e6179\" data-element_type=\"widget\" data-widget_type=\"image.default\">\n\t\t\t\t<div class=\"elementor-widget-container\">\n\t\t\t\t\t\t\t\t\t\t\t\t\t\t\t<img decoding=\"async\" width=\"307\" height=\"250\" src=\"https:\/\/teknosavo.fi\/wp-content\/uploads\/2019\/04\/sv-luku1.png\" class=\"attachment-full size-full wp-image-926\" alt=\"6 M\u20ac besparingar\" srcset=\"https:\/\/teknosavo.fi\/wp-content\/uploads\/2019\/04\/sv-luku1.png 307w, https:\/\/teknosavo.fi\/wp-content\/uploads\/2019\/04\/sv-luku1-300x244.png 300w\" sizes=\"(max-width: 307px) 100vw, 307px\" \/>\t\t\t\t\t\t\t\t\t\t\t\t\t\t\t<\/div>\n\t\t\t\t<\/div>\n\t\t\t\t<div class=\"elementor-element elementor-element-9cfd5a28405e0cf678945de6f705fe1f g3 block ce_image elementor-widget elementor-widget-image\" data-id=\"9cfd5a28405e0cf678945de6f705fe1f\" data-element_type=\"widget\" data-widget_type=\"image.default\">\n\t\t\t\t<div class=\"elementor-widget-container\">\n\t\t\t\t\t\t\t\t\t\t\t\t\t\t\t<img decoding=\"async\" width=\"307\" height=\"250\" src=\"https:\/\/teknosavo.fi\/wp-content\/uploads\/2019\/04\/sv-luku2.png\" class=\"attachment-full size-full wp-image-931\" alt=\"50 % mindre materialf\u00f6rlust\" srcset=\"https:\/\/teknosavo.fi\/wp-content\/uploads\/2019\/04\/sv-luku2.png 307w, https:\/\/teknosavo.fi\/wp-content\/uploads\/2019\/04\/sv-luku2-300x244.png 300w\" sizes=\"(max-width: 307px) 100vw, 307px\" \/>\t\t\t\t\t\t\t\t\t\t\t\t\t\t\t<\/div>\n\t\t\t\t<\/div>\n\t\t\t\t<div class=\"elementor-element elementor-element-34a16ea9a7795bbdb1d23aa1f545599a g3 block ce_image elementor-widget elementor-widget-image\" data-id=\"34a16ea9a7795bbdb1d23aa1f545599a\" data-element_type=\"widget\" data-widget_type=\"image.default\">\n\t\t\t\t<div class=\"elementor-widget-container\">\n\t\t\t\t\t\t\t\t\t\t\t\t\t\t\t<img loading=\"lazy\" decoding=\"async\" width=\"307\" height=\"250\" src=\"https:\/\/teknosavo.fi\/wp-content\/uploads\/2019\/04\/sv_luku3.png\" class=\"attachment-full size-full wp-image-896\" alt=\"100 % effektivitetsgaranti\" srcset=\"https:\/\/teknosavo.fi\/wp-content\/uploads\/2019\/04\/sv_luku3.png 307w, https:\/\/teknosavo.fi\/wp-content\/uploads\/2019\/04\/sv_luku3-300x244.png 300w\" sizes=\"(max-width: 307px) 100vw, 307px\" \/>\t\t\t\t\t\t\t\t\t\t\t\t\t\t\t<\/div>\n\t\t\t\t<\/div>\n\t\t\t\t<div class=\"elementor-element elementor-element-21a8ce873a1e73f60b622fa282093030 g3 block ce_text elementor-widget elementor-widget-text-editor\" data-id=\"21a8ce873a1e73f60b622fa282093030\" data-element_type=\"widget\" data-widget_type=\"text-editor.default\">\n\t\t\t\t<div class=\"elementor-widget-container\">\n\t\t\t\t\t\t\t\t\t<p><a href=\"https:\/\/teknosavo.fi\/sv\/losningar\/\"><img decoding=\"async\" class=\"attachment-180x size-180x\" src=\"https:\/\/teknosavo.fi\/wp-content\/uploads\/2019\/04\/woodsmart_ico.png\" srcset=\"https:\/\/teknosavo.fi\/wp-content\/uploads\/2019\/04\/woodsmart_ico.png 160\" alt=\"\" width=\"180\" height=\"\" \/><\/a><\/p><h6><a title=\"Teknosavos l\u00f6sningar\" href=\"https:\/\/teknosavo.fi\/sv\/losningar\/\">H\u00d6GRE HASTIGHET, MER KAPACITET \u2013 B\u00c4TTRE L\u00d6NSAMHET<\/a><\/h6>\t\t\t\t\t\t\t\t<\/div>\n\t\t\t\t<\/div>\n\t\t\t\t<div class=\"elementor-element elementor-element-78cd7df1c93e7f7afa8817b2816b8aee g3 block ce_text elementor-widget elementor-widget-text-editor\" data-id=\"78cd7df1c93e7f7afa8817b2816b8aee\" data-element_type=\"widget\" data-widget_type=\"text-editor.default\">\n\t\t\t\t<div class=\"elementor-widget-container\">\n\t\t\t\t\t\t\t\t\t<p><a href=\"https:\/\/teknosavo.fi\/sv\/optimeringstjanster\/\"><img loading=\"lazy\" decoding=\"async\" class=\"attachment-180x size-180x\" src=\"https:\/\/teknosavo.fi\/wp-content\/uploads\/2019\/04\/optimized-debarking.png\" sizes=\"(max-width: 160px) 100vw, 160px\" srcset=\"https:\/\/teknosavo.fi\/wp-content\/uploads\/2019\/04\/optimized-debarking.png 160w, https:\/\/teknosavo.fi\/wp-content\/uploads\/2019\/04\/optimized-debarking-150x150.png 150w\" alt=\"\" width=\"160\" height=\"160\" \/><\/a><\/p><h6><a title=\"F\u00f6rdelar\" href=\"https:\/\/teknosavo.fi\/sv\/optimeringstjanster\/\">OPTIMERAD AVBARKNING \u2013 MINDRE VEDF\u00d6RLUST<\/a><\/h6>\t\t\t\t\t\t\t\t<\/div>\n\t\t\t\t<\/div>\n\t\t\t\t<div class=\"elementor-element elementor-element-811e10fd449e73b44b1a414c68e48396 g3 block ce_text elementor-widget elementor-widget-text-editor\" data-id=\"811e10fd449e73b44b1a414c68e48396\" data-element_type=\"widget\" data-widget_type=\"text-editor.default\">\n\t\t\t\t<div class=\"elementor-widget-container\">\n\t\t\t\t\t\t\t\t\t<p><a href=\"https:\/\/teknosavo.fi\/sv\/optimeringstjanster\/\"><img loading=\"lazy\" decoding=\"async\" class=\"attachment-180x size-180x\" src=\"https:\/\/teknosavo.fi\/wp-content\/uploads\/2019\/04\/chips.png\" sizes=\"(max-width: 180px) 100vw, 180px\" srcset=\"https:\/\/teknosavo.fi\/wp-content\/uploads\/2019\/04\/chips.png 180w, https:\/\/teknosavo.fi\/wp-content\/uploads\/2019\/04\/chips-150x150.png 150w\" alt=\"\" width=\"180\" height=\"180\" \/><\/a><\/p><h6><a title=\"Tj\u00e4nster\" href=\"https:\/\/teknosavo.fi\/sv\/optimeringstjanster\/\">RENT MATERIALFL\u00d6DE GER H\u00d6G KVALITET<\/a><\/h6>\t\t\t\t\t\t\t\t<\/div>\n\t\t\t\t<\/div>\n\t\t\t\t\t<\/div>\n\t\t<\/div>\n\t\t\t\t\t<\/div>\n\t\t<\/section>\n\t\t\t\t<\/div>\n\t\t","protected":false},"excerpt":{"rendered":"<p>Effektivitet och driftss\u00e4kerhet Optimerad prestanda f\u00f6r tr\u00e4f\u00f6r\u00e4dling Med hj\u00e4lp av Teknosavos l\u00f6sningar kan tr\u00e4f\u00f6r\u00e4dlingsprocesserna optimeras fr\u00e5n fabriksporten till massakokare. Optimering s\u00e4kerst\u00e4ller en effektiv f\u00f6r\u00e4dling av tr\u00e4r\u00e5varor genom att minska vedf\u00f6rlust och \u00f6ka den totala kapaciteten. Den j\u00e4mna kvalitet i processen som v\u00e5r teknik garanterar minskar ocks\u00e5 kostnaderna f\u00f6r kemikalier, energi och arbetskraft. Vi levererar en [&hellip;]<\/p>\n","protected":false},"author":12,"featured_media":352,"parent":0,"menu_order":0,"comment_status":"closed","ping_status":"closed","template":"","meta":{"footnotes":""},"class_list":["post-65","page","type-page","status-publish","has-post-thumbnail","hentry"],"aioseo_notices":[],"_links":{"self":[{"href":"https:\/\/teknosavo.fi\/sv\/wp-json\/wp\/v2\/pages\/65","targetHints":{"allow":["GET"]}}],"collection":[{"href":"https:\/\/teknosavo.fi\/sv\/wp-json\/wp\/v2\/pages"}],"about":[{"href":"https:\/\/teknosavo.fi\/sv\/wp-json\/wp\/v2\/types\/page"}],"author":[{"embeddable":true,"href":"https:\/\/teknosavo.fi\/sv\/wp-json\/wp\/v2\/users\/12"}],"replies":[{"embeddable":true,"href":"https:\/\/teknosavo.fi\/sv\/wp-json\/wp\/v2\/comments?post=65"}],"version-history":[{"count":10,"href":"https:\/\/teknosavo.fi\/sv\/wp-json\/wp\/v2\/pages\/65\/revisions"}],"predecessor-version":[{"id":2237,"href":"https:\/\/teknosavo.fi\/sv\/wp-json\/wp\/v2\/pages\/65\/revisions\/2237"}],"wp:featuredmedia":[{"embeddable":true,"href":"https:\/\/teknosavo.fi\/sv\/wp-json\/wp\/v2\/media\/352"}],"wp:attachment":[{"href":"https:\/\/teknosavo.fi\/sv\/wp-json\/wp\/v2\/media?parent=65"}],"curies":[{"name":"wp","href":"https:\/\/api.w.org\/{rel}","templated":true}]}}