{"id":99,"date":"2018-07-30T11:20:50","date_gmt":"2018-07-30T08:20:50","guid":{"rendered":"http:\/\/wwwtesti.teknosavo.fi\/soluciones\/"},"modified":"2019-06-12T10:55:22","modified_gmt":"2019-06-12T07:55:22","slug":"soluciones","status":"publish","type":"page","link":"https:\/\/teknosavo.fi\/es\/soluciones\/","title":{"rendered":"Soluciones"},"content":{"rendered":"\t\t<div data-elementor-type=\"wp-post\" data-elementor-id=\"99\" class=\"elementor elementor-99 elementor-66\" data-elementor-post-type=\"page\">\n\t\t\t\t\t\t<section class=\"elementor-section elementor-top-section elementor-element elementor-element-60a9f9499676dfe16b14fffec062fa76 elementor-section-boxed elementor-section-height-default elementor-section-height-default\" data-id=\"60a9f9499676dfe16b14fffec062fa76\" data-element_type=\"section\">\n\t\t\t\t\t\t<div class=\"elementor-container elementor-column-gap-default\">\n\t\t\t\t\t<div class=\"elementor-column elementor-col-100 elementor-top-column elementor-element elementor-element-ce3547d17faeeeba1eaab147795f7d99 mod_articlehide_mobile\" data-id=\"ce3547d17faeeeba1eaab147795f7d99\" data-element_type=\"column\" id=\"kuvabanneri\">\n\t\t\t<div class=\"elementor-widget-wrap\">\n\t\t\t\t\t\t\t<\/div>\n\t\t<\/div>\n\t\t\t\t\t<\/div>\n\t\t<\/section>\n\t\t\t\t<section class=\"elementor-section elementor-top-section elementor-element elementor-element-94b3f0da37bd84bcde9a915dfb78f44d elementor-section-boxed elementor-section-height-default elementor-section-height-default\" data-id=\"94b3f0da37bd84bcde9a915dfb78f44d\" data-element_type=\"section\">\n\t\t\t\t\t\t<div class=\"elementor-container elementor-column-gap-default\">\n\t\t\t\t\t<div class=\"elementor-column elementor-col-100 elementor-top-column elementor-element elementor-element-c92c3f9d824b40d2c62f07d7b5fc7967 mod_articleinfoBg\" data-id=\"c92c3f9d824b40d2c62f07d7b5fc7967\" data-element_type=\"column\">\n\t\t\t<div class=\"elementor-widget-wrap elementor-element-populated\">\n\t\t\t\t\t\t<div class=\"elementor-element elementor-element-140a86602118cb310821eaf7ec18f046 ingressi block ce_text elementor-widget elementor-widget-text-editor\" data-id=\"140a86602118cb310821eaf7ec18f046\" data-element_type=\"widget\" data-widget_type=\"text-editor.default\">\n\t\t\t\t<div class=\"elementor-widget-container\">\n\t\t\t\t\t\t\t\t\t<h1>SOLUCIONES DE ALTA TECNOLOG\u00cdA <br>DESDE LA PUERTA DE LA F\u00c1BRICA HASTA <br><strong>LA PLANTA DE COCCI\u00d3N DE CELULOSA<\/strong><\/h1>\n<p>Con las soluciones de automatizaci\u00f3n Teknosavo el procesamiento de la madera ser\u00e1 m\u00e1s \u00f3ptimo aumentando el negocio a un nivel m\u00e1s alto.<\/p>\t\t\t\t\t\t\t\t<\/div>\n\t\t\t\t<\/div>\n\t\t\t\t<div class=\"elementor-element elementor-element-7dbad50e4095f769796c59db62fc74d0 g1 block ce_text elementor-widget elementor-widget-text-editor\" data-id=\"7dbad50e4095f769796c59db62fc74d0\" data-element_type=\"widget\" data-widget_type=\"text-editor.default\">\n\t\t\t\t<div class=\"elementor-widget-container\">\n\t\t\t\t\t\t\t\t\t<p>Los modernos sistemas de optimizaci\u00f3n de Teknosavo permiten obtener unos ahorros considerables en cuanto a la energ\u00eda y las materias primas. Los procesos de producci\u00f3n se desarrollan y aceleran gracias a nuestra ingenier\u00eda tecnol\u00f3gica finlandesa. Cada a\u00f1o llegan a las plantas de descortezado varios millones de metros c\u00fabicos de madera que deben procesarse hasta convertirse en celulosa, por lo cual un porcentaje de un porciento de p\u00e9rdidas de materia prima resulta en ahorros considerables.<\/p>\t\t\t\t\t\t\t\t<\/div>\n\t\t\t\t<\/div>\n\t\t\t\t<div class=\"elementor-element elementor-element-06b34732ec3c62ca8e8a52c810a396af g1 blue block ce_text elementor-widget elementor-widget-text-editor\" data-id=\"06b34732ec3c62ca8e8a52c810a396af\" data-element_type=\"widget\" data-widget_type=\"text-editor.default\">\n\t\t\t\t<div class=\"elementor-widget-container\">\n\t\t\t\t\t\t\t\t\t<h5><a href=\"https:\/\/teknosavo.fi\/es\/optimizacion-del-proceso-de-descortezado\/\">WOODSMART<sup>TM&nbsp;<\/sup>\u2013 OPTIMIZACI\u00d3N DEL DESCORTEZADO<\/a><\/h5>\n<p>El innovador sistema WoodSmart\u2122 sirve para optimizar el descortezado de la madera. Este sistema de alta tecnolog\u00eda de Teknosavo permite alcanzar grandes ahorros en los costes de energ\u00eda y de la materia prima, maximiz\u00e1ndose el calidad de la producci\u00f3n desde la puerta de la f\u00e1brica hasta los digestores de celulosa. En el sistema WoodSmart\u2122 se incluyen cinco dispositivos de medici\u00f3n inteligentes que supervisan en tiempo real las distintas secciones del proceso. Con ayuda de la tecnolog\u00eda l\u00e1ser y por c\u00e1mara, el sistema calcula los mejores valores para el descortezado sobre la base de las variables de proceso medidas. De esta forma se consigue un trazado de l\u00ednea \u00f3ptimo, gracias al cual la producci\u00f3n transcurre de manera homog\u00e9nea y eficiente entre turno y turno.<\/p>\t\t\t\t\t\t\t\t<\/div>\n\t\t\t\t<\/div>\n\t\t\t\t<div class=\"elementor-element elementor-element-9073b10fdd99bb55652b05afc5bbfb57 g1 block ce_image elementor-widget elementor-widget-image\" data-id=\"9073b10fdd99bb55652b05afc5bbfb57\" data-element_type=\"widget\" data-widget_type=\"image.default\">\n\t\t\t\t<div class=\"elementor-widget-container\">\n\t\t\t\t\t\t\t\t\t\t\t\t\t\t\t<img fetchpriority=\"high\" decoding=\"async\" width=\"980\" height=\"579\" src=\"https:\/\/teknosavo.fi\/wp-content\/uploads\/2019\/04\/smart_products_teknosavo_2_ESP.png\" class=\"attachment-full size-full wp-image-625\" alt=\"Teknosavo products\" srcset=\"https:\/\/teknosavo.fi\/wp-content\/uploads\/2019\/04\/smart_products_teknosavo_2_ESP.png 980w, https:\/\/teknosavo.fi\/wp-content\/uploads\/2019\/04\/smart_products_teknosavo_2_ESP-300x177.png 300w, https:\/\/teknosavo.fi\/wp-content\/uploads\/2019\/04\/smart_products_teknosavo_2_ESP-768x454.png 768w\" sizes=\"(max-width: 980px) 100vw, 980px\" \/>\t\t\t\t\t\t\t\t\t\t\t\t\t\t\t<\/div>\n\t\t\t\t<\/div>\n\t\t\t\t<div class=\"elementor-element elementor-element-211e1f145979e9a5268af497fb41c847  block ce_html elementor-widget elementor-widget-html\" data-id=\"211e1f145979e9a5268af497fb41c847\" data-element_type=\"widget\" data-widget_type=\"html.default\">\n\t\t\t\t<div class=\"elementor-widget-container\">\n\t\t\t\t\t<div style=\"clear:both;\"><\/div>\t\t\t\t<\/div>\n\t\t\t\t<\/div>\n\t\t\t\t<div class=\"elementor-element elementor-element-0334778588363e040194086bc3897fee g2 green block ce_text elementor-widget elementor-widget-text-editor\" data-id=\"0334778588363e040194086bc3897fee\" data-element_type=\"widget\" data-widget_type=\"text-editor.default\">\n\t\t\t\t<div class=\"elementor-widget-container\">\n\t\t\t\t\t\t\t\t\t<h5><a href=\"https:\/\/teknosavo.fi\/es\/sistema-de-medicion-en-linea\/\">SISTEMAS DE MEDICI\u00d3N EN L\u00cdNEA<\/a><\/h5>\n<h6><a href=\"https:\/\/teknosavo.fi\/es\/sistema-de-medicion-en-linea\/\">BARKSMART\u2122<\/a>&nbsp;\u2022&nbsp;<a href=\"https:\/\/teknosavo.fi\/es\/sistema-de-medicion-en-linea\/\">PROFISMART\u2122<\/a> \u2022 <a href=\"https:\/\/teknosavo.fi\/es\/sistema-de-medicion-en-linea\/\">STONESMART\u2122<\/a>&nbsp;\u2022 <a href=\"https:\/\/teknosavo.fi\/es\/sistema-de-medicion-en-linea\/\">SOUNDSMART\u2122<\/a> \u2022 <a href=\"https:\/\/teknosavo.fi\/es\/sistema-de-medicion-en-linea\/\">FILLSMART\u2122<\/a>&nbsp;\u2022&nbsp;<a href=\"https:\/\/teknosavo.fi\/es\/sistema-de-medicion-en-linea\/\">LOGSMART\u2122<\/a>&nbsp;<br>\u2022&nbsp;<a href=\"https:\/\/teknosavo.fi\/es\/sistema-de-medicion-en-linea\/\">FEEDSMART\u2122<\/a><\/h6>\t\t\t\t\t\t\t\t<\/div>\n\t\t\t\t<\/div>\n\t\t\t\t<div class=\"elementor-element elementor-element-94f7a8111cdd337a280be45d0229d2ff g2 aqua block ce_text elementor-widget elementor-widget-text-editor\" data-id=\"94f7a8111cdd337a280be45d0229d2ff\" data-element_type=\"widget\" data-widget_type=\"text-editor.default\">\n\t\t\t\t<div class=\"elementor-widget-container\">\n\t\t\t\t\t\t\t\t\t<h5><a href=\"https:\/\/teknosavo.fi\/es\/medicion-del-volumen\/\">CONTROL DE CALIDAD<\/a><\/h5>\n<h6><a href=\"https:\/\/teknosavo.fi\/es\/medicion-del-volumen\/\">QS MEASUREMENT\u2122<\/a><\/h6>\t\t\t\t\t\t\t\t<\/div>\n\t\t\t\t<\/div>\n\t\t\t\t<div class=\"elementor-element elementor-element-489c9d6e89606ae5db95cd1bd8f7cd58  block ce_html elementor-widget elementor-widget-html\" data-id=\"489c9d6e89606ae5db95cd1bd8f7cd58\" data-element_type=\"widget\" data-widget_type=\"html.default\">\n\t\t\t\t<div class=\"elementor-widget-container\">\n\t\t\t\t\t<div style=\"clear:both;\"><\/div>\t\t\t\t<\/div>\n\t\t\t\t<\/div>\n\t\t\t\t<div class=\"elementor-element elementor-element-04b5cf03ddf572bebbc44e537d96df58 g2 gray block ce_text elementor-widget elementor-widget-text-editor\" data-id=\"04b5cf03ddf572bebbc44e537d96df58\" data-element_type=\"widget\" data-widget_type=\"text-editor.default\">\n\t\t\t\t<div class=\"elementor-widget-container\">\n\t\t\t\t\t\t\t\t\t<h5><a href=\"https:\/\/teknosavo.fi\/es\/medicion-del-volumen\/\">MEDICI\u00d3N DE VOLUMEN<\/a><\/h5>\n<h6><a href=\"https:\/\/teknosavo.fi\/es\/medicion-del-volumen\/\">ESTACI\u00d3N DE MEDICI\u00d3N PARA CAMIONES<\/a><\/h6>\t\t\t\t\t\t\t\t<\/div>\n\t\t\t\t<\/div>\n\t\t\t\t<div class=\"elementor-element elementor-element-8ca41a285592edbe7b319c421e939a65 g2 block ce_text elementor-widget elementor-widget-text-editor\" data-id=\"8ca41a285592edbe7b319c421e939a65\" data-element_type=\"widget\" data-widget_type=\"text-editor.default\">\n\t\t\t\t<div class=\"elementor-widget-container\">\n\t\t\t\t\t\t\t\t\t<h5><a href=\"https:\/\/teknosavo.fi\/es\/presentacion-de-informes-y-recopilacion-de-datos\/\">PRESENTACI\u00d3N DE INFORMES Y RECOPILACI\u00d3N DE DATOS ININTERRUMPIDAMENTE<\/a><\/h5>\n<h6><a href=\"https:\/\/teknosavo.fi\/es\/presentacion-de-informes-y-recopilacion-de-datos\/\">REPORTSMART\u2122<\/a><\/h6>\t\t\t\t\t\t\t\t<\/div>\n\t\t\t\t<\/div>\n\t\t\t\t<div class=\"elementor-element elementor-element-a49c1d0a27e2758a5608c905f53b198f g1 orange block ce_text elementor-widget elementor-widget-text-editor\" data-id=\"a49c1d0a27e2758a5608c905f53b198f\" data-element_type=\"widget\" data-widget_type=\"text-editor.default\">\n\t\t\t\t<div class=\"elementor-widget-container\">\n\t\t\t\t\t\t\t\t\t<h5><a href=\"https:\/\/teknosavo.fi\/es\/control-de-calidad-de-las-virutas\/\">CONTROL DE CALIDAD DE LAS VIRUTAS<\/a><\/h5>\n<h6><a href=\"https:\/\/teknosavo.fi\/es\/control-de-calidad-de-las-virutas\/\">CHIPSMART\u2122 2D<\/a>&nbsp;\u2022 <a href=\"https:\/\/teknosavo.fi\/es\/control-de-calidad-de-las-virutas\/\">CHIPSMART\u2122 3D<\/a><\/h6>\t\t\t\t\t\t\t\t<\/div>\n\t\t\t\t<\/div>\n\t\t\t\t\t<\/div>\n\t\t<\/div>\n\t\t\t\t\t<\/div>\n\t\t<\/section>\n\t\t\t\t<\/div>\n\t\t","protected":false},"excerpt":{"rendered":"<p>SOLUCIONES DE ALTA TECNOLOG\u00cdA DESDE LA PUERTA DE LA F\u00c1BRICA HASTA LA PLANTA DE COCCI\u00d3N DE CELULOSA Con las soluciones de automatizaci\u00f3n Teknosavo el procesamiento de la madera ser\u00e1 m\u00e1s \u00f3ptimo aumentando el negocio a un nivel m\u00e1s alto. Los modernos sistemas de optimizaci\u00f3n de Teknosavo permiten obtener unos ahorros considerables en cuanto a la [&hellip;]<\/p>\n","protected":false},"author":12,"featured_media":317,"parent":0,"menu_order":0,"comment_status":"closed","ping_status":"closed","template":"","meta":{"footnotes":""},"class_list":["post-99","page","type-page","status-publish","has-post-thumbnail","hentry"],"aioseo_notices":[],"_links":{"self":[{"href":"https:\/\/teknosavo.fi\/es\/wp-json\/wp\/v2\/pages\/99","targetHints":{"allow":["GET"]}}],"collection":[{"href":"https:\/\/teknosavo.fi\/es\/wp-json\/wp\/v2\/pages"}],"about":[{"href":"https:\/\/teknosavo.fi\/es\/wp-json\/wp\/v2\/types\/page"}],"author":[{"embeddable":true,"href":"https:\/\/teknosavo.fi\/es\/wp-json\/wp\/v2\/users\/12"}],"replies":[{"embeddable":true,"href":"https:\/\/teknosavo.fi\/es\/wp-json\/wp\/v2\/comments?post=99"}],"version-history":[{"count":2,"href":"https:\/\/teknosavo.fi\/es\/wp-json\/wp\/v2\/pages\/99\/revisions"}],"predecessor-version":[{"id":1639,"href":"https:\/\/teknosavo.fi\/es\/wp-json\/wp\/v2\/pages\/99\/revisions\/1639"}],"wp:featuredmedia":[{"embeddable":true,"href":"https:\/\/teknosavo.fi\/es\/wp-json\/wp\/v2\/media\/317"}],"wp:attachment":[{"href":"https:\/\/teknosavo.fi\/es\/wp-json\/wp\/v2\/media?parent=99"}],"curies":[{"name":"wp","href":"https:\/\/api.w.org\/{rel}","templated":true}]}}