{"id":98,"date":"2015-10-23T06:59:56","date_gmt":"2015-10-23T03:59:56","guid":{"rendered":"http:\/\/wwwtesti.teknosavo.fi\/inicio\/"},"modified":"2019-11-07T13:53:21","modified_gmt":"2019-11-07T11:53:21","slug":"inicio","status":"publish","type":"page","link":"https:\/\/teknosavo.fi\/es\/","title":{"rendered":"Inicio"},"content":{"rendered":"\t\t<div data-elementor-type=\"wp-post\" data-elementor-id=\"98\" class=\"elementor elementor-98\" data-elementor-post-type=\"page\">\n\t\t\t\t\t\t<section class=\"elementor-section elementor-top-section elementor-element elementor-element-3ff185d52980a99e2d0b4196f55d6a32 elementor-section-boxed elementor-section-height-default elementor-section-height-default\" data-id=\"3ff185d52980a99e2d0b4196f55d6a32\" data-element_type=\"section\">\n\t\t\t\t\t\t<div class=\"elementor-container elementor-column-gap-default\">\n\t\t\t\t\t<div class=\"elementor-column elementor-col-100 elementor-top-column elementor-element elementor-element-7d43d13859826bc1e89fc991cb1fa0a1 mod_articlehide\" data-id=\"7d43d13859826bc1e89fc991cb1fa0a1\" data-element_type=\"column\" id=\"slider\">\n\t\t\t<div class=\"elementor-widget-wrap\">\n\t\t\t\t\t\t\t<\/div>\n\t\t<\/div>\n\t\t\t\t\t<\/div>\n\t\t<\/section>\n\t\t\t\t<section class=\"elementor-section elementor-top-section elementor-element elementor-element-b11ad9dc08d90d594de74e6d40fb85d4 elementor-section-boxed elementor-section-height-default elementor-section-height-default\" data-id=\"b11ad9dc08d90d594de74e6d40fb85d4\" data-element_type=\"section\">\n\t\t\t\t\t\t<div class=\"elementor-container elementor-column-gap-default\">\n\t\t\t\t\t<div class=\"elementor-column elementor-col-100 elementor-top-column elementor-element elementor-element-76e046a01fcdb5e224660e80038d1631 mod_articleinfoBg\" data-id=\"76e046a01fcdb5e224660e80038d1631\" data-element_type=\"column\" id=\"front\">\n\t\t\t<div class=\"elementor-widget-wrap elementor-element-populated\">\n\t\t\t\t\t\t<div class=\"elementor-element elementor-element-d9151e6a2b73c510d9f42c472af1650b g1 blue block ce_text elementor-widget elementor-widget-text-editor\" data-id=\"d9151e6a2b73c510d9f42c472af1650b\" data-element_type=\"widget\" data-widget_type=\"text-editor.default\">\n\t\t\t\t<div class=\"elementor-widget-container\">\n\t\t\t\t\t\t\t\t\t<h2>Eficiencia y seguridad en la producci\u00f3n<\/h2>\n<p><strong>Rendimiento optimizado en el procesamiento de la madera<\/strong><br><br><\/p>\n<p>Gracias a las soluciones desarrolladas por Teknosavo, se pueden optimizar los procesos de transformaci\u00f3n de la madera desde las puertas de la f\u00e1brica hasta el proceso de cocci\u00f3n de la celulosa. Mediante la optimizaci\u00f3n, se garantiza un uso eficiente de la materia prima, previniendo la p\u00e9rdida de madera y aumentando la capacidad total. Adem\u00e1s, el proceso homog\u00e9neo que garantiza nuestra tecnolog\u00eda reduce los costes de productos qu\u00edmicos, energ\u00e9ticos y de mano de obra.<\/p>\n<p>Ofrecemos a nuestros clientes un servicio integral que incluye todo el sistema autom\u00e1tico, con los dispositivos de medici\u00f3n, el software y los servicios de mantenimiento. Durante todo el per\u00edodo de vigencia del contrato, este servicio de facturaci\u00f3n mensual garantiza resultados logrados con la optimizaci\u00f3n de la producci\u00f3n. Los ahorros alcanzados a trav\u00e9s de la optimizaci\u00f3n son en ocasiones de millones de euros\u2026 calcule usted mismo cu\u00e1nto podr\u00eda ahorrar.\u2028<br><span style=\"text-decoration: underline;\"><a href=\"https:\/\/teknosavo.fi\/es\/servicios-de-optimizacion\/\">M\u00e1s informaci\u00f3n sobre nuestros servicios de optimizaci\u00f3n.<\/a><\/span><\/p>\t\t\t\t\t\t\t\t<\/div>\n\t\t\t\t<\/div>\n\t\t\t\t<div class=\"elementor-element elementor-element-97ccfb662b4019957344de673ebeb3f0 g1 block ce_image elementor-widget elementor-widget-image\" data-id=\"97ccfb662b4019957344de673ebeb3f0\" data-element_type=\"widget\" data-widget_type=\"image.default\">\n\t\t\t\t<div class=\"elementor-widget-container\">\n\t\t\t\t\t\t\t\t\t\t\t\t\t\t\t<img fetchpriority=\"high\" decoding=\"async\" width=\"980\" height=\"369\" src=\"https:\/\/teknosavo.fi\/wp-content\/uploads\/2019\/04\/esp_frontpage-image.jpg\" class=\"attachment-full size-full wp-image-1065\" alt=\"Frontpage image\" srcset=\"https:\/\/teknosavo.fi\/wp-content\/uploads\/2019\/04\/esp_frontpage-image.jpg 980w, https:\/\/teknosavo.fi\/wp-content\/uploads\/2019\/04\/esp_frontpage-image-300x113.jpg 300w, https:\/\/teknosavo.fi\/wp-content\/uploads\/2019\/04\/esp_frontpage-image-768x289.jpg 768w\" sizes=\"(max-width: 980px) 100vw, 980px\" \/>\t\t\t\t\t\t\t\t\t\t\t\t\t\t\t<\/div>\n\t\t\t\t<\/div>\n\t\t\t\t<div class=\"elementor-element elementor-element-54f10b21b4ffe5bf56ce0644bd693d32 g3 block ce_image elementor-widget elementor-widget-image\" data-id=\"54f10b21b4ffe5bf56ce0644bd693d32\" data-element_type=\"widget\" data-widget_type=\"image.default\">\n\t\t\t\t<div class=\"elementor-widget-container\">\n\t\t\t\t\t\t\t\t\t\t\t\t\t\t\t<img decoding=\"async\" src=\"https:\/\/teknosavo.fi\/wp-content\/uploads\/2019\/04\/esp_luku1.png\" title=\"https:\/\/teknosavo.fi\/wp-content\/uploads\/2019\/04\/esp_luku1.png\" alt=\"Ahorro de 6 milliones de \u20ac\" loading=\"lazy\" \/>\t\t\t\t\t\t\t\t\t\t\t\t\t\t\t<\/div>\n\t\t\t\t<\/div>\n\t\t\t\t<div class=\"elementor-element elementor-element-31370be9eb73a03e36ada576dd19734a g3 block ce_image elementor-widget elementor-widget-image\" data-id=\"31370be9eb73a03e36ada576dd19734a\" data-element_type=\"widget\" data-widget_type=\"image.default\">\n\t\t\t\t<div class=\"elementor-widget-container\">\n\t\t\t\t\t\t\t\t\t\t\t\t\t\t\t<img decoding=\"async\" src=\"https:\/\/teknosavo.fi\/wp-content\/uploads\/2019\/04\/esp_luku2.png\" title=\"https:\/\/teknosavo.fi\/wp-content\/uploads\/2019\/04\/esp_luku2.png\" alt=\"Reducci\u00f3n de las p\u00e9rdidas de material de un 50 %\" loading=\"lazy\" \/>\t\t\t\t\t\t\t\t\t\t\t\t\t\t\t<\/div>\n\t\t\t\t<\/div>\n\t\t\t\t<div class=\"elementor-element elementor-element-9c86f39b7d896bdfcae0e29be390670c g3 block ce_image elementor-widget elementor-widget-image\" data-id=\"9c86f39b7d896bdfcae0e29be390670c\" data-element_type=\"widget\" data-widget_type=\"image.default\">\n\t\t\t\t<div class=\"elementor-widget-container\">\n\t\t\t\t\t\t\t\t\t\t\t\t\t\t\t<img decoding=\"async\" src=\"https:\/\/teknosavo.fi\/wp-content\/uploads\/2019\/04\/esp_luku3.png\" title=\"https:\/\/teknosavo.fi\/wp-content\/uploads\/2019\/04\/esp_luku3.png\" alt=\"Garantia de eficiencia del 100 %.\" loading=\"lazy\" \/>\t\t\t\t\t\t\t\t\t\t\t\t\t\t\t<\/div>\n\t\t\t\t<\/div>\n\t\t\t\t<div class=\"elementor-element elementor-element-b41153139eed9486b990177cd13b4967 g3 block ce_text elementor-widget elementor-widget-text-editor\" data-id=\"b41153139eed9486b990177cd13b4967\" data-element_type=\"widget\" data-widget_type=\"text-editor.default\">\n\t\t\t\t<div class=\"elementor-widget-container\">\n\t\t\t\t\t\t\t\t\t<p><a href=\"https:\/\/teknosavo.fi\/es\/soluciones\/\"><img decoding=\"async\" class=\"attachment-180x size-180x\" src=\"https:\/\/teknosavo.fi\/wp-content\/uploads\/2019\/04\/woodsmart_ico.png\" sizes=\"(max-width: 160px) 100vw, 160px\" srcset=\"https:\/\/teknosavo.fi\/wp-content\/uploads\/2019\/04\/woodsmart_ico.png 160w, https:\/\/teknosavo.fi\/wp-content\/uploads\/2019\/04\/woodsmart_ico-150x150.png 150w\" alt=\"\" width=\"160\" height=\"160\" \/><\/a><\/p><h6 style=\"text-align: left;\"><a href=\"https:\/\/teknosavo.fi\/es\/soluciones\/\">M\u00c1S VELOCIDAD, M\u00c1S CAPACIDAD = MAYOR RENTABILIDAD<\/a><\/h6>\t\t\t\t\t\t\t\t<\/div>\n\t\t\t\t<\/div>\n\t\t\t\t<div class=\"elementor-element elementor-element-249144d3c08b8164a277b8810f28d56a g3 block ce_text elementor-widget elementor-widget-text-editor\" data-id=\"249144d3c08b8164a277b8810f28d56a\" data-element_type=\"widget\" data-widget_type=\"text-editor.default\">\n\t\t\t\t<div class=\"elementor-widget-container\">\n\t\t\t\t\t\t\t\t\t<p><a href=\"https:\/\/teknosavo.fi\/es\/servicios-de-optimizacion\/\"><img decoding=\"async\" class=\"attachment-180x size-180x\" src=\"https:\/\/teknosavo.fi\/wp-content\/uploads\/2019\/04\/optimized-debarking.png\" sizes=\"(max-width: 160px) 100vw, 160px\" srcset=\"https:\/\/teknosavo.fi\/wp-content\/uploads\/2019\/04\/optimized-debarking.png 160w, https:\/\/teknosavo.fi\/wp-content\/uploads\/2019\/04\/optimized-debarking-150x150.png 150w\" alt=\"\" width=\"160\" height=\"160\" \/><\/a><\/p><h6><a href=\"https:\/\/teknosavo.fi\/es\/servicios-de-optimizacion\/\">DESCORTEZADO OPTIMIZADO \u2013 MENOS RESIDUOS DE MADERA<\/a><\/h6>\t\t\t\t\t\t\t\t<\/div>\n\t\t\t\t<\/div>\n\t\t\t\t<div class=\"elementor-element elementor-element-81c99e34881e5821c07f6424b7b8907d g3 block ce_text elementor-widget elementor-widget-text-editor\" data-id=\"81c99e34881e5821c07f6424b7b8907d\" data-element_type=\"widget\" data-widget_type=\"text-editor.default\">\n\t\t\t\t<div class=\"elementor-widget-container\">\n\t\t\t\t\t\t\t\t\t<p><a href=\"https:\/\/teknosavo.fi\/es\/servicios-de-optimizacion\/\"><img loading=\"lazy\" decoding=\"async\" class=\"attachment-180x size-180x\" src=\"https:\/\/teknosavo.fi\/wp-content\/uploads\/2019\/04\/chips.png\" sizes=\"(max-width: 180px) 100vw, 180px\" srcset=\"https:\/\/teknosavo.fi\/wp-content\/uploads\/2019\/04\/chips.png 180w, https:\/\/teknosavo.fi\/wp-content\/uploads\/2019\/04\/chips-150x150.png 150w\" alt=\"\" width=\"180\" height=\"180\" \/><\/a><\/p><h6><a href=\"https:\/\/teknosavo.fi\/es\/servicios-de-optimizacion\/\">UN CAUDAL DE MATERIAL LIMPIO GARANTIZA UNA ALTA CALIDAD<\/a><\/h6>\t\t\t\t\t\t\t\t<\/div>\n\t\t\t\t<\/div>\n\t\t\t\t\t<\/div>\n\t\t<\/div>\n\t\t\t\t\t<\/div>\n\t\t<\/section>\n\t\t\t\t<\/div>\n\t\t","protected":false},"excerpt":{"rendered":"<p>Eficiencia y seguridad en la producci\u00f3n Rendimiento optimizado en el procesamiento de la madera Gracias a las soluciones desarrolladas por Teknosavo, se pueden optimizar los procesos de transformaci\u00f3n de la madera desde las puertas de la f\u00e1brica hasta el proceso de cocci\u00f3n de la celulosa. Mediante la optimizaci\u00f3n, se garantiza un uso eficiente de la [&hellip;]<\/p>\n","protected":false},"author":12,"featured_media":393,"parent":0,"menu_order":0,"comment_status":"closed","ping_status":"closed","template":"","meta":{"footnotes":""},"class_list":["post-98","page","type-page","status-publish","has-post-thumbnail","hentry"],"aioseo_notices":[],"_links":{"self":[{"href":"https:\/\/teknosavo.fi\/es\/wp-json\/wp\/v2\/pages\/98","targetHints":{"allow":["GET"]}}],"collection":[{"href":"https:\/\/teknosavo.fi\/es\/wp-json\/wp\/v2\/pages"}],"about":[{"href":"https:\/\/teknosavo.fi\/es\/wp-json\/wp\/v2\/types\/page"}],"author":[{"embeddable":true,"href":"https:\/\/teknosavo.fi\/es\/wp-json\/wp\/v2\/users\/12"}],"replies":[{"embeddable":true,"href":"https:\/\/teknosavo.fi\/es\/wp-json\/wp\/v2\/comments?post=98"}],"version-history":[{"count":3,"href":"https:\/\/teknosavo.fi\/es\/wp-json\/wp\/v2\/pages\/98\/revisions"}],"predecessor-version":[{"id":2243,"href":"https:\/\/teknosavo.fi\/es\/wp-json\/wp\/v2\/pages\/98\/revisions\/2243"}],"wp:featuredmedia":[{"embeddable":true,"href":"https:\/\/teknosavo.fi\/es\/wp-json\/wp\/v2\/media\/393"}],"wp:attachment":[{"href":"https:\/\/teknosavo.fi\/es\/wp-json\/wp\/v2\/media?parent=98"}],"curies":[{"name":"wp","href":"https:\/\/api.w.org\/{rel}","templated":true}]}}