{"id":138,"date":"2017-11-27T07:28:45","date_gmt":"2017-11-27T05:28:45","guid":{"rendered":"http:\/\/wwwtesti.teknosavo.fi\/publicacion\/"},"modified":"2022-11-07T15:41:35","modified_gmt":"2022-11-07T13:41:35","slug":"publicacion","status":"publish","type":"page","link":"https:\/\/teknosavo.fi\/es\/publicacion\/","title":{"rendered":"Publicaci\u00f3n"},"content":{"rendered":"\t\t<div data-elementor-type=\"wp-post\" data-elementor-id=\"138\" class=\"elementor elementor-138 elementor-134\" data-elementor-post-type=\"page\">\n\t\t\t\t\t\t<section class=\"elementor-section elementor-top-section elementor-element elementor-element-65f3d14c5b1f511fb17d3186a021f649 elementor-section-boxed elementor-section-height-default elementor-section-height-default\" data-id=\"65f3d14c5b1f511fb17d3186a021f649\" data-element_type=\"section\">\n\t\t\t\t\t\t<div class=\"elementor-container elementor-column-gap-default\">\n\t\t\t\t\t<div class=\"elementor-column elementor-col-100 elementor-top-column elementor-element elementor-element-a85ec113bff3ef0aad42f9f2e2765f6e mod_articlehide_mobile\" data-id=\"a85ec113bff3ef0aad42f9f2e2765f6e\" data-element_type=\"column\" id=\"kuvabanneri\">\n\t\t\t<div class=\"elementor-widget-wrap\">\n\t\t\t\t\t\t\t<\/div>\n\t\t<\/div>\n\t\t\t\t\t<\/div>\n\t\t<\/section>\n\t\t\t\t<section class=\"elementor-section elementor-top-section elementor-element elementor-element-516ae5c8f21672d497af464fa1ff66b2 elementor-section-boxed elementor-section-height-default elementor-section-height-default\" data-id=\"516ae5c8f21672d497af464fa1ff66b2\" data-element_type=\"section\">\n\t\t\t\t\t\t<div class=\"elementor-container elementor-column-gap-default\">\n\t\t\t\t\t<div class=\"elementor-column elementor-col-100 elementor-top-column elementor-element elementor-element-3d77fc5ac30103fdeba864262e366a1d mod_article\" data-id=\"3d77fc5ac30103fdeba864262e366a1d\" data-element_type=\"column\">\n\t\t\t<div class=\"elementor-widget-wrap elementor-element-populated\">\n\t\t\t\t\t\t<div class=\"elementor-element elementor-element-441aaa980c238e30eb815157043edf09 g1 ingressi block ce_text elementor-widget elementor-widget-text-editor\" data-id=\"441aaa980c238e30eb815157043edf09\" data-element_type=\"widget\" data-widget_type=\"text-editor.default\">\n\t\t\t\t<div class=\"elementor-widget-container\">\n\t\t\t\t\t\t\t\t\t<h1>PUBLICACI\u00d3N<\/h1>\t\t\t\t\t\t\t\t<\/div>\n\t\t\t\t<\/div>\n\t\t\t\t<div class=\"elementor-element elementor-element-5c333624bb00fb715d6fcb342a8807a9 g1 ingressi block ce_image elementor-widget elementor-widget-image\" data-id=\"5c333624bb00fb715d6fcb342a8807a9\" data-element_type=\"widget\" data-widget_type=\"image.default\">\n\t\t\t\t<div class=\"elementor-widget-container\">\n\t\t\t\t\t\t\t\t\t\t\t\t\t\t\t<img fetchpriority=\"high\" decoding=\"async\" width=\"882\" height=\"600\" src=\"https:\/\/teknosavo.fi\/wp-content\/uploads\/2019\/05\/Woodchip2019.png\" class=\"attachment-full size-full wp-image-1542\" alt=\"WoodChip 2019 Magazine\" srcset=\"https:\/\/teknosavo.fi\/wp-content\/uploads\/2019\/05\/Woodchip2019.png 882w, https:\/\/teknosavo.fi\/wp-content\/uploads\/2019\/05\/Woodchip2019-300x204.png 300w, https:\/\/teknosavo.fi\/wp-content\/uploads\/2019\/05\/Woodchip2019-768x522.png 768w\" sizes=\"(max-width: 882px) 100vw, 882px\" \/>\t\t\t\t\t\t\t\t\t\t\t\t\t\t\t<\/div>\n\t\t\t\t<\/div>\n\t\t\t\t\t<\/div>\n\t\t<\/div>\n\t\t\t\t\t<\/div>\n\t\t<\/section>\n\t\t\t\t<section class=\"elementor-section elementor-top-section elementor-element elementor-element-4d12c8de4873d4abbdd81c59f96d0b8a elementor-section-boxed elementor-section-height-default elementor-section-height-default\" data-id=\"4d12c8de4873d4abbdd81c59f96d0b8a\" data-element_type=\"section\">\n\t\t\t\t\t\t<div class=\"elementor-container elementor-column-gap-default\">\n\t\t\t\t\t<div class=\"elementor-column elementor-col-100 elementor-top-column elementor-element elementor-element-6cf62bd51a7be41b2b8e0539c13c2213 mod_articleinfoBg\" data-id=\"6cf62bd51a7be41b2b8e0539c13c2213\" data-element_type=\"column\" id=\"front\">\n\t\t\t<div class=\"elementor-widget-wrap elementor-element-populated\">\n\t\t\t\t\t\t<div class=\"elementor-element elementor-element-daaf634e93749fa1bb957faa77d9f441 g1 block ce_text elementor-widget elementor-widget-heading\" data-id=\"daaf634e93749fa1bb957faa77d9f441\" data-element_type=\"widget\" data-widget_type=\"heading.default\">\n\t\t\t\t<div class=\"elementor-widget-container\">\n\t\t\t\t\t<h5 class=\"elementor-heading-title elementor-size-default\">Woodchip revista<\/h5>\t\t\t\t<\/div>\n\t\t\t\t<\/div>\n\t\t\t\t<div class=\"elementor-element elementor-element-bbeaf662c952fe927092ada7905c39a0 g4 block ce_text elementor-widget elementor-widget-text-editor\" data-id=\"bbeaf662c952fe927092ada7905c39a0\" data-element_type=\"widget\" data-widget_type=\"text-editor.default\">\n\t\t\t\t<div class=\"elementor-widget-container\">\n\t\t\t\t\t\t\t\t\t<p><img decoding=\"async\" class=\"alignnone size-full wp-image-3396\" src=\"https:\/\/teknosavo.fi\/wp-content\/uploads\/2022\/11\/Teknosavo-Magazine-2022-1.jpg\" alt=\"\" width=\"177\" height=\"194\" \/><\/p><h6><a href=\"https:\/\/teknosavo.fi\/wp-content\/uploads\/2022\/11\/Asiakaslehti-4s-ENG-netti-07112022-2.pdf\">EDICI\u00d3N 5<\/a><\/h6>\t\t\t\t\t\t\t\t<\/div>\n\t\t\t\t<\/div>\n\t\t\t\t<div class=\"elementor-element elementor-element-5bac87a g4 block ce_text elementor-widget elementor-widget-text-editor\" data-id=\"5bac87a\" data-element_type=\"widget\" data-widget_type=\"text-editor.default\">\n\t\t\t\t<div class=\"elementor-widget-container\">\n\t\t\t\t\t\t\t\t\t<p><img decoding=\"async\" class=\"attachment-full size-full\" src=\"https:\/\/teknosavo.fi\/wp-content\/uploads\/2019\/05\/Woodchip-cover2019.png\" alt=\"\" width=\"177\" height=\"194\" \/><\/p><h6><a href=\"https:\/\/teknosavo.fi\/wp-content\/uploads\/2019\/06\/Woodchip-2019-ENG.pdf\">EDICI\u00d3N 4<\/a><\/h6>\t\t\t\t\t\t\t\t<\/div>\n\t\t\t\t<\/div>\n\t\t\t\t<div class=\"elementor-element elementor-element-834e46612565eafa2a124d1a9798c782 g4 block ce_text elementor-widget elementor-widget-text-editor\" data-id=\"834e46612565eafa2a124d1a9798c782\" data-element_type=\"widget\" data-widget_type=\"text-editor.default\">\n\t\t\t\t<div class=\"elementor-widget-container\">\n\t\t\t\t\t\t\t\t\t<p><img loading=\"lazy\" decoding=\"async\" class=\"attachment-full size-full\" src=\"https:\/\/teknosavo.fi\/wp-content\/uploads\/2019\/04\/lehden_kannet_2017.jpg\" alt=\"\" width=\"177\" height=\"194\" \/><\/p><h6><a href=\"https:\/\/teknosavo.fi\/wp-content\/uploads\/2019\/04\/woodchip_magazine.pdf\" target=\"_blank\" rel=\"noopener\">EDICI\u00d3N 3<\/a><\/h6><p>\u00a0<\/p>\t\t\t\t\t\t\t\t<\/div>\n\t\t\t\t<\/div>\n\t\t\t\t<div class=\"elementor-element elementor-element-3c453f18e8ab3684c358421db935fd6d g4 block ce_text elementor-widget elementor-widget-text-editor\" data-id=\"3c453f18e8ab3684c358421db935fd6d\" data-element_type=\"widget\" data-widget_type=\"text-editor.default\">\n\t\t\t\t<div class=\"elementor-widget-container\">\n\t\t\t\t\t\t\t\t\t<p><img loading=\"lazy\" decoding=\"async\" class=\"attachment-full size-full\" src=\"https:\/\/teknosavo.fi\/wp-content\/uploads\/2019\/04\/lehden_kannet_2016.jpg\" alt=\"\" width=\"177\" height=\"194\" \/><\/p><h6><a href=\"https:\/\/teknosavo.fi\/wp-content\/uploads\/2019\/04\/woodchip_magazine_2016.pdf\" target=\"_blank\" rel=\"noopener\">EDICI\u00d3N 2<\/a><\/h6>\t\t\t\t\t\t\t\t<\/div>\n\t\t\t\t<\/div>\n\t\t\t\t<div class=\"elementor-element elementor-element-0d66fb8765760e1ee95f275061094681 g4 last block ce_text elementor-widget elementor-widget-text-editor\" data-id=\"0d66fb8765760e1ee95f275061094681\" data-element_type=\"widget\" data-widget_type=\"text-editor.default\">\n\t\t\t\t<div class=\"elementor-widget-container\">\n\t\t\t\t\t\t\t\t\t<p><img loading=\"lazy\" decoding=\"async\" class=\"attachment-full size-full\" src=\"https:\/\/teknosavo.fi\/wp-content\/uploads\/2019\/04\/lehden_kannet_2015.jpg\" alt=\"\" width=\"177\" height=\"194\" \/><\/p><h6><a href=\"https:\/\/teknosavo.fi\/wp-content\/uploads\/2019\/04\/woodchip_magazine_2015.pdf\">EDICI\u00d3N 1<\/a><\/h6>\t\t\t\t\t\t\t\t<\/div>\n\t\t\t\t<\/div>\n\t\t\t\t\t<\/div>\n\t\t<\/div>\n\t\t\t\t\t<\/div>\n\t\t<\/section>\n\t\t\t\t<\/div>\n\t\t","protected":false},"excerpt":{"rendered":"<p>PUBLICACI\u00d3N Woodchip revista EDICI\u00d3N 5 EDICI\u00d3N 4 EDICI\u00d3N 3 \u00a0 EDICI\u00d3N 2 EDICI\u00d3N 1<\/p>\n","protected":false},"author":12,"featured_media":317,"parent":0,"menu_order":0,"comment_status":"closed","ping_status":"closed","template":"","meta":{"footnotes":""},"class_list":["post-138","page","type-page","status-publish","has-post-thumbnail","hentry"],"aioseo_notices":[],"_links":{"self":[{"href":"https:\/\/teknosavo.fi\/es\/wp-json\/wp\/v2\/pages\/138","targetHints":{"allow":["GET"]}}],"collection":[{"href":"https:\/\/teknosavo.fi\/es\/wp-json\/wp\/v2\/pages"}],"about":[{"href":"https:\/\/teknosavo.fi\/es\/wp-json\/wp\/v2\/types\/page"}],"author":[{"embeddable":true,"href":"https:\/\/teknosavo.fi\/es\/wp-json\/wp\/v2\/users\/12"}],"replies":[{"embeddable":true,"href":"https:\/\/teknosavo.fi\/es\/wp-json\/wp\/v2\/comments?post=138"}],"version-history":[{"count":22,"href":"https:\/\/teknosavo.fi\/es\/wp-json\/wp\/v2\/pages\/138\/revisions"}],"predecessor-version":[{"id":3428,"href":"https:\/\/teknosavo.fi\/es\/wp-json\/wp\/v2\/pages\/138\/revisions\/3428"}],"wp:featuredmedia":[{"embeddable":true,"href":"https:\/\/teknosavo.fi\/es\/wp-json\/wp\/v2\/media\/317"}],"wp:attachment":[{"href":"https:\/\/teknosavo.fi\/es\/wp-json\/wp\/v2\/media?parent=138"}],"curies":[{"name":"wp","href":"https:\/\/api.w.org\/{rel}","templated":true}]}}