{"id":110,"date":"2015-06-18T08:57:46","date_gmt":"2015-06-18T05:57:46","guid":{"rendered":"http:\/\/wwwtesti.teknosavo.fi\/contacto\/"},"modified":"2025-06-11T10:09:35","modified_gmt":"2025-06-11T07:09:35","slug":"contacto","status":"publish","type":"page","link":"https:\/\/teknosavo.fi\/es\/contacto\/","title":{"rendered":"Contacto"},"content":{"rendered":"\t\t<div data-elementor-type=\"wp-post\" data-elementor-id=\"110\" class=\"elementor elementor-110\" data-elementor-post-type=\"page\">\n\t\t\t\t\t\t<section class=\"elementor-section elementor-top-section elementor-element elementor-element-c467e62b377bde9ebc0b0373fa389a39 elementor-section-boxed elementor-section-height-default elementor-section-height-default\" data-id=\"c467e62b377bde9ebc0b0373fa389a39\" data-element_type=\"section\">\n\t\t\t\t\t\t<div class=\"elementor-container elementor-column-gap-default\">\n\t\t\t\t\t<div class=\"elementor-column elementor-col-100 elementor-top-column elementor-element elementor-element-0eeb525 mod_articlelightBg\" data-id=\"0eeb525\" data-element_type=\"column\">\n\t\t\t<div class=\"elementor-widget-wrap elementor-element-populated\">\n\t\t\t\t\t\t<div class=\"elementor-element elementor-element-bc1383a g2 block ce_text elementor-widget elementor-widget-text-editor\" data-id=\"bc1383a\" data-element_type=\"widget\" data-widget_type=\"text-editor.default\">\n\t\t\t\t<div class=\"elementor-widget-container\">\n\t\t\t\t\t\t\t\t\t<h1>CONTACTO<br \/><strong>Teknosavo<\/strong><\/h1>\t\t\t\t\t\t\t\t<\/div>\n\t\t\t\t<\/div>\n\t\t\t\t<div class=\"elementor-element elementor-element-5d75c5d  block ce_html elementor-widget elementor-widget-html\" data-id=\"5d75c5d\" data-element_type=\"widget\" data-widget_type=\"html.default\">\n\t\t\t\t<div class=\"elementor-widget-container\">\n\t\t\t\t\t<div style=\"clear:both;\"><\/div>\t\t\t\t<\/div>\n\t\t\t\t<\/div>\n\t\t\t\t<div class=\"elementor-element elementor-element-4ebe3b5 g4 block ce_text elementor-widget__width-initial e-transform elementor-widget elementor-widget-text-editor\" data-id=\"4ebe3b5\" data-element_type=\"widget\" data-settings=\"{&quot;_transform_scale_effect&quot;:{&quot;unit&quot;:&quot;px&quot;,&quot;size&quot;:0.7,&quot;sizes&quot;:[]},&quot;_transform_scale_effect_tablet&quot;:{&quot;unit&quot;:&quot;px&quot;,&quot;size&quot;:&quot;&quot;,&quot;sizes&quot;:[]},&quot;_transform_scale_effect_mobile&quot;:{&quot;unit&quot;:&quot;px&quot;,&quot;size&quot;:&quot;&quot;,&quot;sizes&quot;:[]}}\" data-widget_type=\"text-editor.default\">\n\t\t\t\t<div class=\"elementor-widget-container\">\n\t\t\t\t\t\t\t\t\t<h3>ADMINISTRACI\u00d3N<\/h3><div><a href=\"mailto:smart@teknosavo.fi\">smart@teknosavo.fi<\/a><\/div>\t\t\t\t\t\t\t\t<\/div>\n\t\t\t\t<\/div>\n\t\t\t\t<div class=\"elementor-element elementor-element-bf57ad5 g4 block ce_text elementor-widget elementor-widget-text-editor\" data-id=\"bf57ad5\" data-element_type=\"widget\" data-widget_type=\"text-editor.default\">\n\t\t\t\t<div class=\"elementor-widget-container\">\n\t\t\t\t\t\t\t\t\t<p><strong>Hannu H\u00e4m\u00e4l\u00e4inen<br \/><\/strong>Managing Director<br \/>Mob. +358 (0) 50 529 1366<br \/><a href=\"mailto:hannu.hamalainen@teknosavo.fi\">hannu.hamalainen@teknosavo.fi<\/a><\/p>\t\t\t\t\t\t\t\t<\/div>\n\t\t\t\t<\/div>\n\t\t\t\t<div class=\"elementor-element elementor-element-2f9efbb g4 block ce_text elementor-widget elementor-widget-text-editor\" data-id=\"2f9efbb\" data-element_type=\"widget\" data-widget_type=\"text-editor.default\">\n\t\t\t\t<div class=\"elementor-widget-container\">\n\t\t\t\t\t\t\t\t\t<p><strong>Hanna Matilainen<br><\/strong><span style=\"caret-color: #000000; color: #000000; font-family: Calibri, sans-serif; font-size: 14.6667px; text-size-adjust: auto;\">Controller&nbsp;<\/span><strong><br><\/strong>Mob. +358 (0)&nbsp;<span style=\"caret-color: #000000; color: #000000; font-family: Calibri, sans-serif; font-size: 14.6667px; text-size-adjust: auto;\">44&nbsp;477 2050<\/span><br><a title=\"Contact\" href=\"mailto:hanna.matilainen@teknosavo.fi\">hanna.matilainen@teknosavo.fi<\/a><\/p>\t\t\t\t\t\t\t\t<\/div>\n\t\t\t\t<\/div>\n\t\t\t\t<div class=\"elementor-element elementor-element-9ed56c1 g4 block ce_text elementor-widget elementor-widget-text-editor\" data-id=\"9ed56c1\" data-element_type=\"widget\" data-widget_type=\"text-editor.default\">\n\t\t\t\t<div class=\"elementor-widget-container\">\n\t\t\t\t\t\t\t\t\t<p><b>Sonja Niittylahti<\/b><b><br \/><\/b>Mob. +358 (0)\u00a0<span style=\"caret-color: #000000; color: #000000; font-family: Calibri, sans-serif; font-size: 14.6667px; text-size-adjust: auto;\">50\u00a0348 7386<br \/><\/span><a href=\"mailto:sonja.niittylahti@teknosavo.fi\">sonja.niittylahti@teknosavo.fi<\/a><\/p>\t\t\t\t\t\t\t\t<\/div>\n\t\t\t\t<\/div>\n\t\t\t\t<div class=\"elementor-element elementor-element-0b043bb  block ce_html elementor-widget elementor-widget-html\" data-id=\"0b043bb\" data-element_type=\"widget\" data-widget_type=\"html.default\">\n\t\t\t\t<div class=\"elementor-widget-container\">\n\t\t\t\t\t<div style=\"clear:both;\"><\/div>\t\t\t\t<\/div>\n\t\t\t\t<\/div>\n\t\t\t\t<div class=\"elementor-element elementor-element-6578c44 g4 block ce_text elementor-widget elementor-widget-text-editor\" data-id=\"6578c44\" data-element_type=\"widget\" data-widget_type=\"text-editor.default\">\n\t\t\t\t<div class=\"elementor-widget-container\">\n\t\t\t\t\t\t\t\t\t<p>\u00a0 \u00a0 \u00a0 \u00a0 \u00a0\u00a0<\/p>\t\t\t\t\t\t\t\t<\/div>\n\t\t\t\t<\/div>\n\t\t\t\t<div class=\"elementor-element elementor-element-185cc6e g4 block ce_text elementor-widget elementor-widget-text-editor\" data-id=\"185cc6e\" data-element_type=\"widget\" data-widget_type=\"text-editor.default\">\n\t\t\t\t<div class=\"elementor-widget-container\">\n\t\t\t\t\t\t\t\t\t<p><strong>Jarna Salminen<br \/><\/strong>Marketing Assistant<br \/>Mob. +358 (0) 50\u00a0340 5973<br \/><a href=\"mailto:jarna.salminen@teknosavo.fi\">jarna.salminen@teknosavo.fi<\/a><\/p>\t\t\t\t\t\t\t\t<\/div>\n\t\t\t\t<\/div>\n\t\t\t\t<div class=\"elementor-element elementor-element-4339b47  block ce_html elementor-widget elementor-widget-html\" data-id=\"4339b47\" data-element_type=\"widget\" data-widget_type=\"html.default\">\n\t\t\t\t<div class=\"elementor-widget-container\">\n\t\t\t\t\t<div style=\"clear:both;\"><\/div>\t\t\t\t<\/div>\n\t\t\t\t<\/div>\n\t\t\t\t<div class=\"elementor-element elementor-element-fe0a234 g4 block ce_text elementor-widget__width-initial e-transform elementor-widget elementor-widget-text-editor\" data-id=\"fe0a234\" data-element_type=\"widget\" data-settings=\"{&quot;_transform_scale_effect&quot;:{&quot;unit&quot;:&quot;px&quot;,&quot;size&quot;:0.8,&quot;sizes&quot;:[]},&quot;_transform_scale_effect_tablet&quot;:{&quot;unit&quot;:&quot;px&quot;,&quot;size&quot;:&quot;&quot;,&quot;sizes&quot;:[]},&quot;_transform_scale_effect_mobile&quot;:{&quot;unit&quot;:&quot;px&quot;,&quot;size&quot;:&quot;&quot;,&quot;sizes&quot;:[]}}\" data-widget_type=\"text-editor.default\">\n\t\t\t\t<div class=\"elementor-widget-container\">\n\t\t\t\t\t\t\t\t\t<h3>FACTURACI\u00d3N<\/h3><div><a href=\"mailto:smart@teknosavo.fi\">smart@teknosavo.fi<\/a><\/div>\t\t\t\t\t\t\t\t<\/div>\n\t\t\t\t<\/div>\n\t\t\t\t<div class=\"elementor-element elementor-element-4b269de g5 block ce_text elementor-widget elementor-widget-text-editor\" data-id=\"4b269de\" data-element_type=\"widget\" data-widget_type=\"text-editor.default\">\n\t\t\t\t<div class=\"elementor-widget-container\">\n\t\t\t\t\t\t\t\t\t<h4>Teknosavo Oy<\/h4><p>Vipusenkatu 15<br \/>FI-57200 Savonlinna<br \/>Mob. +358 (0) 15 477 0700<br \/><a title=\"Send E-mail to Teknosavo\" href=\"mailto:smart@teknosavo.fi\">smart@teknosavo.fi<\/a><\/p>\t\t\t\t\t\t\t\t<\/div>\n\t\t\t\t<\/div>\n\t\t\t\t<div class=\"elementor-element elementor-element-3103d70 g4 block ce_text elementor-widget elementor-widget-text-editor\" data-id=\"3103d70\" data-element_type=\"widget\" data-widget_type=\"text-editor.default\">\n\t\t\t\t<div class=\"elementor-widget-container\">\n\t\t\t\t\t\t\t\t\t<p><span style=\"font-weight: 600;\">NIF de la empresa<\/span><br>FI07520148<\/p>\n<p><span style=\"font-weight: 600;\">Direcci\u00f3n de facturaci\u00f3n electr\u00f3nica<\/span><strong><br><\/strong>003707520148<\/p>\n<p><span style=\"font-weight: 600;\">Operador de facturaci\u00f3n electr\u00f3nica<\/span><br>(OpenText)<\/p>\t\t\t\t\t\t\t\t<\/div>\n\t\t\t\t<\/div>\n\t\t\t\t<div class=\"elementor-element elementor-element-0d43d4e g4 block ce_text elementor-widget elementor-widget-text-editor\" data-id=\"0d43d4e\" data-element_type=\"widget\" data-widget_type=\"text-editor.default\">\n\t\t\t\t<div class=\"elementor-widget-container\">\n\t\t\t\t\t\t\t\t\t<p><span style=\"font-weight: 600;\">C\u00f3digo del operador<\/span><br \/>003708599126<\/p><p><span style=\"font-weight: 600;\">C\u00f3digo EDI<\/span><strong><br \/><\/strong>003707520148<\/p>\t\t\t\t\t\t\t\t<\/div>\n\t\t\t\t<\/div>\n\t\t\t\t<div class=\"elementor-element elementor-element-36c5061  block ce_html elementor-widget elementor-widget-html\" data-id=\"36c5061\" data-element_type=\"widget\" data-widget_type=\"html.default\">\n\t\t\t\t<div class=\"elementor-widget-container\">\n\t\t\t\t\t<div style=\"clear:both;\"><\/div>\t\t\t\t<\/div>\n\t\t\t\t<\/div>\n\t\t\t\t<div class=\"elementor-element elementor-element-00291a7 g4 block ce_text elementor-widget elementor-widget-text-editor\" data-id=\"00291a7\" data-element_type=\"widget\" data-widget_type=\"text-editor.default\">\n\t\t\t\t<div class=\"elementor-widget-container\">\n\t\t\t\t\t\t\t\t\t<h3>SERVICIO<\/h3><div><a href=\"mailto:service@teknosavo.fi\">service@teknosavo.fi<\/a><\/div>\t\t\t\t\t\t\t\t<\/div>\n\t\t\t\t<\/div>\n\t\t\t\t<div class=\"elementor-element elementor-element-d9796fd g4 block ce_text elementor-widget elementor-widget-text-editor\" data-id=\"d9796fd\" data-element_type=\"widget\" data-widget_type=\"text-editor.default\">\n\t\t\t\t<div class=\"elementor-widget-container\">\n\t\t\t\t\t\t\t\t\t<p><strong>Kimmo Makkonen<br \/><\/strong>Service Engineer<br \/><br \/><a href=\"mailto:kimmo.makkonen@teknosavo.fi\">kimmo.makkonen@teknosavo.fi<\/a><\/p>\t\t\t\t\t\t\t\t<\/div>\n\t\t\t\t<\/div>\n\t\t\t\t<div class=\"elementor-element elementor-element-bfda44c g4 block ce_text elementor-widget elementor-widget-text-editor\" data-id=\"bfda44c\" data-element_type=\"widget\" data-widget_type=\"text-editor.default\">\n\t\t\t\t<div class=\"elementor-widget-container\">\n\t\t\t\t\t\t\t\t\t<p><strong>Kalle Kuivalainen<br \/><\/strong>Service Engineer<br \/><br \/><a href=\"mailto:kalle.kuivalainen@teknosavo.fi\">kalle.kuivalainen@teknosavo.fi<\/a><\/p>\t\t\t\t\t\t\t\t<\/div>\n\t\t\t\t<\/div>\n\t\t\t\t<div class=\"elementor-element elementor-element-0ceb7ed g4 block ce_text elementor-widget elementor-widget-text-editor\" data-id=\"0ceb7ed\" data-element_type=\"widget\" data-widget_type=\"text-editor.default\">\n\t\t\t\t<div class=\"elementor-widget-container\">\n\t\t\t\t\t\t\t\t\t<p><strong>Tatu Saariniva<br \/><\/strong>Service Engineer<br \/><br \/><a href=\"mailto:tatu.saariniva@teknosavo.fi\">Tatu.Saariniva@teknosavo.fi<\/a><\/p>\t\t\t\t\t\t\t\t<\/div>\n\t\t\t\t<\/div>\n\t\t\t\t<div class=\"elementor-element elementor-element-7f61579  block ce_html elementor-widget elementor-widget-html\" data-id=\"7f61579\" data-element_type=\"widget\" data-widget_type=\"html.default\">\n\t\t\t\t<div class=\"elementor-widget-container\">\n\t\t\t\t\t<div style=\"clear:both;\"><\/div>\t\t\t\t<\/div>\n\t\t\t\t<\/div>\n\t\t\t\t<div class=\"elementor-element elementor-element-cc5a8d7 g4 block ce_text elementor-widget elementor-widget-text-editor\" data-id=\"cc5a8d7\" data-element_type=\"widget\" data-widget_type=\"text-editor.default\">\n\t\t\t\t<div class=\"elementor-widget-container\">\n\t\t\t\t\t\t\t\t\t<h3>VENTAS<\/h3><div><a href=\"mailto:sales@teknosavo.fi\">sales@teknosavo.fi<\/a><\/div>\t\t\t\t\t\t\t\t<\/div>\n\t\t\t\t<\/div>\n\t\t\t\t<div class=\"elementor-element elementor-element-0317696 g4 block ce_text elementor-widget elementor-widget-text-editor\" data-id=\"0317696\" data-element_type=\"widget\" data-widget_type=\"text-editor.default\">\n\t\t\t\t<div class=\"elementor-widget-container\">\n\t\t\t\t\t\t\t\t\t<p><strong>Kari Kallio<br \/><\/strong>Sales Manager<br \/>Mob.\u00a0 +358 (0) 400 332 335<br \/><a href=\"mailto:kari.kallio@teknosavo.fi\"><span style=\"font-style: inherit !important; font-weight: inherit !important;\">kari.kallio@teknosavo.fi<\/span><\/a><\/p>\t\t\t\t\t\t\t\t<\/div>\n\t\t\t\t<\/div>\n\t\t\t\t<div class=\"elementor-element elementor-element-5a4c772 g4 block ce_text elementor-widget elementor-widget-text-editor\" data-id=\"5a4c772\" data-element_type=\"widget\" data-widget_type=\"text-editor.default\">\n\t\t\t\t<div class=\"elementor-widget-container\">\n\t\t\t\t\t\t\t\t\t<p><strong>Timo Alasuvanto<br><\/strong>Sales Manager<br>Mob.&nbsp; +358 (0) 44 477 2058<br><a href=\"mailto:timo.alasuvanto@teknosavo.fi\">timo.alasuvanto@teknosavo.fi<\/a><\/p>\t\t\t\t\t\t\t\t<\/div>\n\t\t\t\t<\/div>\n\t\t\t\t<div class=\"elementor-element elementor-element-24605ef  block ce_html elementor-widget elementor-widget-html\" data-id=\"24605ef\" data-element_type=\"widget\" data-widget_type=\"html.default\">\n\t\t\t\t<div class=\"elementor-widget-container\">\n\t\t\t\t\t<div style=\"clear:both;\"><\/div>\t\t\t\t<\/div>\n\t\t\t\t<\/div>\n\t\t\t\t<div class=\"elementor-element elementor-element-569cb65 g1 block ce_text elementor-widget elementor-widget-text-editor\" data-id=\"569cb65\" data-element_type=\"widget\" data-widget_type=\"text-editor.default\">\n\t\t\t\t<div class=\"elementor-widget-container\">\n\t\t\t\t\t\t\t\t\t<h3>AGENTES<\/h3><h3>EUROPA<\/h3>\t\t\t\t\t\t\t\t<\/div>\n\t\t\t\t<\/div>\n\t\t\t\t<div class=\"elementor-element elementor-element-a61cbba g4 block ce_text elementor-widget elementor-widget-text-editor\" data-id=\"a61cbba\" data-element_type=\"widget\" data-widget_type=\"text-editor.default\">\n\t\t\t\t<div class=\"elementor-widget-container\">\n\t\t\t\t\t\t\t\t\t<h5>Rep\u00fablica Eslovaca<\/h5><p>\u00a0<\/p><p>AGROSILVA SR, S.R.O.<br \/>Kukucinova 25<br \/>SK-921 01 Piestany,<br \/>Rep\u00fablica Eslovaca<br \/>Tel. +421 90 561 8352<br \/>Fax +421 33 772 3034<br \/><a title=\"Send E-mail\" href=\"mailto:agrosilva@py.sknet.sk\">agrosilva@agrosilva.sk<\/a><\/p>\t\t\t\t\t\t\t\t<\/div>\n\t\t\t\t<\/div>\n\t\t\t\t<div class=\"elementor-element elementor-element-da93cc5 g4 block ce_text elementor-widget elementor-widget-text-editor\" data-id=\"da93cc5\" data-element_type=\"widget\" data-widget_type=\"text-editor.default\">\n\t\t\t\t<div class=\"elementor-widget-container\">\n\t\t\t\t\t\t\t\t\t<h5>Espa\u00f1a<br \/><br \/><\/h5><p>\u00a0<\/p><p>Sotgar Systems S.L.<br \/>Per Hornstein<br \/>Apdo. 30231<br \/>E-08080 Barcelona<br \/>Espa\u00f1a<br \/>Tel. +34 93 205 5830<br \/>Fax +34 93 205 5490<br \/><a title=\"Send E-mail\" href=\"mailto:perhornstein@sotgar.com\">perhornstein@sotgar.com<\/a><\/p>\t\t\t\t\t\t\t\t<\/div>\n\t\t\t\t<\/div>\n\t\t\t\t<div class=\"elementor-element elementor-element-355d409 g4 block ce_text elementor-widget elementor-widget-text-editor\" data-id=\"355d409\" data-element_type=\"widget\" data-widget_type=\"text-editor.default\">\n\t\t\t\t<div class=\"elementor-widget-container\">\n\t\t\t\t\t\t\t\t\t<h5>Austria y Alemania<\/h5><p>\u00a0<\/p><p>Dr. Gerhard Gabriel<br \/>gage 4P e. U.<br \/>Josef-Berghold-Strasse 23<br \/>2514 M\u00f6llersdorf<br \/>Austria<br \/>Tel. +43 681 2089 5112<br \/><a href=\"mailto:gerhard.gabriel@gage4p.com\">gerhard.gabriel@gage4p.com<\/a><\/p>\t\t\t\t\t\t\t\t<\/div>\n\t\t\t\t<\/div>\n\t\t\t\t<div class=\"elementor-element elementor-element-a828e88 g4 block ce_text elementor-widget elementor-widget-text-editor\" data-id=\"a828e88\" data-element_type=\"widget\" data-widget_type=\"text-editor.default\">\n\t\t\t\t<div class=\"elementor-widget-container\">\n\t\t\t\t\t\t\t\t\t<h5>FRANCIA<br \/><br \/><\/h5><p>\u00a0<\/p><p>LOGICONSULT<br \/>Tel. +33 (0)5 63 23 28<br \/>ZI n\u00b03 &#8211; 63, avenue Maryse Basti\u00e9<br \/>16340 L\u2019Isle d\u2019Espagnac \u2013 Francia<br \/><a href=\"mailto:gerhard.gabriel@gage4p.com\">contact@logi-consult.fr<\/a><\/p>\t\t\t\t\t\t\t\t<\/div>\n\t\t\t\t<\/div>\n\t\t\t\t<div class=\"elementor-element elementor-element-9f7b820  block ce_html elementor-widget elementor-widget-html\" data-id=\"9f7b820\" data-element_type=\"widget\" data-widget_type=\"html.default\">\n\t\t\t\t<div class=\"elementor-widget-container\">\n\t\t\t\t\t<div style=\"clear:both;\"><\/div>\t\t\t\t<\/div>\n\t\t\t\t<\/div>\n\t\t\t\t<div class=\"elementor-element elementor-element-b66c770 elementor-widget__width-initial elementor-widget elementor-widget-text-editor\" data-id=\"b66c770\" data-element_type=\"widget\" data-widget_type=\"text-editor.default\">\n\t\t\t\t<div class=\"elementor-widget-container\">\n\t\t\t\t\t\t\t\t\t<h5>PORTUGAL<\/h5><p>Celpapel &#8211; Equipamentos Industriais, LDA.<br \/>Rua Armando Cortez, 1-1\u00baD<br \/>2770-233 Pa\u00e7o de Arcos, Portugal<br \/>Tel. +351 21 313 8340<br \/>Fax +351 21 356 1335<br \/><a title=\"Send E-mail\" href=\"mailto:james.blades@celpapel.com\">james.blades@celpapel.com<\/a><\/p>\t\t\t\t\t\t\t\t<\/div>\n\t\t\t\t<\/div>\n\t\t\t\t<div class=\"elementor-element elementor-element-cfb725c g1 block ce_text elementor-widget elementor-widget-text-editor\" data-id=\"cfb725c\" data-element_type=\"widget\" data-widget_type=\"text-editor.default\">\n\t\t\t\t<div class=\"elementor-widget-container\">\n\t\t\t\t\t\t\t\t\t<h3>USA, SOUTH-AFRICA, INDONESIA, CHILE<\/h3>\t\t\t\t\t\t\t\t<\/div>\n\t\t\t\t<\/div>\n\t\t\t\t<div class=\"elementor-element elementor-element-34554c9  block ce_html elementor-widget elementor-widget-html\" data-id=\"34554c9\" data-element_type=\"widget\" data-widget_type=\"html.default\">\n\t\t\t\t<div class=\"elementor-widget-container\">\n\t\t\t\t\t<div style=\"clear:both;\"><\/div>\t\t\t\t<\/div>\n\t\t\t\t<\/div>\n\t\t\t\t<div class=\"elementor-element elementor-element-5cb3314 elementor-widget__width-initial elementor-widget elementor-widget-text-editor\" data-id=\"5cb3314\" data-element_type=\"widget\" data-widget_type=\"text-editor.default\">\n\t\t\t\t<div class=\"elementor-widget-container\">\n\t\t\t\t\t\t\t\t\t<h5>USA &#8211; State of minnesota, michigan, wisconsin, illinois, indiana, iowa, ohio \/ canada &#8211; Ontario province<\/h5>\n<p>MATERIAL CONTROL SOLUTIONS LLC |&nbsp;<br>Chris Veley<br>Direct: +1 (0)414 708 4475<br>Fax: +1 (0)414 423 4473<br>Office: +1 (0)866 476 9861 or +1 (0)414 423 4472<br>1987 W Perdue<br>Milwaukee, WI 53209&nbsp;&nbsp;<br><a href=\"mailto:chris@materialcontrolsolutionsllc.com\">chris@materialcontrolsolutionsllc.com<\/a><br><a href=\"https:\/\/www.materialcontrolsolutionsllc.com\">www.materialcontrolsolutionsllc.com<\/a><\/p>\n<p><\/p>\t\t\t\t\t\t\t\t<\/div>\n\t\t\t\t<\/div>\n\t\t\t\t<div class=\"elementor-element elementor-element-2558c49  block ce_html elementor-widget elementor-widget-html\" data-id=\"2558c49\" data-element_type=\"widget\" data-widget_type=\"html.default\">\n\t\t\t\t<div class=\"elementor-widget-container\">\n\t\t\t\t\t<div style=\"clear:both;\"><\/div>\t\t\t\t<\/div>\n\t\t\t\t<\/div>\n\t\t\t\t<div class=\"elementor-element elementor-element-ee41b32 elementor-widget__width-initial elementor-widget elementor-widget-text-editor\" data-id=\"ee41b32\" data-element_type=\"widget\" data-widget_type=\"text-editor.default\">\n\t\t\t\t<div class=\"elementor-widget-container\">\n\t\t\t\t\t\t\t\t\t<h5>SUD\u00c1FRICA<\/h5><p>IMPORTANT PRODUCTS (PTY) LTD |<br \/>Theo Churchill<br \/>Tel.+2782 897 2464<br \/>P.O Box 69128, Bryanston, 2021, South Africa<br \/><a href=\"mailto:theo.churchill@importantproducts.co.za\">theo.churchill@importantproducts.co.za<\/a><\/p>\t\t\t\t\t\t\t\t<\/div>\n\t\t\t\t<\/div>\n\t\t\t\t<div class=\"elementor-element elementor-element-081d538  block ce_html elementor-widget elementor-widget-html\" data-id=\"081d538\" data-element_type=\"widget\" data-widget_type=\"html.default\">\n\t\t\t\t<div class=\"elementor-widget-container\">\n\t\t\t\t\t<div style=\"clear:both;\"><\/div>\t\t\t\t<\/div>\n\t\t\t\t<\/div>\n\t\t\t\t<div class=\"elementor-element elementor-element-7f69e33 elementor-widget elementor-widget-text-editor\" data-id=\"7f69e33\" data-element_type=\"widget\" data-widget_type=\"text-editor.default\">\n\t\t\t\t<div class=\"elementor-widget-container\">\n\t\t\t\t\t\t\t\t\t<h5>Indonesia<\/h5><p>Nordic Ventures Pte. Ltd<br \/>Jakarta<br \/>Tel: +62\u00a0811\u00a0153 2282<br \/><a href=\"mailto:jakarta@nvg.fi\">jakarta@nvg.fi<\/a><\/p>\t\t\t\t\t\t\t\t<\/div>\n\t\t\t\t<\/div>\n\t\t\t\t<div class=\"elementor-element elementor-element-6a3e823  block ce_html elementor-widget elementor-widget-html\" data-id=\"6a3e823\" data-element_type=\"widget\" data-widget_type=\"html.default\">\n\t\t\t\t<div class=\"elementor-widget-container\">\n\t\t\t\t\t<div style=\"clear:both;\"><\/div>\t\t\t\t<\/div>\n\t\t\t\t<\/div>\n\t\t\t\t<div class=\"elementor-element elementor-element-1c856c1 elementor-widget elementor-widget-text-editor\" data-id=\"1c856c1\" data-element_type=\"widget\" data-widget_type=\"text-editor.default\">\n\t\t\t\t<div class=\"elementor-widget-container\">\n\t\t\t\t\t\t\t\t\t<h5>CHILE<\/h5><p>TUTKA INGENIERIA &amp; CONSTRUCCION SPA | +56 (0)9 75 93 94 89<br \/>Marconi 840 11 Pedro Lagos<br \/>Los Angeles<br \/><a href=\"mailto:hcorrea@tutka.cl\">hcorrea@tutka.cl<\/a><\/p>\t\t\t\t\t\t\t\t<\/div>\n\t\t\t\t<\/div>\n\t\t\t\t\t<\/div>\n\t\t<\/div>\n\t\t\t\t\t<\/div>\n\t\t<\/section>\n\t\t\t\t<\/div>\n\t\t","protected":false},"excerpt":{"rendered":"<p>CONTACTOTeknosavo ADMINISTRACI\u00d3N smart@teknosavo.fi Hannu H\u00e4m\u00e4l\u00e4inenManaging DirectorMob. +358 (0) 50 529 1366hannu.hamalainen@teknosavo.fi Hanna MatilainenController&nbsp;Mob. +358 (0)&nbsp;44&nbsp;477 2050hanna.matilainen@teknosavo.fi Sonja NiittylahtiMob. +358 (0)\u00a050\u00a0348 7386sonja.niittylahti@teknosavo.fi \u00a0 \u00a0 \u00a0 \u00a0 \u00a0\u00a0 Jarna SalminenMarketing AssistantMob. +358 (0) 50\u00a0340 5973jarna.salminen@teknosavo.fi FACTURACI\u00d3N smart@teknosavo.fi Teknosavo Oy Vipusenkatu 15FI-57200 SavonlinnaMob. +358 (0) 15 477 0700smart@teknosavo.fi NIF de la empresaFI07520148 Direcci\u00f3n de facturaci\u00f3n electr\u00f3nica003707520148 Operador de [&hellip;]<\/p>\n","protected":false},"author":12,"featured_media":317,"parent":0,"menu_order":0,"comment_status":"closed","ping_status":"closed","template":"","meta":{"footnotes":""},"class_list":["post-110","page","type-page","status-publish","has-post-thumbnail","hentry"],"aioseo_notices":[],"_links":{"self":[{"href":"https:\/\/teknosavo.fi\/es\/wp-json\/wp\/v2\/pages\/110","targetHints":{"allow":["GET"]}}],"collection":[{"href":"https:\/\/teknosavo.fi\/es\/wp-json\/wp\/v2\/pages"}],"about":[{"href":"https:\/\/teknosavo.fi\/es\/wp-json\/wp\/v2\/types\/page"}],"author":[{"embeddable":true,"href":"https:\/\/teknosavo.fi\/es\/wp-json\/wp\/v2\/users\/12"}],"replies":[{"embeddable":true,"href":"https:\/\/teknosavo.fi\/es\/wp-json\/wp\/v2\/comments?post=110"}],"version-history":[{"count":55,"href":"https:\/\/teknosavo.fi\/es\/wp-json\/wp\/v2\/pages\/110\/revisions"}],"predecessor-version":[{"id":4408,"href":"https:\/\/teknosavo.fi\/es\/wp-json\/wp\/v2\/pages\/110\/revisions\/4408"}],"wp:featuredmedia":[{"embeddable":true,"href":"https:\/\/teknosavo.fi\/es\/wp-json\/wp\/v2\/media\/317"}],"wp:attachment":[{"href":"https:\/\/teknosavo.fi\/es\/wp-json\/wp\/v2\/media?parent=110"}],"curies":[{"name":"wp","href":"https:\/\/api.w.org\/{rel}","templated":true}]}}