{"id":107,"date":"2015-10-23T07:02:52","date_gmt":"2015-10-23T04:02:52","guid":{"rendered":"http:\/\/wwwtesti.teknosavo.fi\/teknosavo-5\/"},"modified":"2019-05-29T15:05:34","modified_gmt":"2019-05-29T12:05:34","slug":"teknosavo-127","status":"publish","type":"page","link":"https:\/\/teknosavo.fi\/es\/teknosavo-127\/","title":{"rendered":"Teknosavo"},"content":{"rendered":"\t\t<div data-elementor-type=\"wp-post\" data-elementor-id=\"107\" class=\"elementor elementor-107 elementor-91\" data-elementor-post-type=\"page\">\n\t\t\t\t\t\t<section class=\"elementor-section elementor-top-section elementor-element elementor-element-e521e15f5099a0edf53673bcad9ce878 elementor-section-boxed elementor-section-height-default elementor-section-height-default\" data-id=\"e521e15f5099a0edf53673bcad9ce878\" data-element_type=\"section\">\n\t\t\t\t\t\t<div class=\"elementor-container elementor-column-gap-default\">\n\t\t\t\t\t<div class=\"elementor-column elementor-col- elementor-top-column elementor-element elementor-element-7afbf6b1074d51a1387916f1b837496b mod_articlehide_mobile\" data-id=\"7afbf6b1074d51a1387916f1b837496b\" data-element_type=\"column\" id=\"kuvabanneri\">\n\t\t\t<div class=\"elementor-widget-wrap\">\n\t\t\t\t\t\t\t<\/div>\n\t\t<\/div>\n\t\t\t\t\t<\/div>\n\t\t<\/section>\n\t\t\t\t<section class=\"elementor-section elementor-top-section elementor-element elementor-element-5123629416fa8e09950a60741f616bba elementor-section-boxed elementor-section-height-default elementor-section-height-default\" data-id=\"5123629416fa8e09950a60741f616bba\" data-element_type=\"section\">\n\t\t\t\t\t\t<div class=\"elementor-container elementor-column-gap-default\">\n\t\t\t\t\t<div class=\"elementor-column elementor-col- elementor-top-column elementor-element elementor-element-4db07fb93091da3a8c335457e2d89e9e mod_article\" data-id=\"4db07fb93091da3a8c335457e2d89e9e\" data-element_type=\"column\">\n\t\t\t<div class=\"elementor-widget-wrap elementor-element-populated\">\n\t\t\t\t\t\t<div class=\"elementor-element elementor-element-45a5fe401bdc6f99ef29f19ab8d96041 ingressi block ce_text elementor-widget elementor-widget-text-editor\" data-id=\"45a5fe401bdc6f99ef29f19ab8d96041\" data-element_type=\"widget\" data-widget_type=\"text-editor.default\">\n\t\t\t\t<div class=\"elementor-widget-container\">\n\t\t\t\t\t\t\t\t\t<h1>EXPERIENCIA GLOBAL DEMOSTRADA<br>EN PROCESOS DE OPTIMIZACI\u00d3N<\/h1>\n<p>Teknosavo es una compa\u00f1\u00eda especializada en el suministro de sistemas de optimizaci\u00f3n y de medici\u00f3n en l\u00ednea para la industria de procesamiento de madera y los clientes que necesiten proyectos de ingenier\u00eda el\u00e9ctrica, de automatizaci\u00f3n, de software y mec\u00e1nica.<br><br><\/p>\t\t\t\t\t\t\t\t<\/div>\n\t\t\t\t<\/div>\n\t\t\t\t<div class=\"elementor-element elementor-element-e56629a3ec422513a4e51a9ce4b8e1b0 g1 block ce_text elementor-widget elementor-widget-text-editor\" data-id=\"e56629a3ec422513a4e51a9ce4b8e1b0\" data-element_type=\"widget\" data-widget_type=\"text-editor.default\">\n\t\t\t\t<div class=\"elementor-widget-container\">\n\t\t\t\t\t\t\t\t\t<p>Fundada en 1988, Teknosavo ha acumulado conocimientos t\u00e9cnicos altamente sofisticados sobre la industria de procesamiento de madera. A lo largo de estos a\u00f1os, hemos alcanzado un profundo conocimiento de los procesos de nuestros clientes de gran tama\u00f1o en los mercados mundiales. En la instalacione de Teknosavo de&nbsp;Savonlinna, nuestros expertos en programaci\u00f3n e ingenier\u00eda relacionada con la tecnolog\u00eda de los sistemas de medici\u00f3n y los procesos de descortezado est\u00e1n comprometidos con la fabricaci\u00f3n de productos y sistemas fiables gracias a nuestros m\u00e9todos de trabajo optimizados.<\/p>\t\t\t\t\t\t\t\t<\/div>\n\t\t\t\t<\/div>\n\t\t\t\t<div class=\"elementor-element elementor-element-e141b2823391d5e37f611ca6cf508805 g1 block ce_image elementor-widget elementor-widget-image\" data-id=\"e141b2823391d5e37f611ca6cf508805\" data-element_type=\"widget\" data-widget_type=\"image.default\">\n\t\t\t\t<div class=\"elementor-widget-container\">\n\t\t\t\t\t\t\t\t\t\t\t\t\t\t\t<img fetchpriority=\"high\" decoding=\"async\" width=\"980\" height=\"579\" src=\"https:\/\/teknosavo.fi\/wp-content\/uploads\/2019\/04\/map-teknosavo.png\" class=\"attachment-full size-full wp-image-635\" alt=\"Teknosavo world map\" srcset=\"https:\/\/teknosavo.fi\/wp-content\/uploads\/2019\/04\/map-teknosavo.png 980w, https:\/\/teknosavo.fi\/wp-content\/uploads\/2019\/04\/map-teknosavo-300x177.png 300w, https:\/\/teknosavo.fi\/wp-content\/uploads\/2019\/04\/map-teknosavo-768x454.png 768w\" sizes=\"(max-width: 980px) 100vw, 980px\" \/>\t\t\t\t\t\t\t\t\t\t\t\t\t\t\t<\/div>\n\t\t\t\t<\/div>\n\t\t\t\t<div class=\"elementor-element elementor-element-603469ceed9ec04fb0ee9ee57bf72d3a g3 blue block ce_text elementor-widget elementor-widget-text-editor\" data-id=\"603469ceed9ec04fb0ee9ee57bf72d3a\" data-element_type=\"widget\" data-widget_type=\"text-editor.default\">\n\t\t\t\t<div class=\"elementor-widget-container\">\n\t\t\t\t\t\t\t\t\t<h5>DISPOSITIVOS DE \u00daLTIMA GENERACI\u00d3N<\/h5>\n<p>Mediante los amplios programas de I+D que llevamos a cabo en estrecha colaboraci\u00f3n con nuestros clientes, continuamos proporcionando al mercado sistemas de medici\u00f3n en l\u00ednea de \u00faltima generaci\u00f3n. El trabajo de desarrollo continuo ha permitido crear una completa gama de productos que cubre las diferentes necesidades y especificaciones de nuestros clientes.<\/p>\t\t\t\t\t\t\t\t<\/div>\n\t\t\t\t<\/div>\n\t\t\t\t<div class=\"elementor-element elementor-element-ec7f0b23c0786626d24ac71f10c82a09 g3 green block ce_text elementor-widget elementor-widget-text-editor\" data-id=\"ec7f0b23c0786626d24ac71f10c82a09\" data-element_type=\"widget\" data-widget_type=\"text-editor.default\">\n\t\t\t\t<div class=\"elementor-widget-container\">\n\t\t\t\t\t\t\t\t\t<h5>SERVICIOS DE<br>CONSULTOR\u00cdA<\/h5>\n<p>Nuestros servicios de consultor\u00eda proporcionan a los clientes amplios conocimientos recopilados gracias a la experiencia acumulada durante muchos a\u00f1os. Evaluamos las operaciones y la calidad de los procesos de preparaci\u00f3n de madera y virutas de nuestros clientes para garantizar unos resultados finales de alta calidad.<\/p>\t\t\t\t\t\t\t\t<\/div>\n\t\t\t\t<\/div>\n\t\t\t\t<div class=\"elementor-element elementor-element-e9a13f8dc6935130ccc0a749cc39f509 g3 aqua block ce_text elementor-widget elementor-widget-text-editor\" data-id=\"e9a13f8dc6935130ccc0a749cc39f509\" data-element_type=\"widget\" data-widget_type=\"text-editor.default\">\n\t\t\t\t<div class=\"elementor-widget-container\">\n\t\t\t\t\t\t\t\t\t<h5>CALIDAD<br>CERTIFICADA<\/h5>\n<p>Hemos desarrollado un sistema interno de calidad para nuestras operaciones, con el prop\u00f3sito de cumplir las promesas a nuestros clientes, lo que se ha acreditado con la certificaci\u00f3n ISO 9001. Nos comprometemos a proporcionar programas de formaci\u00f3n a nuestro personal para mantenerse al d\u00eda con las \u00faltimas novedades del sector.<\/p>\t\t\t\t\t\t\t\t<\/div>\n\t\t\t\t<\/div>\n\t\t\t\t\t<\/div>\n\t\t<\/div>\n\t\t\t\t\t<\/div>\n\t\t<\/section>\n\t\t\t\t<\/div>\n\t\t","protected":false},"excerpt":{"rendered":"","protected":false},"author":12,"featured_media":317,"parent":0,"menu_order":0,"comment_status":"closed","ping_status":"closed","template":"","meta":{"footnotes":""},"class_list":["post-107","page","type-page","status-publish","has-post-thumbnail","hentry"],"aioseo_notices":[],"_links":{"self":[{"href":"https:\/\/teknosavo.fi\/es\/wp-json\/wp\/v2\/pages\/107","targetHints":{"allow":["GET"]}}],"collection":[{"href":"https:\/\/teknosavo.fi\/es\/wp-json\/wp\/v2\/pages"}],"about":[{"href":"https:\/\/teknosavo.fi\/es\/wp-json\/wp\/v2\/types\/page"}],"author":[{"embeddable":true,"href":"https:\/\/teknosavo.fi\/es\/wp-json\/wp\/v2\/users\/12"}],"replies":[{"embeddable":true,"href":"https:\/\/teknosavo.fi\/es\/wp-json\/wp\/v2\/comments?post=107"}],"version-history":[{"count":1,"href":"https:\/\/teknosavo.fi\/es\/wp-json\/wp\/v2\/pages\/107\/revisions"}],"predecessor-version":[{"id":224,"href":"https:\/\/teknosavo.fi\/es\/wp-json\/wp\/v2\/pages\/107\/revisions\/224"}],"wp:featuredmedia":[{"embeddable":true,"href":"https:\/\/teknosavo.fi\/es\/wp-json\/wp\/v2\/media\/317"}],"wp:attachment":[{"href":"https:\/\/teknosavo.fi\/es\/wp-json\/wp\/v2\/media?parent=107"}],"curies":[{"name":"wp","href":"https:\/\/api.w.org\/{rel}","templated":true}]}}