{"id":106,"date":"2018-07-30T12:18:56","date_gmt":"2018-07-30T09:18:56","guid":{"rendered":"http:\/\/wwwtesti.teknosavo.fi\/casos\/"},"modified":"2019-05-29T15:05:33","modified_gmt":"2019-05-29T12:05:33","slug":"casos","status":"publish","type":"page","link":"https:\/\/teknosavo.fi\/es\/casos\/","title":{"rendered":"Casos"},"content":{"rendered":"\t\t<div data-elementor-type=\"wp-post\" data-elementor-id=\"106\" class=\"elementor elementor-106 elementor-143\" data-elementor-post-type=\"page\">\n\t\t\t\t\t\t<section class=\"elementor-section elementor-top-section elementor-element elementor-element-d4ee7b16a9a2cafed2664a11b5a3ab55 elementor-section-boxed elementor-section-height-default elementor-section-height-default\" data-id=\"d4ee7b16a9a2cafed2664a11b5a3ab55\" data-element_type=\"section\">\n\t\t\t\t\t\t<div class=\"elementor-container elementor-column-gap-default\">\n\t\t\t\t\t<div class=\"elementor-column elementor-col- elementor-top-column elementor-element elementor-element-de99291b10764d1225b4759f0f238ff6 mod_articlehide_mobile\" data-id=\"de99291b10764d1225b4759f0f238ff6\" data-element_type=\"column\" id=\"kuvabanneri\">\n\t\t\t<div class=\"elementor-widget-wrap\">\n\t\t\t\t\t\t\t<\/div>\n\t\t<\/div>\n\t\t\t\t\t<\/div>\n\t\t<\/section>\n\t\t\t\t<section class=\"elementor-section elementor-top-section elementor-element elementor-element-31f7ce86ac6e14d89235a2bc78232181 elementor-section-boxed elementor-section-height-default elementor-section-height-default\" data-id=\"31f7ce86ac6e14d89235a2bc78232181\" data-element_type=\"section\">\n\t\t\t\t\t\t<div class=\"elementor-container elementor-column-gap-default\">\n\t\t\t\t\t<div class=\"elementor-column elementor-col- elementor-top-column elementor-element elementor-element-6151137ad7a650c02cfd7610e5bec890 mod_article\" data-id=\"6151137ad7a650c02cfd7610e5bec890\" data-element_type=\"column\">\n\t\t\t<div class=\"elementor-widget-wrap elementor-element-populated\">\n\t\t\t\t\t\t<div class=\"elementor-element elementor-element-b57ce4397eba94b2eb66ce5ad6b63c0c ingressi block ce_text elementor-widget elementor-widget-text-editor\" data-id=\"b57ce4397eba94b2eb66ce5ad6b63c0c\" data-element_type=\"widget\" data-widget_type=\"text-editor.default\">\n\t\t\t\t<div class=\"elementor-widget-container\">\n\t\t\t\t\t\t\t\t\t<h1>CASOS PR\u00c1CTICOS<\/h1>\n<p>El sistema de optimizaci\u00f3n de Teknosavo se ha instalado en plantas de producci\u00f3n de todo el mundo.<\/p>\n<p>&nbsp;<\/p>\t\t\t\t\t\t\t\t<\/div>\n\t\t\t\t<\/div>\n\t\t\t\t<div class=\"elementor-element elementor-element-bd0b6cc6cc4499b01343bf368fb5beeb  block ce_text elementor-widget elementor-widget-text-editor\" data-id=\"bd0b6cc6cc4499b01343bf368fb5beeb\" data-element_type=\"widget\" data-widget_type=\"text-editor.default\">\n\t\t\t\t<div class=\"elementor-widget-container\">\n\t\t\t\t\t\t\t\t\t<p>Reducci\u00f3n anual de residuos de madera<\/p>\t\t\t\t\t\t\t\t<\/div>\n\t\t\t\t<\/div>\n\t\t\t\t<div class=\"elementor-element elementor-element-f907f77c3dc631ff87412d1149c3d529 g2 blue block ce_text elementor-widget elementor-widget-text-editor\" data-id=\"f907f77c3dc631ff87412d1149c3d529\" data-element_type=\"widget\" data-widget_type=\"text-editor.default\">\n\t\t\t\t<div class=\"elementor-widget-container\">\n\t\t\t\t\t\t\t\t\t<h5>F\u00c1BRICA 1<\/h5>\n<p>Madera de pino<br>C\u00e1lculo de los residuos de madera 2,4 %<br>Volumen de descortezado 1,5 mill. m\u00b3\/ a\u00f1o <br>Ahorro anual 370 000 \u20ac<span class=\"Apple-converted-space\">&nbsp;<\/span><\/p>\n<p class=\"p1\"><img decoding=\"async\" src=\"https:\/\/teknosavo.fi\/wp-content\/uploads\/2019\/04\/esp_mill1.png\" alt=\"\" width=\"300\"><\/p>\t\t\t\t\t\t\t\t<\/div>\n\t\t\t\t<\/div>\n\t\t\t\t<div class=\"elementor-element elementor-element-1dfe9199e670a140eefd06153bb1e0f7 g2 blue block ce_text elementor-widget elementor-widget-text-editor\" data-id=\"1dfe9199e670a140eefd06153bb1e0f7\" data-element_type=\"widget\" data-widget_type=\"text-editor.default\">\n\t\t\t\t<div class=\"elementor-widget-container\">\n\t\t\t\t\t\t\t\t\t<h5>F\u00c1BRICA 2<\/h5>\n<p class=\"p1\">Madera de pino<br>C\u00e1lculo de los residuos de madera&nbsp;1,4 \u2013 1,9 %<br>Volumen de descortezado&nbsp;1,4 mill. m\u00b3\/a\u00f1o<br>Ahorro anual&nbsp;600 000 \u2013 790 000 \u20ac<\/p>\n<p class=\"p1\"><img fetchpriority=\"high\" decoding=\"async\" src=\"https:\/\/teknosavo.fi\/wp-content\/uploads\/2019\/04\/esp_mill2.png\" alt=\"\" width=\"300\" height=\"361\"><\/p>\t\t\t\t\t\t\t\t<\/div>\n\t\t\t\t<\/div>\n\t\t\t\t<div class=\"elementor-element elementor-element-0335858b392866d736fd450330fb2f7f g2 blue block ce_text elementor-widget elementor-widget-text-editor\" data-id=\"0335858b392866d736fd450330fb2f7f\" data-element_type=\"widget\" data-widget_type=\"text-editor.default\">\n\t\t\t\t<div class=\"elementor-widget-container\">\n\t\t\t\t\t\t\t\t\t<h5>F\u00c1BRICA&nbsp;3<\/h5>\n<p class=\"p1\">Abedul<br>C\u00e1lculo de los residuos de madera 3,35 %<br>Volumen de descortezado&nbsp;750 000 m\u00b3\/a\u00f1o<br>Ahorro anual&nbsp;260 000 \u20ac<span class=\"Apple-converted-space\">&nbsp;<\/span><\/p>\n<p class=\"p1\"><img decoding=\"async\" src=\"https:\/\/teknosavo.fi\/wp-content\/uploads\/2019\/04\/esp_mill3.png\" alt=\"\" width=\"300\" height=\"359\"><\/p>\t\t\t\t\t\t\t\t<\/div>\n\t\t\t\t<\/div>\n\t\t\t\t<div class=\"elementor-element elementor-element-0d1b604f8c437877c47495e2162caadd g2 blue block ce_text elementor-widget elementor-widget-text-editor\" data-id=\"0d1b604f8c437877c47495e2162caadd\" data-element_type=\"widget\" data-widget_type=\"text-editor.default\">\n\t\t\t\t<div class=\"elementor-widget-container\">\n\t\t\t\t\t\t\t\t\t<h5>F\u00c1BRICA&nbsp;4<\/h5>\n<p>\u00c1lamo tembl\u00f3n<br>C\u00e1lculo de los residuos de madera&nbsp;4,71 %<br>Volumen de descortezado&nbsp;750 000 m\u00b3\/a\u00f1o<br>Ahorro anual&nbsp;370 000 \u20ac<\/p>\n<p class=\"p1\"><img decoding=\"async\" src=\"https:\/\/teknosavo.fi\/wp-content\/uploads\/2019\/04\/esp_mill4.png\" alt=\"\" width=\"300\" height=\"361\"><\/p>\t\t\t\t\t\t\t\t<\/div>\n\t\t\t\t<\/div>\n\t\t\t\t<div class=\"elementor-element elementor-element-4159c566a07af5a1d6176db8294f21e5  block ce_html elementor-widget elementor-widget-html\" data-id=\"4159c566a07af5a1d6176db8294f21e5\" data-element_type=\"widget\" data-widget_type=\"html.default\">\n\t\t\t\t<div class=\"elementor-widget-container\">\n\t\t\t\t\t<div style=\"clear:both;\"><\/div>\t\t\t\t<\/div>\n\t\t\t\t<\/div>\n\t\t\t\t\t<\/div>\n\t\t<\/div>\n\t\t\t\t\t<\/div>\n\t\t<\/section>\n\t\t\t\t<\/div>\n\t\t","protected":false},"excerpt":{"rendered":"","protected":false},"author":12,"featured_media":690,"parent":0,"menu_order":0,"comment_status":"closed","ping_status":"closed","template":"","meta":{"footnotes":""},"class_list":["post-106","page","type-page","status-publish","has-post-thumbnail","hentry"],"aioseo_notices":[],"_links":{"self":[{"href":"https:\/\/teknosavo.fi\/es\/wp-json\/wp\/v2\/pages\/106","targetHints":{"allow":["GET"]}}],"collection":[{"href":"https:\/\/teknosavo.fi\/es\/wp-json\/wp\/v2\/pages"}],"about":[{"href":"https:\/\/teknosavo.fi\/es\/wp-json\/wp\/v2\/types\/page"}],"author":[{"embeddable":true,"href":"https:\/\/teknosavo.fi\/es\/wp-json\/wp\/v2\/users\/12"}],"replies":[{"embeddable":true,"href":"https:\/\/teknosavo.fi\/es\/wp-json\/wp\/v2\/comments?post=106"}],"version-history":[{"count":1,"href":"https:\/\/teknosavo.fi\/es\/wp-json\/wp\/v2\/pages\/106\/revisions"}],"predecessor-version":[{"id":223,"href":"https:\/\/teknosavo.fi\/es\/wp-json\/wp\/v2\/pages\/106\/revisions\/223"}],"wp:featuredmedia":[{"embeddable":true,"href":"https:\/\/teknosavo.fi\/es\/wp-json\/wp\/v2\/media\/690"}],"wp:attachment":[{"href":"https:\/\/teknosavo.fi\/es\/wp-json\/wp\/v2\/media?parent=106"}],"curies":[{"name":"wp","href":"https:\/\/api.w.org\/{rel}","templated":true}]}}