{"id":105,"date":"2018-07-30T11:47:07","date_gmt":"2018-07-30T08:47:07","guid":{"rendered":"http:\/\/wwwtesti.teknosavo.fi\/servicios-de-optimizacion\/"},"modified":"2019-05-29T15:05:32","modified_gmt":"2019-05-29T12:05:32","slug":"servicios-de-optimizacion","status":"publish","type":"page","link":"https:\/\/teknosavo.fi\/es\/servicios-de-optimizacion\/","title":{"rendered":"Servicios de optimizaci\u00f3n"},"content":{"rendered":"\t\t<div data-elementor-type=\"wp-post\" data-elementor-id=\"105\" class=\"elementor elementor-105 elementor-74\" data-elementor-post-type=\"page\">\n\t\t\t\t\t\t<section class=\"elementor-section elementor-top-section elementor-element elementor-element-1972d2bb90d457f9dba1aaf87d23a6bd elementor-section-boxed elementor-section-height-default elementor-section-height-default\" data-id=\"1972d2bb90d457f9dba1aaf87d23a6bd\" data-element_type=\"section\">\n\t\t\t\t\t\t<div class=\"elementor-container elementor-column-gap-default\">\n\t\t\t\t\t<div class=\"elementor-column elementor-col- elementor-top-column elementor-element elementor-element-2f4abdeff5cd162c932752a2e2242c41 mod_articlehide_mobile\" data-id=\"2f4abdeff5cd162c932752a2e2242c41\" data-element_type=\"column\" id=\"kuvabanneri\">\n\t\t\t<div class=\"elementor-widget-wrap\">\n\t\t\t\t\t\t\t<\/div>\n\t\t<\/div>\n\t\t\t\t\t<\/div>\n\t\t<\/section>\n\t\t\t\t<section class=\"elementor-section elementor-top-section elementor-element elementor-element-64dbb4bac1169dfdc9a692281eef747c elementor-section-boxed elementor-section-height-default elementor-section-height-default\" data-id=\"64dbb4bac1169dfdc9a692281eef747c\" data-element_type=\"section\">\n\t\t\t\t\t\t<div class=\"elementor-container elementor-column-gap-default\">\n\t\t\t\t\t<div class=\"elementor-column elementor-col- elementor-top-column elementor-element elementor-element-b6ab54fb0ff41838248702c9484b387f mod_article\" data-id=\"b6ab54fb0ff41838248702c9484b387f\" data-element_type=\"column\">\n\t\t\t<div class=\"elementor-widget-wrap elementor-element-populated\">\n\t\t\t\t\t\t<div class=\"elementor-element elementor-element-0a7e5592344dfa320713e3d6af757ff0 ingressi block ce_text elementor-widget elementor-widget-text-editor\" data-id=\"0a7e5592344dfa320713e3d6af757ff0\" data-element_type=\"widget\" data-widget_type=\"text-editor.default\">\n\t\t\t\t<div class=\"elementor-widget-container\">\n\t\t\t\t\t\t\t\t\t<h1>MENOS P\u00c9RDIDAS DE MADERA,<br>MEJOR CALIDAD Y<br><strong>MAYOR RENDIMIENTO<\/strong><\/h1>\n<p>Sistema totalmente desarrollado y servicio integral en un solo paquete<\/p>\t\t\t\t\t\t\t\t<\/div>\n\t\t\t\t<\/div>\n\t\t\t\t<div class=\"elementor-element elementor-element-b1b2fda2b9012ca5656fe5203fa3ef0c  block ce_text elementor-widget elementor-widget-text-editor\" data-id=\"b1b2fda2b9012ca5656fe5203fa3ef0c\" data-element_type=\"widget\" data-widget_type=\"text-editor.default\">\n\t\t\t\t<div class=\"elementor-widget-container\">\n\t\t\t\t\t\t\t\t\t<p>Gracias a la soluci\u00f3n de automatizaci\u00f3n desarrollada por Teknosavo, nuestros clientes pueden aumentar el nivel de su actividad comercial. Nuestro servicio incluye la optimizaci\u00f3n integral del proceso de descortezado en las instalaciones del cliente, adem\u00e1s del an\u00e1lisis, los dispositivos necesarios, la elaboraci\u00f3n de informes y el mantenimiento continuo. Nuestra soluci\u00f3n ayuda a optimizar al m\u00e1ximo la producci\u00f3n, lo que supone una evidente ventaja competitiva y grandes ahorros en la transformaci\u00f3n del material para la industria de acabados de la madera.<\/p>\t\t\t\t\t\t\t\t<\/div>\n\t\t\t\t<\/div>\n\t\t\t\t<div class=\"elementor-element elementor-element-4a8826bae1c93ed3835f9cd29d586e56  block ce_html elementor-widget elementor-widget-html\" data-id=\"4a8826bae1c93ed3835f9cd29d586e56\" data-element_type=\"widget\" data-widget_type=\"html.default\">\n\t\t\t\t<div class=\"elementor-widget-container\">\n\t\t\t\t\t<div style=\"clear:both;\"><\/div>\t\t\t\t<\/div>\n\t\t\t\t<\/div>\n\t\t\t\t<div class=\"elementor-element elementor-element-cf6f40b1889b9b95b3247d60163b267e g1 green block ce_text elementor-widget elementor-widget-text-editor\" data-id=\"cf6f40b1889b9b95b3247d60163b267e\" data-element_type=\"widget\" data-widget_type=\"text-editor.default\">\n\t\t\t\t<div class=\"elementor-widget-container\">\n\t\t\t\t\t\t\t\t\t<h5 class=\"p1\">Ahorro y eficiencia gracias a datos m\u00e1s precisos<\/h5>\t\t\t\t\t\t\t\t<\/div>\n\t\t\t\t<\/div>\n\t\t\t\t<div class=\"elementor-element elementor-element-e6b93faeeb762827173d1f505fbf3678 g2together block ce_image elementor-widget elementor-widget-image\" data-id=\"e6b93faeeb762827173d1f505fbf3678\" data-element_type=\"widget\" data-widget_type=\"image.default\">\n\t\t\t\t<div class=\"elementor-widget-container\">\n\t\t\t\t\t\t\t\t\t\t\t\t\t\t\t<img decoding=\"async\" src=\"https:\/\/teknosavo.fi\/wp-content\/uploads\/2019\/04\/optimointipalvelu1.png\" title=\"https:\/\/teknosavo.fi\/wp-content\/uploads\/2019\/04\/optimointipalvelu1.png\" alt=\"optimizing service image\" loading=\"lazy\" \/>\t\t\t\t\t\t\t\t\t\t\t\t\t\t\t<\/div>\n\t\t\t\t<\/div>\n\t\t\t\t<div class=\"elementor-element elementor-element-21411fc5c1582a279e8b2f86fa454c6e g2together block ce_image elementor-widget elementor-widget-image\" data-id=\"21411fc5c1582a279e8b2f86fa454c6e\" data-element_type=\"widget\" data-widget_type=\"image.default\">\n\t\t\t\t<div class=\"elementor-widget-container\">\n\t\t\t\t\t\t\t\t\t\t\t\t\t\t\t<img fetchpriority=\"high\" decoding=\"async\" width=\"465\" height=\"300\" src=\"https:\/\/teknosavo.fi\/wp-content\/uploads\/2019\/04\/esp-energysave.jpg\" class=\"attachment-full size-full wp-image-1100\" alt=\"Ahorros energeticos de hasta el 30%\" srcset=\"https:\/\/teknosavo.fi\/wp-content\/uploads\/2019\/04\/esp-energysave.jpg 465w, https:\/\/teknosavo.fi\/wp-content\/uploads\/2019\/04\/esp-energysave-300x194.jpg 300w\" sizes=\"(max-width: 465px) 100vw, 465px\" \/>\t\t\t\t\t\t\t\t\t\t\t\t\t\t\t<\/div>\n\t\t\t\t<\/div>\n\t\t\t\t<div class=\"elementor-element elementor-element-f29732c929923b3a1f3fdec9d008d9b3  block ce_html elementor-widget elementor-widget-html\" data-id=\"f29732c929923b3a1f3fdec9d008d9b3\" data-element_type=\"widget\" data-widget_type=\"html.default\">\n\t\t\t\t<div class=\"elementor-widget-container\">\n\t\t\t\t\t<div style=\"clear:both;\"><\/div>\t\t\t\t<\/div>\n\t\t\t\t<\/div>\n\t\t\t\t<div class=\"elementor-element elementor-element-5a058ce52184bf6aa87a3107615a6c9a g2 block ce_text elementor-widget elementor-widget-text-editor\" data-id=\"5a058ce52184bf6aa87a3107615a6c9a\" data-element_type=\"widget\" data-widget_type=\"text-editor.default\">\n\t\t\t\t<div class=\"elementor-widget-container\">\n\t\t\t\t\t\t\t\t\t<p><img decoding=\"async\" src=\"https:\/\/teknosavo.fi\/wp-content\/uploads\/2019\/04\/valittu-ruutu green.jpg\" alt=\"\" width=\"12\" height=\"12\"> <strong>Aumento de la capacidad<br><\/strong>El sistema de automatizaci\u00f3n acelera el proceso de descortezado en varias fases de trabajo, y con el aumento de la eficiencia tambi\u00e9n aumenta la capacidad.<\/p>\n<p class=\"p1\"><strong><img decoding=\"async\" src=\"https:\/\/teknosavo.fi\/wp-content\/uploads\/2019\/04\/valittu-ruutu green.jpg\" alt=\"\" width=\"12\" height=\"12\">&nbsp;Menos p\u00e9rdidas de madera<br><\/strong>De media, un descortezado preciso y optimizado reduce las p\u00e9rdidas de madera entre un 1-4 %.<\/p>\n<p class=\"p1\"><strong><img decoding=\"async\" src=\"https:\/\/teknosavo.fi\/wp-content\/uploads\/2019\/04\/valittu-ruutu green.jpg\" alt=\"\" width=\"12\" height=\"12\">&nbsp;Producci\u00f3n homog\u00e9nea<br><\/strong>La tecnolog\u00eda de control del descortezado permite una producci\u00f3n homog\u00e9nea y evita atascos en otros segmentos de producci\u00f3n. Adem\u00e1s, con esta homogeneidad se puede evitar que se den situaciones de excepci\u00f3n.<\/p>\n<p class=\"p1\"><strong><img decoding=\"async\" src=\"https:\/\/teknosavo.fi\/wp-content\/uploads\/2019\/04\/valittu-ruutu green.jpg\" alt=\"\" width=\"12\" height=\"12\">&nbsp;Informes de producci\u00f3n en tiempo real<br><\/strong>Los datos recopilados por los dispositivos de medici\u00f3n se guardan directamente en el sistema WoodSmart\u2122. Los informes de producci\u00f3n permiten controlar y optimizar el procesamiento de la madera. Adem\u00e1s, WoodSmart\u2122 se puede integrar en el sistema de f\u00e1brica.<\/p>\n<p class=\"p1\"><strong><img decoding=\"async\" src=\"https:\/\/teknosavo.fi\/wp-content\/uploads\/2019\/04\/valittu-ruutu green.jpg\" alt=\"\" width=\"12\" height=\"12\">&nbsp;Astillas de madera m\u00e1s puras \u2013 Mayor calidad<br><\/strong>Una producci\u00f3n optimizada permite obtener un producto final puro y de calidad. La alta calidad de las astillas de madera tambi\u00e9n permite ahorrar en el proceso de producci\u00f3n, ya que, entre otros, se puede reducir el uso de productos qu\u00edmicos.<\/p>\t\t\t\t\t\t\t\t<\/div>\n\t\t\t\t<\/div>\n\t\t\t\t<div class=\"elementor-element elementor-element-d3c78dbf37468de52587e0188c4ee049 g2 block ce_text elementor-widget elementor-widget-text-editor\" data-id=\"d3c78dbf37468de52587e0188c4ee049\" data-element_type=\"widget\" data-widget_type=\"text-editor.default\">\n\t\t\t\t<div class=\"elementor-widget-container\">\n\t\t\t\t\t\t\t\t\t<p class=\"p1\"><strong><img decoding=\"async\" src=\"https:\/\/teknosavo.fi\/wp-content\/uploads\/2019\/04\/valittu-ruutu green.jpg\" alt=\"\" width=\"12\" height=\"12\">&nbsp;Se reduce la posibilidad de errores por manipulaciones incorrectas de los humanos<br><\/strong>El control autom\u00e1tico permite que el proceso sea homog\u00e9neo e ininterrumpido. Adem\u00e1s, se eliminan las anomal\u00edas de producci\u00f3n causadas entre cambios de turnos, por manipulaciones incorrectas u otros errores causados por el hombre.<\/p>\n<p class=\"p1\"><strong><img decoding=\"async\" src=\"https:\/\/teknosavo.fi\/wp-content\/uploads\/2019\/04\/valittu-ruutu green.jpg\" alt=\"\" width=\"12\" height=\"12\">&nbsp;Supervisi\u00f3n sin esfuerzo<br><\/strong>Con la ayuda de las soluciones de Teknosavo, el personal de servicio se puede concentrar en la supervisi\u00f3n de la producci\u00f3n en vez de tener que estar realizando controles manuales.<\/p>\n<p class=\"p1\"><strong><img decoding=\"async\" src=\"https:\/\/teknosavo.fi\/wp-content\/uploads\/2019\/04\/valittu-ruutu green.jpg\" alt=\"\" width=\"12\" height=\"12\"> SAdaptable en funci\u00f3n de las necesidades<br><\/strong>El servicio de optimizaci\u00f3n tiene en cuenta las modificaciones en la producci\u00f3n. Por ello, adaptamos los an\u00e1lisis a las necesidades de cambio en la producci\u00f3n como, p. ej., tras cambiarse el tipo de madera.<\/p>\n<p class=\"p3\"><strong><img decoding=\"async\" src=\"https:\/\/teknosavo.fi\/wp-content\/uploads\/2019\/04\/valittu-ruutu green.jpg\" alt=\"\" width=\"12\" height=\"12\">&nbsp;La tecnolog\u00eda m\u00e1s moderna en todo momento<br><\/strong>Las m\u00e1s modernas soluciones tecnolog\u00edas garantizan el funcionamiento eficiente del software y de los dispositivos. Por lo tanto, ya no tendr\u00e1 que preocuparse m\u00e1s por los equipos que funcionan al 50 % de su capacidad, por que la tecnolog\u00eda se quede obsoleta o por piezas de repuesto que ya no est\u00e9n en el mercado.<\/p>\n<p class=\"p3\"><strong><img decoding=\"async\" src=\"https:\/\/teknosavo.fi\/wp-content\/uploads\/2019\/04\/valittu-ruutu green.jpg\" alt=\"\" width=\"12\" height=\"12\">&nbsp;Soporte tecnol\u00f3gico continuo y servicio de piezas de repuesto<br><\/strong>El soporte tecnol\u00f3gico garantiza el funcionamiento correcto del proceso y previene de antemano las paradas en la producci\u00f3n. El servicio de piezas de repuesto garantiza una r\u00e1pida entrega de las mismas y su montaje en el equipo.<\/p>\t\t\t\t\t\t\t\t<\/div>\n\t\t\t\t<\/div>\n\t\t\t\t<div class=\"elementor-element elementor-element-7cccb342883ce792aaf342437d937b4a g1 blue block ce_text elementor-widget elementor-widget-text-editor\" data-id=\"7cccb342883ce792aaf342437d937b4a\" data-element_type=\"widget\" data-widget_type=\"text-editor.default\">\n\t\t\t\t<div class=\"elementor-widget-container\">\n\t\t\t\t\t\t\t\t\t<h5>CONTRATO DE SERVICIO<\/h5>\t\t\t\t\t\t\t\t<\/div>\n\t\t\t\t<\/div>\n\t\t\t\t<div class=\"elementor-element elementor-element-d8836c8c881e24696a74275964ae199e g1 blue block ce_text elementor-widget elementor-widget-text-editor\" data-id=\"d8836c8c881e24696a74275964ae199e\" data-element_type=\"widget\" data-widget_type=\"text-editor.default\">\n\t\t\t\t<div class=\"elementor-widget-container\">\n\t\t\t\t\t\t\t\t\t<img decoding=\"async\" width=\"368\" height=\"327\" src=\"https:\/\/teknosavo.fi\/wp-content\/uploads\/2019\/04\/Ka\u0308ytto\u0308liittyma\u0308leiska.jpg\" class=\"float_left\" alt=\"\" width=\"f\" height=\"u\" srcset=\"https:\/\/teknosavo.fi\/wp-content\/uploads\/2019\/04\/Ka\u0308ytto\u0308liittyma\u0308leiska.jpg 368w, https:\/\/teknosavo.fi\/wp-content\/uploads\/2019\/04\/Ka\u0308ytto\u0308liittyma\u0308leiska-300x267.jpg 300w\" sizes=\"(max-width: 368px) 100vw, 368px\" \/>\n\n<p><strong>Puede empezar a disfrutar inmediatamente de las ventajas de la soluci\u00f3n de optimizaci\u00f3n WoodSmart<sup>TM <\/sup>con un contrato de facturaci\u00f3n mensual.<\/strong><\/p>\n<p>El contrato de servicio de Teknosavo incluye la tecnolog\u00eda adaptada al volumen de producci\u00f3n del equipo del cliente, la supervisi\u00f3n del montaje, el mantenimiento y las actualizaciones. El sistema de optimizaci\u00f3n de facturaci\u00f3n mensual con un precio fijo ofrece al cliente la posibilidad de intensificar de manera sencilla su actividad comercial y aumentar considerablemente sus ahorros.<\/p>\n<p>El contrato contempla soluciones tecnol\u00f3gicas, tareas de mantenimiento y las piezas de repuesto necesarias, adem\u00e1s del soporte de asistencia al cliente que opera a escala mundial. La celebraci\u00f3n del contrato tendr\u00e1 una vigencia para cinco a\u00f1os, y Teknosavo garantiza la eficiencia durante todo el per\u00edodo de vigencia del mismo.<\/p>\t\t\t\t\t\t\t\t<\/div>\n\t\t\t\t<\/div>\n\t\t\t\t\t<\/div>\n\t\t<\/div>\n\t\t\t\t\t<\/div>\n\t\t<\/section>\n\t\t\t\t<\/div>\n\t\t","protected":false},"excerpt":{"rendered":"","protected":false},"author":12,"featured_media":317,"parent":0,"menu_order":0,"comment_status":"closed","ping_status":"closed","template":"","meta":{"footnotes":""},"class_list":["post-105","page","type-page","status-publish","has-post-thumbnail","hentry"],"aioseo_notices":[],"_links":{"self":[{"href":"https:\/\/teknosavo.fi\/es\/wp-json\/wp\/v2\/pages\/105","targetHints":{"allow":["GET"]}}],"collection":[{"href":"https:\/\/teknosavo.fi\/es\/wp-json\/wp\/v2\/pages"}],"about":[{"href":"https:\/\/teknosavo.fi\/es\/wp-json\/wp\/v2\/types\/page"}],"author":[{"embeddable":true,"href":"https:\/\/teknosavo.fi\/es\/wp-json\/wp\/v2\/users\/12"}],"replies":[{"embeddable":true,"href":"https:\/\/teknosavo.fi\/es\/wp-json\/wp\/v2\/comments?post=105"}],"version-history":[{"count":1,"href":"https:\/\/teknosavo.fi\/es\/wp-json\/wp\/v2\/pages\/105\/revisions"}],"predecessor-version":[{"id":222,"href":"https:\/\/teknosavo.fi\/es\/wp-json\/wp\/v2\/pages\/105\/revisions\/222"}],"wp:featuredmedia":[{"embeddable":true,"href":"https:\/\/teknosavo.fi\/es\/wp-json\/wp\/v2\/media\/317"}],"wp:attachment":[{"href":"https:\/\/teknosavo.fi\/es\/wp-json\/wp\/v2\/media?parent=105"}],"curies":[{"name":"wp","href":"https:\/\/api.w.org\/{rel}","templated":true}]}}