{"id":104,"date":"2015-10-23T07:01:54","date_gmt":"2015-10-23T04:01:54","guid":{"rendered":"http:\/\/wwwtesti.teknosavo.fi\/presentacion-de-informes-y-recopilacion-de-datos\/"},"modified":"2019-05-29T15:05:32","modified_gmt":"2019-05-29T12:05:32","slug":"presentacion-de-informes-y-recopilacion-de-datos","status":"publish","type":"page","link":"https:\/\/teknosavo.fi\/es\/presentacion-de-informes-y-recopilacion-de-datos\/","title":{"rendered":"Presentaci\u00f3n de informes y recopilaci\u00f3n de datos"},"content":{"rendered":"\t\t<div data-elementor-type=\"wp-post\" data-elementor-id=\"104\" class=\"elementor elementor-104 elementor-55\" data-elementor-post-type=\"page\">\n\t\t\t\t\t\t<section class=\"elementor-section elementor-top-section elementor-element elementor-element-05bf3d692e6c8da3c3c94a066490e156 elementor-section-boxed elementor-section-height-default elementor-section-height-default\" data-id=\"05bf3d692e6c8da3c3c94a066490e156\" data-element_type=\"section\">\n\t\t\t\t\t\t<div class=\"elementor-container elementor-column-gap-default\">\n\t\t\t\t\t<div class=\"elementor-column elementor-col- elementor-top-column elementor-element elementor-element-4b4b50f42dfa8cfa9b588363d0550cb8 mod_articlehide_mobile\" data-id=\"4b4b50f42dfa8cfa9b588363d0550cb8\" data-element_type=\"column\" id=\"kuvabanneri\">\n\t\t\t<div class=\"elementor-widget-wrap\">\n\t\t\t\t\t\t\t<\/div>\n\t\t<\/div>\n\t\t\t\t\t<\/div>\n\t\t<\/section>\n\t\t\t\t<section class=\"elementor-section elementor-top-section elementor-element elementor-element-10095605cd2a05d5ca10c928e4249dcd elementor-section-boxed elementor-section-height-default elementor-section-height-default\" data-id=\"10095605cd2a05d5ca10c928e4249dcd\" data-element_type=\"section\">\n\t\t\t\t\t\t<div class=\"elementor-container elementor-column-gap-default\">\n\t\t\t\t\t<div class=\"elementor-column elementor-col- elementor-top-column elementor-element elementor-element-328b3432fe2a6b4280ca26f1b49684c3 mod_articleinfoBg\" data-id=\"328b3432fe2a6b4280ca26f1b49684c3\" data-element_type=\"column\">\n\t\t\t<div class=\"elementor-widget-wrap elementor-element-populated\">\n\t\t\t\t\t\t<div class=\"elementor-element elementor-element-024d7da513b43b8426c11e2f27639449 g2 ingressi block ce_text elementor-widget elementor-widget-text-editor\" data-id=\"024d7da513b43b8426c11e2f27639449\" data-element_type=\"widget\" data-widget_type=\"text-editor.default\">\n\t\t\t\t<div class=\"elementor-widget-container\">\n\t\t\t\t\t\t\t\t\t<h1>PRESENTACI\u00d3N DE INFORMES Y <br>RECOPILACI\u00d3N <br>DE DATOS ININTERRUM-<br>PIDAMENTE<\/h1>\n<p class=\"p1\">La mejora continua en el rendimiento exige aplicaciones altamente desarrolladas para la presentaci\u00f3n de informes.<\/p>\t\t\t\t\t\t\t\t<\/div>\n\t\t\t\t<\/div>\n\t\t\t\t<div class=\"elementor-element elementor-element-8b9aa23160aa7e8c5a2d6b13775f1712 g2 block ce_text elementor-widget elementor-widget-text-editor\" data-id=\"8b9aa23160aa7e8c5a2d6b13775f1712\" data-element_type=\"widget\" data-widget_type=\"text-editor.default\">\n\t\t\t\t<div class=\"elementor-widget-container\">\n\t\t\t\t\t\t\t\t\t<p><img fetchpriority=\"high\" decoding=\"async\" src=\"https:\/\/teknosavo.fi\/wp-content\/uploads\/2019\/04\/smart_products_teknosavo_2_ESP.png\" alt=\"\" width=\"554\" height=\"327\"><\/p>\t\t\t\t\t\t\t\t<\/div>\n\t\t\t\t<\/div>\n\t\t\t\t<div class=\"elementor-element elementor-element-c011c382eaa0789579efd4930e20313b g1 block ce_text elementor-widget elementor-widget-text-editor\" data-id=\"c011c382eaa0789579efd4930e20313b\" data-element_type=\"widget\" data-widget_type=\"text-editor.default\">\n\t\t\t\t<div class=\"elementor-widget-container\">\n\t\t\t\t\t\t\t\t\t<h5 class=\"p1\">REPORTSMART\u2122<\/h5>\n<p>ReportSmart<sup>TM<\/sup>&nbsp;es una aplicaci\u00f3n basada en Windows que se utiliza en las f\u00e1bricas de pulpa y papel para la generaci\u00f3n de informes en el sistema de optimizaci\u00f3n de almacenes de madera WoodSmart<sup>TM<\/sup>. Esta aplicaci\u00f3n recopila los datos y calcula los par\u00e1metros medidos deseados. Los valores medidos se pueden seguir en tiempo real a trav\u00e9s de las pantallas de gr\u00e1ficos. Tambi\u00e9n es posible acceder a la informaci\u00f3n almacenada en la base de datos. En caso necesario, la informaci\u00f3n se puede exportar a programas de hojas de c\u00e1lculo como Microsoft Excel.<\/p>\n<p>Otras propiedades de la aplicaci\u00f3n ReportSmart<sup>TM<\/sup>&nbsp;son, por ejemplo, la gesti\u00f3n de los datos de alteraciones y la introducci\u00f3n manual de datos, incluyendo la postcorrecci\u00f3n, as\u00ed como la generaci\u00f3n de informes personalizados basados en Microsoft Excel y Web. De hecho, ReportSmart<sup>TM<\/sup>&nbsp;forma parte del sistema de gesti\u00f3n de la informaci\u00f3n (MIS) para los operadores. Este software es independiente de los fabricantes de hardware debido a su interfaz OPC.<\/p>\t\t\t\t\t\t\t\t<\/div>\n\t\t\t\t<\/div>\n\t\t\t\t\t<\/div>\n\t\t<\/div>\n\t\t\t\t\t<\/div>\n\t\t<\/section>\n\t\t\t\t<\/div>\n\t\t","protected":false},"excerpt":{"rendered":"","protected":false},"author":12,"featured_media":317,"parent":0,"menu_order":0,"comment_status":"closed","ping_status":"closed","template":"","meta":{"footnotes":""},"class_list":["post-104","page","type-page","status-publish","has-post-thumbnail","hentry"],"aioseo_notices":[],"_links":{"self":[{"href":"https:\/\/teknosavo.fi\/es\/wp-json\/wp\/v2\/pages\/104","targetHints":{"allow":["GET"]}}],"collection":[{"href":"https:\/\/teknosavo.fi\/es\/wp-json\/wp\/v2\/pages"}],"about":[{"href":"https:\/\/teknosavo.fi\/es\/wp-json\/wp\/v2\/types\/page"}],"author":[{"embeddable":true,"href":"https:\/\/teknosavo.fi\/es\/wp-json\/wp\/v2\/users\/12"}],"replies":[{"embeddable":true,"href":"https:\/\/teknosavo.fi\/es\/wp-json\/wp\/v2\/comments?post=104"}],"version-history":[{"count":1,"href":"https:\/\/teknosavo.fi\/es\/wp-json\/wp\/v2\/pages\/104\/revisions"}],"predecessor-version":[{"id":221,"href":"https:\/\/teknosavo.fi\/es\/wp-json\/wp\/v2\/pages\/104\/revisions\/221"}],"wp:featuredmedia":[{"embeddable":true,"href":"https:\/\/teknosavo.fi\/es\/wp-json\/wp\/v2\/media\/317"}],"wp:attachment":[{"href":"https:\/\/teknosavo.fi\/es\/wp-json\/wp\/v2\/media?parent=104"}],"curies":[{"name":"wp","href":"https:\/\/api.w.org\/{rel}","templated":true}]}}