{"id":103,"date":"2018-07-31T06:54:09","date_gmt":"2018-07-31T03:54:09","guid":{"rendered":"http:\/\/wwwtesti.teknosavo.fi\/optimizacion-del-proceso-de-descortezado\/"},"modified":"2019-05-29T15:05:31","modified_gmt":"2019-05-29T12:05:31","slug":"optimizacion-del-proceso-de-descortezado","status":"publish","type":"page","link":"https:\/\/teknosavo.fi\/es\/optimizacion-del-proceso-de-descortezado\/","title":{"rendered":"Optimizaci\u00f3n del proceso de descortezado"},"content":{"rendered":"\t\t<div data-elementor-type=\"wp-post\" data-elementor-id=\"103\" class=\"elementor elementor-103 elementor-70\" data-elementor-post-type=\"page\">\n\t\t\t\t\t\t<section class=\"elementor-section elementor-top-section elementor-element elementor-element-543ee7e593583a17b64ec432921966fb elementor-section-boxed elementor-section-height-default elementor-section-height-default\" data-id=\"543ee7e593583a17b64ec432921966fb\" data-element_type=\"section\">\n\t\t\t\t\t\t<div class=\"elementor-container elementor-column-gap-default\">\n\t\t\t\t\t<div class=\"elementor-column elementor-col- elementor-top-column elementor-element elementor-element-aac33b9123accb331beb678fee798e23 mod_articlehide_mobile\" data-id=\"aac33b9123accb331beb678fee798e23\" data-element_type=\"column\" id=\"kuvabanneri\">\n\t\t\t<div class=\"elementor-widget-wrap\">\n\t\t\t\t\t\t\t<\/div>\n\t\t<\/div>\n\t\t\t\t\t<\/div>\n\t\t<\/section>\n\t\t\t\t<section class=\"elementor-section elementor-top-section elementor-element elementor-element-23640e3b3f2b5961d7937e7f821e9962 elementor-section-boxed elementor-section-height-default elementor-section-height-default\" data-id=\"23640e3b3f2b5961d7937e7f821e9962\" data-element_type=\"section\">\n\t\t\t\t\t\t<div class=\"elementor-container elementor-column-gap-default\">\n\t\t\t\t\t<div class=\"elementor-column elementor-col- elementor-top-column elementor-element elementor-element-25f40d689f1aecaa5e7bbb776e0d0f16 mod_articleinfoBg\" data-id=\"25f40d689f1aecaa5e7bbb776e0d0f16\" data-element_type=\"column\">\n\t\t\t<div class=\"elementor-widget-wrap elementor-element-populated\">\n\t\t\t\t\t\t<div class=\"elementor-element elementor-element-66aeb9d09579663d82512a6a3a1134aa g2 ingressi block ce_text elementor-widget elementor-widget-text-editor\" data-id=\"66aeb9d09579663d82512a6a3a1134aa\" data-element_type=\"widget\" data-widget_type=\"text-editor.default\">\n\t\t\t\t<div class=\"elementor-widget-container\">\n\t\t\t\t\t\t\t\t\t<h1>OPTIMIZACI\u00d3N DEL DESCORTEZADO<\/h1>\n<p class=\"p1\">WoodSmart<sup>TM<\/sup>&nbsp;se ha desarrollado para controlar todo el proceso de descortezado con el objetivo de estabilizar la producci\u00f3n y optimizar el grado de limpieza y el rendimiento.<\/p>\t\t\t\t\t\t\t\t<\/div>\n\t\t\t\t<\/div>\n\t\t\t\t<div class=\"elementor-element elementor-element-f7ca82215062c9447fca84bc57b8eb48 g2 block ce_text elementor-widget elementor-widget-text-editor\" data-id=\"f7ca82215062c9447fca84bc57b8eb48\" data-element_type=\"widget\" data-widget_type=\"text-editor.default\">\n\t\t\t\t<div class=\"elementor-widget-container\">\n\t\t\t\t\t\t\t\t\t<p><img fetchpriority=\"high\" decoding=\"async\" src=\"https:\/\/teknosavo.fi\/wp-content\/uploads\/2019\/04\/smart_products_teknosavo_2_ESP.png\" alt=\"\" width=\"554\" height=\"327\"><\/p>\t\t\t\t\t\t\t\t<\/div>\n\t\t\t\t<\/div>\n\t\t\t\t<div class=\"elementor-element elementor-element-c2f80821b7eb27216766b3cd56af400a  block ce_html elementor-widget elementor-widget-html\" data-id=\"c2f80821b7eb27216766b3cd56af400a\" data-element_type=\"widget\" data-widget_type=\"html.default\">\n\t\t\t\t<div class=\"elementor-widget-container\">\n\t\t\t\t\t<div style=\"clear:both;\"><\/div>\t\t\t\t<\/div>\n\t\t\t\t<\/div>\n\t\t\t\t<div class=\"elementor-element elementor-element-1e74c308bc0b3435ba0d5036b8925785 g2 block ce_text elementor-widget elementor-widget-text-editor\" data-id=\"1e74c308bc0b3435ba0d5036b8925785\" data-element_type=\"widget\" data-widget_type=\"text-editor.default\">\n\t\t\t\t<div class=\"elementor-widget-container\">\n\t\t\t\t\t\t\t\t\t<p><img decoding=\"async\" style=\"display: block; margin-left: auto; margin-right: auto;\" src=\"https:\/\/teknosavo.fi\/wp-content\/uploads\/2019\/04\/woodsmart_naytto.png\" alt=\"\" width=\"390\" height=\"355\"><\/p>\t\t\t\t\t\t\t\t<\/div>\n\t\t\t\t<\/div>\n\t\t\t\t<div class=\"elementor-element elementor-element-89656e544886a9d154d7890d493f620f g2 blue block ce_text elementor-widget elementor-widget-text-editor\" data-id=\"89656e544886a9d154d7890d493f620f\" data-element_type=\"widget\" data-widget_type=\"text-editor.default\">\n\t\t\t\t<div class=\"elementor-widget-container\">\n\t\t\t\t\t\t\t\t\t<h5 class=\"p1\">WOODSMART\u2122<\/h5>\n<p>La medici\u00f3n en l\u00ednea de varios par\u00e1metros del proceso permite optimizar completamente el proceso de descortezado, desde el nivel de llenado del tambor y el contenido de corteza de los troncos hasta la medici\u00f3n de la calidad de las virutas. El sistema calcula las mejores variables de control para el descortezado y mantiene el caudal de madera tan estable como sea posible.<\/p>\n<p>La medici\u00f3n en l\u00ednea de los diferentes par\u00e1metros del proceso ofrece grandes ventajas y permite optimizar completamente el proceso de descortezado. WoodSmartTM puede instalarse en cualquier<\/p>\t\t\t\t\t\t\t\t<\/div>\n\t\t\t\t<\/div>\n\t\t\t\t\t<\/div>\n\t\t<\/div>\n\t\t\t\t\t<\/div>\n\t\t<\/section>\n\t\t\t\t<\/div>\n\t\t","protected":false},"excerpt":{"rendered":"","protected":false},"author":12,"featured_media":317,"parent":0,"menu_order":0,"comment_status":"closed","ping_status":"closed","template":"","meta":{"footnotes":""},"class_list":["post-103","page","type-page","status-publish","has-post-thumbnail","hentry"],"aioseo_notices":[],"_links":{"self":[{"href":"https:\/\/teknosavo.fi\/es\/wp-json\/wp\/v2\/pages\/103","targetHints":{"allow":["GET"]}}],"collection":[{"href":"https:\/\/teknosavo.fi\/es\/wp-json\/wp\/v2\/pages"}],"about":[{"href":"https:\/\/teknosavo.fi\/es\/wp-json\/wp\/v2\/types\/page"}],"author":[{"embeddable":true,"href":"https:\/\/teknosavo.fi\/es\/wp-json\/wp\/v2\/users\/12"}],"replies":[{"embeddable":true,"href":"https:\/\/teknosavo.fi\/es\/wp-json\/wp\/v2\/comments?post=103"}],"version-history":[{"count":1,"href":"https:\/\/teknosavo.fi\/es\/wp-json\/wp\/v2\/pages\/103\/revisions"}],"predecessor-version":[{"id":220,"href":"https:\/\/teknosavo.fi\/es\/wp-json\/wp\/v2\/pages\/103\/revisions\/220"}],"wp:featuredmedia":[{"embeddable":true,"href":"https:\/\/teknosavo.fi\/es\/wp-json\/wp\/v2\/media\/317"}],"wp:attachment":[{"href":"https:\/\/teknosavo.fi\/es\/wp-json\/wp\/v2\/media?parent=103"}],"curies":[{"name":"wp","href":"https:\/\/api.w.org\/{rel}","templated":true}]}}