{"id":102,"date":"2018-07-31T06:54:16","date_gmt":"2018-07-31T03:54:16","guid":{"rendered":"http:\/\/wwwtesti.teknosavo.fi\/control-de-calidad-de-las-virutas\/"},"modified":"2019-06-18T09:12:52","modified_gmt":"2019-06-18T06:12:52","slug":"control-de-calidad-de-las-virutas","status":"publish","type":"page","link":"https:\/\/teknosavo.fi\/es\/control-de-calidad-de-las-virutas\/","title":{"rendered":"Control de calidad de las virutas"},"content":{"rendered":"\t\t<div data-elementor-type=\"wp-post\" data-elementor-id=\"102\" class=\"elementor elementor-102\" data-elementor-post-type=\"page\">\n\t\t\t\t\t\t<section class=\"elementor-section elementor-top-section elementor-element elementor-element-fb1c635d9514e401901f17d65c9168b8 elementor-section-boxed elementor-section-height-default elementor-section-height-default\" data-id=\"fb1c635d9514e401901f17d65c9168b8\" data-element_type=\"section\">\n\t\t\t\t\t\t<div class=\"elementor-container elementor-column-gap-default\">\n\t\t\t\t\t<div class=\"elementor-column elementor-col-100 elementor-top-column elementor-element elementor-element-cbcf7287cfca3e91f50d50456e7dd145 mod_articlehide_mobile\" data-id=\"cbcf7287cfca3e91f50d50456e7dd145\" data-element_type=\"column\" id=\"kuvabanneri\">\n\t\t\t<div class=\"elementor-widget-wrap\">\n\t\t\t\t\t\t\t<\/div>\n\t\t<\/div>\n\t\t\t\t\t<\/div>\n\t\t<\/section>\n\t\t\t\t<section class=\"elementor-section elementor-top-section elementor-element elementor-element-5e75057ed9b99e0dc448c3514c576e58 elementor-section-boxed elementor-section-height-default elementor-section-height-default\" data-id=\"5e75057ed9b99e0dc448c3514c576e58\" data-element_type=\"section\">\n\t\t\t\t\t\t<div class=\"elementor-container elementor-column-gap-default\">\n\t\t\t\t\t<div class=\"elementor-column elementor-col-100 elementor-top-column elementor-element elementor-element-ccc1380c09f54a8a45b426e8b05057ac mod_articleinfoBg\" data-id=\"ccc1380c09f54a8a45b426e8b05057ac\" data-element_type=\"column\">\n\t\t\t<div class=\"elementor-widget-wrap elementor-element-populated\">\n\t\t\t\t\t\t<div class=\"elementor-element elementor-element-deef6635a00fd7114abb965281c4f727 g2 ingressi block ce_text elementor-widget elementor-widget-text-editor\" data-id=\"deef6635a00fd7114abb965281c4f727\" data-element_type=\"widget\" data-widget_type=\"text-editor.default\">\n\t\t\t\t<div class=\"elementor-widget-container\">\n\t\t\t\t\t\t\t\t\t<h1>CONTROL DE CALIDAD DE LAS VIRUTAS<\/h1>\n<p class=\"p1\">Teknosavo tiene una amplia experiencia en el suministro de sistemas de control de calidad de las virutas.<\/p>\t\t\t\t\t\t\t\t<\/div>\n\t\t\t\t<\/div>\n\t\t\t\t<div class=\"elementor-element elementor-element-c1a5f73c7505ba21611a7c98b77dbf81 g2 block ce_text elementor-widget elementor-widget-text-editor\" data-id=\"c1a5f73c7505ba21611a7c98b77dbf81\" data-element_type=\"widget\" data-widget_type=\"text-editor.default\">\n\t\t\t\t<div class=\"elementor-widget-container\">\n\t\t\t\t\t\t\t\t\t<p><img fetchpriority=\"high\" decoding=\"async\" src=\"https:\/\/teknosavo.fi\/wp-content\/uploads\/2019\/04\/smart_products_teknosavo_2_ESP.png\" alt=\"\" width=\"554\" height=\"327\"><\/p>\t\t\t\t\t\t\t\t<\/div>\n\t\t\t\t<\/div>\n\t\t\t\t<div class=\"elementor-element elementor-element-168ce5db05869efdace6dd6871e15d14 g2 orange block ce_text elementor-widget elementor-widget-text-editor\" data-id=\"168ce5db05869efdace6dd6871e15d14\" data-element_type=\"widget\" data-widget_type=\"text-editor.default\">\n\t\t\t\t<div class=\"elementor-widget-container\">\n\t\t\t\t\t\t\t\t\t<h5 class=\"p1\">Chipsmart\u2122 2D<\/h5>\n<p>ChipSmart<sup>TM<\/sup> 2D&nbsp;se desarroll\u00f3 para medir la calidad de las virutas en tiempo real. El sistema consta de una c\u00e1mara y una unidad de iluminaci\u00f3n, instaladas en el transportador de virutas, adem\u00e1s de un ordenador que incluye el software de an\u00e1lisis. La c\u00e1mara toma una imagen del caudal de virutas y env\u00eda los datos al ordenador para realizar un an\u00e1lisis del color. El resultado muestra datos de calidad de las virutas tales como el brillo de la superficie, la cantidad de corteza y otras impurezas, los cambios de humedad en la superficie de las virutas, las modificaciones en la clasificaci\u00f3n por tama\u00f1os de las virutas y el caudal volum\u00e9trico de material en el transportador de virutas. Los datos de medici\u00f3n se pueden utilizar para controlar el descortezado y supervisar el estado de las cuchillas de la cortadora o las astillas de madera compradas a fin de evitar interrupciones innecesarias posteriormente en el proceso.<\/p>\n<p>Los datos pueden enviarse al sistema de optimizaci\u00f3n de procesos WoodSmart<sup>TM<\/sup>, al sistema de control principal del almac\u00e9n de madera o se pueden mostrar en la sala de control en una pantalla.<\/p>\t\t\t\t\t\t\t\t<\/div>\n\t\t\t\t<\/div>\n\t\t\t\t<div class=\"elementor-element elementor-element-6e43e20a9a36808a41bc9eae63337fa0 g2 orange block ce_text elementor-widget elementor-widget-text-editor\" data-id=\"6e43e20a9a36808a41bc9eae63337fa0\" data-element_type=\"widget\" data-widget_type=\"text-editor.default\">\n\t\t\t\t<div class=\"elementor-widget-container\">\n\t\t\t\t\t\t\t\t\t<h5 class=\"p1\">Chipsmart\u2122 3D<\/h5>\n<p class=\"p1\">ChipSmart<sup>TM<\/sup> 3D&nbsp;mide la calidad y las dimensiones de las virutas en tiempo real. El dispositivo de medici\u00f3n se puede instalar cerca de la bolsa de virutas situada despu\u00e9s de la astilladora, en el almac\u00e9n de madera de la f\u00e1brica de papel\/pulpa, en el sistema de cribado de virutas, en las instalaciones de recepci\u00f3n de virutas compradas, cerca del transportador de descarga de la tolva de virutas, en la planta de refinado de virutas o cerca del transportador de carga del digestor de pulpa. El dispositivo tambi\u00e9n puede utilizarse para analizar muestras manuales o la calidad de los productos derivados de las virutas vendidos en el aserradero.<\/p>\n<p class=\"p1\">El muestreador autom\u00e1tico permite la extracci\u00f3n de muestras representativas del caudal principal de virutas. Se puede configurar individualmente el tipo de muestreador y el tratamiento de las virutas de muestra despu\u00e9s de la medici\u00f3n para cada usuario final de la industria. El sistema ChipSmart<sup>TM<\/sup>&nbsp;3D se compone de una unidad de clasificaci\u00f3n de virutas colocada por encima del transportador de virutas independiente del dispositivo de medici\u00f3n, una unidad \u00f3ptica y de c\u00e1mara, una pantalla de visualizaci\u00f3n y un ordenador que incluye el software de an\u00e1lisis y de mantenimiento.<\/p>\t\t\t\t\t\t\t\t<\/div>\n\t\t\t\t<\/div>\n\t\t\t\t<div class=\"elementor-element elementor-element-33821be2fbc0c5ac939ee6fdca2c8e26 g2 block ce_text elementor-widget elementor-widget-text-editor\" data-id=\"33821be2fbc0c5ac939ee6fdca2c8e26\" data-element_type=\"widget\" data-widget_type=\"text-editor.default\">\n\t\t\t\t<div class=\"elementor-widget-container\">\n\t\t\t\t\t\t\t\t\t<p><img decoding=\"async\" src=\"https:\/\/teknosavo.fi\/wp-content\/uploads\/2019\/04\/chipsmart3d_ESP.png\" alt=\"\" width=\"466\" height=\"466\"><\/p>\t\t\t\t\t\t\t\t<\/div>\n\t\t\t\t<\/div>\n\t\t\t\t<div class=\"elementor-element elementor-element-73de6ca2296f589a39dc0e52e2027a19 g2 orange block ce_text elementor-widget elementor-widget-text-editor\" data-id=\"73de6ca2296f589a39dc0e52e2027a19\" data-element_type=\"widget\" data-widget_type=\"text-editor.default\">\n\t\t\t\t<div class=\"elementor-widget-container\">\n\t\t\t\t\t\t\t\t\t<p><strong>MEDICIONES DE CHIPSMART<sup>TM<\/sup> 3D:<\/strong><\/p><p><strong>Distribuci\u00f3n del tama\u00f1o de las virutas&nbsp;(SCAN-CM 40:01)<\/strong><\/p><ul><li>Virutas de tama\u00f1o excesivo<\/li><li>Virutas de grosor excesivo<\/li><li>Admisiones grandes<\/li><li>Admisiones peque\u00f1as<\/li><li>Virutas puntiagudas<\/li><li>Serr\u00edn<\/li><li>Dimensiones de las virutas:&nbsp;Longitud, grosor, anchura<\/li><\/ul><p><strong>Opcional:<\/strong><\/p><ul><li>Cantidad de corteza<\/li><li>Brillo de la superficie de las virutas<\/li><li>Humedad de las virutas<\/li><\/ul>\t\t\t\t\t\t\t\t<\/div>\n\t\t\t\t<\/div>\n\t\t\t\t\t<\/div>\n\t\t<\/div>\n\t\t\t\t\t<\/div>\n\t\t<\/section>\n\t\t\t\t<\/div>\n\t\t","protected":false},"excerpt":{"rendered":"<p>CONTROL DE CALIDAD DE LAS VIRUTAS Teknosavo tiene una amplia experiencia en el suministro de sistemas de control de calidad de las virutas. Chipsmart\u2122 2D ChipSmartTM 2D&nbsp;se desarroll\u00f3 para medir la calidad de las virutas en tiempo real. El sistema consta de una c\u00e1mara y una unidad de iluminaci\u00f3n, instaladas en el transportador de virutas, [&hellip;]<\/p>\n","protected":false},"author":12,"featured_media":317,"parent":0,"menu_order":0,"comment_status":"closed","ping_status":"closed","template":"","meta":{"footnotes":""},"class_list":["post-102","page","type-page","status-publish","has-post-thumbnail","hentry"],"aioseo_notices":[],"_links":{"self":[{"href":"https:\/\/teknosavo.fi\/es\/wp-json\/wp\/v2\/pages\/102","targetHints":{"allow":["GET"]}}],"collection":[{"href":"https:\/\/teknosavo.fi\/es\/wp-json\/wp\/v2\/pages"}],"about":[{"href":"https:\/\/teknosavo.fi\/es\/wp-json\/wp\/v2\/types\/page"}],"author":[{"embeddable":true,"href":"https:\/\/teknosavo.fi\/es\/wp-json\/wp\/v2\/users\/12"}],"replies":[{"embeddable":true,"href":"https:\/\/teknosavo.fi\/es\/wp-json\/wp\/v2\/comments?post=102"}],"version-history":[{"count":3,"href":"https:\/\/teknosavo.fi\/es\/wp-json\/wp\/v2\/pages\/102\/revisions"}],"predecessor-version":[{"id":1827,"href":"https:\/\/teknosavo.fi\/es\/wp-json\/wp\/v2\/pages\/102\/revisions\/1827"}],"wp:featuredmedia":[{"embeddable":true,"href":"https:\/\/teknosavo.fi\/es\/wp-json\/wp\/v2\/media\/317"}],"wp:attachment":[{"href":"https:\/\/teknosavo.fi\/es\/wp-json\/wp\/v2\/media?parent=102"}],"curies":[{"name":"wp","href":"https:\/\/api.w.org\/{rel}","templated":true}]}}