{"id":101,"date":"2015-10-23T07:00:54","date_gmt":"2015-10-23T04:00:54","guid":{"rendered":"http:\/\/wwwtesti.teknosavo.fi\/sistema-de-medicion-en-linea\/"},"modified":"2019-05-29T15:05:30","modified_gmt":"2019-05-29T12:05:30","slug":"sistema-de-medicion-en-linea","status":"publish","type":"page","link":"https:\/\/teknosavo.fi\/es\/sistema-de-medicion-en-linea\/","title":{"rendered":"Sistema de medici\u00f3n en l\u00ednea"},"content":{"rendered":"\t\t<div data-elementor-type=\"wp-post\" data-elementor-id=\"101\" class=\"elementor elementor-101 elementor-41\" data-elementor-post-type=\"page\">\n\t\t\t\t\t\t<section class=\"elementor-section elementor-top-section elementor-element elementor-element-6445eb2d1900c416e79d33879d3891ca elementor-section-boxed elementor-section-height-default elementor-section-height-default\" data-id=\"6445eb2d1900c416e79d33879d3891ca\" data-element_type=\"section\">\n\t\t\t\t\t\t<div class=\"elementor-container elementor-column-gap-default\">\n\t\t\t\t\t<div class=\"elementor-column elementor-col- elementor-top-column elementor-element elementor-element-f54c3b3ce8db0e2d662a4c09d8f85af7 mod_articlehide_mobile\" data-id=\"f54c3b3ce8db0e2d662a4c09d8f85af7\" data-element_type=\"column\" id=\"kuvabanneri\">\n\t\t\t<div class=\"elementor-widget-wrap\">\n\t\t\t\t\t\t\t<\/div>\n\t\t<\/div>\n\t\t\t\t\t<\/div>\n\t\t<\/section>\n\t\t\t\t<section class=\"elementor-section elementor-top-section elementor-element elementor-element-9c910a8f1668c1ef43c00f729bef7fb0 elementor-section-boxed elementor-section-height-default elementor-section-height-default\" data-id=\"9c910a8f1668c1ef43c00f729bef7fb0\" data-element_type=\"section\">\n\t\t\t\t\t\t<div class=\"elementor-container elementor-column-gap-default\">\n\t\t\t\t\t<div class=\"elementor-column elementor-col- elementor-top-column elementor-element elementor-element-f86a974ee3c08d6ed2575031a2477bf3 mod_articleinfoBg\" data-id=\"f86a974ee3c08d6ed2575031a2477bf3\" data-element_type=\"column\">\n\t\t\t<div class=\"elementor-widget-wrap elementor-element-populated\">\n\t\t\t\t\t\t<div class=\"elementor-element elementor-element-e9da8ab8e584cfb5089b42e9b9a63bd5 g2 ingressi block ce_text elementor-widget elementor-widget-text-editor\" data-id=\"e9da8ab8e584cfb5089b42e9b9a63bd5\" data-element_type=\"widget\" data-widget_type=\"text-editor.default\">\n\t\t\t\t<div class=\"elementor-widget-container\">\n\t\t\t\t\t\t\t\t\t<h1>SISTEMAS DE MEDICI\u00d3N EN L\u00cdNEA<\/h1>\n<p class=\"p1\">Gracias a los dispositivos de medici\u00f3n en tiempo real de Teknosavo, el proceso de descortezado de la madera se puede supervisar y controlar de modo preciso para fabricar un producto final de la m\u00e1s alta calidad.&nbsp;<\/p>\t\t\t\t\t\t\t\t<\/div>\n\t\t\t\t<\/div>\n\t\t\t\t<div class=\"elementor-element elementor-element-841c718abb9b3eb2ccf1b23db2be7d7f g2 block ce_text elementor-widget elementor-widget-text-editor\" data-id=\"841c718abb9b3eb2ccf1b23db2be7d7f\" data-element_type=\"widget\" data-widget_type=\"text-editor.default\">\n\t\t\t\t<div class=\"elementor-widget-container\">\n\t\t\t\t\t\t\t\t\t<p><img fetchpriority=\"high\" decoding=\"async\" src=\"https:\/\/teknosavo.fi\/wp-content\/uploads\/2019\/04\/smart_products_teknosavo_2_ESP.png\" alt=\"\" width=\"554\" height=\"327\"><\/p>\t\t\t\t\t\t\t\t<\/div>\n\t\t\t\t<\/div>\n\t\t\t\t<div class=\"elementor-element elementor-element-99bc618e5f94f5a450c1a0df6a1e2b46  block ce_html elementor-widget elementor-widget-html\" data-id=\"99bc618e5f94f5a450c1a0df6a1e2b46\" data-element_type=\"widget\" data-widget_type=\"html.default\">\n\t\t\t\t<div class=\"elementor-widget-container\">\n\t\t\t\t\t<div style=\"clear:both;\"><\/div>\t\t\t\t<\/div>\n\t\t\t\t<\/div>\n\t\t\t\t<div class=\"elementor-element elementor-element-d30c22fb322589a9256980d8480fafbb g2 green block ce_text elementor-widget elementor-widget-text-editor\" data-id=\"d30c22fb322589a9256980d8480fafbb\" data-element_type=\"widget\" data-widget_type=\"text-editor.default\">\n\t\t\t\t<div class=\"elementor-widget-container\">\n\t\t\t\t\t\t\t\t\t<h5>BARKSMART<sup>TM<\/sup><\/h5>\n<p>BarkSmart\u2122 es un dispositivo de medici\u00f3n \u00f3ptica que mide continuamente el porcentaje de corteza en relaci\u00f3n con la superficie de madera de los troncos despu\u00e9s de su paso por el tambor de descortezado. El sistema proporciona diferentes an\u00e1lisis en tiempo real de los datos de medici\u00f3n y env\u00eda los datos de grados de limpieza a los operadores de la sala de control. Los datos se pueden utilizar en el control de descortezado, de modo que los troncos se descortezar\u00e1n con el est\u00e1ndar \u00f3ptimo deseado de limpieza. La limpieza correcta de los troncos reduce los costes en productos qu\u00edmicos durante el procesamiento de la pulpa, as\u00ed como la p\u00e9rdida de madera en el descortezado. Adem\u00e1s, unos datos de limpieza m\u00e1s precisos permiten un control m\u00e1s exacto del descortezado en diferentes temporadas; se puede obtener un ahorro significativo incluso con una peque\u00f1a reducci\u00f3n en el uso de productos qu\u00edmicos y en las p\u00e9rdidas de madera.<\/p>\t\t\t\t\t\t\t\t<\/div>\n\t\t\t\t<\/div>\n\t\t\t\t<div class=\"elementor-element elementor-element-99ede7d452d7145a5d40b3a1ba3f5dbf g2 block ce_text elementor-widget elementor-widget-text-editor\" data-id=\"99ede7d452d7145a5d40b3a1ba3f5dbf\" data-element_type=\"widget\" data-widget_type=\"text-editor.default\">\n\t\t\t\t<div class=\"elementor-widget-container\">\n\t\t\t\t\t\t\t\t\t<p><img decoding=\"async\" style=\"display: block; margin-left: auto; margin-right: auto;\" src=\"https:\/\/teknosavo.fi\/wp-content\/uploads\/2019\/04\/barksmart.png\" alt=\"\" width=\"320\"><\/p>\t\t\t\t\t\t\t\t<\/div>\n\t\t\t\t<\/div>\n\t\t\t\t<div class=\"elementor-element elementor-element-0513af060716258f90db2c32832e4bc5  block ce_html elementor-widget elementor-widget-html\" data-id=\"0513af060716258f90db2c32832e4bc5\" data-element_type=\"widget\" data-widget_type=\"html.default\">\n\t\t\t\t<div class=\"elementor-widget-container\">\n\t\t\t\t\t<div style=\"clear:both;\"><\/div>\t\t\t\t<\/div>\n\t\t\t\t<\/div>\n\t\t\t\t<div class=\"elementor-element elementor-element-e3e4de6a4b5e8221741784e9fb8f11aa g2 green block ce_text elementor-widget elementor-widget-text-editor\" data-id=\"e3e4de6a4b5e8221741784e9fb8f11aa\" data-element_type=\"widget\" data-widget_type=\"text-editor.default\">\n\t\t\t\t<div class=\"elementor-widget-container\">\n\t\t\t\t\t\t\t\t\t<h5>ProfiSmart<sup>TM<\/sup><\/h5>\n<p>ProfiSmartTM es un dispositivo de medici\u00f3n \u00f3ptica que mide continuamente la proporci\u00f3n de madera en relaci\u00f3n con la corteza en el transportador. El sistema proporciona a los operadores un an\u00e1lisis en tiempo real de los datos de medici\u00f3n. Los datos se pueden utilizar para controlar el descortezado, de modo que puede minimizarse la p\u00e9rdida innecesaria de madera; unos datos m\u00e1s exactos permiten un control m\u00e1s preciso de la calidad de la madera. El sistema ProfiSmartTM se compone de una c\u00e1mara y un ordenador que incluye el software de an\u00e1lisis. La c\u00e1mara toma una imagen del caudal de corteza y env\u00eda los datos al ordenador para realizar un an\u00e1lisis del color. El resultado muestra el porcentaje de madera en el caudal de corteza. Los datos de medici\u00f3n pueden enviarse al sistema de optimizaci\u00f3n de procesos WoodSmartTM y al sistema de control principal del almac\u00e9n de madera o se pueden mostrar en la sala de control en una pantalla. El sistema proporciona limpieza y calibraci\u00f3n autom\u00e1ticas.<\/p>\t\t\t\t\t\t\t\t<\/div>\n\t\t\t\t<\/div>\n\t\t\t\t<div class=\"elementor-element elementor-element-314a4b5870de500692d88afc71645490 g2 block ce_text elementor-widget elementor-widget-text-editor\" data-id=\"314a4b5870de500692d88afc71645490\" data-element_type=\"widget\" data-widget_type=\"text-editor.default\">\n\t\t\t\t<div class=\"elementor-widget-container\">\n\t\t\t\t\t\t\t\t\t<p><img decoding=\"async\" style=\"display: block; margin-left: auto; margin-right: auto;\" src=\"https:\/\/teknosavo.fi\/wp-content\/uploads\/2019\/04\/profismart.jpg\" alt=\"\" width=\"320\"><\/p>\t\t\t\t\t\t\t\t<\/div>\n\t\t\t\t<\/div>\n\t\t\t\t<div class=\"elementor-element elementor-element-f7a1aa83c74d528b5eb6031f2dd000d2  block ce_html elementor-widget elementor-widget-html\" data-id=\"f7a1aa83c74d528b5eb6031f2dd000d2\" data-element_type=\"widget\" data-widget_type=\"html.default\">\n\t\t\t\t<div class=\"elementor-widget-container\">\n\t\t\t\t\t<div style=\"clear:both;\"><\/div>\t\t\t\t<\/div>\n\t\t\t\t<\/div>\n\t\t\t\t<div class=\"elementor-element elementor-element-e953ad7617a37e5f99e17202a2ef7b97 g2 green block ce_text elementor-widget elementor-widget-text-editor\" data-id=\"e953ad7617a37e5f99e17202a2ef7b97\" data-element_type=\"widget\" data-widget_type=\"text-editor.default\">\n\t\t\t\t<div class=\"elementor-widget-container\">\n\t\t\t\t\t\t\t\t\t<h5 class=\"p1\">FILLSMART<sup><span class=\"s1\">TM<\/span><\/sup><\/h5>\n<p>FillSmart<sup>TM<\/sup> es un sistema \u00f3ptico de medici\u00f3n del nivel de llenado del tambor basado en c\u00e1maras. Este sistema proporciona un an\u00e1lisis en tiempo real de los datos de imagen y env\u00eda la informaci\u00f3n del nivel de llenado del tambor a los operadores de la sala de control. Los datos se pueden utilizar para controlar el nivel de llenado correcto del tambor con el fin de minimizar la p\u00e9rdida de fibras en el descortezado. El mayor beneficio de la medici\u00f3n \u00f3ptica es que los cambios en la calidad de la madera no afectan al valor del nivel de llenado real. Los troncos de abedul frescos de tama\u00f1o grande y la madera blanda seca normalmente plantean muchas dificultades para la medici\u00f3n del nivel de llenado tradicional basado en una escala de peso o en la medici\u00f3n del gradiente de presi\u00f3n hidrost\u00e1tica. Gracias a FillSmartTM, las mediciones se pueden calibrar seg\u00fan la especie de \u00e1rbol y la calidad de la madera.<\/p>\t\t\t\t\t\t\t\t<\/div>\n\t\t\t\t<\/div>\n\t\t\t\t<div class=\"elementor-element elementor-element-c4db0d9a44adeba77824be71535488e2 g2 block ce_text elementor-widget elementor-widget-text-editor\" data-id=\"c4db0d9a44adeba77824be71535488e2\" data-element_type=\"widget\" data-widget_type=\"text-editor.default\">\n\t\t\t\t<div class=\"elementor-widget-container\">\n\t\t\t\t\t\t\t\t\t<p><img decoding=\"async\" style=\"display: block; margin-left: auto; margin-right: auto;\" src=\"https:\/\/teknosavo.fi\/wp-content\/uploads\/2019\/04\/fillsmart.png\" alt=\"\" width=\"320\"><\/p>\t\t\t\t\t\t\t\t<\/div>\n\t\t\t\t<\/div>\n\t\t\t\t<div class=\"elementor-element elementor-element-8f693d35127df5a526ddbee06b40486c  block ce_html elementor-widget elementor-widget-html\" data-id=\"8f693d35127df5a526ddbee06b40486c\" data-element_type=\"widget\" data-widget_type=\"html.default\">\n\t\t\t\t<div class=\"elementor-widget-container\">\n\t\t\t\t\t<div style=\"clear:both;\"><\/div>\t\t\t\t<\/div>\n\t\t\t\t<\/div>\n\t\t\t\t<div class=\"elementor-element elementor-element-e304ef6ca575d84d83067773e17a8a17 g2 green block ce_text elementor-widget elementor-widget-text-editor\" data-id=\"e304ef6ca575d84d83067773e17a8a17\" data-element_type=\"widget\" data-widget_type=\"text-editor.default\">\n\t\t\t\t<div class=\"elementor-widget-container\">\n\t\t\t\t\t\t\t\t\t<h5 class=\"p1\">STONESMART<sup><span class=\"s1\">TM<\/span><\/sup><\/h5>\n<p>El equipo The StoneSmart<sup>TM&nbsp;<\/sup>consta de un sensor s\u00f3nico instalado en el extremo del rodillo de p\u00faas giratorio situado en la l\u00ednea de la astilladora de tambor y una caja de control que contiene la fuente de alimentaci\u00f3n y las tarjetas electr\u00f3nicas del StoneSmart<sup>TM<\/sup>. Los datos de contacto de la tarjeta se pueden utilizar directamente para detener la l\u00ednea o se pueden enviar a un sistema superior. La aplicaci\u00f3n b\u00e1sica se compone de dos sensores instalados en dos rodillos de p\u00faas, pero en caso necesario, se pueden instalar varios sensores en la misma l\u00ednea de la astilladora de tambor. El sistema StoneSmart<sup>TM<\/sup>&nbsp;se ajusta mediante par\u00e1metros a trav\u00e9s del bus RS-232 de la tarjeta. Este mismo bus se puede utilizar para el control y la escritura de registros. Con el programa inform\u00e1tico, la gesti\u00f3n de las propiedades de la tarjeta y el control de la operaci\u00f3n resultan muy sencillos.<\/p>\t\t\t\t\t\t\t\t<\/div>\n\t\t\t\t<\/div>\n\t\t\t\t<div class=\"elementor-element elementor-element-ae089b6313770300aaff1c04e4db627c g2 block ce_text elementor-widget elementor-widget-text-editor\" data-id=\"ae089b6313770300aaff1c04e4db627c\" data-element_type=\"widget\" data-widget_type=\"text-editor.default\">\n\t\t\t\t<div class=\"elementor-widget-container\">\n\t\t\t\t\t\t\t\t\t<p><img decoding=\"async\" style=\"display: block; margin-left: auto; margin-right: auto;\" src=\"https:\/\/teknosavo.fi\/wp-content\/uploads\/2019\/04\/stonesmart.png\" alt=\"\" width=\"320\"><\/p>\t\t\t\t\t\t\t\t<\/div>\n\t\t\t\t<\/div>\n\t\t\t\t<div class=\"elementor-element elementor-element-d90432b4907acc38508c997098252493  block ce_html elementor-widget elementor-widget-html\" data-id=\"d90432b4907acc38508c997098252493\" data-element_type=\"widget\" data-widget_type=\"html.default\">\n\t\t\t\t<div class=\"elementor-widget-container\">\n\t\t\t\t\t<div style=\"clear:both;\"><\/div>\t\t\t\t<\/div>\n\t\t\t\t<\/div>\n\t\t\t\t<div class=\"elementor-element elementor-element-f6e885fa688ea7957bf98216b309319f g2 green block ce_text elementor-widget elementor-widget-text-editor\" data-id=\"f6e885fa688ea7957bf98216b309319f\" data-element_type=\"widget\" data-widget_type=\"text-editor.default\">\n\t\t\t\t<div class=\"elementor-widget-container\">\n\t\t\t\t\t\t\t\t\t<h5 class=\"p1\">SOUNDSMART<sup><span class=\"s1\">TM<\/span><\/sup><\/h5>\n<p>El equipo SoundSmart<sup>TM<\/sup>&nbsp;consta de una placa de sensor instalada en el caudal de material y una caja de control. La caja de control contiene la fuente de alimentaci\u00f3n y las tarjetas electr\u00f3nicas del SoundSmart<sup>TM<\/sup>. Los datos de contacto de la tarjeta se pueden utilizar directamente para controlar el accionador o se pueden enviar a un sistema superior. En caso de que la cantidad de material sea grande, pueden instalarse varios sensores en el mismo caudal de material. El sistema SoundSmart<sup>TM<\/sup>&nbsp;se ajusta mediante par\u00e1metros a trav\u00e9s del bus RS-232 de la tarjeta. Este mismo bus se puede utilizar para el control y la escritura de registros. Con la tarjeta SoundSmart<sup>TM<\/sup>, se suministra un programa inform\u00e1tico para el sistema operativo Windows.<\/p>\t\t\t\t\t\t\t\t<\/div>\n\t\t\t\t<\/div>\n\t\t\t\t<div class=\"elementor-element elementor-element-e2b69f95d500b86f574d2d884e270568 g2 green block ce_text elementor-widget elementor-widget-text-editor\" data-id=\"e2b69f95d500b86f574d2d884e270568\" data-element_type=\"widget\" data-widget_type=\"text-editor.default\">\n\t\t\t\t<div class=\"elementor-widget-container\">\n\t\t\t\t\t\t\t\t\t<h5 class=\"p1\">LOGSMART<sup><span class=\"s1\">TM<\/span><\/sup><\/h5>\n<p>Este dispositivo de medici\u00f3n por l\u00e1ser para troncos se desarroll\u00f3 para medir el caudal de madera en la l\u00ednea de la astilladora de tambor. El dispositivo mide el di\u00e1metro, la extensi\u00f3n y el volumen antes de realizar el astillado para eliminar las obstrucciones de astillas en la tolva. El sistema activa la alarma y detiene la l\u00ednea si hay un tronco con un di\u00e1metro demasiado grande o est\u00e1 muy retorcido, si hay dos troncos paralelos o si se introduce demasiada madera de manera simult\u00e1nea. Los valores de alarma y parada se pueden ajustar para cada l\u00ednea. Los datos de las alarmas y las mediciones se pueden enviar al sistema de control del descortezado, al sistema de optimizaci\u00f3n de procesos WoodSmartTM, al sistema de control del almac\u00e9n de madera o se pueden mostrar en la sala de control en una pantalla.<\/p>\t\t\t\t\t\t\t\t<\/div>\n\t\t\t\t<\/div>\n\t\t\t\t<div class=\"elementor-element elementor-element-67b7082adf722a524c818e87e0b90ab8 g2 green block ce_text elementor-widget elementor-widget-text-editor\" data-id=\"67b7082adf722a524c818e87e0b90ab8\" data-element_type=\"widget\" data-widget_type=\"text-editor.default\">\n\t\t\t\t<div class=\"elementor-widget-container\">\n\t\t\t\t\t\t\t\t\t<h5 class=\"p1\">FEEDSMART<sup><span class=\"s1\">TM<\/span><\/sup><\/h5>\n<p class=\"p1\">El dispositivo de medici\u00f3n por l\u00e1ser para troncos se desarroll\u00f3 para medir el caudal de madera en el transportador de alimentaci\u00f3n del tambor. El dispositivo mide el di\u00e1metro, la longitud, el volumen y el nivel de la madera antes del descortezado.<\/p>\n<p class=\"p1\">Al tomar las medidas correctas, el proceso de descortezado puede optimizarse para obtener la m\u00e1xima precisi\u00f3n.<\/p>\t\t\t\t\t\t\t\t<\/div>\n\t\t\t\t<\/div>\n\t\t\t\t\t<\/div>\n\t\t<\/div>\n\t\t\t\t\t<\/div>\n\t\t<\/section>\n\t\t\t\t<\/div>\n\t\t","protected":false},"excerpt":{"rendered":"","protected":false},"author":12,"featured_media":317,"parent":0,"menu_order":0,"comment_status":"closed","ping_status":"closed","template":"","meta":{"footnotes":""},"class_list":["post-101","page","type-page","status-publish","has-post-thumbnail","hentry"],"aioseo_notices":[],"_links":{"self":[{"href":"https:\/\/teknosavo.fi\/es\/wp-json\/wp\/v2\/pages\/101","targetHints":{"allow":["GET"]}}],"collection":[{"href":"https:\/\/teknosavo.fi\/es\/wp-json\/wp\/v2\/pages"}],"about":[{"href":"https:\/\/teknosavo.fi\/es\/wp-json\/wp\/v2\/types\/page"}],"author":[{"embeddable":true,"href":"https:\/\/teknosavo.fi\/es\/wp-json\/wp\/v2\/users\/12"}],"replies":[{"embeddable":true,"href":"https:\/\/teknosavo.fi\/es\/wp-json\/wp\/v2\/comments?post=101"}],"version-history":[{"count":1,"href":"https:\/\/teknosavo.fi\/es\/wp-json\/wp\/v2\/pages\/101\/revisions"}],"predecessor-version":[{"id":218,"href":"https:\/\/teknosavo.fi\/es\/wp-json\/wp\/v2\/pages\/101\/revisions\/218"}],"wp:featuredmedia":[{"embeddable":true,"href":"https:\/\/teknosavo.fi\/es\/wp-json\/wp\/v2\/media\/317"}],"wp:attachment":[{"href":"https:\/\/teknosavo.fi\/es\/wp-json\/wp\/v2\/media?parent=101"}],"curies":[{"name":"wp","href":"https:\/\/api.w.org\/{rel}","templated":true}]}}