{"id":100,"date":"2018-07-30T13:47:14","date_gmt":"2018-07-30T10:47:14","guid":{"rendered":"http:\/\/wwwtesti.teknosavo.fi\/medicion-del-volumen\/"},"modified":"2019-05-29T15:05:29","modified_gmt":"2019-05-29T12:05:29","slug":"medicion-del-volumen","status":"publish","type":"page","link":"https:\/\/teknosavo.fi\/es\/medicion-del-volumen\/","title":{"rendered":"Medici\u00f3n del volumen"},"content":{"rendered":"\t\t<div data-elementor-type=\"wp-post\" data-elementor-id=\"100\" class=\"elementor elementor-100 elementor-47\" data-elementor-post-type=\"page\">\n\t\t\t\t\t\t<section class=\"elementor-section elementor-top-section elementor-element elementor-element-e08d86ffadf836d2eb791ffd6045665a elementor-section-boxed elementor-section-height-default elementor-section-height-default\" data-id=\"e08d86ffadf836d2eb791ffd6045665a\" data-element_type=\"section\">\n\t\t\t\t\t\t<div class=\"elementor-container elementor-column-gap-default\">\n\t\t\t\t\t<div class=\"elementor-column elementor-col- elementor-top-column elementor-element elementor-element-d42864d7100fafe9a844bb36bc87354f mod_articlehide_mobile\" data-id=\"d42864d7100fafe9a844bb36bc87354f\" data-element_type=\"column\" id=\"kuvabanneri\">\n\t\t\t<div class=\"elementor-widget-wrap\">\n\t\t\t\t\t\t\t<\/div>\n\t\t<\/div>\n\t\t\t\t\t<\/div>\n\t\t<\/section>\n\t\t\t\t<section class=\"elementor-section elementor-top-section elementor-element elementor-element-4820e04a4c3c9d072ce941eb509a2761 elementor-section-boxed elementor-section-height-default elementor-section-height-default\" data-id=\"4820e04a4c3c9d072ce941eb509a2761\" data-element_type=\"section\">\n\t\t\t\t\t\t<div class=\"elementor-container elementor-column-gap-default\">\n\t\t\t\t\t<div class=\"elementor-column elementor-col- elementor-top-column elementor-element elementor-element-4d78cde89d7ce6bdfed88becc4bd8960 mod_articleinfoBg\" data-id=\"4d78cde89d7ce6bdfed88becc4bd8960\" data-element_type=\"column\">\n\t\t\t<div class=\"elementor-widget-wrap elementor-element-populated\">\n\t\t\t\t\t\t<div class=\"elementor-element elementor-element-355a22f53a37c7f2660d0fa6c2ccac68 g2 ingressi block ce_text elementor-widget elementor-widget-text-editor\" data-id=\"355a22f53a37c7f2660d0fa6c2ccac68\" data-element_type=\"widget\" data-widget_type=\"text-editor.default\">\n\t\t\t\t<div class=\"elementor-widget-container\">\n\t\t\t\t\t\t\t\t\t<h1>MEDICI\u00d3N DE VOLUMEN<\/h1>\n<p class=\"p1\">Teknosavo proporciona soluciones para la medici\u00f3n precisa de la longitud, tama\u00f1o, volumen y calidad de la madera, antes del proceso de descortezado. Teknosavo puede proporcionar una soluci\u00f3n, con independencia de si la cantidad es una muestra medida desde la l\u00ednea de producci\u00f3n o una cantidad mayor medida directamente desde el cami\u00f3n.&nbsp;<\/p>\t\t\t\t\t\t\t\t<\/div>\n\t\t\t\t<\/div>\n\t\t\t\t<div class=\"elementor-element elementor-element-d4958004cfb86aa1a914b49dcce15c28 g2 block ce_text elementor-widget elementor-widget-text-editor\" data-id=\"d4958004cfb86aa1a914b49dcce15c28\" data-element_type=\"widget\" data-widget_type=\"text-editor.default\">\n\t\t\t\t<div class=\"elementor-widget-container\">\n\t\t\t\t\t\t\t\t\t<p><img fetchpriority=\"high\" decoding=\"async\" src=\"https:\/\/teknosavo.fi\/wp-content\/uploads\/2019\/04\/es-smart-products-teknosavo.png\" alt=\"\" width=\"554\" height=\"327\"><\/p>\t\t\t\t\t\t\t\t<\/div>\n\t\t\t\t<\/div>\n\t\t\t\t<div class=\"elementor-element elementor-element-4d5077a9d9ffc2a28586bd1c655f0e41  block ce_html elementor-widget elementor-widget-html\" data-id=\"4d5077a9d9ffc2a28586bd1c655f0e41\" data-element_type=\"widget\" data-widget_type=\"html.default\">\n\t\t\t\t<div class=\"elementor-widget-container\">\n\t\t\t\t\t<div style=\"clear:both;\"><\/div>\t\t\t\t<\/div>\n\t\t\t\t<\/div>\n\t\t\t\t<div class=\"elementor-element elementor-element-7307e1b4ab2daee19edda57558d3d804 g2 gray block ce_text elementor-widget elementor-widget-text-editor\" data-id=\"7307e1b4ab2daee19edda57558d3d804\" data-element_type=\"widget\" data-widget_type=\"text-editor.default\">\n\t\t\t\t<div class=\"elementor-widget-container\">\n\t\t\t\t\t\t\t\t\t<h5 class=\"p1\">ESTACI\u00d3N DE MEDICI\u00d3N PARA CAMIONES<\/h5>\n<p class=\"p1\">La estaci\u00f3n de medici\u00f3n para camiones de Teknosavo, permite medir el volumen, la calidad y la cantidad total de madera de una pila directamente desde el cami\u00f3n. La estaci\u00f3n de medici\u00f3n para camiones, situada cerca de la compuerta, incorpora un sistema l\u00e1ser y de c\u00e1maras conectado a un software de an\u00e1lisis. La estaci\u00f3n mide el 100 % de la materia prima entrante.<\/p>\n<p class=\"p1\">Gracias a la informaci\u00f3n sobre la calidad, el tama\u00f1o y el volumen, el proceso de descortezado puede optimizarse para garantizar una alta calidad y limpieza de la madera.<\/p>\t\t\t\t\t\t\t\t<\/div>\n\t\t\t\t<\/div>\n\t\t\t\t<div class=\"elementor-element elementor-element-a6e449ca86fefe24bfc369fbea7014d1 g2 block ce_text elementor-widget elementor-widget-text-editor\" data-id=\"a6e449ca86fefe24bfc369fbea7014d1\" data-element_type=\"widget\" data-widget_type=\"text-editor.default\">\n\t\t\t\t<div class=\"elementor-widget-container\">\n\t\t\t\t\t\t\t\t\t<p><img decoding=\"async\" style=\"display: block; margin-left: auto; margin-right: auto;\" src=\"https:\/\/teknosavo.fi\/wp-content\/uploads\/2019\/04\/truckmeasurement-copy.png\" alt=\"\" width=\"393\" height=\"322\"><\/p>\t\t\t\t\t\t\t\t<\/div>\n\t\t\t\t<\/div>\n\t\t\t\t<div class=\"elementor-element elementor-element-d5b50727243cbc2e3f2108a3f22e1f3e g2 aqua block ce_text elementor-widget elementor-widget-text-editor\" data-id=\"d5b50727243cbc2e3f2108a3f22e1f3e\" data-element_type=\"widget\" data-widget_type=\"text-editor.default\">\n\t\t\t\t<div class=\"elementor-widget-container\">\n\t\t\t\t\t\t\t\t\t<h5 class=\"p1\">QS MEASUREMENT<\/h5>\n<p class=\"p1\">El sistema QS Measurement mide una muestra peque\u00f1a (1-2 %) de la madera que pasa a la mesa de alimentaci\u00f3n de descortezado mediante dispositivos de medici\u00f3n l\u00e1ser y c\u00e1maras. Al estar integrado en la l\u00ednea de producci\u00f3n, QS Measurement proporciona un gran ahorro, ya que se reduce significativamente la necesidad de trabajo manual. El sistema mide la madera y env\u00eda los datos y las im\u00e1genes a la estaci\u00f3n de medici\u00f3n sin disminuir la velocidad de la cinta transportadora.<\/p>\n<p class=\"p1\">El dispositivo QS Measurement env\u00eda al medidor los elementos que est\u00e1n por debajo del l\u00edmite de tama\u00f1o o que tienen defectos t\u00e9cnicos o de calidad, por ejemplo, putrefacci\u00f3n. En caso de evaluaciones confusas, el medidor puede adoptar una decisi\u00f3n en cuanto a la calidad y llevarla a cabo manualmente y, a continuaci\u00f3n, QS Measurement la guardar\u00e1 para futuras consultas. Con materia prima homog\u00e9nea y fibra de alta calidad, los costes se reducen, ya que se necesita menos material y energ\u00eda en el proceso.<\/p>\t\t\t\t\t\t\t\t<\/div>\n\t\t\t\t<\/div>\n\t\t\t\t<div class=\"elementor-element elementor-element-1e8040bcdf2c5a1cff1a52762c27f2da  block ce_html elementor-widget elementor-widget-html\" data-id=\"1e8040bcdf2c5a1cff1a52762c27f2da\" data-element_type=\"widget\" data-widget_type=\"html.default\">\n\t\t\t\t<div class=\"elementor-widget-container\">\n\t\t\t\t\t<div style=\"clear:both;\"><\/div>\t\t\t\t<\/div>\n\t\t\t\t<\/div>\n\t\t\t\t\t<\/div>\n\t\t<\/div>\n\t\t\t\t\t<\/div>\n\t\t<\/section>\n\t\t\t\t<\/div>\n\t\t","protected":false},"excerpt":{"rendered":"","protected":false},"author":12,"featured_media":317,"parent":0,"menu_order":0,"comment_status":"closed","ping_status":"closed","template":"","meta":{"footnotes":""},"class_list":["post-100","page","type-page","status-publish","has-post-thumbnail","hentry"],"aioseo_notices":[],"_links":{"self":[{"href":"https:\/\/teknosavo.fi\/es\/wp-json\/wp\/v2\/pages\/100","targetHints":{"allow":["GET"]}}],"collection":[{"href":"https:\/\/teknosavo.fi\/es\/wp-json\/wp\/v2\/pages"}],"about":[{"href":"https:\/\/teknosavo.fi\/es\/wp-json\/wp\/v2\/types\/page"}],"author":[{"embeddable":true,"href":"https:\/\/teknosavo.fi\/es\/wp-json\/wp\/v2\/users\/12"}],"replies":[{"embeddable":true,"href":"https:\/\/teknosavo.fi\/es\/wp-json\/wp\/v2\/comments?post=100"}],"version-history":[{"count":1,"href":"https:\/\/teknosavo.fi\/es\/wp-json\/wp\/v2\/pages\/100\/revisions"}],"predecessor-version":[{"id":217,"href":"https:\/\/teknosavo.fi\/es\/wp-json\/wp\/v2\/pages\/100\/revisions\/217"}],"wp:featuredmedia":[{"embeddable":true,"href":"https:\/\/teknosavo.fi\/es\/wp-json\/wp\/v2\/media\/317"}],"wp:attachment":[{"href":"https:\/\/teknosavo.fi\/es\/wp-json\/wp\/v2\/media?parent=100"}],"curies":[{"name":"wp","href":"https:\/\/api.w.org\/{rel}","templated":true}]}}