{"id":40,"date":"2018-04-30T13:29:50","date_gmt":"2018-04-30T10:29:50","guid":{"rendered":"http:\/\/wwwtesti.teknosavo.fi\/contact\/"},"modified":"2025-06-11T09:59:24","modified_gmt":"2025-06-11T06:59:24","slug":"contact","status":"publish","type":"page","link":"https:\/\/teknosavo.fi\/en\/contact\/","title":{"rendered":"Contact"},"content":{"rendered":"\t\t<div data-elementor-type=\"wp-post\" data-elementor-id=\"40\" class=\"elementor elementor-40 elementor-110\" data-elementor-post-type=\"page\">\n\t\t\t\t\t\t<section class=\"elementor-section elementor-top-section elementor-element elementor-element-24fffc391d443bf46f30b5cbbd25bd6e elementor-section-boxed elementor-section-height-default elementor-section-height-default\" data-id=\"24fffc391d443bf46f30b5cbbd25bd6e\" data-element_type=\"section\">\n\t\t\t\t\t\t<div class=\"elementor-container elementor-column-gap-default\">\n\t\t\t\t\t<div class=\"elementor-column elementor-col-100 elementor-top-column elementor-element elementor-element-c25227684bdad578faee0b5f6fba3835 mod_articlehide_mobile\" data-id=\"c25227684bdad578faee0b5f6fba3835\" data-element_type=\"column\" id=\"kuvabanneri\">\n\t\t\t<div class=\"elementor-widget-wrap\">\n\t\t\t\t\t\t\t<\/div>\n\t\t<\/div>\n\t\t\t\t\t<\/div>\n\t\t<\/section>\n\t\t\t\t<section class=\"elementor-section elementor-top-section elementor-element elementor-element-8b8832a elementor-section-boxed elementor-section-height-default elementor-section-height-default\" data-id=\"8b8832a\" data-element_type=\"section\">\n\t\t\t\t\t\t<div class=\"elementor-container elementor-column-gap-default\">\n\t\t\t\t\t<div class=\"elementor-column elementor-col-100 elementor-top-column elementor-element elementor-element-20338b3 mod_articlelightBg\" data-id=\"20338b3\" data-element_type=\"column\">\n\t\t\t<div class=\"elementor-widget-wrap elementor-element-populated\">\n\t\t\t\t\t\t<div class=\"elementor-element elementor-element-6fbf86f g2 block ce_text elementor-widget elementor-widget-text-editor\" data-id=\"6fbf86f\" data-element_type=\"widget\" data-widget_type=\"text-editor.default\">\n\t\t\t\t<div class=\"elementor-widget-container\">\n\t\t\t\t\t\t\t\t\t<h1>CONTACT<br \/><strong>Teknosavo<\/strong><\/h1>\t\t\t\t\t\t\t\t<\/div>\n\t\t\t\t<\/div>\n\t\t\t\t<div class=\"elementor-element elementor-element-5d623e2  block ce_html elementor-widget elementor-widget-html\" data-id=\"5d623e2\" data-element_type=\"widget\" data-widget_type=\"html.default\">\n\t\t\t\t<div class=\"elementor-widget-container\">\n\t\t\t\t\t<div style=\"clear:both;\"><\/div>\t\t\t\t<\/div>\n\t\t\t\t<\/div>\n\t\t\t\t<div class=\"elementor-element elementor-element-800bc96 g4 block ce_text elementor-widget__width-initial e-transform elementor-widget elementor-widget-text-editor\" data-id=\"800bc96\" data-element_type=\"widget\" data-settings=\"{&quot;_transform_scale_effect&quot;:{&quot;unit&quot;:&quot;px&quot;,&quot;size&quot;:0.9,&quot;sizes&quot;:[]},&quot;_transform_scale_effect_tablet&quot;:{&quot;unit&quot;:&quot;px&quot;,&quot;size&quot;:&quot;&quot;,&quot;sizes&quot;:[]},&quot;_transform_scale_effect_mobile&quot;:{&quot;unit&quot;:&quot;px&quot;,&quot;size&quot;:&quot;&quot;,&quot;sizes&quot;:[]}}\" data-widget_type=\"text-editor.default\">\n\t\t\t\t<div class=\"elementor-widget-container\">\n\t\t\t\t\t\t\t\t\t<h3>MANAGEMENT<\/h3><div><a href=\"mailto:smart@teknosavo.fi\">smart@teknosavo.fi<\/a><\/div>\t\t\t\t\t\t\t\t<\/div>\n\t\t\t\t<\/div>\n\t\t\t\t<div class=\"elementor-element elementor-element-4a2a292 g4 block ce_text elementor-widget elementor-widget-text-editor\" data-id=\"4a2a292\" data-element_type=\"widget\" data-widget_type=\"text-editor.default\">\n\t\t\t\t<div class=\"elementor-widget-container\">\n\t\t\t\t\t\t\t\t\t<p><strong>Hannu H\u00e4m\u00e4l\u00e4inen<br \/><\/strong>Managing Director<br \/>Mob. +358 (0) 50 529 1366<br \/><a href=\"mailto:hannu.hamalainen@teknosavo.fi\">hannu.hamalainen@teknosavo.fi<\/a><\/p>\t\t\t\t\t\t\t\t<\/div>\n\t\t\t\t<\/div>\n\t\t\t\t<div class=\"elementor-element elementor-element-c9a98a0 g4 block ce_text elementor-widget elementor-widget-text-editor\" data-id=\"c9a98a0\" data-element_type=\"widget\" data-widget_type=\"text-editor.default\">\n\t\t\t\t<div class=\"elementor-widget-container\">\n\t\t\t\t\t\t\t\t\t<p><strong>Hanna Matilainen<br><\/strong><span style=\"caret-color: #000000; color: #000000; font-family: Calibri, sans-serif; font-size: 14.6667px; text-size-adjust: auto;\">Controller&nbsp;<\/span><strong><br><\/strong>Mob. +358 (0)&nbsp;<span style=\"caret-color: #000000; color: #000000; font-family: Calibri, sans-serif; font-size: 14.6667px; text-size-adjust: auto;\">44&nbsp;477 2050<\/span><br><a title=\"Contact\" href=\"mailto:hanna.matilainen@teknosavo.fi\">hanna.matilainen@teknosavo.fi<\/a><\/p>\t\t\t\t\t\t\t\t<\/div>\n\t\t\t\t<\/div>\n\t\t\t\t<div class=\"elementor-element elementor-element-d55fdaa g4 block ce_text elementor-widget elementor-widget-text-editor\" data-id=\"d55fdaa\" data-element_type=\"widget\" data-widget_type=\"text-editor.default\">\n\t\t\t\t<div class=\"elementor-widget-container\">\n\t\t\t\t\t\t\t\t\t<p><b>Sonja Niittylahti<\/b><b><br \/><\/b>Mob. +358 (0)\u00a0<span style=\"caret-color: #000000; color: #000000; font-family: Calibri, sans-serif; font-size: 14.6667px; text-size-adjust: auto;\">50\u00a0348 7386<br \/><\/span><a href=\"mailto:sonja.niittylahti@teknosavo.fi\">sonja.niittylahti@teknosavo.fi<\/a><\/p>\t\t\t\t\t\t\t\t<\/div>\n\t\t\t\t<\/div>\n\t\t\t\t<div class=\"elementor-element elementor-element-2c0de67  block ce_html elementor-widget elementor-widget-html\" data-id=\"2c0de67\" data-element_type=\"widget\" data-widget_type=\"html.default\">\n\t\t\t\t<div class=\"elementor-widget-container\">\n\t\t\t\t\t<div style=\"clear:both;\"><\/div>\t\t\t\t<\/div>\n\t\t\t\t<\/div>\n\t\t\t\t<div class=\"elementor-element elementor-element-58a8896 g4 block ce_text elementor-widget elementor-widget-text-editor\" data-id=\"58a8896\" data-element_type=\"widget\" data-widget_type=\"text-editor.default\">\n\t\t\t\t<div class=\"elementor-widget-container\">\n\t\t\t\t\t\t\t\t\t<p>\u00a0 \u00a0 \u00a0 \u00a0 \u00a0\u00a0<\/p>\t\t\t\t\t\t\t\t<\/div>\n\t\t\t\t<\/div>\n\t\t\t\t<div class=\"elementor-element elementor-element-098f7cf g4 block ce_text elementor-widget elementor-widget-text-editor\" data-id=\"098f7cf\" data-element_type=\"widget\" data-widget_type=\"text-editor.default\">\n\t\t\t\t<div class=\"elementor-widget-container\">\n\t\t\t\t\t\t\t\t\t<p><strong>Jarna Salminen<br \/><\/strong>Marketing Assistant<br \/>Mob. +358 (0) 50\u00a0340 5973<br \/><a href=\"mailto:jarna.salminen@teknosavo.fi\">jarna.salminen@teknosavo.fi<\/a><\/p>\t\t\t\t\t\t\t\t<\/div>\n\t\t\t\t<\/div>\n\t\t\t\t<div class=\"elementor-element elementor-element-c8d5293  block ce_html elementor-widget elementor-widget-html\" data-id=\"c8d5293\" data-element_type=\"widget\" data-widget_type=\"html.default\">\n\t\t\t\t<div class=\"elementor-widget-container\">\n\t\t\t\t\t<div style=\"clear:both;\"><\/div>\t\t\t\t<\/div>\n\t\t\t\t<\/div>\n\t\t\t\t<div class=\"elementor-element elementor-element-e27d184 g4 block ce_text elementor-widget elementor-widget-text-editor\" data-id=\"e27d184\" data-element_type=\"widget\" data-widget_type=\"text-editor.default\">\n\t\t\t\t<div class=\"elementor-widget-container\">\n\t\t\t\t\t\t\t\t\t<h3>INVOICING<\/h3><div><a href=\"mailto:smart@teknosavo.fi\">smart@teknosavo.fi<\/a><\/div>\t\t\t\t\t\t\t\t<\/div>\n\t\t\t\t<\/div>\n\t\t\t\t<div class=\"elementor-element elementor-element-14e8d87 g5 block ce_text elementor-widget elementor-widget-text-editor\" data-id=\"14e8d87\" data-element_type=\"widget\" data-widget_type=\"text-editor.default\">\n\t\t\t\t<div class=\"elementor-widget-container\">\n\t\t\t\t\t\t\t\t\t<h4>Teknosavo Oy<\/h4><p>Vipusenkatu 15<br \/>FI-57200 Savonlinna<br \/>Mob. +358 (0) 15 477 0700<br \/><a title=\"Send E-mail to Teknosavo\" href=\"mailto:smart@teknosavo.fi\">smart@teknosavo.fi<\/a><\/p>\t\t\t\t\t\t\t\t<\/div>\n\t\t\t\t<\/div>\n\t\t\t\t<div class=\"elementor-element elementor-element-d477ec4 g4 block ce_text elementor-widget elementor-widget-text-editor\" data-id=\"d477ec4\" data-element_type=\"widget\" data-widget_type=\"text-editor.default\">\n\t\t\t\t<div class=\"elementor-widget-container\">\n\t\t\t\t\t\t\t\t\t<p><b>Business ID<\/b><br>FI07520148<\/p>\n<p><strong>E-invoice address<br><\/strong>003707520148<\/p>\n<p><strong>E-invoicing operator<\/strong><br>(OpenText)<\/p>\t\t\t\t\t\t\t\t<\/div>\n\t\t\t\t<\/div>\n\t\t\t\t<div class=\"elementor-element elementor-element-f1ce126 g4 block ce_text elementor-widget elementor-widget-text-editor\" data-id=\"f1ce126\" data-element_type=\"widget\" data-widget_type=\"text-editor.default\">\n\t\t\t\t<div class=\"elementor-widget-container\">\n\t\t\t\t\t\t\t\t\t<p><strong>Operator code<\/strong><br \/>003708599126<\/p><p><strong>EDI code<br \/><\/strong>003707520148<\/p>\t\t\t\t\t\t\t\t<\/div>\n\t\t\t\t<\/div>\n\t\t\t\t<div class=\"elementor-element elementor-element-14c4ce6  block ce_html elementor-widget elementor-widget-html\" data-id=\"14c4ce6\" data-element_type=\"widget\" data-widget_type=\"html.default\">\n\t\t\t\t<div class=\"elementor-widget-container\">\n\t\t\t\t\t<div style=\"clear:both;\"><\/div>\t\t\t\t<\/div>\n\t\t\t\t<\/div>\n\t\t\t\t<div class=\"elementor-element elementor-element-06c9f3c g4 block ce_text elementor-widget elementor-widget-text-editor\" data-id=\"06c9f3c\" data-element_type=\"widget\" data-widget_type=\"text-editor.default\">\n\t\t\t\t<div class=\"elementor-widget-container\">\n\t\t\t\t\t\t\t\t\t<h3>SERVICE<\/h3><div><a href=\"mailto:service@teknosavo.fi\">service@teknosavo.fi<\/a><\/div>\t\t\t\t\t\t\t\t<\/div>\n\t\t\t\t<\/div>\n\t\t\t\t<div class=\"elementor-element elementor-element-c4959da g4 block ce_text elementor-widget elementor-widget-text-editor\" data-id=\"c4959da\" data-element_type=\"widget\" data-widget_type=\"text-editor.default\">\n\t\t\t\t<div class=\"elementor-widget-container\">\n\t\t\t\t\t\t\t\t\t<p><strong>Kimmo Makkonen<br \/><\/strong>Service Engineer<br \/><br \/><a href=\"mailto:kimmo.makkonen@teknosavo.fi\">kimmo.makkonen@teknosavo.fi<\/a><\/p>\t\t\t\t\t\t\t\t<\/div>\n\t\t\t\t<\/div>\n\t\t\t\t<div class=\"elementor-element elementor-element-348dd5e g4 block ce_text elementor-widget elementor-widget-text-editor\" data-id=\"348dd5e\" data-element_type=\"widget\" data-widget_type=\"text-editor.default\">\n\t\t\t\t<div class=\"elementor-widget-container\">\n\t\t\t\t\t\t\t\t\t<p><strong>Kalle Kuivalainen<br \/><\/strong>Service Engineer<br \/><br \/><a href=\"mailto:kalle.kuivalainen@teknosavo.fi\">kalle.kuivalainen@teknosavo.fi<\/a><\/p>\t\t\t\t\t\t\t\t<\/div>\n\t\t\t\t<\/div>\n\t\t\t\t<div class=\"elementor-element elementor-element-7089290 g4 block ce_text elementor-widget elementor-widget-text-editor\" data-id=\"7089290\" data-element_type=\"widget\" data-widget_type=\"text-editor.default\">\n\t\t\t\t<div class=\"elementor-widget-container\">\n\t\t\t\t\t\t\t\t\t<p><strong>Tatu Saariniva<br \/><\/strong>Service Engineer<br \/><br \/><a href=\"mailto:tatu.saariniva@teknosavo.fi\">tatu.saariniva@teknosavo.fi<\/a><\/p>\t\t\t\t\t\t\t\t<\/div>\n\t\t\t\t<\/div>\n\t\t\t\t<div class=\"elementor-element elementor-element-18b884b  block ce_html elementor-widget elementor-widget-html\" data-id=\"18b884b\" data-element_type=\"widget\" data-widget_type=\"html.default\">\n\t\t\t\t<div class=\"elementor-widget-container\">\n\t\t\t\t\t<div style=\"clear:both;\"><\/div>\t\t\t\t<\/div>\n\t\t\t\t<\/div>\n\t\t\t\t<div class=\"elementor-element elementor-element-a26b639 g4 block ce_text elementor-widget elementor-widget-text-editor\" data-id=\"a26b639\" data-element_type=\"widget\" data-widget_type=\"text-editor.default\">\n\t\t\t\t<div class=\"elementor-widget-container\">\n\t\t\t\t\t\t\t\t\t<h3>SALES<\/h3><div><a href=\"mailto:sales@teknosavo.fi\">sales@teknosavo.fi<\/a><\/div>\t\t\t\t\t\t\t\t<\/div>\n\t\t\t\t<\/div>\n\t\t\t\t<div class=\"elementor-element elementor-element-1854ad4 g4 block ce_text elementor-widget elementor-widget-text-editor\" data-id=\"1854ad4\" data-element_type=\"widget\" data-widget_type=\"text-editor.default\">\n\t\t\t\t<div class=\"elementor-widget-container\">\n\t\t\t\t\t\t\t\t\t<p><strong>Kari Kallio<br \/><\/strong>Sales Manager<br \/>Mob.\u00a0 +358 (0) 400 332 335<br \/><a href=\"mailto:kari.kallio@teknosavo.fi\"><span style=\"font-style: inherit !important; font-weight: inherit !important;\">kari.kallio@teknosavo.fi<\/span><\/a><\/p>\t\t\t\t\t\t\t\t<\/div>\n\t\t\t\t<\/div>\n\t\t\t\t<div class=\"elementor-element elementor-element-0b7ad96 g4 block ce_text elementor-widget elementor-widget-text-editor\" data-id=\"0b7ad96\" data-element_type=\"widget\" data-widget_type=\"text-editor.default\">\n\t\t\t\t<div class=\"elementor-widget-container\">\n\t\t\t\t\t\t\t\t\t<p><strong>Timo Alasuvanto<br><\/strong>Sales Manager<br>Mob.&nbsp; +358 (0) 44 477 2058<br><a href=\"mailto:timo.alasuvanto@teknosavo.fi\">timo.alasuvanto@teknosavo.fi<\/a><\/p>\t\t\t\t\t\t\t\t<\/div>\n\t\t\t\t<\/div>\n\t\t\t\t<div class=\"elementor-element elementor-element-d11a978  block ce_html elementor-widget elementor-widget-html\" data-id=\"d11a978\" data-element_type=\"widget\" data-widget_type=\"html.default\">\n\t\t\t\t<div class=\"elementor-widget-container\">\n\t\t\t\t\t<div style=\"clear:both;\"><\/div>\t\t\t\t<\/div>\n\t\t\t\t<\/div>\n\t\t\t\t<div class=\"elementor-element elementor-element-4b8e692 g1 block ce_text elementor-widget elementor-widget-text-editor\" data-id=\"4b8e692\" data-element_type=\"widget\" data-widget_type=\"text-editor.default\">\n\t\t\t\t<div class=\"elementor-widget-container\">\n\t\t\t\t\t\t\t\t\t<h3>SALES AGENTS<\/h3><h3>EUROPE<\/h3>\t\t\t\t\t\t\t\t<\/div>\n\t\t\t\t<\/div>\n\t\t\t\t<div class=\"elementor-element elementor-element-6d78a1e g4 block ce_text elementor-widget elementor-widget-text-editor\" data-id=\"6d78a1e\" data-element_type=\"widget\" data-widget_type=\"text-editor.default\">\n\t\t\t\t<div class=\"elementor-widget-container\">\n\t\t\t\t\t\t\t\t\t<h5>SLOVAK republic<\/h5><p>\u00a0<\/p><p>AGROSILVA SR, S.R.O.<br \/>Kukucinova 25<br \/>SK-921 01 Piestany,<br \/>Slovak republic<br \/>Tel. +421 90 561 8352<br \/>Fax +421 33 772 3034<br \/><a title=\"Send E-mail\" href=\"mailto:agrosilva@py.sknet.sk\">agrosilva@agrosilva.sk<\/a><\/p>\t\t\t\t\t\t\t\t<\/div>\n\t\t\t\t<\/div>\n\t\t\t\t<div class=\"elementor-element elementor-element-0026fc4 g4 block ce_text elementor-widget elementor-widget-text-editor\" data-id=\"0026fc4\" data-element_type=\"widget\" data-widget_type=\"text-editor.default\">\n\t\t\t\t<div class=\"elementor-widget-container\">\n\t\t\t\t\t\t\t\t\t<h5>SPAIN<br \/><br \/><\/h5><p>\u00a0<\/p><p>Sotgar Systems S.L.<br \/>Per Hornstein<br \/>Apdo. 30231<br \/>E-08080 Barcelona<br \/>Spain<br \/>Tel. +34 93 205 5830<br \/>Fax +34 93 205 5490<br \/><a title=\"Send E-mail\" href=\"mailto:perhornstein@sotgar.com\">perhornstein@sotgar.com<\/a><\/p>\t\t\t\t\t\t\t\t<\/div>\n\t\t\t\t<\/div>\n\t\t\t\t<div class=\"elementor-element elementor-element-7f0c022 g4 block ce_text elementor-widget elementor-widget-text-editor\" data-id=\"7f0c022\" data-element_type=\"widget\" data-widget_type=\"text-editor.default\">\n\t\t\t\t<div class=\"elementor-widget-container\">\n\t\t\t\t\t\t\t\t\t<h5>Austria and germany<\/h5><p>\u00a0<\/p><p>Dr. Gerhard Gabriel<br \/>gage 4P e. U.<br \/>Josef-Berghold-Strasse 23<br \/>2514 M\u00f6llersdorf<br \/>Austria<br \/>Tel. +43 681 2089 5112<br \/><a href=\"mailto:gerhard.gabriel@gage4p.com\">gerhard.gabriel@gage4p.com<\/a><\/p>\t\t\t\t\t\t\t\t<\/div>\n\t\t\t\t<\/div>\n\t\t\t\t<div class=\"elementor-element elementor-element-bc65778 g4 block ce_text elementor-widget elementor-widget-text-editor\" data-id=\"bc65778\" data-element_type=\"widget\" data-widget_type=\"text-editor.default\">\n\t\t\t\t<div class=\"elementor-widget-container\">\n\t\t\t\t\t\t\t\t\t<h5>FRANCE<br \/><br \/><\/h5><p>\u00a0<\/p><p>LOGICONSULT<br \/>Tel. +33 (0)5 63 23 28<br \/>ZI n\u00b03 &#8211; 63, avenue Maryse Basti\u00e9<br \/>16340 L\u2019Isle d\u2019Espagnac \u2013 France<br \/><a href=\"mailto:gerhard.gabriel@gage4p.com\">contact@logi-consult.fr<\/a><\/p>\t\t\t\t\t\t\t\t<\/div>\n\t\t\t\t<\/div>\n\t\t\t\t<div class=\"elementor-element elementor-element-34a72be  block ce_html elementor-widget elementor-widget-html\" data-id=\"34a72be\" data-element_type=\"widget\" data-widget_type=\"html.default\">\n\t\t\t\t<div class=\"elementor-widget-container\">\n\t\t\t\t\t<div style=\"clear:both;\"><\/div>\t\t\t\t<\/div>\n\t\t\t\t<\/div>\n\t\t\t\t\t<\/div>\n\t\t<\/div>\n\t\t\t\t\t<\/div>\n\t\t<\/section>\n\t\t\t\t<section class=\"elementor-section elementor-top-section elementor-element elementor-element-4ce599b elementor-section-boxed elementor-section-height-default elementor-section-height-default\" data-id=\"4ce599b\" data-element_type=\"section\">\n\t\t\t\t\t\t<div class=\"elementor-container elementor-column-gap-default\">\n\t\t\t\t\t<div class=\"elementor-column elementor-col-100 elementor-top-column elementor-element elementor-element-088abd2\" data-id=\"088abd2\" data-element_type=\"column\">\n\t\t\t<div class=\"elementor-widget-wrap elementor-element-populated\">\n\t\t\t\t\t\t<div class=\"elementor-element elementor-element-2005f7f elementor-widget__width-initial elementor-widget elementor-widget-text-editor\" data-id=\"2005f7f\" data-element_type=\"widget\" data-widget_type=\"text-editor.default\">\n\t\t\t\t<div class=\"elementor-widget-container\">\n\t\t\t\t\t\t\t\t\t<h5>PORTUGAL<\/h5><p>Celpapel &#8211; Equipamentos Industriais, LDA.<br \/>Rua Armando Cortez, 1-1\u00baD<br \/>2770-233 Pa\u00e7o de Arcos, Portugal<br \/>Tel. +351 21 313 8340<br \/>Fax +351 21 356 1335<br \/><a title=\"Send E-mail\" href=\"mailto:james.blades@celpapel.com\">james.blades@celpapel.com<\/a><\/p>\t\t\t\t\t\t\t\t<\/div>\n\t\t\t\t<\/div>\n\t\t\t\t\t<\/div>\n\t\t<\/div>\n\t\t\t\t\t<\/div>\n\t\t<\/section>\n\t\t\t\t<section class=\"elementor-section elementor-top-section elementor-element elementor-element-dd3f77a elementor-section-boxed elementor-section-height-default elementor-section-height-default\" data-id=\"dd3f77a\" data-element_type=\"section\">\n\t\t\t\t\t\t<div class=\"elementor-container elementor-column-gap-default\">\n\t\t\t\t\t<div class=\"elementor-column elementor-col-100 elementor-top-column elementor-element elementor-element-9c4b6b4\" data-id=\"9c4b6b4\" data-element_type=\"column\">\n\t\t\t<div class=\"elementor-widget-wrap elementor-element-populated\">\n\t\t\t\t\t\t<div class=\"elementor-element elementor-element-ed81052 g1 block ce_text elementor-widget elementor-widget-text-editor\" data-id=\"ed81052\" data-element_type=\"widget\" data-widget_type=\"text-editor.default\">\n\t\t\t\t<div class=\"elementor-widget-container\">\n\t\t\t\t\t\t\t\t\t<h3>USA, SOUTH-AFRICA, INDONESIA, CHILE<\/h3>\t\t\t\t\t\t\t\t<\/div>\n\t\t\t\t<\/div>\n\t\t\t\t<div class=\"elementor-element elementor-element-8b6a8bf  block ce_html elementor-widget elementor-widget-html\" data-id=\"8b6a8bf\" data-element_type=\"widget\" data-widget_type=\"html.default\">\n\t\t\t\t<div class=\"elementor-widget-container\">\n\t\t\t\t\t<div style=\"clear:both;\"><\/div>\t\t\t\t<\/div>\n\t\t\t\t<\/div>\n\t\t\t\t<div class=\"elementor-element elementor-element-e296c50 elementor-widget__width-initial elementor-widget elementor-widget-text-editor\" data-id=\"e296c50\" data-element_type=\"widget\" data-widget_type=\"text-editor.default\">\n\t\t\t\t<div class=\"elementor-widget-container\">\n\t\t\t\t\t\t\t\t\t<h5>USA &#8211; State of minnesota, michigan, wisconsin, illinois, indiana, iowa, ohio \/ canada &#8211; Ontario province<\/h5>\n<p>MATERIAL CONTROL SOLUTIONS LLC |&nbsp;<br>Chris Veley<br>Direct: +1 (0)414 708 4475<br>Fax: +1 (0)414 423 4473<br>Office: +1 (0)866 476 9861 or +1 (0)414 423 4472<br>1987 W Perdue<br>Milwaukee, WI 53209&nbsp;&nbsp;<br><a href=\"mailto:chris@materialcontrolsolutionsllc.com\">chris@materialcontrolsolutionsllc.com<\/a><br><a href=\"https:\/\/www.materialcontrolsolutionsllc.com\">www.materialcontrolsolutionsllc.com<\/a><\/p>\n<p><\/p>\t\t\t\t\t\t\t\t<\/div>\n\t\t\t\t<\/div>\n\t\t\t\t<div class=\"elementor-element elementor-element-a035c99  block ce_html elementor-widget elementor-widget-html\" data-id=\"a035c99\" data-element_type=\"widget\" data-widget_type=\"html.default\">\n\t\t\t\t<div class=\"elementor-widget-container\">\n\t\t\t\t\t<div style=\"clear:both;\"><\/div>\t\t\t\t<\/div>\n\t\t\t\t<\/div>\n\t\t\t\t<div class=\"elementor-element elementor-element-e569e74 elementor-widget__width-initial elementor-widget elementor-widget-text-editor\" data-id=\"e569e74\" data-element_type=\"widget\" data-widget_type=\"text-editor.default\">\n\t\t\t\t<div class=\"elementor-widget-container\">\n\t\t\t\t\t\t\t\t\t<h5>SOUTH-AFRICA<\/h5><p>IMPORTANT PRODUCTS (PTY) LTD |<br \/>Theo Churchill<br \/>Tel.+2782 897 2464<br \/>P.O Box 69128, Bryanston, 2021, South Africa<br \/><a href=\"mailto:theo.churchill@importantproducts.co.za\">theo.churchill@importantproducts.co.za<\/a><\/p>\t\t\t\t\t\t\t\t<\/div>\n\t\t\t\t<\/div>\n\t\t\t\t<div class=\"elementor-element elementor-element-fdb65b7  block ce_html elementor-widget elementor-widget-html\" data-id=\"fdb65b7\" data-element_type=\"widget\" data-widget_type=\"html.default\">\n\t\t\t\t<div class=\"elementor-widget-container\">\n\t\t\t\t\t<div style=\"clear:both;\"><\/div>\t\t\t\t<\/div>\n\t\t\t\t<\/div>\n\t\t\t\t<div class=\"elementor-element elementor-element-8ddf3d2 elementor-widget elementor-widget-text-editor\" data-id=\"8ddf3d2\" data-element_type=\"widget\" data-widget_type=\"text-editor.default\">\n\t\t\t\t<div class=\"elementor-widget-container\">\n\t\t\t\t\t\t\t\t\t<h5>Indonesia<\/h5><p>Nordic Ventures Pte. Ltd<br \/>Jakarta<br \/>Tel: +62\u00a0811\u00a0153 2282<br \/><a href=\"mailto:jakarta@nvg.fi\">jakarta@nvg.fi<\/a><\/p>\t\t\t\t\t\t\t\t<\/div>\n\t\t\t\t<\/div>\n\t\t\t\t<div class=\"elementor-element elementor-element-3a59b09  block ce_html elementor-widget elementor-widget-html\" data-id=\"3a59b09\" data-element_type=\"widget\" data-widget_type=\"html.default\">\n\t\t\t\t<div class=\"elementor-widget-container\">\n\t\t\t\t\t<div style=\"clear:both;\"><\/div>\t\t\t\t<\/div>\n\t\t\t\t<\/div>\n\t\t\t\t<div class=\"elementor-element elementor-element-3af0df1 elementor-widget elementor-widget-text-editor\" data-id=\"3af0df1\" data-element_type=\"widget\" data-widget_type=\"text-editor.default\">\n\t\t\t\t<div class=\"elementor-widget-container\">\n\t\t\t\t\t\t\t\t\t<h5>CHILE<\/h5><p>TUTKA INGENIERIA &amp; CONSTRUCCION SPA | +56 (0)9 75 93 94 89<br \/>Marconi 840 11 Pedro Lagos<br \/>Los Angeles<br \/><a href=\"mailto:hcorrea@tutka.cl\">hcorrea@tutka.cl<\/a><\/p>\t\t\t\t\t\t\t\t<\/div>\n\t\t\t\t<\/div>\n\t\t\t\t\t<\/div>\n\t\t<\/div>\n\t\t\t\t\t<\/div>\n\t\t<\/section>\n\t\t\t\t<\/div>\n\t\t","protected":false},"excerpt":{"rendered":"<p>CONTACTTeknosavo MANAGEMENT smart@teknosavo.fi Hannu H\u00e4m\u00e4l\u00e4inenManaging DirectorMob. +358 (0) 50 529 1366hannu.hamalainen@teknosavo.fi Hanna MatilainenController&nbsp;Mob. +358 (0)&nbsp;44&nbsp;477 2050hanna.matilainen@teknosavo.fi Sonja NiittylahtiMob. +358 (0)\u00a050\u00a0348 7386sonja.niittylahti@teknosavo.fi \u00a0 \u00a0 \u00a0 \u00a0 \u00a0\u00a0 Jarna SalminenMarketing AssistantMob. +358 (0) 50\u00a0340 5973jarna.salminen@teknosavo.fi INVOICING smart@teknosavo.fi Teknosavo Oy Vipusenkatu 15FI-57200 SavonlinnaMob. +358 (0) 15 477 0700smart@teknosavo.fi Business IDFI07520148 E-invoice address003707520148 E-invoicing operator(OpenText) Operator code003708599126 EDI code003707520148 [&hellip;]<\/p>\n","protected":false},"author":12,"featured_media":317,"parent":0,"menu_order":0,"comment_status":"closed","ping_status":"closed","template":"","meta":{"footnotes":""},"class_list":["post-40","page","type-page","status-publish","has-post-thumbnail","hentry"],"aioseo_notices":[],"_links":{"self":[{"href":"https:\/\/teknosavo.fi\/en\/wp-json\/wp\/v2\/pages\/40","targetHints":{"allow":["GET"]}}],"collection":[{"href":"https:\/\/teknosavo.fi\/en\/wp-json\/wp\/v2\/pages"}],"about":[{"href":"https:\/\/teknosavo.fi\/en\/wp-json\/wp\/v2\/types\/page"}],"author":[{"embeddable":true,"href":"https:\/\/teknosavo.fi\/en\/wp-json\/wp\/v2\/users\/12"}],"replies":[{"embeddable":true,"href":"https:\/\/teknosavo.fi\/en\/wp-json\/wp\/v2\/comments?post=40"}],"version-history":[{"count":82,"href":"https:\/\/teknosavo.fi\/en\/wp-json\/wp\/v2\/pages\/40\/revisions"}],"predecessor-version":[{"id":4384,"href":"https:\/\/teknosavo.fi\/en\/wp-json\/wp\/v2\/pages\/40\/revisions\/4384"}],"wp:featuredmedia":[{"embeddable":true,"href":"https:\/\/teknosavo.fi\/en\/wp-json\/wp\/v2\/media\/317"}],"wp:attachment":[{"href":"https:\/\/teknosavo.fi\/en\/wp-json\/wp\/v2\/media?parent=40"}],"curies":[{"name":"wp","href":"https:\/\/api.w.org\/{rel}","templated":true}]}}