{"id":91,"date":"2015-08-10T05:36:09","date_gmt":"2015-08-10T02:36:09","guid":{"rendered":"http:\/\/wwwtesti.teknosavo.fi\/teknosavo-4\/"},"modified":"2019-05-29T15:05:25","modified_gmt":"2019-05-29T12:05:25","slug":"teknosavo-109","status":"publish","type":"page","link":"https:\/\/teknosavo.fi\/de\/teknosavo-109\/","title":{"rendered":"Teknosavo"},"content":{"rendered":"\t\t<div data-elementor-type=\"wp-post\" data-elementor-id=\"91\" class=\"elementor elementor-91\" data-elementor-post-type=\"page\">\n\t\t\t\t\t\t<section class=\"elementor-section elementor-top-section elementor-element elementor-element-d6ad4f0b04e2b77a5b59cbc0eef57dc6 elementor-section-boxed elementor-section-height-default elementor-section-height-default\" data-id=\"d6ad4f0b04e2b77a5b59cbc0eef57dc6\" data-element_type=\"section\">\n\t\t\t\t\t\t<div class=\"elementor-container elementor-column-gap-default\">\n\t\t\t\t\t<div class=\"elementor-column elementor-col- elementor-top-column elementor-element elementor-element-d3d90888cc6bf40cd79eb786046ac19d mod_articlehide_mobile\" data-id=\"d3d90888cc6bf40cd79eb786046ac19d\" data-element_type=\"column\" id=\"kuvabanneri\">\n\t\t\t<div class=\"elementor-widget-wrap\">\n\t\t\t\t\t\t\t<\/div>\n\t\t<\/div>\n\t\t\t\t\t<\/div>\n\t\t<\/section>\n\t\t\t\t<section class=\"elementor-section elementor-top-section elementor-element elementor-element-49bae21b1aa865216d7ce7cbb0772a87 elementor-section-boxed elementor-section-height-default elementor-section-height-default\" data-id=\"49bae21b1aa865216d7ce7cbb0772a87\" data-element_type=\"section\">\n\t\t\t\t\t\t<div class=\"elementor-container elementor-column-gap-default\">\n\t\t\t\t\t<div class=\"elementor-column elementor-col- elementor-top-column elementor-element elementor-element-e83b8ec2ad53394e7ba02b9b341021f9 mod_article\" data-id=\"e83b8ec2ad53394e7ba02b9b341021f9\" data-element_type=\"column\">\n\t\t\t<div class=\"elementor-widget-wrap elementor-element-populated\">\n\t\t\t\t\t\t<div class=\"elementor-element elementor-element-c7853467fb3e375f53bd37c86d553650 ingressi block ce_text elementor-widget elementor-widget-text-editor\" data-id=\"c7853467fb3e375f53bd37c86d553650\" data-element_type=\"widget\" data-widget_type=\"text-editor.default\">\n\t\t\t\t<div class=\"elementor-widget-container\">\n\t\t\t\t\t\t\t\t\t<h1>GLOBAL BEW\u00c4HRTES KNOW-HOW <br>IN OPTIMIERUNG<\/h1>\n<p>Teknosavo ist auf die Lieferung von Optimierungssystemen und Online-Messsystemen f\u00fcr Holzverarbeitungsindustrie sowie auf die Planung von kundenspezifischen Projekten im Bereich von Elektrik, Automation, Software und Mechanik spezialisiert.<br><br><\/p>\t\t\t\t\t\t\t\t<\/div>\n\t\t\t\t<\/div>\n\t\t\t\t<div class=\"elementor-element elementor-element-3a01ac8b36e94044661f2a3985da3697 g1 block ce_text elementor-widget elementor-widget-text-editor\" data-id=\"3a01ac8b36e94044661f2a3985da3697\" data-element_type=\"widget\" data-widget_type=\"text-editor.default\">\n\t\t\t\t<div class=\"elementor-widget-container\">\n\t\t\t\t\t\t\t\t\t<p>Teknosavo wurde im Jahr 1988 gegr\u00fcndet und hat seitdem technisches Know-how auf hohem Niveau in der Holzverarbeitungsbrache ausbauen k\u00f6nnen. In Laufe der Jahre haben wir umfassendes Fachwissen \u00fcber Prozesse von Gro\u00dfkunden auf dem globalen Markt aufgebaut. In Teknosavos Standort Savonlinna, engagieren sich unsere erfahrenen Ingenieure und Programmierprofis im Bereich der Messsysteme und Entrindungsprozesse, um mit unseren exakt abgestimmten Arbeitsmethoden zuverl\u00e4ssliche Produkte und Systeme zu erstellen.<\/p>\t\t\t\t\t\t\t\t<\/div>\n\t\t\t\t<\/div>\n\t\t\t\t<div class=\"elementor-element elementor-element-b2ddc7b3588041d7137d67ed28c03dc7 g1 block ce_image elementor-widget elementor-widget-image\" data-id=\"b2ddc7b3588041d7137d67ed28c03dc7\" data-element_type=\"widget\" data-widget_type=\"image.default\">\n\t\t\t\t<div class=\"elementor-widget-container\">\n\t\t\t\t\t\t\t\t\t\t\t\t\t\t\t<img fetchpriority=\"high\" decoding=\"async\" width=\"980\" height=\"579\" src=\"https:\/\/teknosavo.fi\/wp-content\/uploads\/2019\/04\/map-teknosavo.png\" class=\"attachment-full size-full wp-image-633\" alt=\"Teknosavo world map\" srcset=\"https:\/\/teknosavo.fi\/wp-content\/uploads\/2019\/04\/map-teknosavo.png 980w, https:\/\/teknosavo.fi\/wp-content\/uploads\/2019\/04\/map-teknosavo-300x177.png 300w, https:\/\/teknosavo.fi\/wp-content\/uploads\/2019\/04\/map-teknosavo-768x454.png 768w\" sizes=\"(max-width: 980px) 100vw, 980px\" \/>\t\t\t\t\t\t\t\t\t\t\t\t\t\t\t<\/div>\n\t\t\t\t<\/div>\n\t\t\t\t<div class=\"elementor-element elementor-element-7943391217bc7d25b94267835520f624 g3 blue block ce_text elementor-widget elementor-widget-text-editor\" data-id=\"7943391217bc7d25b94267835520f624\" data-element_type=\"widget\" data-widget_type=\"text-editor.default\">\n\t\t\t\t<div class=\"elementor-widget-container\">\n\t\t\t\t\t\t\t\t\t<h5>GER\u00c4TE DER N\u00c4CHSTEN GENERATION<\/h5>\n<p>Durch unsere umfassenden Forschungs- und Entwicklungsprogramme, welche in enger Zusammenarbeit mit unseren Kunden durchgef\u00fchrt werden, werden wir weiterhin in der Lage sein, Online-Messsysteme der n\u00e4chsten Generation auf den Markt zu bringen. Die kontinuierliche Entwicklungsarbeit hat eine vollst\u00e4ndige Produktfamilie erschaffen, die Antworten auf diverse Kundenbed\u00fcrfnisse und -anforderungen bieten.<\/p>\t\t\t\t\t\t\t\t<\/div>\n\t\t\t\t<\/div>\n\t\t\t\t<div class=\"elementor-element elementor-element-f7ba77b2a528338702033946c8d34437 g3 green block ce_text elementor-widget elementor-widget-text-editor\" data-id=\"f7ba77b2a528338702033946c8d34437\" data-element_type=\"widget\" data-widget_type=\"text-editor.default\">\n\t\t\t\t<div class=\"elementor-widget-container\">\n\t\t\t\t\t\t\t\t\t<h5>BERATUNGS- <br>DIENSTLEISTUNGEN<\/h5>\n<p>Durch unsere Beratungsdienstleistungen profitieren unsere Kunden von unserem Fachwissen, das wir im Laufe der vielen Jahre unserer T\u00e4tigkeit aufgebaut haben. Wir evaluieren die Aktivit\u00e4ten und Prozesse im Bereich der Holz- und Hackschnitzelvorbereitung, um die hohe Qualit\u00e4t der Endergebnisse zu gew\u00e4hrleisten.<\/p>\t\t\t\t\t\t\t\t<\/div>\n\t\t\t\t<\/div>\n\t\t\t\t<div class=\"elementor-element elementor-element-614259e5e8a0868a6d92d5c62d6d3a7e g3 aqua block ce_text elementor-widget elementor-widget-text-editor\" data-id=\"614259e5e8a0868a6d92d5c62d6d3a7e\" data-element_type=\"widget\" data-widget_type=\"text-editor.default\">\n\t\t\t\t<div class=\"elementor-widget-container\">\n\t\t\t\t\t\t\t\t\t<h5>ZERTIFIZIERTE <br>QUALIT\u00c4T<\/h5>\n<p>Um unser Versprechen an unsere Kunden zu halten, haben wir f\u00fcr unsere Aktivit\u00e4ten ein internes Qualit\u00e4tsystem entwickelt, welches ISO 9001-Zertifizierung erhalten hat. Wir haben uns zum Ziel gesetzt, unseren Mitarbeitern Trainingsprogamme zu bieten, um sie auf dem Laufenden mit den neuesten Entwicklungen der Branche zu halten.<\/p>\t\t\t\t\t\t\t\t<\/div>\n\t\t\t\t<\/div>\n\t\t\t\t\t<\/div>\n\t\t<\/div>\n\t\t\t\t\t<\/div>\n\t\t<\/section>\n\t\t\t\t<\/div>\n\t\t","protected":false},"excerpt":{"rendered":"","protected":false},"author":12,"featured_media":317,"parent":0,"menu_order":0,"comment_status":"closed","ping_status":"closed","template":"","meta":{"footnotes":""},"class_list":["post-91","page","type-page","status-publish","has-post-thumbnail","hentry"],"aioseo_notices":[],"_links":{"self":[{"href":"https:\/\/teknosavo.fi\/de\/wp-json\/wp\/v2\/pages\/91","targetHints":{"allow":["GET"]}}],"collection":[{"href":"https:\/\/teknosavo.fi\/de\/wp-json\/wp\/v2\/pages"}],"about":[{"href":"https:\/\/teknosavo.fi\/de\/wp-json\/wp\/v2\/types\/page"}],"author":[{"embeddable":true,"href":"https:\/\/teknosavo.fi\/de\/wp-json\/wp\/v2\/users\/12"}],"replies":[{"embeddable":true,"href":"https:\/\/teknosavo.fi\/de\/wp-json\/wp\/v2\/comments?post=91"}],"version-history":[{"count":1,"href":"https:\/\/teknosavo.fi\/de\/wp-json\/wp\/v2\/pages\/91\/revisions"}],"predecessor-version":[{"id":208,"href":"https:\/\/teknosavo.fi\/de\/wp-json\/wp\/v2\/pages\/91\/revisions\/208"}],"wp:featuredmedia":[{"embeddable":true,"href":"https:\/\/teknosavo.fi\/de\/wp-json\/wp\/v2\/media\/317"}],"wp:attachment":[{"href":"https:\/\/teknosavo.fi\/de\/wp-json\/wp\/v2\/media?parent=91"}],"curies":[{"name":"wp","href":"https:\/\/api.w.org\/{rel}","templated":true}]}}