{"id":88,"date":"2015-10-23T06:58:50","date_gmt":"2015-10-23T03:58:50","guid":{"rendered":"http:\/\/wwwtesti.teknosavo.fi\/datenerfassung-und-berichte\/"},"modified":"2019-05-29T15:05:23","modified_gmt":"2019-05-29T12:05:23","slug":"datenerfassung-und-berichte","status":"publish","type":"page","link":"https:\/\/teknosavo.fi\/de\/datenerfassung-und-berichte\/","title":{"rendered":"Datenerfassung und Berichte"},"content":{"rendered":"\t\t<div data-elementor-type=\"wp-post\" data-elementor-id=\"88\" class=\"elementor elementor-88 elementor-55\" data-elementor-post-type=\"page\">\n\t\t\t\t\t\t<section class=\"elementor-section elementor-top-section elementor-element elementor-element-0872949114c6d4d93452cfa4bfe569cb elementor-section-boxed elementor-section-height-default elementor-section-height-default\" data-id=\"0872949114c6d4d93452cfa4bfe569cb\" data-element_type=\"section\">\n\t\t\t\t\t\t<div class=\"elementor-container elementor-column-gap-default\">\n\t\t\t\t\t<div class=\"elementor-column elementor-col- elementor-top-column elementor-element elementor-element-107ee482b9a5660bd03241c49cb9ad12 mod_articlehide_mobile\" data-id=\"107ee482b9a5660bd03241c49cb9ad12\" data-element_type=\"column\" id=\"kuvabanneri\">\n\t\t\t<div class=\"elementor-widget-wrap\">\n\t\t\t\t\t\t\t<\/div>\n\t\t<\/div>\n\t\t\t\t\t<\/div>\n\t\t<\/section>\n\t\t\t\t<section class=\"elementor-section elementor-top-section elementor-element elementor-element-2cdada5a7b07e52ba611ffbd63c6e83c elementor-section-boxed elementor-section-height-default elementor-section-height-default\" data-id=\"2cdada5a7b07e52ba611ffbd63c6e83c\" data-element_type=\"section\">\n\t\t\t\t\t\t<div class=\"elementor-container elementor-column-gap-default\">\n\t\t\t\t\t<div class=\"elementor-column elementor-col- elementor-top-column elementor-element elementor-element-ce0dfbc6cfc2a1cfcc38c6ccb5041cf6 mod_articleinfoBg\" data-id=\"ce0dfbc6cfc2a1cfcc38c6ccb5041cf6\" data-element_type=\"column\">\n\t\t\t<div class=\"elementor-widget-wrap elementor-element-populated\">\n\t\t\t\t\t\t<div class=\"elementor-element elementor-element-b50ca428a02e79df89b48b2bc4f9023e g2 ingressi block ce_text elementor-widget elementor-widget-text-editor\" data-id=\"b50ca428a02e79df89b48b2bc4f9023e\" data-element_type=\"widget\" data-widget_type=\"text-editor.default\">\n\t\t\t\t<div class=\"elementor-widget-container\">\n\t\t\t\t\t\t\t\t\t<h1>Datenerfassung und Berichte <br>rund um die Uhr<\/h1>\n<p class=\"p1\">St\u00e4ndige Leistungsbesserung erfordert hochentwickelte Berichtsanwendungen.<\/p>\t\t\t\t\t\t\t\t<\/div>\n\t\t\t\t<\/div>\n\t\t\t\t<div class=\"elementor-element elementor-element-dc6d3a0c152269e016559618f39b660c g2 block ce_text elementor-widget elementor-widget-text-editor\" data-id=\"dc6d3a0c152269e016559618f39b660c\" data-element_type=\"widget\" data-widget_type=\"text-editor.default\">\n\t\t\t\t<div class=\"elementor-widget-container\">\n\t\t\t\t\t\t\t\t\t<p><img fetchpriority=\"high\" decoding=\"async\" src=\"https:\/\/teknosavo.fi\/wp-content\/uploads\/2019\/04\/de-smart-products-teknosavo.png\" alt=\"\" width=\"554\" height=\"327\"><\/p>\t\t\t\t\t\t\t\t<\/div>\n\t\t\t\t<\/div>\n\t\t\t\t<div class=\"elementor-element elementor-element-44a759fa67bf62e0c6c0ad8682f55089 g1 block ce_text elementor-widget elementor-widget-text-editor\" data-id=\"44a759fa67bf62e0c6c0ad8682f55089\" data-element_type=\"widget\" data-widget_type=\"text-editor.default\">\n\t\t\t\t<div class=\"elementor-widget-container\">\n\t\t\t\t\t\t\t\t\t<h5 class=\"p1\">REPORTSMART\u2122<\/h5>\n<p>ReportSmart\u2122 ist eine Anwendung auf Windows-Basis f\u00fcr Berichte des Optimierungssystems WoodSmart\u2122 in Papier- und Zellstofffabriken. Die Anwendung enth\u00e4lt Funktionen zur Datenerfassung und zur Berechnung von gew\u00fcnschten Messparametern. Die gemessenen Werte k\u00f6nnen \u00fcber Diagramme in Echtzeit betrachtet werden. Die gespeicherten Daten k\u00f6nnen auch in der Datenbank angesehen werden. Bei Bedarf k\u00f6nnen die Daten in ein Tabellenkalkulationsprogramm wie MS Excel exportiert werden.<\/p>\n<p>Weitere Eigenschaften von ReportSmart\u2122 sind u.a. die Verwaltung von Ausfallsdaten sowie die M\u00f6glichkeit, Daten manuell einzugeben und zu korrigieren, sowie benutzerdefinierte Berichte in Web und MS Excel zu erstellen. ReportSmart\u2122 ist ein Teil des Informationssystems f\u00fcr Betreiber und Management (MIS). Durch die OPC-Schnittstelle ist die Software unabh\u00e4ngig von der verwendeten Hardware.<\/p>\t\t\t\t\t\t\t\t<\/div>\n\t\t\t\t<\/div>\n\t\t\t\t\t<\/div>\n\t\t<\/div>\n\t\t\t\t\t<\/div>\n\t\t<\/section>\n\t\t\t\t<\/div>\n\t\t","protected":false},"excerpt":{"rendered":"","protected":false},"author":12,"featured_media":317,"parent":0,"menu_order":0,"comment_status":"closed","ping_status":"closed","template":"","meta":{"footnotes":""},"class_list":["post-88","page","type-page","status-publish","has-post-thumbnail","hentry"],"aioseo_notices":[],"_links":{"self":[{"href":"https:\/\/teknosavo.fi\/de\/wp-json\/wp\/v2\/pages\/88","targetHints":{"allow":["GET"]}}],"collection":[{"href":"https:\/\/teknosavo.fi\/de\/wp-json\/wp\/v2\/pages"}],"about":[{"href":"https:\/\/teknosavo.fi\/de\/wp-json\/wp\/v2\/types\/page"}],"author":[{"embeddable":true,"href":"https:\/\/teknosavo.fi\/de\/wp-json\/wp\/v2\/users\/12"}],"replies":[{"embeddable":true,"href":"https:\/\/teknosavo.fi\/de\/wp-json\/wp\/v2\/comments?post=88"}],"version-history":[{"count":1,"href":"https:\/\/teknosavo.fi\/de\/wp-json\/wp\/v2\/pages\/88\/revisions"}],"predecessor-version":[{"id":205,"href":"https:\/\/teknosavo.fi\/de\/wp-json\/wp\/v2\/pages\/88\/revisions\/205"}],"wp:featuredmedia":[{"embeddable":true,"href":"https:\/\/teknosavo.fi\/de\/wp-json\/wp\/v2\/media\/317"}],"wp:attachment":[{"href":"https:\/\/teknosavo.fi\/de\/wp-json\/wp\/v2\/media?parent=88"}],"curies":[{"name":"wp","href":"https:\/\/api.w.org\/{rel}","templated":true}]}}