{"id":87,"date":"2018-07-31T06:53:37","date_gmt":"2018-07-31T03:53:37","guid":{"rendered":"http:\/\/wwwtesti.teknosavo.fi\/optimierung-der-entrindung\/"},"modified":"2019-05-29T15:05:23","modified_gmt":"2019-05-29T12:05:23","slug":"optimierung-der-entrindung","status":"publish","type":"page","link":"https:\/\/teknosavo.fi\/de\/optimierung-der-entrindung\/","title":{"rendered":"Optimierung der entrindung"},"content":{"rendered":"\t\t<div data-elementor-type=\"wp-post\" data-elementor-id=\"87\" class=\"elementor elementor-87 elementor-70\" data-elementor-post-type=\"page\">\n\t\t\t\t\t\t<section class=\"elementor-section elementor-top-section elementor-element elementor-element-2872ed916d15a64b52e240904ff62cb0 elementor-section-boxed elementor-section-height-default elementor-section-height-default\" data-id=\"2872ed916d15a64b52e240904ff62cb0\" data-element_type=\"section\">\n\t\t\t\t\t\t<div class=\"elementor-container elementor-column-gap-default\">\n\t\t\t\t\t<div class=\"elementor-column elementor-col- elementor-top-column elementor-element elementor-element-af59e5d164c0722f63ec7d6ae7d71451 mod_articlehide_mobile\" data-id=\"af59e5d164c0722f63ec7d6ae7d71451\" data-element_type=\"column\" id=\"kuvabanneri\">\n\t\t\t<div class=\"elementor-widget-wrap\">\n\t\t\t\t\t\t\t<\/div>\n\t\t<\/div>\n\t\t\t\t\t<\/div>\n\t\t<\/section>\n\t\t\t\t<section class=\"elementor-section elementor-top-section elementor-element elementor-element-23831d4c252ddd445e6cc514ee491aa7 elementor-section-boxed elementor-section-height-default elementor-section-height-default\" data-id=\"23831d4c252ddd445e6cc514ee491aa7\" data-element_type=\"section\">\n\t\t\t\t\t\t<div class=\"elementor-container elementor-column-gap-default\">\n\t\t\t\t\t<div class=\"elementor-column elementor-col- elementor-top-column elementor-element elementor-element-3de5a2eeee8494aad08e5659a0adc667 mod_articleinfoBg\" data-id=\"3de5a2eeee8494aad08e5659a0adc667\" data-element_type=\"column\">\n\t\t\t<div class=\"elementor-widget-wrap elementor-element-populated\">\n\t\t\t\t\t\t<div class=\"elementor-element elementor-element-6c981462f5b87bfb7f3ed9063ea9e7e3 g2 ingressi block ce_text elementor-widget elementor-widget-text-editor\" data-id=\"6c981462f5b87bfb7f3ed9063ea9e7e3\" data-element_type=\"widget\" data-widget_type=\"text-editor.default\">\n\t\t\t\t<div class=\"elementor-widget-container\">\n\t\t\t\t\t\t\t\t\t<h1>Optimierung der entrindung<\/h1>\n<p class=\"p1\">WoodSmart\u2122 wurde entwickelt, um den gesamten Entrindungsprozess zu steuern und um Reinheitsgrad und Ertrag zu optimieren.<\/p>\t\t\t\t\t\t\t\t<\/div>\n\t\t\t\t<\/div>\n\t\t\t\t<div class=\"elementor-element elementor-element-58230e872dc0bccd7589e0bd333ede10 g2 block ce_text elementor-widget elementor-widget-text-editor\" data-id=\"58230e872dc0bccd7589e0bd333ede10\" data-element_type=\"widget\" data-widget_type=\"text-editor.default\">\n\t\t\t\t<div class=\"elementor-widget-container\">\n\t\t\t\t\t\t\t\t\t<p><img fetchpriority=\"high\" decoding=\"async\" src=\"https:\/\/teknosavo.fi\/wp-content\/uploads\/2019\/04\/de-smart-products-teknosavo.png\" alt=\"\" width=\"554\" height=\"327\"><\/p>\t\t\t\t\t\t\t\t<\/div>\n\t\t\t\t<\/div>\n\t\t\t\t<div class=\"elementor-element elementor-element-d45b810681515aca968b7ce1b310d1c1  block ce_html elementor-widget elementor-widget-html\" data-id=\"d45b810681515aca968b7ce1b310d1c1\" data-element_type=\"widget\" data-widget_type=\"html.default\">\n\t\t\t\t<div class=\"elementor-widget-container\">\n\t\t\t\t\t<div style=\"clear:both;\"><\/div>\t\t\t\t<\/div>\n\t\t\t\t<\/div>\n\t\t\t\t<div class=\"elementor-element elementor-element-f3e95daa7fc8a504ab9bb84c9fcc09a2 g2 block ce_text elementor-widget elementor-widget-text-editor\" data-id=\"f3e95daa7fc8a504ab9bb84c9fcc09a2\" data-element_type=\"widget\" data-widget_type=\"text-editor.default\">\n\t\t\t\t<div class=\"elementor-widget-container\">\n\t\t\t\t\t\t\t\t\t<p><img decoding=\"async\" style=\"display: block; margin-left: auto; margin-right: auto;\" src=\"https:\/\/teknosavo.fi\/wp-content\/uploads\/2019\/04\/woodsmart_naytto.png\" alt=\"\" width=\"390\" height=\"355\"><\/p>\t\t\t\t\t\t\t\t<\/div>\n\t\t\t\t<\/div>\n\t\t\t\t<div class=\"elementor-element elementor-element-14873142edc50760dc60c9238cab3060 g2 blue block ce_text elementor-widget elementor-widget-text-editor\" data-id=\"14873142edc50760dc60c9238cab3060\" data-element_type=\"widget\" data-widget_type=\"text-editor.default\">\n\t\t\t\t<div class=\"elementor-widget-container\">\n\t\t\t\t\t\t\t\t\t<h5 class=\"p1\">WOODSMART\u2122<\/h5>\n<p>Die Online-Messung von verschiedenen Prozessparametern erm\u00f6glicht eine Gesamtoptimierung des Entrindungsprozesses, vom Trommelf\u00fcllgrad und Rindenanteil der Holzst\u00e4mme bis zur Messung der Hackschnitzelqualit\u00e4t. Das System berechnet die besten Steuerungsvariablen f\u00fcr die Entrindung und h\u00e4lt den Holzfluss so gleichm\u00e4\u00dfig wie m\u00f6glich.<\/p>\n<p>Die Online-Messung von verschiedenen Prozessparametern bietet viele Vorteile und erm\u00f6glicht eine Gesamtoptimierung des Entrindungsprozesses. WoodSmartTM kann in allen bestehenden oder neuen Holzbereitungsanlagen installiert werden.<\/p>\t\t\t\t\t\t\t\t<\/div>\n\t\t\t\t<\/div>\n\t\t\t\t\t<\/div>\n\t\t<\/div>\n\t\t\t\t\t<\/div>\n\t\t<\/section>\n\t\t\t\t<\/div>\n\t\t","protected":false},"excerpt":{"rendered":"","protected":false},"author":12,"featured_media":317,"parent":0,"menu_order":0,"comment_status":"closed","ping_status":"closed","template":"","meta":{"footnotes":""},"class_list":["post-87","page","type-page","status-publish","has-post-thumbnail","hentry"],"aioseo_notices":[],"_links":{"self":[{"href":"https:\/\/teknosavo.fi\/de\/wp-json\/wp\/v2\/pages\/87","targetHints":{"allow":["GET"]}}],"collection":[{"href":"https:\/\/teknosavo.fi\/de\/wp-json\/wp\/v2\/pages"}],"about":[{"href":"https:\/\/teknosavo.fi\/de\/wp-json\/wp\/v2\/types\/page"}],"author":[{"embeddable":true,"href":"https:\/\/teknosavo.fi\/de\/wp-json\/wp\/v2\/users\/12"}],"replies":[{"embeddable":true,"href":"https:\/\/teknosavo.fi\/de\/wp-json\/wp\/v2\/comments?post=87"}],"version-history":[{"count":1,"href":"https:\/\/teknosavo.fi\/de\/wp-json\/wp\/v2\/pages\/87\/revisions"}],"predecessor-version":[{"id":204,"href":"https:\/\/teknosavo.fi\/de\/wp-json\/wp\/v2\/pages\/87\/revisions\/204"}],"wp:featuredmedia":[{"embeddable":true,"href":"https:\/\/teknosavo.fi\/de\/wp-json\/wp\/v2\/media\/317"}],"wp:attachment":[{"href":"https:\/\/teknosavo.fi\/de\/wp-json\/wp\/v2\/media?parent=87"}],"curies":[{"name":"wp","href":"https:\/\/api.w.org\/{rel}","templated":true}]}}