{"id":86,"date":"2018-07-31T06:53:55","date_gmt":"2018-07-31T03:53:55","guid":{"rendered":"http:\/\/wwwtesti.teknosavo.fi\/uberwachung-der-hackschnitzelqualitat\/"},"modified":"2019-06-18T09:24:55","modified_gmt":"2019-06-18T06:24:55","slug":"uberwachung-der-hackschnitzelqualitat","status":"publish","type":"page","link":"https:\/\/teknosavo.fi\/de\/uberwachung-der-hackschnitzelqualitat\/","title":{"rendered":"\u00dcberwachung der hackschnitzelqualit\u00e4t"},"content":{"rendered":"\t\t<div data-elementor-type=\"wp-post\" data-elementor-id=\"86\" class=\"elementor elementor-86 elementor-102\" data-elementor-post-type=\"page\">\n\t\t\t\t\t\t<section class=\"elementor-section elementor-top-section elementor-element elementor-element-a3ee8eeb49bb8c5ea6c4bb1cf4d25e7e elementor-section-boxed elementor-section-height-default elementor-section-height-default\" data-id=\"a3ee8eeb49bb8c5ea6c4bb1cf4d25e7e\" data-element_type=\"section\">\n\t\t\t\t\t\t<div class=\"elementor-container elementor-column-gap-default\">\n\t\t\t\t\t<div class=\"elementor-column elementor-col-100 elementor-top-column elementor-element elementor-element-9fe2a3dea69b017b6c66788a5af7243a mod_articlehide_mobile\" data-id=\"9fe2a3dea69b017b6c66788a5af7243a\" data-element_type=\"column\" id=\"kuvabanneri\">\n\t\t\t<div class=\"elementor-widget-wrap\">\n\t\t\t\t\t\t\t<\/div>\n\t\t<\/div>\n\t\t\t\t\t<\/div>\n\t\t<\/section>\n\t\t\t\t<section class=\"elementor-section elementor-top-section elementor-element elementor-element-038f9ebff584a7166f3878bcc8fda6c7 elementor-section-boxed elementor-section-height-default elementor-section-height-default\" data-id=\"038f9ebff584a7166f3878bcc8fda6c7\" data-element_type=\"section\">\n\t\t\t\t\t\t<div class=\"elementor-container elementor-column-gap-default\">\n\t\t\t\t\t<div class=\"elementor-column elementor-col-100 elementor-top-column elementor-element elementor-element-c9b420f515f22bd1d993aa20435f561e mod_articleinfoBg\" data-id=\"c9b420f515f22bd1d993aa20435f561e\" data-element_type=\"column\">\n\t\t\t<div class=\"elementor-widget-wrap elementor-element-populated\">\n\t\t\t\t\t\t<div class=\"elementor-element elementor-element-901a6a044de71e1d92f8b574ed6e04f0 g2 ingressi block ce_text elementor-widget elementor-widget-text-editor\" data-id=\"901a6a044de71e1d92f8b574ed6e04f0\" data-element_type=\"widget\" data-widget_type=\"text-editor.default\">\n\t\t\t\t<div class=\"elementor-widget-container\">\n\t\t\t\t\t\t\t\t\t<h1>\u00dcberwachung der <br>hackschnitzel-<br>qualit\u00e4t<\/h1>\n<p class=\"p1\">Teknosavo verf\u00fcgt \u00fcber umfassende Erfahrung in Lieferung von Systemen zur \u00dcberwachung der Hackschnitzelqualit\u00e4t.<\/p>\t\t\t\t\t\t\t\t<\/div>\n\t\t\t\t<\/div>\n\t\t\t\t<div class=\"elementor-element elementor-element-faeabf08f93803ac05332849604c810b g2 block ce_text elementor-widget elementor-widget-text-editor\" data-id=\"faeabf08f93803ac05332849604c810b\" data-element_type=\"widget\" data-widget_type=\"text-editor.default\">\n\t\t\t\t<div class=\"elementor-widget-container\">\n\t\t\t\t\t\t\t\t\t<p><img fetchpriority=\"high\" decoding=\"async\" src=\"https:\/\/teknosavo.fi\/wp-content\/uploads\/2019\/04\/de-smart-products-teknosavo.png\" alt=\"\" width=\"554\" height=\"327\"><\/p>\t\t\t\t\t\t\t\t<\/div>\n\t\t\t\t<\/div>\n\t\t\t\t<div class=\"elementor-element elementor-element-e19b3f56cd72101822354608a7f1835e  block ce_html elementor-widget elementor-widget-html\" data-id=\"e19b3f56cd72101822354608a7f1835e\" data-element_type=\"widget\" data-widget_type=\"html.default\">\n\t\t\t\t<div class=\"elementor-widget-container\">\n\t\t\t\t\t<div style=\"clear:both;\"><\/div>\t\t\t\t<\/div>\n\t\t\t\t<\/div>\n\t\t\t\t<div class=\"elementor-element elementor-element-b35ce6a9dd7e15d0120b212f91194ab1 g2 orange block ce_text elementor-widget elementor-widget-text-editor\" data-id=\"b35ce6a9dd7e15d0120b212f91194ab1\" data-element_type=\"widget\" data-widget_type=\"text-editor.default\">\n\t\t\t\t<div class=\"elementor-widget-container\">\n\t\t\t\t\t\t\t\t\t<h5 class=\"p1\">Chipsmart\u2122 2D<\/h5>\n<p>ChipSmart\u2122 2D wurde entwickelt, um die Hackschnitzelqualit\u00e4t in Echtzeit zu messen. Das System besteht aus einer Kamera- und Beleuchtungseinheit, welche auf dem Hackschnitzelf\u00f6rderer installiert ist, sowie aus einer PC-Einheit mit Analysesoftware. Die Kamera macht vom Hackschnitzelfluss Fotos und sendet die Daten f\u00fcr eine Farbenanalyse in der PC-Einheit. In den Ergebnissen werden Daten zur Hackschnitzelqualit\u00e4t wie die Helligkeit der Hackschnitzeloberfl\u00e4che, der Anteil von Rinde und anderen Unreinheiten im Hackschnitzelfluss, \u00c4nderungen in der Oberfl\u00e4chenfeuchte der Hackschnitzel, \u00c4nderungen der Gr\u00f6\u00dfenzuordnung der Hackschnitzel und der Materialvolumenfluss auf den Hackschnitzelf\u00f6rderer gezeigt.<\/p>\n<p>Die Messdaten k\u00f6nnen f\u00fcr die Steuerung von Entrindung oder f\u00fcr die \u00dcberwachung der Lage Hackermesser oder eingekauften Hackschnitzeln eingesetzt werden, um unn\u00f6tige Unterbrechungen im sp\u00e4teren Prozess zu vermeiden. Die Daten k\u00f6nnen mit dem WoodSmart\u2122-Prozessoptimierungssystem oder mit der Hauptkontrollsystem der Entrindungsanlage verbunden werden oder auf einem separaten Display im Schaltraum angezeigt werden.<\/p>\t\t\t\t\t\t\t\t<\/div>\n\t\t\t\t<\/div>\n\t\t\t\t<div class=\"elementor-element elementor-element-8b00a94c94108a1cb2928f51dfd50ef4 g2 orange block ce_text elementor-widget elementor-widget-text-editor\" data-id=\"8b00a94c94108a1cb2928f51dfd50ef4\" data-element_type=\"widget\" data-widget_type=\"text-editor.default\">\n\t\t\t\t<div class=\"elementor-widget-container\">\n\t\t\t\t\t\t\t\t\t<h5 class=\"p1\">Chipsmart\u2122 3D<\/h5><p>ChipSmart\u2122 3D misst die Qualit\u00e4t und die Dimensionen des Hackschnitzels in Echtzeit. Das Messger\u00e4t kann in der N\u00e4he des Holzschnitzelfachs hinter dem Hacker in der Holzaufbereitungsanlage der Papier\/Zellstofffabrik, in der Hackschnitzel-Siebanlage, bei der Annahmestelle der eingekauften Holzschnitzel, in der N\u00e4he der Austragf\u00f6rderer der Hackschnitzelbearbeitungsanlage oder neben dem Ladeband des Zellstoffkochers installiert werden. Mit dem Ger\u00e4t k\u00f6nnen auch manuelle Proben oder die Qualit\u00e4t der am Werk verkauften Abfallhackschnitzeln analysiert werden.<\/p><p>Mit dem automatischen Probenehmer k\u00f6nnen repr\u00e4sentative Proben aus dem Hauptfluss entnommen werden. Die Probeentnahme und die Behandlung von Probehackschnitzeln nach dem Messvorgang k\u00f6nnen individuell f\u00fcr jeden industriellen Endbenutzer konfiguriert werden. Das ChipSmart\u2122 3D-System besteht aus der Holzschnitzel-Klassifikationseinheit, die \u00fcber dem eigenen Hackschnitzelf\u00f6rderer des Messger\u00e4ts angebracht ist, der Kamera- und Optikeinheit, dem Bildschirm und der Computereinheit mit Analyse- und Wartungssoftware.<\/p>\t\t\t\t\t\t\t\t<\/div>\n\t\t\t\t<\/div>\n\t\t\t\t<div class=\"elementor-element elementor-element-06eac2f94ad604fa7f6a6c0125a55519  block ce_html elementor-widget elementor-widget-html\" data-id=\"06eac2f94ad604fa7f6a6c0125a55519\" data-element_type=\"widget\" data-widget_type=\"html.default\">\n\t\t\t\t<div class=\"elementor-widget-container\">\n\t\t\t\t\t<div style=\"clear:both;\"><\/div>\t\t\t\t<\/div>\n\t\t\t\t<\/div>\n\t\t\t\t<div class=\"elementor-element elementor-element-7b3e3ff405740f68e38f97090630160c g2 block ce_text elementor-widget elementor-widget-text-editor\" data-id=\"7b3e3ff405740f68e38f97090630160c\" data-element_type=\"widget\" data-widget_type=\"text-editor.default\">\n\t\t\t\t<div class=\"elementor-widget-container\">\n\t\t\t\t\t\t\t\t\t<p><img decoding=\"async\" style=\"display: block; margin-left: auto; margin-right: auto;\" src=\"https:\/\/teknosavo.fi\/wp-content\/uploads\/2019\/04\/de-chipsmart3d.png\" alt=\"\" width=\"466\" height=\"466\"><\/p>\t\t\t\t\t\t\t\t<\/div>\n\t\t\t\t<\/div>\n\t\t\t\t<div class=\"elementor-element elementor-element-8441f40436359912b207b2ca4cd007bc g2 orange block ce_text elementor-widget elementor-widget-text-editor\" data-id=\"8441f40436359912b207b2ca4cd007bc\" data-element_type=\"widget\" data-widget_type=\"text-editor.default\">\n\t\t\t\t<div class=\"elementor-widget-container\">\n\t\t\t\t\t\t\t\t\t<p class=\"p1\"><strong>Chipsmart\u2122 3D MISST:<\/strong><\/p><p><strong>Aufteilung der Hackspangr\u00f6\u00dfen&nbsp;(SCAN-CM 40:01)<\/strong><\/p><ul><li><span style=\"font-size: 12px;\">Zu gro\u00dfe Hacksp\u00e4ne<\/span><\/li><li><span style=\"font-size: 12px;\">Zu dicke Hacksp\u00e4ne<\/span><\/li><li><span style=\"font-size: 12px;\">Angenommene gro\u00dfe Sp\u00e4ne<\/span><\/li><li><span style=\"font-size: 12px;\">Angenommene kleine Sp\u00e4ne<\/span><\/li><li><span style=\"font-size: 12px;\">Splittrige Hacksp\u00e4ne<\/span><\/li><li><span style=\"font-size: 12px;\">S\u00e4gemehl<\/span><\/li><li><span style=\"font-size: 12px;\">Hackschnitzelma\u00dfe: L\u00e4nge, Dicke, Weite<\/span><\/li><\/ul><p><strong>Optional:<\/strong><\/p><ul><li><span style=\"font-size: 12px;\">Rindenanteil<\/span><\/li><li><span style=\"font-size: 12px;\">Helligkeit der Hackschnitzeloberfl\u00e4che<\/span><\/li><li><span style=\"font-size: 12px;\">Hackschnitzelfeuchte<\/span><\/li><\/ul>\t\t\t\t\t\t\t\t<\/div>\n\t\t\t\t<\/div>\n\t\t\t\t\t<\/div>\n\t\t<\/div>\n\t\t\t\t\t<\/div>\n\t\t<\/section>\n\t\t\t\t<\/div>\n\t\t","protected":false},"excerpt":{"rendered":"<p>\u00dcberwachung der hackschnitzel-qualit\u00e4t Teknosavo verf\u00fcgt \u00fcber umfassende Erfahrung in Lieferung von Systemen zur \u00dcberwachung der Hackschnitzelqualit\u00e4t. Chipsmart\u2122 2D ChipSmart\u2122 2D wurde entwickelt, um die Hackschnitzelqualit\u00e4t in Echtzeit zu messen. Das System besteht aus einer Kamera- und Beleuchtungseinheit, welche auf dem Hackschnitzelf\u00f6rderer installiert ist, sowie aus einer PC-Einheit mit Analysesoftware. Die Kamera macht vom Hackschnitzelfluss Fotos [&hellip;]<\/p>\n","protected":false},"author":12,"featured_media":688,"parent":0,"menu_order":0,"comment_status":"closed","ping_status":"closed","template":"","meta":{"footnotes":""},"class_list":["post-86","page","type-page","status-publish","has-post-thumbnail","hentry"],"aioseo_notices":[],"_links":{"self":[{"href":"https:\/\/teknosavo.fi\/de\/wp-json\/wp\/v2\/pages\/86","targetHints":{"allow":["GET"]}}],"collection":[{"href":"https:\/\/teknosavo.fi\/de\/wp-json\/wp\/v2\/pages"}],"about":[{"href":"https:\/\/teknosavo.fi\/de\/wp-json\/wp\/v2\/types\/page"}],"author":[{"embeddable":true,"href":"https:\/\/teknosavo.fi\/de\/wp-json\/wp\/v2\/users\/12"}],"replies":[{"embeddable":true,"href":"https:\/\/teknosavo.fi\/de\/wp-json\/wp\/v2\/comments?post=86"}],"version-history":[{"count":3,"href":"https:\/\/teknosavo.fi\/de\/wp-json\/wp\/v2\/pages\/86\/revisions"}],"predecessor-version":[{"id":1833,"href":"https:\/\/teknosavo.fi\/de\/wp-json\/wp\/v2\/pages\/86\/revisions\/1833"}],"wp:featuredmedia":[{"embeddable":true,"href":"https:\/\/teknosavo.fi\/de\/wp-json\/wp\/v2\/media\/688"}],"wp:attachment":[{"href":"https:\/\/teknosavo.fi\/de\/wp-json\/wp\/v2\/media?parent=86"}],"curies":[{"name":"wp","href":"https:\/\/api.w.org\/{rel}","templated":true}]}}