{"id":85,"date":"2015-10-23T06:57:07","date_gmt":"2015-10-23T03:57:07","guid":{"rendered":"http:\/\/wwwtesti.teknosavo.fi\/online-messsysteme\/"},"modified":"2019-05-29T15:05:21","modified_gmt":"2019-05-29T12:05:21","slug":"online-messsysteme","status":"publish","type":"page","link":"https:\/\/teknosavo.fi\/de\/online-messsysteme\/","title":{"rendered":"Online messsysteme"},"content":{"rendered":"\t\t<div data-elementor-type=\"wp-post\" data-elementor-id=\"85\" class=\"elementor elementor-85 elementor-41\" data-elementor-post-type=\"page\">\n\t\t\t\t\t\t<section class=\"elementor-section elementor-top-section elementor-element elementor-element-930db75901357dd14b1240d908d7b474 elementor-section-boxed elementor-section-height-default elementor-section-height-default\" data-id=\"930db75901357dd14b1240d908d7b474\" data-element_type=\"section\">\n\t\t\t\t\t\t<div class=\"elementor-container elementor-column-gap-default\">\n\t\t\t\t\t<div class=\"elementor-column elementor-col- elementor-top-column elementor-element elementor-element-3c12f60f09ab737e154069f3d929e59d mod_articlehide_mobile\" data-id=\"3c12f60f09ab737e154069f3d929e59d\" data-element_type=\"column\" id=\"kuvabanneri\">\n\t\t\t<div class=\"elementor-widget-wrap\">\n\t\t\t\t\t\t\t<\/div>\n\t\t<\/div>\n\t\t\t\t\t<\/div>\n\t\t<\/section>\n\t\t\t\t<section class=\"elementor-section elementor-top-section elementor-element elementor-element-a02043bf5fd60ef42e8f8c065be88bbc elementor-section-boxed elementor-section-height-default elementor-section-height-default\" data-id=\"a02043bf5fd60ef42e8f8c065be88bbc\" data-element_type=\"section\">\n\t\t\t\t\t\t<div class=\"elementor-container elementor-column-gap-default\">\n\t\t\t\t\t<div class=\"elementor-column elementor-col- elementor-top-column elementor-element elementor-element-2552833308ae1b6a6a5d3acd7fef59ec mod_articleinfoBg\" data-id=\"2552833308ae1b6a6a5d3acd7fef59ec\" data-element_type=\"column\">\n\t\t\t<div class=\"elementor-widget-wrap elementor-element-populated\">\n\t\t\t\t\t\t<div class=\"elementor-element elementor-element-25edff2bacf00d1ad04730c59156909a g2 ingressi block ce_text elementor-widget elementor-widget-text-editor\" data-id=\"25edff2bacf00d1ad04730c59156909a\" data-element_type=\"widget\" data-widget_type=\"text-editor.default\">\n\t\t\t\t<div class=\"elementor-widget-container\">\n\t\t\t\t\t\t\t\t\t<h1>Online-messsysteme<\/h1>\n<p class=\"p1\">Mit den Messsystemen von Teknosavo kann der Entrindungsprozess in Echtzeit exakt \u00fcberwacht und gesteuert werden, um ein Endprodukt von h\u00f6chster Qualit\u00e4t zu produzieren.&nbsp;<\/p>\t\t\t\t\t\t\t\t<\/div>\n\t\t\t\t<\/div>\n\t\t\t\t<div class=\"elementor-element elementor-element-2ac82f634d6f3ce03d1d455079d46f64 g2 block ce_text elementor-widget elementor-widget-text-editor\" data-id=\"2ac82f634d6f3ce03d1d455079d46f64\" data-element_type=\"widget\" data-widget_type=\"text-editor.default\">\n\t\t\t\t<div class=\"elementor-widget-container\">\n\t\t\t\t\t\t\t\t\t<p><img fetchpriority=\"high\" decoding=\"async\" src=\"https:\/\/teknosavo.fi\/wp-content\/uploads\/2019\/04\/smart_products_teknosavo_2.png\" alt=\"\" width=\"554\" height=\"327\"><\/p>\t\t\t\t\t\t\t\t<\/div>\n\t\t\t\t<\/div>\n\t\t\t\t<div class=\"elementor-element elementor-element-5971f8d88576c433b50c30f196ea57f8 g2 green block ce_text elementor-widget elementor-widget-text-editor\" data-id=\"5971f8d88576c433b50c30f196ea57f8\" data-element_type=\"widget\" data-widget_type=\"text-editor.default\">\n\t\t\t\t<div class=\"elementor-widget-container\">\n\t\t\t\t\t\t\t\t\t<h5>BARKSMART<sup>TM<\/sup><\/h5>\n<p>BarkSmart\u2122 ist ein optisches Messger\u00e4t, welches den Rindenanteil in Holzst\u00e4mmen nach dem Entrindungstrommel kontinuierlich misst. Das System analysiert die Messdaten in Echtzeit und sendet Daten \u00fcber den Reinheitsgrad an die Bediener im Kontrollraum. Mit den Daten kann die Entrindung gesteuert werden, so dass die Holzst\u00e4mme das gew\u00fcnschte Reinheitsniveau erreichen. Richtig eingestellte Reinheit der St\u00e4mme senkt die Kosten f\u00fcr Chemikalien, die in der Zellstoffproduktion ben\u00f6tigt werden, und vermindert Holzverluste w\u00e4hrend der Entrindung. Au\u00dferdem erm\u00f6glichen exaktere Reinheitsdaten bessere Steuerung von Entrindung zu verschiedenen Zeiten. Schon geringf\u00fcgige Reduzierung von Chemikalien und Holzverlusten kann bedeutende Ersparnissen bringen.<\/p>\t\t\t\t\t\t\t\t<\/div>\n\t\t\t\t<\/div>\n\t\t\t\t<div class=\"elementor-element elementor-element-c0711e0235569b602fa6635dc53bf742 g2 block ce_text elementor-widget elementor-widget-text-editor\" data-id=\"c0711e0235569b602fa6635dc53bf742\" data-element_type=\"widget\" data-widget_type=\"text-editor.default\">\n\t\t\t\t<div class=\"elementor-widget-container\">\n\t\t\t\t\t\t\t\t\t<p><img decoding=\"async\" style=\"display: block; margin-left: auto; margin-right: auto;\" src=\"https:\/\/teknosavo.fi\/wp-content\/uploads\/2019\/04\/barksmart.png\" alt=\"\" width=\"320\"><\/p>\t\t\t\t\t\t\t\t<\/div>\n\t\t\t\t<\/div>\n\t\t\t\t<div class=\"elementor-element elementor-element-b78d20e477925d64928d6810f7768648 g2 green block ce_text elementor-widget elementor-widget-text-editor\" data-id=\"b78d20e477925d64928d6810f7768648\" data-element_type=\"widget\" data-widget_type=\"text-editor.default\">\n\t\t\t\t<div class=\"elementor-widget-container\">\n\t\t\t\t\t\t\t\t\t<h5>ProfiSmart<sup>TM<\/sup><\/h5>\n<p>ProfiSmart\u2122 ist eine optische Messvorrichtung, die den Anteil vom Holz im Verh\u00e4ltnis zur Rinde auf dem Rindenf\u00f6rderer kontinuierlich misst. Das System bietet Betreibern Messdaten-Analysen in Echtzeit. Mit den Daten kann der Entrindungsvorgang kontrolliert werden, um unn\u00f6tigen Holzverlust zu minimieren \u2013 genauere Daten erm\u00f6glichen genauere Kontrolle der Holzqualit\u00e4t. Das ProfiSmart\u2122-System besteht aus einer Kameraeinheit und einer PC-Einheit mit einer Analysesoftware. Die Kamera macht vom Rindenfluss Fotos und sendet die Daten f\u00fcr eine Farbenanalyse in der PC-Einheit. Die Ergebnisse zeigen den prozentuellen Anteil vom Holz im Rindenfluss. Die Messdaten k\u00f6nnen mit dem WoodSmart\u2122-Prozessoptimierungssystem oder mit dem Hauptkontrollsystem der Entrindungsanlage verbunden werden oder auf einem separaten Display im Schaltraum angezeigt werden. Das System bietet Funktionen f\u00fcr die automatische Kalibrierung und Reinigung.<\/p>\t\t\t\t\t\t\t\t<\/div>\n\t\t\t\t<\/div>\n\t\t\t\t<div class=\"elementor-element elementor-element-abdbcbea196cea3a9970748e99d745af g2 block ce_text elementor-widget elementor-widget-text-editor\" data-id=\"abdbcbea196cea3a9970748e99d745af\" data-element_type=\"widget\" data-widget_type=\"text-editor.default\">\n\t\t\t\t<div class=\"elementor-widget-container\">\n\t\t\t\t\t\t\t\t\t<p><img decoding=\"async\" style=\"display: block; margin-left: auto; margin-right: auto;\" src=\"https:\/\/teknosavo.fi\/wp-content\/uploads\/2019\/04\/profismart.jpg\" alt=\"\" width=\"320\"><\/p>\t\t\t\t\t\t\t\t<\/div>\n\t\t\t\t<\/div>\n\t\t\t\t<div class=\"elementor-element elementor-element-f1ce4cc2c5186d1b7fc63d7876093116  block ce_html elementor-widget elementor-widget-html\" data-id=\"f1ce4cc2c5186d1b7fc63d7876093116\" data-element_type=\"widget\" data-widget_type=\"html.default\">\n\t\t\t\t<div class=\"elementor-widget-container\">\n\t\t\t\t\t<div style=\"clear:both;\"><\/div>\t\t\t\t<\/div>\n\t\t\t\t<\/div>\n\t\t\t\t<div class=\"elementor-element elementor-element-fcb32b7b44851541594856ae730b4adc g2 green block ce_text elementor-widget elementor-widget-text-editor\" data-id=\"fcb32b7b44851541594856ae730b4adc\" data-element_type=\"widget\" data-widget_type=\"text-editor.default\">\n\t\t\t\t<div class=\"elementor-widget-container\">\n\t\t\t\t\t\t\t\t\t<h5 class=\"p1\">FILLSMART<sup><span class=\"s1\">TM<\/span><\/sup><\/h5>\n<p>FillSmartTM ist ein optisches, kamerabasiertes Messsystem, das den F\u00fcllgrad vom Trommel misst. Das System analysiert die Bilddaten in Echtzeit und sendet Daten \u00fcber den F\u00fcllgrad an die Bediener im Kontrollraum. Mit den Daten kann der Trommelf\u00fcllgrad gesteuert &nbsp;und damit der Faserverlust bei der Entrindung minimiert werden. Der gr\u00f6\u00dfte Vorteil der optischen Messung ist, dass \u00c4nderungen in Holzqualit\u00e4t keinen Einfluss auf den tats\u00e4chlichen F\u00fcllgrad haben. Frische, gro\u00dfe Birken und trockenes Nadelholz stellen normalerweise eine gro\u00dfe Herausforderung an herk\u00f6mmliche F\u00fcllgradmesssysteme dar, welche mit Gewicht oder mit hydrostatischen Druckgradienten messen. Mit FillSmartTM kann das Messverfahren je nach Holzarten und -qualit\u00e4t kalibriert werden.<\/p>\t\t\t\t\t\t\t\t<\/div>\n\t\t\t\t<\/div>\n\t\t\t\t<div class=\"elementor-element elementor-element-8897ac61bd929c3d6602f57ffd58ab93 g2 block ce_text elementor-widget elementor-widget-text-editor\" data-id=\"8897ac61bd929c3d6602f57ffd58ab93\" data-element_type=\"widget\" data-widget_type=\"text-editor.default\">\n\t\t\t\t<div class=\"elementor-widget-container\">\n\t\t\t\t\t\t\t\t\t<p><img decoding=\"async\" style=\"display: block; margin-left: auto; margin-right: auto;\" src=\"https:\/\/teknosavo.fi\/wp-content\/uploads\/2019\/04\/fillsmart.png\" alt=\"\" width=\"320\"><\/p>\t\t\t\t\t\t\t\t<\/div>\n\t\t\t\t<\/div>\n\t\t\t\t<div class=\"elementor-element elementor-element-f87eeba071a9c3a5e4d8c6b4766a8b26  block ce_html elementor-widget elementor-widget-html\" data-id=\"f87eeba071a9c3a5e4d8c6b4766a8b26\" data-element_type=\"widget\" data-widget_type=\"html.default\">\n\t\t\t\t<div class=\"elementor-widget-container\">\n\t\t\t\t\t<div style=\"clear:both;\"><\/div>\t\t\t\t<\/div>\n\t\t\t\t<\/div>\n\t\t\t\t<div class=\"elementor-element elementor-element-b0f6fcc2348cf55e5ef16da4aea43dec g2 green block ce_text elementor-widget elementor-widget-text-editor\" data-id=\"b0f6fcc2348cf55e5ef16da4aea43dec\" data-element_type=\"widget\" data-widget_type=\"text-editor.default\">\n\t\t\t\t<div class=\"elementor-widget-container\">\n\t\t\t\t\t\t\t\t\t<h5 class=\"p1\">STONESMART<sup><span class=\"s1\">TM<\/span><\/sup><\/h5>\n<p>StoneSmart\u2122 besteht aus einem Ultraschallsensor am Ende des Zahnrades auf der Trommelhackerlinie und einem Steuerkasten, welcher die Stromversorgung und die StoneSmart\u2122-Elektronikkarten enth\u00e4lt. Mit den Kontaktdaten auf der Karten kann die Linie direkt angehalten werden, oder sie k\u00f6nnen mit einem \u00fcbergeordneten System verbunden werden. Die Basisanwendung besteht aus zwei Sensoren mit zwei Zahnr\u00e4dern, aber bei Bedarf k\u00f6nnen auch mehrere Sensoren auf derselben Trommelhackerlinie installiert werden. Das StoneSmart\u2122-System wird parametrisch \u00fcber die RS-232-Schnittstelle der Karten eingestellt. Dieselbe Schnittstelle kann zur \u00dcberwachung und f\u00fcr Eintragungen in die Protokolldatei verwendet werden. Mit dem mitgelieferten PC-Programm k\u00f6nnen Karteneinstellungen und der Betrieb einfach verwaltet und \u00fcberwacht werden.<\/p>\t\t\t\t\t\t\t\t<\/div>\n\t\t\t\t<\/div>\n\t\t\t\t<div class=\"elementor-element elementor-element-275ac284c156e0517392ba2a7eddb29e g2 block ce_text elementor-widget elementor-widget-text-editor\" data-id=\"275ac284c156e0517392ba2a7eddb29e\" data-element_type=\"widget\" data-widget_type=\"text-editor.default\">\n\t\t\t\t<div class=\"elementor-widget-container\">\n\t\t\t\t\t\t\t\t\t<p><img decoding=\"async\" style=\"display: block; margin-left: auto; margin-right: auto;\" src=\"https:\/\/teknosavo.fi\/wp-content\/uploads\/2019\/04\/stonesmart.png\" alt=\"\" width=\"320\"><\/p>\t\t\t\t\t\t\t\t<\/div>\n\t\t\t\t<\/div>\n\t\t\t\t<div class=\"elementor-element elementor-element-fd4995b9681c40fc747ce961e2e95e95  block ce_html elementor-widget elementor-widget-html\" data-id=\"fd4995b9681c40fc747ce961e2e95e95\" data-element_type=\"widget\" data-widget_type=\"html.default\">\n\t\t\t\t<div class=\"elementor-widget-container\">\n\t\t\t\t\t<div style=\"clear:both;\"><\/div>\t\t\t\t<\/div>\n\t\t\t\t<\/div>\n\t\t\t\t<div class=\"elementor-element elementor-element-748b8f0f74fddf75cbde73aca72e8cb0 g2 green block ce_text elementor-widget elementor-widget-text-editor\" data-id=\"748b8f0f74fddf75cbde73aca72e8cb0\" data-element_type=\"widget\" data-widget_type=\"text-editor.default\">\n\t\t\t\t<div class=\"elementor-widget-container\">\n\t\t\t\t\t\t\t\t\t<h5 class=\"p1\">SOUNDSMART<sup><span class=\"s1\">TM<\/span><\/sup><\/h5>\n<p>SoundSmart\u2122 besteht aus einer Sensorplatte im Materialfluss sowie einem Steuerkasten. Der Steuerkasten enth\u00e4lt die Stromversorgung und die SoundSmart\u2122-Elektronikkarten. Mit den Kontaktdaten auf der Karten kann der Antrieb direkt angehalten werden, oder sie k\u00f6nnen mit einem \u00fcbergeordneten System verbunden werden. Bei gro\u00dfen Materialmengen k\u00f6nnen mehrere Sensoren im selben Materialfluss installiert werden. Das SoundSmart\u2122-System wird parametrisch \u00fcber die RS-232-Schnittstelle der Karten eingestellt. Dieselbe Schnittstelle kann zur \u00dcberwachung und f\u00fcr Eintragungen in die Protokolldatei verwendet werden. Ein Anwendungsprogramm f\u00fcr Windows-Betriebssysteme wird mit der SoundSmart\u2122-Karte mitgeliefert.<\/p>\t\t\t\t\t\t\t\t<\/div>\n\t\t\t\t<\/div>\n\t\t\t\t<div class=\"elementor-element elementor-element-d1c48cfbc6b0888b9e47eb74b31e9c1b g2 green block ce_text elementor-widget elementor-widget-text-editor\" data-id=\"d1c48cfbc6b0888b9e47eb74b31e9c1b\" data-element_type=\"widget\" data-widget_type=\"text-editor.default\">\n\t\t\t\t<div class=\"elementor-widget-container\">\n\t\t\t\t\t\t\t\t\t<h5 class=\"p1\">LOGSMART<sup><span class=\"s1\">TM<\/span><\/sup><\/h5>\n<p>Die Lasermesseinrichtung f\u00fcr Holzst\u00e4mme wurde entwickelt, um den Holzfluss auf dem Trommelhackerlinie zu messen. Die Einrichtung misst vor dem Hackvorgang Durchmesser, Kr\u00fcmmung und Volumen des Holzes, um Verstopfungen des Zuf\u00fchrtrichters zu vermeiden. Wenn die Holzst\u00e4mme zu gro\u00dfen Durchmesser haben oder zu stark gekr\u00fcmmt sind, oder wenn zwei Holzst\u00e4mme oder zu viel Holz gleichzeitig zugef\u00fchrt werden, sendet das System einen Alarm und stoppt die Linie. Die Alarm- und Stoppwerte k\u00f6nnen f\u00fcr jede Linie einzeln eingestellt werden. Alarme und Messdaten werden an das Entrindungssteuerungssystem und an das WoodSmart\u2122-Prozessoptimierungssystem sowie das Kontrollsystem der Holzaufbereitungsanlage gesendet. Sie k\u00f6nnen auch auf einem eigenen Bildschirm im Schaltraum angezeigt werden.<\/p>\t\t\t\t\t\t\t\t<\/div>\n\t\t\t\t<\/div>\n\t\t\t\t<div class=\"elementor-element elementor-element-f1078efe2c7c659519d9419f335eec33 g2 green block ce_text elementor-widget elementor-widget-text-editor\" data-id=\"f1078efe2c7c659519d9419f335eec33\" data-element_type=\"widget\" data-widget_type=\"text-editor.default\">\n\t\t\t\t<div class=\"elementor-widget-container\">\n\t\t\t\t\t\t\t\t\t<h5 class=\"p1\">FEEDSMART<sup><span class=\"s1\">TM<\/span><\/sup><\/h5>\n<p>Die Lasermesseinrichtung f\u00fcr Holzst\u00e4mme wurde entwickelt, um den Holzfluss auf dem Annahmef\u00f6rderband der Trommel zu messen. Die Einrichtung misst Durchmesser, L\u00e4nge, Volumen und Bef\u00fcllungrad vor Entrindung.<\/p>\n<p>Mit korrekter Messung kann der Entrindungsprozess zur h\u00f6chsten Pr\u00e4zision optimiert werden.<\/p>\t\t\t\t\t\t\t\t<\/div>\n\t\t\t\t<\/div>\n\t\t\t\t\t<\/div>\n\t\t<\/div>\n\t\t\t\t\t<\/div>\n\t\t<\/section>\n\t\t\t\t<\/div>\n\t\t","protected":false},"excerpt":{"rendered":"","protected":false},"author":12,"featured_media":317,"parent":0,"menu_order":0,"comment_status":"closed","ping_status":"closed","template":"","meta":{"footnotes":""},"class_list":["post-85","page","type-page","status-publish","has-post-thumbnail","hentry"],"aioseo_notices":[],"_links":{"self":[{"href":"https:\/\/teknosavo.fi\/de\/wp-json\/wp\/v2\/pages\/85","targetHints":{"allow":["GET"]}}],"collection":[{"href":"https:\/\/teknosavo.fi\/de\/wp-json\/wp\/v2\/pages"}],"about":[{"href":"https:\/\/teknosavo.fi\/de\/wp-json\/wp\/v2\/types\/page"}],"author":[{"embeddable":true,"href":"https:\/\/teknosavo.fi\/de\/wp-json\/wp\/v2\/users\/12"}],"replies":[{"embeddable":true,"href":"https:\/\/teknosavo.fi\/de\/wp-json\/wp\/v2\/comments?post=85"}],"version-history":[{"count":1,"href":"https:\/\/teknosavo.fi\/de\/wp-json\/wp\/v2\/pages\/85\/revisions"}],"predecessor-version":[{"id":202,"href":"https:\/\/teknosavo.fi\/de\/wp-json\/wp\/v2\/pages\/85\/revisions\/202"}],"wp:featuredmedia":[{"embeddable":true,"href":"https:\/\/teknosavo.fi\/de\/wp-json\/wp\/v2\/media\/317"}],"wp:attachment":[{"href":"https:\/\/teknosavo.fi\/de\/wp-json\/wp\/v2\/media?parent=85"}],"curies":[{"name":"wp","href":"https:\/\/api.w.org\/{rel}","templated":true}]}}