{"id":84,"date":"2018-07-31T06:53:46","date_gmt":"2018-07-31T03:53:46","guid":{"rendered":"http:\/\/wwwtesti.teknosavo.fi\/volumenmessung\/"},"modified":"2019-05-29T15:05:21","modified_gmt":"2019-05-29T12:05:21","slug":"volumenmessung","status":"publish","type":"page","link":"https:\/\/teknosavo.fi\/de\/volumenmessung\/","title":{"rendered":"Volumenmessung"},"content":{"rendered":"\t\t<div data-elementor-type=\"wp-post\" data-elementor-id=\"84\" class=\"elementor elementor-84 elementor-47\" data-elementor-post-type=\"page\">\n\t\t\t\t\t\t<section class=\"elementor-section elementor-top-section elementor-element elementor-element-0d241b704e1e145be9f40d5b30886042 elementor-section-boxed elementor-section-height-default elementor-section-height-default\" data-id=\"0d241b704e1e145be9f40d5b30886042\" data-element_type=\"section\">\n\t\t\t\t\t\t<div class=\"elementor-container elementor-column-gap-default\">\n\t\t\t\t\t<div class=\"elementor-column elementor-col- elementor-top-column elementor-element elementor-element-324b3176e2cc87bba3a2e4d45290550b mod_articlehide_mobile\" data-id=\"324b3176e2cc87bba3a2e4d45290550b\" data-element_type=\"column\" id=\"kuvabanneri\">\n\t\t\t<div class=\"elementor-widget-wrap\">\n\t\t\t\t\t\t\t<\/div>\n\t\t<\/div>\n\t\t\t\t\t<\/div>\n\t\t<\/section>\n\t\t\t\t<section class=\"elementor-section elementor-top-section elementor-element elementor-element-266256f84e81b91e951d7f6f5b6e305a elementor-section-boxed elementor-section-height-default elementor-section-height-default\" data-id=\"266256f84e81b91e951d7f6f5b6e305a\" data-element_type=\"section\">\n\t\t\t\t\t\t<div class=\"elementor-container elementor-column-gap-default\">\n\t\t\t\t\t<div class=\"elementor-column elementor-col- elementor-top-column elementor-element elementor-element-094b05a845e75de01c0d376f5e3401fa mod_articleinfoBg\" data-id=\"094b05a845e75de01c0d376f5e3401fa\" data-element_type=\"column\">\n\t\t\t<div class=\"elementor-widget-wrap elementor-element-populated\">\n\t\t\t\t\t\t<div class=\"elementor-element elementor-element-a43a23bb3ab549a3dbf761e99bdcd278 g2 ingressi block ce_text elementor-widget elementor-widget-text-editor\" data-id=\"a43a23bb3ab549a3dbf761e99bdcd278\" data-element_type=\"widget\" data-widget_type=\"text-editor.default\">\n\t\t\t\t<div class=\"elementor-widget-container\">\n\t\t\t\t\t\t\t\t\t<h1>VOLUMEN-<br>MESSUNG<\/h1>\n<p class=\"p1\">Teknosavo bietet L\u00f6sungen f\u00fcr die exakte Messung von Holzl\u00e4nge, -gr\u00f6\u00dfe und -volumen sowie die Qualit\u00e4t vor Entrindung. Ob die Proben direkt von der Produktlinie oder bei gr\u00f6\u00dferen Mengen gleich auf der Ladefl\u00e4che eines LKWs gemessen werden \u2013 Teknosavo bietet L\u00f6sungen f\u00fcr beide.<\/p>\t\t\t\t\t\t\t\t<\/div>\n\t\t\t\t<\/div>\n\t\t\t\t<div class=\"elementor-element elementor-element-d4b83e30f6c7b696f1e2d79974a86b69 g2 block ce_text elementor-widget elementor-widget-text-editor\" data-id=\"d4b83e30f6c7b696f1e2d79974a86b69\" data-element_type=\"widget\" data-widget_type=\"text-editor.default\">\n\t\t\t\t<div class=\"elementor-widget-container\">\n\t\t\t\t\t\t\t\t\t<p><img fetchpriority=\"high\" decoding=\"async\" src=\"https:\/\/teknosavo.fi\/wp-content\/uploads\/2019\/04\/de-smart-products-teknosavo.png\" alt=\"\" width=\"554\" height=\"327\"><\/p>\t\t\t\t\t\t\t\t<\/div>\n\t\t\t\t<\/div>\n\t\t\t\t<div class=\"elementor-element elementor-element-47ec66aded198463f996b46741b71e0f g2 gray block ce_text elementor-widget elementor-widget-text-editor\" data-id=\"47ec66aded198463f996b46741b71e0f\" data-element_type=\"widget\" data-widget_type=\"text-editor.default\">\n\t\t\t\t<div class=\"elementor-widget-container\">\n\t\t\t\t\t\t\t\t\t<h5 class=\"p1\">LKW-MESSANLAGE<\/h5>\n<p class=\"p1\">Mit der LKW-Messanlage von Teknosavo k\u00f6nnen Volumen, Qualit\u00e4t und Gesamtmenge des Holzes direkt im LKW gemessen werden. Die direkt neben dem Tor angebrachte LKW-Messanlage besteht aus einer Kamera und einem Lasersystem, welche mit einer Analysesoftware verbunden sind. Die Anlage misst 100 % der ankommenden Rohstoffe.<\/p>\t\t\t\t\t\t\t\t<\/div>\n\t\t\t\t<\/div>\n\t\t\t\t<div class=\"elementor-element elementor-element-7aeb06d87771c3a3f28292f804a782aa g2 block ce_text elementor-widget elementor-widget-text-editor\" data-id=\"7aeb06d87771c3a3f28292f804a782aa\" data-element_type=\"widget\" data-widget_type=\"text-editor.default\">\n\t\t\t\t<div class=\"elementor-widget-container\">\n\t\t\t\t\t\t\t\t\t<p><img decoding=\"async\" style=\"display: block; margin-left: auto; margin-right: auto;\" src=\"https:\/\/teknosavo.fi\/wp-content\/uploads\/2019\/04\/truckmeasurement-copy.png\" alt=\"\" width=\"393\" height=\"322\"><\/p>\t\t\t\t\t\t\t\t<\/div>\n\t\t\t\t<\/div>\n\t\t\t\t<div class=\"elementor-element elementor-element-195aa3857b057bac0ee120428c0f3af6 g2 aqua block ce_text elementor-widget elementor-widget-text-editor\" data-id=\"195aa3857b057bac0ee120428c0f3af6\" data-element_type=\"widget\" data-widget_type=\"text-editor.default\">\n\t\t\t\t<div class=\"elementor-widget-container\">\n\t\t\t\t\t\t\t\t\t<h5 class=\"p1\">QS MEASUREMENT<sup>TM<\/sup><\/h5>\n<p>Das QS Measurement-System misst mit Messger\u00e4ten und Kameraeinheiten eine kleine Stichprobe (1\u20132 %) des mit dem Entrindungsf\u00f6rderer gef\u00f6rderten Holzes. Das in die Produktionslinie integrierte QS Measurement hilft, Kosten zu sparen, da der Bedarf an manueller Arbeit wesentlich geringer wird. Das Holz wird gemessen, ohne dass die F\u00f6rdergeschwindigkeit gesenkt werden muss, und danach werden die erfassten Daten und Bilder an die Messstation weitergeleitet.<\/p>\n<p>Das QS Measurement meldet dem Messpersonal, wie viele St\u00fccke die Mindestgr\u00f6\u00dfe unterschreiten oder Qualit\u00e4tsm\u00e4ngel, wie F\u00e4ule, vorweisen. Bei unklaren Messergebnissen kann der Messverantwortliche die Qualit\u00e4t manuell bewerten und die Bewertung f\u00fcr zuk\u00fcnftige Verwendung im QS Measurement speichern. Bei homogenen Rohstoffen und hochwertigen Fasern hilft QS Measurement, Kosten zu sparen, da im Prozess weniger Material und Energie ben\u00f6tigt werden.<\/p>\t\t\t\t\t\t\t\t<\/div>\n\t\t\t\t<\/div>\n\t\t\t\t<div class=\"elementor-element elementor-element-dbc1604ca3f27f177a8f61e24bafcc0c  block ce_html elementor-widget elementor-widget-html\" data-id=\"dbc1604ca3f27f177a8f61e24bafcc0c\" data-element_type=\"widget\" data-widget_type=\"html.default\">\n\t\t\t\t<div class=\"elementor-widget-container\">\n\t\t\t\t\t<div style=\"clear:both;\"><\/div>\t\t\t\t<\/div>\n\t\t\t\t<\/div>\n\t\t\t\t\t<\/div>\n\t\t<\/div>\n\t\t\t\t\t<\/div>\n\t\t<\/section>\n\t\t\t\t<\/div>\n\t\t","protected":false},"excerpt":{"rendered":"","protected":false},"author":12,"featured_media":317,"parent":0,"menu_order":0,"comment_status":"closed","ping_status":"closed","template":"","meta":{"footnotes":""},"class_list":["post-84","page","type-page","status-publish","has-post-thumbnail","hentry"],"aioseo_notices":[],"_links":{"self":[{"href":"https:\/\/teknosavo.fi\/de\/wp-json\/wp\/v2\/pages\/84","targetHints":{"allow":["GET"]}}],"collection":[{"href":"https:\/\/teknosavo.fi\/de\/wp-json\/wp\/v2\/pages"}],"about":[{"href":"https:\/\/teknosavo.fi\/de\/wp-json\/wp\/v2\/types\/page"}],"author":[{"embeddable":true,"href":"https:\/\/teknosavo.fi\/de\/wp-json\/wp\/v2\/users\/12"}],"replies":[{"embeddable":true,"href":"https:\/\/teknosavo.fi\/de\/wp-json\/wp\/v2\/comments?post=84"}],"version-history":[{"count":1,"href":"https:\/\/teknosavo.fi\/de\/wp-json\/wp\/v2\/pages\/84\/revisions"}],"predecessor-version":[{"id":201,"href":"https:\/\/teknosavo.fi\/de\/wp-json\/wp\/v2\/pages\/84\/revisions\/201"}],"wp:featuredmedia":[{"embeddable":true,"href":"https:\/\/teknosavo.fi\/de\/wp-json\/wp\/v2\/media\/317"}],"wp:attachment":[{"href":"https:\/\/teknosavo.fi\/de\/wp-json\/wp\/v2\/media?parent=84"}],"curies":[{"name":"wp","href":"https:\/\/api.w.org\/{rel}","templated":true}]}}