{"id":83,"date":"2015-06-23T09:10:22","date_gmt":"2019-04-10T20:24:45","guid":{"rendered":"http:\/\/wwwtesti.teknosavo.fi\/losungen\/"},"modified":"2019-05-29T15:05:20","modified_gmt":"2019-05-29T12:05:20","slug":"losungen","status":"publish","type":"page","link":"https:\/\/teknosavo.fi\/de\/losungen\/","title":{"rendered":"L\u00f6sungen"},"content":{"rendered":"\t\t<div data-elementor-type=\"wp-post\" data-elementor-id=\"83\" class=\"elementor elementor-83 elementor-66\" data-elementor-post-type=\"page\">\n\t\t\t\t\t\t<section class=\"elementor-section elementor-top-section elementor-element elementor-element-29c978233c7839a6cdb66a85cc5fe43e elementor-section-boxed elementor-section-height-default elementor-section-height-default\" data-id=\"29c978233c7839a6cdb66a85cc5fe43e\" data-element_type=\"section\">\n\t\t\t\t\t\t<div class=\"elementor-container elementor-column-gap-default\">\n\t\t\t\t\t<div class=\"elementor-column elementor-col- elementor-top-column elementor-element elementor-element-9d29360431afa9890e16dc8b834e77ac mod_articlehide_mobile\" data-id=\"9d29360431afa9890e16dc8b834e77ac\" data-element_type=\"column\" id=\"kuvabanneri\">\n\t\t\t<div class=\"elementor-widget-wrap\">\n\t\t\t\t\t\t\t<\/div>\n\t\t<\/div>\n\t\t\t\t\t<\/div>\n\t\t<\/section>\n\t\t\t\t<section class=\"elementor-section elementor-top-section elementor-element elementor-element-85d30adb8e1c1af0e6be116663478535 elementor-section-boxed elementor-section-height-default elementor-section-height-default\" data-id=\"85d30adb8e1c1af0e6be116663478535\" data-element_type=\"section\">\n\t\t\t\t\t\t<div class=\"elementor-container elementor-column-gap-default\">\n\t\t\t\t\t<div class=\"elementor-column elementor-col- elementor-top-column elementor-element elementor-element-38acda7712fd311e7764f7206b0065ff mod_articleinfoBg\" data-id=\"38acda7712fd311e7764f7206b0065ff\" data-element_type=\"column\">\n\t\t\t<div class=\"elementor-widget-wrap elementor-element-populated\">\n\t\t\t\t\t\t<div class=\"elementor-element elementor-element-2a58bb796504f0532475731e189bc168 ingressi block ce_text elementor-widget elementor-widget-text-editor\" data-id=\"2a58bb796504f0532475731e189bc168\" data-element_type=\"widget\" data-widget_type=\"text-editor.default\">\n\t\t\t\t<div class=\"elementor-widget-container\">\n\t\t\t\t\t\t\t\t\t<h1>HIGHTECH-L\u00d6SUNGEN VOM FABRIKTOR<br>BIS ZUR ZELLSTOFF-KOCHANLAGE<\/h1>\n<p>Mit den von Teknosavo entwickelten Produktionsautomationsl\u00f6sungen werden der Produktionsprozess der Holzbearbeitung optimiert und der Ertrag auf ein h\u00f6heres Niveau gesteigert.<\/p>\t\t\t\t\t\t\t\t<\/div>\n\t\t\t\t<\/div>\n\t\t\t\t<div class=\"elementor-element elementor-element-65186b12549547f087546662227c9fa3 g1 block ce_text elementor-widget elementor-widget-text-editor\" data-id=\"65186b12549547f087546662227c9fa3\" data-element_type=\"widget\" data-widget_type=\"text-editor.default\">\n\t\t\t\t<div class=\"elementor-widget-container\">\n\t\t\t\t\t\t\t\t\t<p>Die modernen Optimierungssysteme von Teknosavo f\u00fchren zu betr\u00e4chtlichen Einsparungen in Bezug auf Strom und Rohstoffe. Mit dem Know-how finnischer Technologie-Ingenieure werden Produktionsprozesse entwickelt und beschleunigt. In der Zellstoffindustrie werden j\u00e4hrlich pro Entrindungsanlage mehrere Millionen Kubikmeter Holz zu Zellulose verarbeitet. Deshalb f\u00fchrt bereits ein Prozent weniger Rohstoffverlust zu betr\u00e4chtlichen Einsparungen.<\/p>\t\t\t\t\t\t\t\t<\/div>\n\t\t\t\t<\/div>\n\t\t\t\t<div class=\"elementor-element elementor-element-bc22fd99566b588ec035574acdcfb8f3 g1 blue block ce_text elementor-widget elementor-widget-text-editor\" data-id=\"bc22fd99566b588ec035574acdcfb8f3\" data-element_type=\"widget\" data-widget_type=\"text-editor.default\">\n\t\t\t\t<div class=\"elementor-widget-container\">\n\t\t\t\t\t\t\t\t\t<h5><a title=\"woodsmart\" href=\"https:\/\/teknosavo.fi\/de\/optimierung-der-entrindung\/\">WOODSMART<sup>TM<\/sup> &#8211; OPTIMIERUNG DER&nbsp; ENTRINDUNG&nbsp;<\/a><\/h5>\n<p>Das innovative WoodSmart\u2122-System ist dient zur Optimierung der Holzentrindung. Das Hightech-System von Teknosavo erzielt betr\u00e4chtliche Einsparungen in Bezug auf Strom- und Rohstoffkosten, wobei der gesamte Produktionsprozess vom Fabriktor bis hin zur Zellstoff-Kochanlage maximiert wird. Im WoodSmart\u2122-System befinden sich f\u00fcnf Smart-Messger\u00e4te, welche die Teilbereiche des Prozesses in Echtzeit \u00fcberwachen. Mithilfe der Laser- und Kameratechnologie berechnet das System auf Basis der gemessenen Prozessvariablen die besten Werte f\u00fcr die Entrindung. So wird eine optimale Linienf\u00fchrung erreicht, dank der die Produktion von Schicht zu Schicht gleichm\u00e4\u00dfig und effizient verl\u00e4uft.<\/p>\t\t\t\t\t\t\t\t<\/div>\n\t\t\t\t<\/div>\n\t\t\t\t<div class=\"elementor-element elementor-element-d13074ba1d74ac845a87a3cccfb1e5f4 g1 block ce_image elementor-widget elementor-widget-image\" data-id=\"d13074ba1d74ac845a87a3cccfb1e5f4\" data-element_type=\"widget\" data-widget_type=\"image.default\">\n\t\t\t\t<div class=\"elementor-widget-container\">\n\t\t\t\t\t\t\t\t\t\t\t\t\t\t\t<img fetchpriority=\"high\" decoding=\"async\" width=\"980\" height=\"579\" src=\"https:\/\/teknosavo.fi\/wp-content\/uploads\/2019\/04\/de-smart-products-teknosavo.png\" class=\"attachment-full size-full wp-image-568\" alt=\"Teknosavo products\" srcset=\"https:\/\/teknosavo.fi\/wp-content\/uploads\/2019\/04\/de-smart-products-teknosavo.png 980w, https:\/\/teknosavo.fi\/wp-content\/uploads\/2019\/04\/de-smart-products-teknosavo-300x177.png 300w, https:\/\/teknosavo.fi\/wp-content\/uploads\/2019\/04\/de-smart-products-teknosavo-768x454.png 768w\" sizes=\"(max-width: 980px) 100vw, 980px\" \/>\t\t\t\t\t\t\t\t\t\t\t\t\t\t\t<\/div>\n\t\t\t\t<\/div>\n\t\t\t\t<div class=\"elementor-element elementor-element-2923e0c14dd54543bba09ec907d362d3  block ce_html elementor-widget elementor-widget-html\" data-id=\"2923e0c14dd54543bba09ec907d362d3\" data-element_type=\"widget\" data-widget_type=\"html.default\">\n\t\t\t\t<div class=\"elementor-widget-container\">\n\t\t\t\t\t<div style=\"clear:both;\"><\/div>\t\t\t\t<\/div>\n\t\t\t\t<\/div>\n\t\t\t\t<div class=\"elementor-element elementor-element-fb84c283127aee9b4bbe8436b948b853 g2 green block ce_text elementor-widget elementor-widget-text-editor\" data-id=\"fb84c283127aee9b4bbe8436b948b853\" data-element_type=\"widget\" data-widget_type=\"text-editor.default\">\n\t\t\t\t<div class=\"elementor-widget-container\">\n\t\t\t\t\t\t\t\t\t<h5><a href=\"https:\/\/teknosavo.fi\/de\/online-messsysteme\/\">ONLINE-MESSSYSTEM<\/a><\/h5>\n<h6><a href=\"https:\/\/teknosavo.fi\/de\/online-messsysteme\/\">BARKSMART\u2122<\/a>&nbsp;\u2022&nbsp;<a href=\"https:\/\/teknosavo.fi\/de\/online-messsysteme\/\">PROFISMART\u2122<\/a> \u2022 <a href=\"https:\/\/teknosavo.fi\/de\/online-messsysteme\/\">STONESMART\u2122<\/a>&nbsp;<br>\u2022 <a href=\"https:\/\/teknosavo.fi\/de\/online-messsysteme\/\">SOUNDSMART\u2122<\/a>&nbsp;\u2022&nbsp;<a href=\"https:\/\/teknosavo.fi\/de\/online-messsysteme\/\">FILLSMART\u2122<\/a>&nbsp;\u2022&nbsp;<a href=\"https:\/\/teknosavo.fi\/de\/online-messsysteme\/\">LOGSMART\u2122 \u2022<\/a>&nbsp;<a title=\"feedsmart\" href=\"https:\/\/teknosavo.fi\/de\/online-messsysteme\/\">FEEDSMART\u2122<\/a><\/h6>\t\t\t\t\t\t\t\t<\/div>\n\t\t\t\t<\/div>\n\t\t\t\t<div class=\"elementor-element elementor-element-c37db608411c1599863d969b66904758 g2 aqua block ce_text elementor-widget elementor-widget-text-editor\" data-id=\"c37db608411c1599863d969b66904758\" data-element_type=\"widget\" data-widget_type=\"text-editor.default\">\n\t\t\t\t<div class=\"elementor-widget-container\">\n\t\t\t\t\t\t\t\t\t<h5><a href=\"https:\/\/teknosavo.fi\/sv\/volymmaetning\/\">QUALIT\u00c4TSKONTROLLE<\/a>&nbsp;<\/h5>\n<h6><a href=\"https:\/\/teknosavo.fi\/de\/volumenmessung\/\">QS MEASUREMENT\u2122<\/a><\/h6>\t\t\t\t\t\t\t\t<\/div>\n\t\t\t\t<\/div>\n\t\t\t\t<div class=\"elementor-element elementor-element-6a245be018dd57647863e9515b7b271b  block ce_html elementor-widget elementor-widget-html\" data-id=\"6a245be018dd57647863e9515b7b271b\" data-element_type=\"widget\" data-widget_type=\"html.default\">\n\t\t\t\t<div class=\"elementor-widget-container\">\n\t\t\t\t\t<div style=\"clear:both;\"><\/div>\t\t\t\t<\/div>\n\t\t\t\t<\/div>\n\t\t\t\t<div class=\"elementor-element elementor-element-aa38de923bf38fcd5e730f7ec0d24ee3 g2 gray block ce_text elementor-widget elementor-widget-text-editor\" data-id=\"aa38de923bf38fcd5e730f7ec0d24ee3\" data-element_type=\"widget\" data-widget_type=\"text-editor.default\">\n\t\t\t\t<div class=\"elementor-widget-container\">\n\t\t\t\t\t\t\t\t\t<h5><a href=\"https:\/\/teknosavo.fi\/de\/volumenmessung\/\">VOLUMENMESSUNG<\/a><\/h5>\n<h6><a href=\"https:\/\/teknosavo.fi\/de\/volumenmessung\/\">LKW-MESSANLAGE<\/a><\/h6>\t\t\t\t\t\t\t\t<\/div>\n\t\t\t\t<\/div>\n\t\t\t\t<div class=\"elementor-element elementor-element-0f2346e89616ce30d2d879cbe9e49f73 g2 block ce_text elementor-widget elementor-widget-text-editor\" data-id=\"0f2346e89616ce30d2d879cbe9e49f73\" data-element_type=\"widget\" data-widget_type=\"text-editor.default\">\n\t\t\t\t<div class=\"elementor-widget-container\">\n\t\t\t\t\t\t\t\t\t<h5><a href=\"https:\/\/teknosavo.fi\/de\/datenerfassung-und-berichte\/\">DATENERFASSUNG UND BERICHTE<\/a><\/h5>\n<h6><a href=\"https:\/\/teknosavo.fi\/de\/datenerfassung-und-berichte\/\">REPORTSMART\u2122<\/a><\/h6>\t\t\t\t\t\t\t\t<\/div>\n\t\t\t\t<\/div>\n\t\t\t\t<div class=\"elementor-element elementor-element-f1e83f275cd43d3730d409a3a2debe66 g1 orange block ce_text elementor-widget elementor-widget-text-editor\" data-id=\"f1e83f275cd43d3730d409a3a2debe66\" data-element_type=\"widget\" data-widget_type=\"text-editor.default\">\n\t\t\t\t<div class=\"elementor-widget-container\">\n\t\t\t\t\t\t\t\t\t<h5><a href=\"https:\/\/teknosavo.fi\/de\/uberwachung-der-hackschnitzelqualitat\/\">\u00dcBERWACHUNG DER HACKSCHNITZELQUALIT\u00c4T<\/a><\/h5>\n<h6><a href=\"https:\/\/teknosavo.fi\/de\/uberwachung-der-hackschnitzelqualitat\/\">CHIPSMART\u2122 2D<\/a>&nbsp;\u2022 <a href=\"https:\/\/teknosavo.fi\/de\/uberwachung-der-hackschnitzelqualitat\/\">CHIPSMART\u2122 3D<\/a><\/h6>\t\t\t\t\t\t\t\t<\/div>\n\t\t\t\t<\/div>\n\t\t\t\t\t<\/div>\n\t\t<\/div>\n\t\t\t\t\t<\/div>\n\t\t<\/section>\n\t\t\t\t<\/div>\n\t\t","protected":false},"excerpt":{"rendered":"","protected":false},"author":12,"featured_media":317,"parent":0,"menu_order":0,"comment_status":"closed","ping_status":"closed","template":"","meta":{"footnotes":""},"class_list":["post-83","page","type-page","status-publish","has-post-thumbnail","hentry"],"aioseo_notices":[],"_links":{"self":[{"href":"https:\/\/teknosavo.fi\/de\/wp-json\/wp\/v2\/pages\/83","targetHints":{"allow":["GET"]}}],"collection":[{"href":"https:\/\/teknosavo.fi\/de\/wp-json\/wp\/v2\/pages"}],"about":[{"href":"https:\/\/teknosavo.fi\/de\/wp-json\/wp\/v2\/types\/page"}],"author":[{"embeddable":true,"href":"https:\/\/teknosavo.fi\/de\/wp-json\/wp\/v2\/users\/12"}],"replies":[{"embeddable":true,"href":"https:\/\/teknosavo.fi\/de\/wp-json\/wp\/v2\/comments?post=83"}],"version-history":[{"count":1,"href":"https:\/\/teknosavo.fi\/de\/wp-json\/wp\/v2\/pages\/83\/revisions"}],"predecessor-version":[{"id":200,"href":"https:\/\/teknosavo.fi\/de\/wp-json\/wp\/v2\/pages\/83\/revisions\/200"}],"wp:featuredmedia":[{"embeddable":true,"href":"https:\/\/teknosavo.fi\/de\/wp-json\/wp\/v2\/media\/317"}],"wp:attachment":[{"href":"https:\/\/teknosavo.fi\/de\/wp-json\/wp\/v2\/media?parent=83"}],"curies":[{"name":"wp","href":"https:\/\/api.w.org\/{rel}","templated":true}]}}