{"id":78,"date":"2015-06-18T13:10:55","date_gmt":"2015-06-18T10:10:55","guid":{"rendered":"http:\/\/wwwtesti.teknosavo.fi\/kontakt\/"},"modified":"2025-06-11T10:08:10","modified_gmt":"2025-06-11T07:08:10","slug":"kontakt","status":"publish","type":"page","link":"https:\/\/teknosavo.fi\/de\/kontakt\/","title":{"rendered":"Kontakt"},"content":{"rendered":"\t\t<div data-elementor-type=\"wp-post\" data-elementor-id=\"78\" class=\"elementor elementor-78 elementor-110\" data-elementor-post-type=\"page\">\n\t\t\t\t\t\t<section class=\"elementor-section elementor-top-section elementor-element elementor-element-68c9f30128114b463e3921205fdfe681 elementor-section-boxed elementor-section-height-default elementor-section-height-default\" data-id=\"68c9f30128114b463e3921205fdfe681\" data-element_type=\"section\">\n\t\t\t\t\t\t<div class=\"elementor-container elementor-column-gap-default\">\n\t\t\t\t\t<div class=\"elementor-column elementor-col-100 elementor-top-column elementor-element elementor-element-d0c6457f38166375bf4a7525ef658c39 mod_articlehide_mobile\" data-id=\"d0c6457f38166375bf4a7525ef658c39\" data-element_type=\"column\" id=\"kuvabanneri\">\n\t\t\t<div class=\"elementor-widget-wrap\">\n\t\t\t\t\t\t\t<\/div>\n\t\t<\/div>\n\t\t\t\t\t<\/div>\n\t\t<\/section>\n\t\t\t\t<section class=\"elementor-section elementor-top-section elementor-element elementor-element-5eb9e71 elementor-section-boxed elementor-section-height-default elementor-section-height-default\" data-id=\"5eb9e71\" data-element_type=\"section\">\n\t\t\t\t\t\t<div class=\"elementor-container elementor-column-gap-default\">\n\t\t\t\t\t<div class=\"elementor-column elementor-col-100 elementor-top-column elementor-element elementor-element-c7aa151 mod_articlelightBg\" data-id=\"c7aa151\" data-element_type=\"column\">\n\t\t\t<div class=\"elementor-widget-wrap elementor-element-populated\">\n\t\t\t\t\t\t<div class=\"elementor-element elementor-element-5b30111 g2 block ce_text elementor-widget elementor-widget-text-editor\" data-id=\"5b30111\" data-element_type=\"widget\" data-widget_type=\"text-editor.default\">\n\t\t\t\t<div class=\"elementor-widget-container\">\n\t\t\t\t\t\t\t\t\t<h1>KONTAKT<br \/><strong>Teknosavo<\/strong><\/h1>\t\t\t\t\t\t\t\t<\/div>\n\t\t\t\t<\/div>\n\t\t\t\t<div class=\"elementor-element elementor-element-e011e6f  block ce_html elementor-widget elementor-widget-html\" data-id=\"e011e6f\" data-element_type=\"widget\" data-widget_type=\"html.default\">\n\t\t\t\t<div class=\"elementor-widget-container\">\n\t\t\t\t\t<div style=\"clear:both;\"><\/div>\t\t\t\t<\/div>\n\t\t\t\t<\/div>\n\t\t\t\t<div class=\"elementor-element elementor-element-e227b4b g4 block ce_text elementor-widget__width-initial e-transform elementor-widget elementor-widget-text-editor\" data-id=\"e227b4b\" data-element_type=\"widget\" data-settings=\"{&quot;_transform_scale_effect&quot;:{&quot;unit&quot;:&quot;px&quot;,&quot;size&quot;:0.9,&quot;sizes&quot;:[]},&quot;_transform_scale_effect_tablet&quot;:{&quot;unit&quot;:&quot;px&quot;,&quot;size&quot;:&quot;&quot;,&quot;sizes&quot;:[]},&quot;_transform_scale_effect_mobile&quot;:{&quot;unit&quot;:&quot;px&quot;,&quot;size&quot;:&quot;&quot;,&quot;sizes&quot;:[]}}\" data-widget_type=\"text-editor.default\">\n\t\t\t\t<div class=\"elementor-widget-container\">\n\t\t\t\t\t\t\t\t\t<h3>VERWALTUNG<\/h3><div><a href=\"mailto:smart@teknosavo.fi\">smart@teknosavo.fi<\/a><\/div>\t\t\t\t\t\t\t\t<\/div>\n\t\t\t\t<\/div>\n\t\t\t\t<div class=\"elementor-element elementor-element-c7904d8 g4 block ce_text elementor-widget elementor-widget-text-editor\" data-id=\"c7904d8\" data-element_type=\"widget\" data-widget_type=\"text-editor.default\">\n\t\t\t\t<div class=\"elementor-widget-container\">\n\t\t\t\t\t\t\t\t\t<p><strong>Hannu H\u00e4m\u00e4l\u00e4inen<br \/><\/strong>Managing Director<br \/>Mob. +358 (0) 50 529 1366<br \/><a href=\"mailto:hannu.hamalainen@teknosavo.fi\">hannu.hamalainen@teknosavo.fi<\/a><\/p>\t\t\t\t\t\t\t\t<\/div>\n\t\t\t\t<\/div>\n\t\t\t\t<div class=\"elementor-element elementor-element-762556a g4 block ce_text elementor-widget elementor-widget-text-editor\" data-id=\"762556a\" data-element_type=\"widget\" data-widget_type=\"text-editor.default\">\n\t\t\t\t<div class=\"elementor-widget-container\">\n\t\t\t\t\t\t\t\t\t<p><strong>Hanna Matilainen<br><\/strong><span style=\"caret-color: #000000; color: #000000; font-family: Calibri, sans-serif; font-size: 14.6667px; text-size-adjust: auto;\">Controller&nbsp;<\/span><strong><br><\/strong>Mob. +358 (0)&nbsp;<span style=\"caret-color: #000000; color: #000000; font-family: Calibri, sans-serif; font-size: 14.6667px; text-size-adjust: auto;\">44&nbsp;477 2050<\/span><br><a title=\"Contact\" href=\"mailto:hanna.matilainen@teknosavo.fi\">hanna.matilainen@teknosavo.fi<\/a><\/p>\t\t\t\t\t\t\t\t<\/div>\n\t\t\t\t<\/div>\n\t\t\t\t<div class=\"elementor-element elementor-element-8d9af07 g4 block ce_text elementor-widget elementor-widget-text-editor\" data-id=\"8d9af07\" data-element_type=\"widget\" data-widget_type=\"text-editor.default\">\n\t\t\t\t<div class=\"elementor-widget-container\">\n\t\t\t\t\t\t\t\t\t<p><b>Sonja Niittylahti<\/b><b><br \/><\/b>Mob. +358 (0)\u00a0<span style=\"caret-color: #000000; color: #000000; font-family: Calibri, sans-serif; font-size: 14.6667px; text-size-adjust: auto;\">50\u00a0348 7386<br \/><\/span><a href=\"mailto:sonja.niittylahti@teknosavo.fi\">sonja.niittylahti@teknosavo.fi<\/a><\/p>\t\t\t\t\t\t\t\t<\/div>\n\t\t\t\t<\/div>\n\t\t\t\t<div class=\"elementor-element elementor-element-868832d  block ce_html elementor-widget elementor-widget-html\" data-id=\"868832d\" data-element_type=\"widget\" data-widget_type=\"html.default\">\n\t\t\t\t<div class=\"elementor-widget-container\">\n\t\t\t\t\t<div style=\"clear:both;\"><\/div>\t\t\t\t<\/div>\n\t\t\t\t<\/div>\n\t\t\t\t<div class=\"elementor-element elementor-element-a6d2808 g4 block ce_text elementor-widget elementor-widget-text-editor\" data-id=\"a6d2808\" data-element_type=\"widget\" data-widget_type=\"text-editor.default\">\n\t\t\t\t<div class=\"elementor-widget-container\">\n\t\t\t\t\t\t\t\t\t<p>\u00a0 \u00a0 \u00a0 \u00a0 \u00a0\u00a0<\/p>\t\t\t\t\t\t\t\t<\/div>\n\t\t\t\t<\/div>\n\t\t\t\t<div class=\"elementor-element elementor-element-eb83139 g4 block ce_text elementor-widget elementor-widget-text-editor\" data-id=\"eb83139\" data-element_type=\"widget\" data-widget_type=\"text-editor.default\">\n\t\t\t\t<div class=\"elementor-widget-container\">\n\t\t\t\t\t\t\t\t\t<p><strong>Jarna Salminen<br \/><\/strong>Marketing Assistant<br \/>Mob. +358 (0) 50\u00a0340 5973<br \/><a href=\"mailto:jarna.salminen@teknosavo.fi\">jarna.salminen@teknosavo.fi<\/a><\/p>\t\t\t\t\t\t\t\t<\/div>\n\t\t\t\t<\/div>\n\t\t\t\t<div class=\"elementor-element elementor-element-f1fdc57  block ce_html elementor-widget elementor-widget-html\" data-id=\"f1fdc57\" data-element_type=\"widget\" data-widget_type=\"html.default\">\n\t\t\t\t<div class=\"elementor-widget-container\">\n\t\t\t\t\t<div style=\"clear:both;\"><\/div>\t\t\t\t<\/div>\n\t\t\t\t<\/div>\n\t\t\t\t<div class=\"elementor-element elementor-element-d394fed g4 block ce_text elementor-widget__width-initial e-transform elementor-widget elementor-widget-text-editor\" data-id=\"d394fed\" data-element_type=\"widget\" data-settings=\"{&quot;_transform_scale_effect&quot;:{&quot;unit&quot;:&quot;px&quot;,&quot;size&quot;:0.8,&quot;sizes&quot;:[]},&quot;_transform_scale_effect_tablet&quot;:{&quot;unit&quot;:&quot;px&quot;,&quot;size&quot;:&quot;&quot;,&quot;sizes&quot;:[]},&quot;_transform_scale_effect_mobile&quot;:{&quot;unit&quot;:&quot;px&quot;,&quot;size&quot;:&quot;&quot;,&quot;sizes&quot;:[]}}\" data-widget_type=\"text-editor.default\">\n\t\t\t\t<div class=\"elementor-widget-container\">\n\t\t\t\t\t\t\t\t\t<h3>VERRECHNUNG<\/h3><div><a href=\"mailto:smart@teknosavo.fi\">smart@teknosavo.fi<\/a><\/div>\t\t\t\t\t\t\t\t<\/div>\n\t\t\t\t<\/div>\n\t\t\t\t<div class=\"elementor-element elementor-element-72d11e3 g5 block ce_text elementor-widget elementor-widget-text-editor\" data-id=\"72d11e3\" data-element_type=\"widget\" data-widget_type=\"text-editor.default\">\n\t\t\t\t<div class=\"elementor-widget-container\">\n\t\t\t\t\t\t\t\t\t<h4>Teknosavo Oy<\/h4><p>Vipusenkatu 15<br \/>FI-57200 Savonlinna<br \/>Mob. +358 (0) 15 477 0700<br \/><a title=\"Send E-mail to Teknosavo\" href=\"mailto:smart@teknosavo.fi\">smart@teknosavo.fi<\/a><\/p>\t\t\t\t\t\t\t\t<\/div>\n\t\t\t\t<\/div>\n\t\t\t\t<div class=\"elementor-element elementor-element-bec262a g4 block ce_text elementor-widget elementor-widget-text-editor\" data-id=\"bec262a\" data-element_type=\"widget\" data-widget_type=\"text-editor.default\">\n\t\t\t\t<div class=\"elementor-widget-container\">\n\t\t\t\t\t\t\t\t\t<p><b>Firmenbuchnummer<\/b><br>FI07520148<\/p>\n<p><strong>E-Rechnungsadresse<br><\/strong>003707520148<\/p>\n<p><strong>E-Invoicing-Provider<\/strong><br>(OpenText)<\/p>\t\t\t\t\t\t\t\t<\/div>\n\t\t\t\t<\/div>\n\t\t\t\t<div class=\"elementor-element elementor-element-8c855e8 g4 block ce_text elementor-widget elementor-widget-text-editor\" data-id=\"8c855e8\" data-element_type=\"widget\" data-widget_type=\"text-editor.default\">\n\t\t\t\t<div class=\"elementor-widget-container\">\n\t\t\t\t\t\t\t\t\t<p><strong>Providercode<\/strong><br \/>003708599126<\/p><p><strong>EDI-Code<br \/><\/strong>003707520148<\/p>\t\t\t\t\t\t\t\t<\/div>\n\t\t\t\t<\/div>\n\t\t\t\t<div class=\"elementor-element elementor-element-1254d04  block ce_html elementor-widget elementor-widget-html\" data-id=\"1254d04\" data-element_type=\"widget\" data-widget_type=\"html.default\">\n\t\t\t\t<div class=\"elementor-widget-container\">\n\t\t\t\t\t<div style=\"clear:both;\"><\/div>\t\t\t\t<\/div>\n\t\t\t\t<\/div>\n\t\t\t\t<div class=\"elementor-element elementor-element-4b7301a g4 block ce_text elementor-widget elementor-widget-text-editor\" data-id=\"4b7301a\" data-element_type=\"widget\" data-widget_type=\"text-editor.default\">\n\t\t\t\t<div class=\"elementor-widget-container\">\n\t\t\t\t\t\t\t\t\t<h3>WARTUNG<\/h3><div><a href=\"mailto:service@teknosavo.fi\">service@teknosavo.fi<\/a><\/div>\t\t\t\t\t\t\t\t<\/div>\n\t\t\t\t<\/div>\n\t\t\t\t<div class=\"elementor-element elementor-element-09d572a g4 block ce_text elementor-widget elementor-widget-text-editor\" data-id=\"09d572a\" data-element_type=\"widget\" data-widget_type=\"text-editor.default\">\n\t\t\t\t<div class=\"elementor-widget-container\">\n\t\t\t\t\t\t\t\t\t<p><strong>Kimmo Makkonen<br \/><\/strong>Service Engineer<br \/><br \/><a href=\"mailto:kimmo.makkonen@teknosavo.fi\">kimmo.makkonen@teknosavo.fi<\/a><\/p>\t\t\t\t\t\t\t\t<\/div>\n\t\t\t\t<\/div>\n\t\t\t\t<div class=\"elementor-element elementor-element-dc14a53 g4 block ce_text elementor-widget elementor-widget-text-editor\" data-id=\"dc14a53\" data-element_type=\"widget\" data-widget_type=\"text-editor.default\">\n\t\t\t\t<div class=\"elementor-widget-container\">\n\t\t\t\t\t\t\t\t\t<p><strong>Kalle Kuivalainen<br \/><\/strong>Service Engineer<br \/><br \/><a href=\"mailto:kalle.kuivalainen@teknosavo.fi\">kalle.kuivalainen@teknosavo.fi<\/a><\/p>\t\t\t\t\t\t\t\t<\/div>\n\t\t\t\t<\/div>\n\t\t\t\t<div class=\"elementor-element elementor-element-1e4bc39 g4 block ce_text elementor-widget elementor-widget-text-editor\" data-id=\"1e4bc39\" data-element_type=\"widget\" data-widget_type=\"text-editor.default\">\n\t\t\t\t<div class=\"elementor-widget-container\">\n\t\t\t\t\t\t\t\t\t<p><strong>Tatu Saariniva<br \/><\/strong>Service Engineer<br \/><br \/><a href=\"mailto:tatu.saariniva@teknosavo.fi\">tatu.saariniva@teknosavo.fi<\/a><\/p>\t\t\t\t\t\t\t\t<\/div>\n\t\t\t\t<\/div>\n\t\t\t\t<div class=\"elementor-element elementor-element-ab7156d  block ce_html elementor-widget elementor-widget-html\" data-id=\"ab7156d\" data-element_type=\"widget\" data-widget_type=\"html.default\">\n\t\t\t\t<div class=\"elementor-widget-container\">\n\t\t\t\t\t<div style=\"clear:both;\"><\/div>\t\t\t\t<\/div>\n\t\t\t\t<\/div>\n\t\t\t\t<div class=\"elementor-element elementor-element-b921361 g4 block ce_text elementor-widget elementor-widget-text-editor\" data-id=\"b921361\" data-element_type=\"widget\" data-widget_type=\"text-editor.default\">\n\t\t\t\t<div class=\"elementor-widget-container\">\n\t\t\t\t\t\t\t\t\t<h3>VERKAUF<\/h3><div><a href=\"mailto:sales@teknosavo.fi\">sales@teknosavo.fi<\/a><\/div>\t\t\t\t\t\t\t\t<\/div>\n\t\t\t\t<\/div>\n\t\t\t\t<div class=\"elementor-element elementor-element-4a5bd4b g4 block ce_text elementor-widget elementor-widget-text-editor\" data-id=\"4a5bd4b\" data-element_type=\"widget\" data-widget_type=\"text-editor.default\">\n\t\t\t\t<div class=\"elementor-widget-container\">\n\t\t\t\t\t\t\t\t\t<p><strong>Kari Kallio<br \/><\/strong>Sales Manager<br \/>Mob.\u00a0 +358 (0) 400 332 335<br \/><a href=\"mailto:kari.kallio@teknosavo.fi\"><span style=\"font-style: inherit !important; font-weight: inherit !important;\">kari.kallio@teknosavo.fi<\/span><\/a><\/p>\t\t\t\t\t\t\t\t<\/div>\n\t\t\t\t<\/div>\n\t\t\t\t<div class=\"elementor-element elementor-element-8f9ba4f g4 block ce_text elementor-widget elementor-widget-text-editor\" data-id=\"8f9ba4f\" data-element_type=\"widget\" data-widget_type=\"text-editor.default\">\n\t\t\t\t<div class=\"elementor-widget-container\">\n\t\t\t\t\t\t\t\t\t<p><strong>Timo Alasuvanto<br><\/strong>Sales Manager<br>Mob.&nbsp; +358 (0) 44 477 2058<br><a href=\"mailto:timo.alasuvanto@teknosavo.fi\">timo.alasuvanto@teknosavo.fi<\/a><\/p>\t\t\t\t\t\t\t\t<\/div>\n\t\t\t\t<\/div>\n\t\t\t\t<div class=\"elementor-element elementor-element-c908c61  block ce_html elementor-widget elementor-widget-html\" data-id=\"c908c61\" data-element_type=\"widget\" data-widget_type=\"html.default\">\n\t\t\t\t<div class=\"elementor-widget-container\">\n\t\t\t\t\t<div style=\"clear:both;\"><\/div>\t\t\t\t<\/div>\n\t\t\t\t<\/div>\n\t\t\t\t<div class=\"elementor-element elementor-element-2a3ed4d g1 block ce_text elementor-widget elementor-widget-text-editor\" data-id=\"2a3ed4d\" data-element_type=\"widget\" data-widget_type=\"text-editor.default\">\n\t\t\t\t<div class=\"elementor-widget-container\">\n\t\t\t\t\t\t\t\t\t<h3>HANDELSAGENTEN<\/h3><h3>EUROPA<\/h3>\t\t\t\t\t\t\t\t<\/div>\n\t\t\t\t<\/div>\n\t\t\t\t<div class=\"elementor-element elementor-element-c02aec4 g4 block ce_text elementor-widget elementor-widget-text-editor\" data-id=\"c02aec4\" data-element_type=\"widget\" data-widget_type=\"text-editor.default\">\n\t\t\t\t<div class=\"elementor-widget-container\">\n\t\t\t\t\t\t\t\t\t<h5>SLOVAKIEN<br \/><br \/><br \/><\/h5><p>\u00a0<\/p><p>AGROSILVA SR, S.R.O.<br \/>Kukucinova 25<br \/>SK-921 01 Piestany,<br \/>Slovakien<br \/>Tel. +421 90 561 8352<br \/>Fax +421 33 772 3034<br \/><a title=\"Send E-mail\" href=\"mailto:agrosilva@py.sknet.sk\">agrosilva@agrosilva.sk<\/a><\/p>\t\t\t\t\t\t\t\t<\/div>\n\t\t\t\t<\/div>\n\t\t\t\t<div class=\"elementor-element elementor-element-7fc8a32 g4 block ce_text elementor-widget elementor-widget-text-editor\" data-id=\"7fc8a32\" data-element_type=\"widget\" data-widget_type=\"text-editor.default\">\n\t\t\t\t<div class=\"elementor-widget-container\">\n\t\t\t\t\t\t\t\t\t<h5>SPANIEN<br \/><br \/><br \/><\/h5><p>\u00a0<\/p><p>Sotgar Systems S.L.<br \/>Per Hornstein<br \/>Apdo. 30231<br \/>E-08080 Barcelona<br \/>Spanien<br \/>Tel. +34 93 205 5830<br \/>Fax +34 93 205 5490<br \/><a title=\"Send E-mail\" href=\"mailto:perhornstein@sotgar.com\">perhornstein@sotgar.com<\/a><\/p>\t\t\t\t\t\t\t\t<\/div>\n\t\t\t\t<\/div>\n\t\t\t\t<div class=\"elementor-element elementor-element-6f6c85a g4 block ce_text elementor-widget elementor-widget-text-editor\" data-id=\"6f6c85a\" data-element_type=\"widget\" data-widget_type=\"text-editor.default\">\n\t\t\t\t<div class=\"elementor-widget-container\">\n\t\t\t\t\t\t\t\t\t<h5>\u00d6STERREICH UND DEUTSCHLAND<\/h5><p>\u00a0<\/p><p>Dr. Gerhard Gabriel<br \/>gage 4P e. U.<br \/>Josef-Berghold-Strasse 23<br \/>2514 M\u00f6llersdorf<br \/>Austria<br \/>Tel. +43 681 2089 5112<br \/><a href=\"mailto:gerhard.gabriel@gage4p.com\">gerhard.gabriel@gage4p.com<\/a><\/p>\t\t\t\t\t\t\t\t<\/div>\n\t\t\t\t<\/div>\n\t\t\t\t<div class=\"elementor-element elementor-element-905f750 g4 block ce_text elementor-widget elementor-widget-text-editor\" data-id=\"905f750\" data-element_type=\"widget\" data-widget_type=\"text-editor.default\">\n\t\t\t\t<div class=\"elementor-widget-container\">\n\t\t\t\t\t\t\t\t\t<h5>FRANKREICH<br \/><br \/><br \/><\/h5><p>\u00a0<\/p><p>LOGICONSULT<br \/>Tel. +33 (0)5 63 23 28<br \/>ZI n\u00b03 &#8211; 63, avenue Maryse Basti\u00e9<br \/>16340 L\u2019Isle d\u2019Espagnac \u2013 Frankreich<br \/><a href=\"mailto:gerhard.gabriel@gage4p.com\">contact@logi-consult.fr<\/a><\/p>\t\t\t\t\t\t\t\t<\/div>\n\t\t\t\t<\/div>\n\t\t\t\t<div class=\"elementor-element elementor-element-f6b4281  block ce_html elementor-widget elementor-widget-html\" data-id=\"f6b4281\" data-element_type=\"widget\" data-widget_type=\"html.default\">\n\t\t\t\t<div class=\"elementor-widget-container\">\n\t\t\t\t\t<div style=\"clear:both;\"><\/div>\t\t\t\t<\/div>\n\t\t\t\t<\/div>\n\t\t\t\t<div class=\"elementor-element elementor-element-377a09e elementor-widget__width-initial elementor-widget elementor-widget-text-editor\" data-id=\"377a09e\" data-element_type=\"widget\" data-widget_type=\"text-editor.default\">\n\t\t\t\t<div class=\"elementor-widget-container\">\n\t\t\t\t\t\t\t\t\t<h5>PORTUGAL<\/h5><p>Celpapel &#8211; Equipamentos Industriais, LDA.<br \/>Rua Armando Cortez, 1-1\u00baD<br \/>2770-233 Pa\u00e7o de Arcos, Portugal<br \/>Tel. +351 21 313 8340<br \/>Fax +351 21 356 1335<br \/><a title=\"Send E-mail\" href=\"mailto:james.blades@celpapel.com\">james.blades@celpapel.com<\/a><\/p>\t\t\t\t\t\t\t\t<\/div>\n\t\t\t\t<\/div>\n\t\t\t\t<div class=\"elementor-element elementor-element-f354372 g1 block ce_text elementor-widget elementor-widget-text-editor\" data-id=\"f354372\" data-element_type=\"widget\" data-widget_type=\"text-editor.default\">\n\t\t\t\t<div class=\"elementor-widget-container\">\n\t\t\t\t\t\t\t\t\t<h3>USA, SOUTH-AFRICA, INDONESIA, CHILE<\/h3>\t\t\t\t\t\t\t\t<\/div>\n\t\t\t\t<\/div>\n\t\t\t\t<div class=\"elementor-element elementor-element-776e50c  block ce_html elementor-widget elementor-widget-html\" data-id=\"776e50c\" data-element_type=\"widget\" data-widget_type=\"html.default\">\n\t\t\t\t<div class=\"elementor-widget-container\">\n\t\t\t\t\t<div style=\"clear:both;\"><\/div>\t\t\t\t<\/div>\n\t\t\t\t<\/div>\n\t\t\t\t<div class=\"elementor-element elementor-element-b1c4b72 elementor-widget__width-initial elementor-widget elementor-widget-text-editor\" data-id=\"b1c4b72\" data-element_type=\"widget\" data-widget_type=\"text-editor.default\">\n\t\t\t\t<div class=\"elementor-widget-container\">\n\t\t\t\t\t\t\t\t\t<h5>USA &#8211; State of minnesota, michigan, wisconsin, illinois, indiana, iowa, ohio \/ canada &#8211; Ontario province<\/h5>\n<p>MATERIAL CONTROL SOLUTIONS LLC |&nbsp;<br>Chris Veley<br>Direct: +1 (0)414 708 4475<br>Fax: +1 (0)414 423 4473<br>Office: +1 (0)866 476 9861 or +1 (0)414 423 4472<br>1987 W Perdue<br>Milwaukee, WI 53209&nbsp;&nbsp;<br><a href=\"mailto:chris@materialcontrolsolutionsllc.com\">chris@materialcontrolsolutionsllc.com<\/a><br><a href=\"https:\/\/www.materialcontrolsolutionsllc.com\">www.materialcontrolsolutionsllc.com<\/a><\/p>\n<p><\/p>\t\t\t\t\t\t\t\t<\/div>\n\t\t\t\t<\/div>\n\t\t\t\t<div class=\"elementor-element elementor-element-544edbc  block ce_html elementor-widget elementor-widget-html\" data-id=\"544edbc\" data-element_type=\"widget\" data-widget_type=\"html.default\">\n\t\t\t\t<div class=\"elementor-widget-container\">\n\t\t\t\t\t<div style=\"clear:both;\"><\/div>\t\t\t\t<\/div>\n\t\t\t\t<\/div>\n\t\t\t\t<div class=\"elementor-element elementor-element-9f29bfe elementor-widget__width-initial elementor-widget elementor-widget-text-editor\" data-id=\"9f29bfe\" data-element_type=\"widget\" data-widget_type=\"text-editor.default\">\n\t\t\t\t<div class=\"elementor-widget-container\">\n\t\t\t\t\t\t\t\t\t<h5>S\u00dcDAFRIKA<\/h5><p>IMPORTANT PRODUCTS (PTY) LTD |<br \/>Theo Churchill<br \/>Tel.+2782 897 2464<br \/>P.O Box 69128, Bryanston, 2021, South Africa<br \/><a href=\"mailto:theo.churchill@importantproducts.co.za\">theo.churchill@importantproducts.co.za<\/a><\/p>\t\t\t\t\t\t\t\t<\/div>\n\t\t\t\t<\/div>\n\t\t\t\t<div class=\"elementor-element elementor-element-7d7b074  block ce_html elementor-widget elementor-widget-html\" data-id=\"7d7b074\" data-element_type=\"widget\" data-widget_type=\"html.default\">\n\t\t\t\t<div class=\"elementor-widget-container\">\n\t\t\t\t\t<div style=\"clear:both;\"><\/div>\t\t\t\t<\/div>\n\t\t\t\t<\/div>\n\t\t\t\t<div class=\"elementor-element elementor-element-1ba0a2d elementor-widget elementor-widget-text-editor\" data-id=\"1ba0a2d\" data-element_type=\"widget\" data-widget_type=\"text-editor.default\">\n\t\t\t\t<div class=\"elementor-widget-container\">\n\t\t\t\t\t\t\t\t\t<h5>IndonesIEN<\/h5><p>Nordic Ventures Pte. Ltd<br \/>Jakarta<br \/>Tel: +62\u00a0811\u00a0153 2282<br \/><a href=\"mailto:jakarta@nvg.fi\">jakarta@nvg.fi<\/a><\/p>\t\t\t\t\t\t\t\t<\/div>\n\t\t\t\t<\/div>\n\t\t\t\t<div class=\"elementor-element elementor-element-a54d7c2  block ce_html elementor-widget elementor-widget-html\" data-id=\"a54d7c2\" data-element_type=\"widget\" data-widget_type=\"html.default\">\n\t\t\t\t<div class=\"elementor-widget-container\">\n\t\t\t\t\t<div style=\"clear:both;\"><\/div>\t\t\t\t<\/div>\n\t\t\t\t<\/div>\n\t\t\t\t<div class=\"elementor-element elementor-element-55c756c elementor-widget elementor-widget-text-editor\" data-id=\"55c756c\" data-element_type=\"widget\" data-widget_type=\"text-editor.default\">\n\t\t\t\t<div class=\"elementor-widget-container\">\n\t\t\t\t\t\t\t\t\t<h5>CHILE<\/h5><p>TUTKA INGENIERIA &amp; CONSTRUCCION SPA | +56 (0)9 75 93 94 89<br \/>Marconi 840 11 Pedro Lagos<br \/>Los Angeles<br \/><a href=\"mailto:hcorrea@tutka.cl\">hcorrea@tutka.cl<\/a><\/p>\t\t\t\t\t\t\t\t<\/div>\n\t\t\t\t<\/div>\n\t\t\t\t\t<\/div>\n\t\t<\/div>\n\t\t\t\t\t<\/div>\n\t\t<\/section>\n\t\t\t\t<\/div>\n\t\t","protected":false},"excerpt":{"rendered":"<p>KONTAKTTeknosavo VERWALTUNG smart@teknosavo.fi Hannu H\u00e4m\u00e4l\u00e4inenManaging DirectorMob. +358 (0) 50 529 1366hannu.hamalainen@teknosavo.fi Hanna MatilainenController&nbsp;Mob. +358 (0)&nbsp;44&nbsp;477 2050hanna.matilainen@teknosavo.fi Sonja NiittylahtiMob. +358 (0)\u00a050\u00a0348 7386sonja.niittylahti@teknosavo.fi \u00a0 \u00a0 \u00a0 \u00a0 \u00a0\u00a0 Jarna SalminenMarketing AssistantMob. +358 (0) 50\u00a0340 5973jarna.salminen@teknosavo.fi VERRECHNUNG smart@teknosavo.fi Teknosavo Oy Vipusenkatu 15FI-57200 SavonlinnaMob. +358 (0) 15 477 0700smart@teknosavo.fi FirmenbuchnummerFI07520148 E-Rechnungsadresse003707520148 E-Invoicing-Provider(OpenText) Providercode003708599126 EDI-Code003707520148 WARTUNG service@teknosavo.fi Kimmo MakkonenService Engineer [&hellip;]<\/p>\n","protected":false},"author":12,"featured_media":688,"parent":0,"menu_order":0,"comment_status":"closed","ping_status":"closed","template":"","meta":{"footnotes":""},"class_list":["post-78","page","type-page","status-publish","has-post-thumbnail","hentry"],"aioseo_notices":[],"_links":{"self":[{"href":"https:\/\/teknosavo.fi\/de\/wp-json\/wp\/v2\/pages\/78","targetHints":{"allow":["GET"]}}],"collection":[{"href":"https:\/\/teknosavo.fi\/de\/wp-json\/wp\/v2\/pages"}],"about":[{"href":"https:\/\/teknosavo.fi\/de\/wp-json\/wp\/v2\/types\/page"}],"author":[{"embeddable":true,"href":"https:\/\/teknosavo.fi\/de\/wp-json\/wp\/v2\/users\/12"}],"replies":[{"embeddable":true,"href":"https:\/\/teknosavo.fi\/de\/wp-json\/wp\/v2\/comments?post=78"}],"version-history":[{"count":70,"href":"https:\/\/teknosavo.fi\/de\/wp-json\/wp\/v2\/pages\/78\/revisions"}],"predecessor-version":[{"id":4402,"href":"https:\/\/teknosavo.fi\/de\/wp-json\/wp\/v2\/pages\/78\/revisions\/4402"}],"wp:featuredmedia":[{"embeddable":true,"href":"https:\/\/teknosavo.fi\/de\/wp-json\/wp\/v2\/media\/688"}],"wp:attachment":[{"href":"https:\/\/teknosavo.fi\/de\/wp-json\/wp\/v2\/media?parent=78"}],"curies":[{"name":"wp","href":"https:\/\/api.w.org\/{rel}","templated":true}]}}