{"id":147,"date":"2018-05-15T06:23:25","date_gmt":"2018-05-15T03:23:25","guid":{"rendered":"http:\/\/wwwtesti.teknosavo.fi\/hauptsite\/"},"modified":"2025-06-11T10:07:13","modified_gmt":"2025-06-11T07:07:13","slug":"hauptsite","status":"publish","type":"page","link":"https:\/\/teknosavo.fi\/de\/","title":{"rendered":"Hauptsite"},"content":{"rendered":"\t\t<div data-elementor-type=\"wp-post\" data-elementor-id=\"147\" class=\"elementor elementor-147 elementor-98\" data-elementor-post-type=\"page\">\n\t\t\t\t\t\t<section class=\"elementor-section elementor-top-section elementor-element elementor-element-02e27b7ea388eb3db67d0759bee396fd elementor-section-boxed elementor-section-height-default elementor-section-height-default\" data-id=\"02e27b7ea388eb3db67d0759bee396fd\" data-element_type=\"section\">\n\t\t\t\t\t\t<div class=\"elementor-container elementor-column-gap-default\">\n\t\t\t\t\t<div class=\"elementor-column elementor-col-100 elementor-top-column elementor-element elementor-element-9bd0b8ece1d90193abf048e8382131ed mod_articlehide\" data-id=\"9bd0b8ece1d90193abf048e8382131ed\" data-element_type=\"column\" id=\"slider\">\n\t\t\t<div class=\"elementor-widget-wrap\">\n\t\t\t\t\t\t\t<\/div>\n\t\t<\/div>\n\t\t\t\t\t<\/div>\n\t\t<\/section>\n\t\t\t\t<section class=\"elementor-section elementor-top-section elementor-element elementor-element-fc431312632f8a3d27d521168460f61a elementor-section-boxed elementor-section-height-default elementor-section-height-default\" data-id=\"fc431312632f8a3d27d521168460f61a\" data-element_type=\"section\">\n\t\t\t\t\t\t<div class=\"elementor-container elementor-column-gap-default\">\n\t\t\t\t\t<div class=\"elementor-column elementor-col-100 elementor-top-column elementor-element elementor-element-4ae4c3a470d1bda8ad71e447304afa2a mod_articleinfoBg\" data-id=\"4ae4c3a470d1bda8ad71e447304afa2a\" data-element_type=\"column\" id=\"front\">\n\t\t\t<div class=\"elementor-widget-wrap elementor-element-populated\">\n\t\t\t\t\t\t<div class=\"elementor-element elementor-element-e504679b17e7f36481eb85c708de7918 g1 blue block ce_text elementor-widget elementor-widget-text-editor\" data-id=\"e504679b17e7f36481eb85c708de7918\" data-element_type=\"widget\" data-widget_type=\"text-editor.default\">\n\t\t\t\t<div class=\"elementor-widget-container\">\n\t\t\t\t\t\t\t\t\t<h2>EFFIZIENZ UND PRODUKTIONSSICHERHEIT<\/h2>\n<p>Optimierte Leistung f\u00fcr die Holzbearbeitung<br><br>Mithilfe der von Teknosavo entwickelten L\u00f6sungen k\u00f6nnen Holzbearbeitungsprozesse vom Fabriktor bis zum Zellstoff Kochprozess optimiert werden. Durch die Optimierung wird die effiziente Nutzung des Rohstoffs sichergestellt, wobei Verluste verringert und die Gesamtkapazit\u00e4t gesteigert werden. Der durch unsere Technologie gew\u00e4hrleistete homogene Prozess reduziert au\u00dferdem die Kosten f\u00fcr Chemikalien, Strom und Arbeitskraft.<br><br>Wir liefern den Kunden eine Komplettleistung, die die gesamte Automatik beinhaltet. Inklusive die Messger\u00e4te, die Software und der Instandhaltungsservice. Der monatlich berechnete Service garantiert optimale Produktion f\u00fcr die gesamte Vertragslaufzeit. Die durch die Optimierung erzielten Einsparungen betragen oftmals Millionen von Euro \u2013 lassen Sie uns rechnen, wie viel Sie einsparen k\u00f6nnen. <br><span style=\"text-decoration: underline;\"><a href=\"https:\/\/teknosavo.fi\/de\/optimierungsdienste\/\">Weitere Informationen \u00fcber unsere Optimierungsleistungen.<\/a><\/span><br><br><\/p>\t\t\t\t\t\t\t\t<\/div>\n\t\t\t\t<\/div>\n\t\t\t\t<div class=\"elementor-element elementor-element-708504132bb959f27c404659f8f03b34 g1 block ce_image elementor-widget elementor-widget-image\" data-id=\"708504132bb959f27c404659f8f03b34\" data-element_type=\"widget\" data-widget_type=\"image.default\">\n\t\t\t\t<div class=\"elementor-widget-container\">\n\t\t\t\t\t\t\t\t\t\t\t\t\t\t\t<img fetchpriority=\"high\" decoding=\"async\" width=\"980\" height=\"370\" src=\"https:\/\/teknosavo.fi\/wp-content\/uploads\/2019\/04\/de_frontpage_photo.png\" class=\"attachment-full size-full wp-image-1013\" alt=\"Frontpage image\" srcset=\"https:\/\/teknosavo.fi\/wp-content\/uploads\/2019\/04\/de_frontpage_photo.png 980w, https:\/\/teknosavo.fi\/wp-content\/uploads\/2019\/04\/de_frontpage_photo-300x113.png 300w, https:\/\/teknosavo.fi\/wp-content\/uploads\/2019\/04\/de_frontpage_photo-768x290.png 768w\" sizes=\"(max-width: 980px) 100vw, 980px\" \/>\t\t\t\t\t\t\t\t\t\t\t\t\t\t\t<\/div>\n\t\t\t\t<\/div>\n\t\t\t\t<div class=\"elementor-element elementor-element-781f1c0 elementor-widget elementor-widget-spacer\" data-id=\"781f1c0\" data-element_type=\"widget\" data-widget_type=\"spacer.default\">\n\t\t\t\t<div class=\"elementor-widget-container\">\n\t\t\t\t\t\t\t<div class=\"elementor-spacer\">\n\t\t\t<div class=\"elementor-spacer-inner\"><\/div>\n\t\t<\/div>\n\t\t\t\t\t\t<\/div>\n\t\t\t\t<\/div>\n\t\t\t\t<div class=\"elementor-element elementor-element-8d84116be6bd75f8f3bcc2f4d71a824b g3 block ce_image elementor-widget elementor-widget-image\" data-id=\"8d84116be6bd75f8f3bcc2f4d71a824b\" data-element_type=\"widget\" data-widget_type=\"image.default\">\n\t\t\t\t<div class=\"elementor-widget-container\">\n\t\t\t\t\t\t\t\t\t\t\t\t\t\t\t<img decoding=\"async\" width=\"307\" height=\"250\" src=\"https:\/\/teknosavo.fi\/wp-content\/uploads\/2019\/04\/de_luku_1.png\" class=\"attachment-full size-full wp-image-1023\" alt=\"6 Mio euro Ersparnis\" srcset=\"https:\/\/teknosavo.fi\/wp-content\/uploads\/2019\/04\/de_luku_1.png 307w, https:\/\/teknosavo.fi\/wp-content\/uploads\/2019\/04\/de_luku_1-300x244.png 300w\" sizes=\"(max-width: 307px) 100vw, 307px\" \/>\t\t\t\t\t\t\t\t\t\t\t\t\t\t\t<\/div>\n\t\t\t\t<\/div>\n\t\t\t\t<div class=\"elementor-element elementor-element-a83c800f8b2c6abfa8e09a9607c0655c g3 block ce_image elementor-widget elementor-widget-image\" data-id=\"a83c800f8b2c6abfa8e09a9607c0655c\" data-element_type=\"widget\" data-widget_type=\"image.default\">\n\t\t\t\t<div class=\"elementor-widget-container\">\n\t\t\t\t\t\t\t\t\t\t\t\t\t\t\t<img decoding=\"async\" width=\"307\" height=\"250\" src=\"https:\/\/teknosavo.fi\/wp-content\/uploads\/2019\/04\/de_luku_2.png\" class=\"attachment-full size-full wp-image-1028\" alt=\"Reduktion des Materialvertulstes um 50 %\" srcset=\"https:\/\/teknosavo.fi\/wp-content\/uploads\/2019\/04\/de_luku_2.png 307w, https:\/\/teknosavo.fi\/wp-content\/uploads\/2019\/04\/de_luku_2-300x244.png 300w\" sizes=\"(max-width: 307px) 100vw, 307px\" \/>\t\t\t\t\t\t\t\t\t\t\t\t\t\t\t<\/div>\n\t\t\t\t<\/div>\n\t\t\t\t<div class=\"elementor-element elementor-element-b7a149f3b77a3782cd7b5186d2409fa3 g3 block ce_image elementor-widget elementor-widget-image\" data-id=\"b7a149f3b77a3782cd7b5186d2409fa3\" data-element_type=\"widget\" data-widget_type=\"image.default\">\n\t\t\t\t<div class=\"elementor-widget-container\">\n\t\t\t\t\t\t\t\t\t\t\t\t\t\t\t<img loading=\"lazy\" decoding=\"async\" width=\"307\" height=\"250\" src=\"https:\/\/teknosavo.fi\/wp-content\/uploads\/2019\/04\/de_luku_3.png\" class=\"attachment-full size-full wp-image-1033\" alt=\"Effizienzgarantie 100 %\" srcset=\"https:\/\/teknosavo.fi\/wp-content\/uploads\/2019\/04\/de_luku_3.png 307w, https:\/\/teknosavo.fi\/wp-content\/uploads\/2019\/04\/de_luku_3-300x244.png 300w\" sizes=\"(max-width: 307px) 100vw, 307px\" \/>\t\t\t\t\t\t\t\t\t\t\t\t\t\t\t<\/div>\n\t\t\t\t<\/div>\n\t\t\t\t<div class=\"elementor-element elementor-element-61a451c746ba2eacf720db94c4214148 g3 block ce_text elementor-widget elementor-widget-text-editor\" data-id=\"61a451c746ba2eacf720db94c4214148\" data-element_type=\"widget\" data-widget_type=\"text-editor.default\">\n\t\t\t\t<div class=\"elementor-widget-container\">\n\t\t\t\t\t\t\t\t\t<p><a href=\"https:\/\/teknosavo.fi\/de\/losungen\/\"><img loading=\"lazy\" decoding=\"async\" class=\"attachment-180x alignnone\" src=\"https:\/\/teknosavo.fi\/wp-content\/uploads\/2019\/04\/woodsmart_ico.png\" sizes=\"(max-width: 160px) 100vw, 160px\" srcset=\"https:\/\/teknosavo.fi\/wp-content\/uploads\/2019\/04\/woodsmart_ico.png 160w, https:\/\/teknosavo.fi\/wp-content\/uploads\/2019\/04\/woodsmart_ico-150x150.png 150w\" alt=\"\" width=\"160\" height=\"160\" \/><\/a><\/p><h6><a href=\"https:\/\/teknosavo.fi\/de\/losungen\/\">MEHR GESCHWINDIGKEIT, MEHR KAPAZIT\u00c4T &#8211; MEHR RENTABILIT\u00c4T<\/a><\/h6>\t\t\t\t\t\t\t\t<\/div>\n\t\t\t\t<\/div>\n\t\t\t\t<div class=\"elementor-element elementor-element-cb54742ebcf0de60341b41b1e4e56c8b g3 block ce_text elementor-widget elementor-widget-text-editor\" data-id=\"cb54742ebcf0de60341b41b1e4e56c8b\" data-element_type=\"widget\" data-widget_type=\"text-editor.default\">\n\t\t\t\t<div class=\"elementor-widget-container\">\n\t\t\t\t\t\t\t\t\t<p><a href=\"https:\/\/teknosavo.fi\/de\/optimierungsdienste\/\"><img loading=\"lazy\" decoding=\"async\" class=\"attachment-180x alignnone\" src=\"https:\/\/teknosavo.fi\/wp-content\/uploads\/2019\/04\/optimized-debarking.png\" sizes=\"(max-width: 160px) 100vw, 160px\" srcset=\"https:\/\/teknosavo.fi\/wp-content\/uploads\/2019\/04\/optimized-debarking.png 160w, https:\/\/teknosavo.fi\/wp-content\/uploads\/2019\/04\/optimized-debarking-150x150.png 150w\" alt=\"\" width=\"160\" height=\"160\" \/><\/a><\/p><h6><a title=\"F\u00f6rdelar\" href=\"https:\/\/teknosavo.fi\/de\/optimierungsdienste\/\">OPTIMIERTE ENTRINDUNG &#8211; MEHR UMSATZ<\/a><\/h6>\t\t\t\t\t\t\t\t<\/div>\n\t\t\t\t<\/div>\n\t\t\t\t<div class=\"elementor-element elementor-element-3993bf03ca0903938fe9b6f99c732ba4 g3 block ce_text elementor-widget elementor-widget-text-editor\" data-id=\"3993bf03ca0903938fe9b6f99c732ba4\" data-element_type=\"widget\" data-widget_type=\"text-editor.default\">\n\t\t\t\t<div class=\"elementor-widget-container\">\n\t\t\t\t\t\t\t\t\t<p><a href=\"https:\/\/teknosavo.fi\/de\/optimierungsdienste\/\"><img loading=\"lazy\" decoding=\"async\" class=\"attachment-180x alignnone\" src=\"https:\/\/teknosavo.fi\/wp-content\/uploads\/2019\/04\/chips.png\" sizes=\"(max-width: 180px) 100vw, 180px\" srcset=\"https:\/\/teknosavo.fi\/wp-content\/uploads\/2019\/04\/chips.png 180w, https:\/\/teknosavo.fi\/wp-content\/uploads\/2019\/04\/chips-150x150.png 150w\" alt=\"\" width=\"180\" height=\"180\" \/><\/a><\/p><h6><a title=\"Tj\u00e4nster\" href=\"https:\/\/teknosavo.fi\/de\/optimierungsdienste\/\">SAUBERER MATERIALFLUSS GARANTIERT HOHE QUALIT\u00c4T<\/a><\/h6>\t\t\t\t\t\t\t\t<\/div>\n\t\t\t\t<\/div>\n\t\t\t\t\t<\/div>\n\t\t<\/div>\n\t\t\t\t\t<\/div>\n\t\t<\/section>\n\t\t\t\t<\/div>\n\t\t","protected":false},"excerpt":{"rendered":"<p>EFFIZIENZ UND PRODUKTIONSSICHERHEIT Optimierte Leistung f\u00fcr die Holzbearbeitung Mithilfe der von Teknosavo entwickelten L\u00f6sungen k\u00f6nnen Holzbearbeitungsprozesse vom Fabriktor bis zum Zellstoff Kochprozess optimiert werden. Durch die Optimierung wird die effiziente Nutzung des Rohstoffs sichergestellt, wobei Verluste verringert und die Gesamtkapazit\u00e4t gesteigert werden. Der durch unsere Technologie gew\u00e4hrleistete homogene Prozess reduziert au\u00dferdem die Kosten f\u00fcr Chemikalien, [&hellip;]<\/p>\n","protected":false},"author":13,"featured_media":381,"parent":0,"menu_order":0,"comment_status":"closed","ping_status":"closed","template":"","meta":{"footnotes":""},"class_list":["post-147","page","type-page","status-publish","has-post-thumbnail","hentry"],"aioseo_notices":[],"_links":{"self":[{"href":"https:\/\/teknosavo.fi\/de\/wp-json\/wp\/v2\/pages\/147","targetHints":{"allow":["GET"]}}],"collection":[{"href":"https:\/\/teknosavo.fi\/de\/wp-json\/wp\/v2\/pages"}],"about":[{"href":"https:\/\/teknosavo.fi\/de\/wp-json\/wp\/v2\/types\/page"}],"author":[{"embeddable":true,"href":"https:\/\/teknosavo.fi\/de\/wp-json\/wp\/v2\/users\/13"}],"replies":[{"embeddable":true,"href":"https:\/\/teknosavo.fi\/de\/wp-json\/wp\/v2\/comments?post=147"}],"version-history":[{"count":15,"href":"https:\/\/teknosavo.fi\/de\/wp-json\/wp\/v2\/pages\/147\/revisions"}],"predecessor-version":[{"id":2239,"href":"https:\/\/teknosavo.fi\/de\/wp-json\/wp\/v2\/pages\/147\/revisions\/2239"}],"wp:featuredmedia":[{"embeddable":true,"href":"https:\/\/teknosavo.fi\/de\/wp-json\/wp\/v2\/media\/381"}],"wp:attachment":[{"href":"https:\/\/teknosavo.fi\/de\/wp-json\/wp\/v2\/media?parent=147"}],"curies":[{"name":"wp","href":"https:\/\/api.w.org\/{rel}","templated":true}]}}