{"id":144,"date":"2018-05-15T06:23:29","date_gmt":"2018-05-15T03:23:29","guid":{"rendered":"http:\/\/wwwtesti.teknosavo.fi\/optimierungsdienste\/"},"modified":"2019-05-29T15:05:54","modified_gmt":"2019-05-29T12:05:54","slug":"optimierungsdienste","status":"publish","type":"page","link":"https:\/\/teknosavo.fi\/de\/optimierungsdienste\/","title":{"rendered":"Optimierungsdienste"},"content":{"rendered":"\t\t<div data-elementor-type=\"wp-post\" data-elementor-id=\"144\" class=\"elementor elementor-144 elementor-74\" data-elementor-post-type=\"page\">\n\t\t\t\t\t\t<section class=\"elementor-section elementor-top-section elementor-element elementor-element-d6fc50e54ab839efa796a21e93f8af8d elementor-section-boxed elementor-section-height-default elementor-section-height-default\" data-id=\"d6fc50e54ab839efa796a21e93f8af8d\" data-element_type=\"section\">\n\t\t\t\t\t\t<div class=\"elementor-container elementor-column-gap-default\">\n\t\t\t\t\t<div class=\"elementor-column elementor-col- elementor-top-column elementor-element elementor-element-b91591b6146ee54067d1eb711da2d729 mod_articlehide_mobile\" data-id=\"b91591b6146ee54067d1eb711da2d729\" data-element_type=\"column\" id=\"kuvabanneri\">\n\t\t\t<div class=\"elementor-widget-wrap\">\n\t\t\t\t\t\t\t<\/div>\n\t\t<\/div>\n\t\t\t\t\t<\/div>\n\t\t<\/section>\n\t\t\t\t<section class=\"elementor-section elementor-top-section elementor-element elementor-element-bf291832cff93a5855730469c316f955 elementor-section-boxed elementor-section-height-default elementor-section-height-default\" data-id=\"bf291832cff93a5855730469c316f955\" data-element_type=\"section\">\n\t\t\t\t\t\t<div class=\"elementor-container elementor-column-gap-default\">\n\t\t\t\t\t<div class=\"elementor-column elementor-col- elementor-top-column elementor-element elementor-element-ebbd830642889af2cb33ff3cf79453d2 mod_article\" data-id=\"ebbd830642889af2cb33ff3cf79453d2\" data-element_type=\"column\">\n\t\t\t<div class=\"elementor-widget-wrap elementor-element-populated\">\n\t\t\t\t\t\t<div class=\"elementor-element elementor-element-29cf1313966913a28d279b32ae77590f g1 ingressi block ce_text elementor-widget elementor-widget-text-editor\" data-id=\"29cf1313966913a28d279b32ae77590f\" data-element_type=\"widget\" data-widget_type=\"text-editor.default\">\n\t\t\t\t<div class=\"elementor-widget-container\">\n\t\t\t\t\t\t\t\t\t<h1>KLEINERER HOLZVERLUST,<br>BESSERE QUALIT\u00c4T UND<br>H\u00d6HERER ERTRAG<\/h1>\n<p>Das ausgereifte System und der Komplettservice in einem Paket<\/p>\t\t\t\t\t\t\t\t<\/div>\n\t\t\t\t<\/div>\n\t\t\t\t<div class=\"elementor-element elementor-element-f8f3f3d8d8e7ae6eb3afc0066a3c301f g1 block ce_text elementor-widget elementor-widget-text-editor\" data-id=\"f8f3f3d8d8e7ae6eb3afc0066a3c301f\" data-element_type=\"widget\" data-widget_type=\"text-editor.default\">\n\t\t\t\t<div class=\"elementor-widget-container\">\n\t\t\t\t\t\t\t\t\t<p>Mithilfe der von Teknosavo entwickelten Automationsl\u00f6sungen kann der Betrieb unserer Kunden auf ein h\u00f6heres Niveau gebracht werden. Der Dienst f\u00fcr unsere Kunden ist eine gesamte Optimierungseinheit des Entrindungsprozesses, inklusive der Analyse, der erforderlichen Ger\u00e4te, der Berichterstattung und der kontinuierlichen Instandhaltung. Mithilfe unserer L\u00f6sung wird die Produktion auf ein hohes Niveau gebracht, was einen klaren Wettbewerbsvorteil und Einsparungen in der Materialbearbeitung der Holzbearbeitungsindustrie garantiert.<\/p>\t\t\t\t\t\t\t\t<\/div>\n\t\t\t\t<\/div>\n\t\t\t\t<div class=\"elementor-element elementor-element-ef94b0c26ad5df82e6fbe7c18b283fac  block ce_html elementor-widget elementor-widget-html\" data-id=\"ef94b0c26ad5df82e6fbe7c18b283fac\" data-element_type=\"widget\" data-widget_type=\"html.default\">\n\t\t\t\t<div class=\"elementor-widget-container\">\n\t\t\t\t\t<div style=\"clear:both;\"><\/div>\t\t\t\t<\/div>\n\t\t\t\t<\/div>\n\t\t\t\t<div class=\"elementor-element elementor-element-d5103bf2af4a34ef8a21b22ea8d6493c g1 green block ce_text elementor-widget elementor-widget-text-editor\" data-id=\"d5103bf2af4a34ef8a21b22ea8d6493c\" data-element_type=\"widget\" data-widget_type=\"text-editor.default\">\n\t\t\t\t<div class=\"elementor-widget-container\">\n\t\t\t\t\t\t\t\t\t<h5 class=\"p1\">Einsparungen und Effizienz DURCH PR\u00c4ZISE Daten<\/h5>\t\t\t\t\t\t\t\t<\/div>\n\t\t\t\t<\/div>\n\t\t\t\t<div class=\"elementor-element elementor-element-c2251c6cb4759d71f4b22076a8f519e0 g2together block ce_image elementor-widget elementor-widget-image\" data-id=\"c2251c6cb4759d71f4b22076a8f519e0\" data-element_type=\"widget\" data-widget_type=\"image.default\">\n\t\t\t\t<div class=\"elementor-widget-container\">\n\t\t\t\t\t\t\t\t\t\t\t\t\t\t\t<img decoding=\"async\" src=\"https:\/\/teknosavo.fi\/wp-content\/uploads\/2019\/04\/optimointipalvelu1.png\" title=\"https:\/\/teknosavo.fi\/wp-content\/uploads\/2019\/04\/optimointipalvelu1.png\" alt=\"optimizing service image\" loading=\"lazy\" \/>\t\t\t\t\t\t\t\t\t\t\t\t\t\t\t<\/div>\n\t\t\t\t<\/div>\n\t\t\t\t<div class=\"elementor-element elementor-element-2a1e5aa324d42fee28a2aae1f92193ec g2together block ce_image elementor-widget elementor-widget-image\" data-id=\"2a1e5aa324d42fee28a2aae1f92193ec\" data-element_type=\"widget\" data-widget_type=\"image.default\">\n\t\t\t\t<div class=\"elementor-widget-container\">\n\t\t\t\t\t\t\t\t\t\t\t\t\t\t\t<img fetchpriority=\"high\" decoding=\"async\" width=\"465\" height=\"300\" src=\"https:\/\/teknosavo.fi\/wp-content\/uploads\/2019\/04\/de_energysave.png\" class=\"attachment-full size-full wp-image-1018\" alt=\"Stromersparnisse von bis zu 30 %\" srcset=\"https:\/\/teknosavo.fi\/wp-content\/uploads\/2019\/04\/de_energysave.png 465w, https:\/\/teknosavo.fi\/wp-content\/uploads\/2019\/04\/de_energysave-300x194.png 300w\" sizes=\"(max-width: 465px) 100vw, 465px\" \/>\t\t\t\t\t\t\t\t\t\t\t\t\t\t\t<\/div>\n\t\t\t\t<\/div>\n\t\t\t\t<div class=\"elementor-element elementor-element-3c8292a2fb4af467aa5dad657906ffa9  block ce_html elementor-widget elementor-widget-html\" data-id=\"3c8292a2fb4af467aa5dad657906ffa9\" data-element_type=\"widget\" data-widget_type=\"html.default\">\n\t\t\t\t<div class=\"elementor-widget-container\">\n\t\t\t\t\t<div style=\"clear:both;\"><\/div>\t\t\t\t<\/div>\n\t\t\t\t<\/div>\n\t\t\t\t<div class=\"elementor-element elementor-element-b689311d2dea0160aaef5b8254c81e58 g2 block ce_text elementor-widget elementor-widget-text-editor\" data-id=\"b689311d2dea0160aaef5b8254c81e58\" data-element_type=\"widget\" data-widget_type=\"text-editor.default\">\n\t\t\t\t<div class=\"elementor-widget-container\">\n\t\t\t\t\t\t\t\t\t<p><img decoding=\"async\" src=\"https:\/\/teknosavo.fi\/wp-content\/uploads\/2019\/04\/valittu-ruutu green.jpg\" alt=\"\" width=\"12\" height=\"12\">&nbsp;<strong>Steigerung der Kapazit\u00e4t<br><\/strong>Das Automatisierungssystem beschleunigt den Entrindungsprozess in etlichen Arbeitsphasen. Durch die Steigerung der Effizienz nimmt auch die Kapazit\u00e4t zu.<\/p>\n<p class=\"p1\"><strong><img decoding=\"async\" src=\"https:\/\/teknosavo.fi\/wp-content\/uploads\/2019\/04\/valittu-ruutu green.jpg\" alt=\"\" width=\"12\" height=\"12\">&nbsp;Reduzierter Holzverlust<br><\/strong>Die genaue und optimierte Entrindung senkt den Holzverlust durchschnittlich um 1-4 %.<\/p>\n<p class=\"p1\"><strong><img decoding=\"async\" src=\"https:\/\/teknosavo.fi\/wp-content\/uploads\/2019\/04\/valittu-ruutu green.jpg\" alt=\"\" width=\"12\" height=\"12\">&nbsp;Gleichm\u00e4\u00dfige Produktion<br><\/strong>Die Steuertechnologie der Entrindung erm\u00f6glicht eine gleichm\u00e4\u00dfige Produktion und beugt so gegen Engp\u00e4sse in anderen Produktionsbereichen vor. Durch den gleichm\u00e4\u00dfigen Betrieb kann die Entstehung von Ausnahmesituationen vermieden werden.<\/p>\n<p class=\"p1\"><strong><img decoding=\"async\" src=\"https:\/\/teknosavo.fi\/wp-content\/uploads\/2019\/04\/valittu-ruutu green.jpg\" alt=\"\" width=\"12\" height=\"12\">&nbsp;Produktionsberichte in Echtzeit<br><\/strong>Die von den Messger\u00e4ten zusammengetragenen Daten werden direkt im WoodSmart\u2122-System abgespeichert. Die Produktionsberichte erm\u00f6glichen eine Kontrolle und Optimierung der Holzbearbeitung. WoodSmart\u2122 kann in das Fabriksystem integriert werden.<\/p>\n<p class=\"p1\"><strong><img decoding=\"async\" src=\"https:\/\/teknosavo.fi\/wp-content\/uploads\/2019\/04\/valittu-ruutu green.jpg\" alt=\"\" width=\"12\" height=\"12\">&nbsp;Reinere Holzschnitzel &#8211; h\u00f6here Qualit\u00e4t<br><\/strong>Eine optimierte Produktion erm\u00f6glicht ein reines und hochwertiges Endprodukt. Die hohe Qualit\u00e4t der Holzschnitzel f\u00fchrt auch im weiteren Produktionsprozess zu Ersparnissen, da u. a. die Nutzung von Chemikalien verringert werden kann.<\/p>\t\t\t\t\t\t\t\t<\/div>\n\t\t\t\t<\/div>\n\t\t\t\t<div class=\"elementor-element elementor-element-fafdfe28cb3b15fcf06b26926aa29146 g2 block ce_text elementor-widget elementor-widget-text-editor\" data-id=\"fafdfe28cb3b15fcf06b26926aa29146\" data-element_type=\"widget\" data-widget_type=\"text-editor.default\">\n\t\t\t\t<div class=\"elementor-widget-container\">\n\t\t\t\t\t\t\t\t\t<p class=\"p1\"><strong><img decoding=\"async\" src=\"https:\/\/teknosavo.fi\/wp-content\/uploads\/2019\/04\/valittu-ruutu green.jpg\" alt=\"\" width=\"12\" height=\"12\">&nbsp;Die Wahrscheinlichkeit der menschlichen <br>Fehlhandlungen nimmt ab&nbsp;<br><\/strong>Die automatische Steuerung erm\u00f6glicht einen gleichm\u00e4\u00dfigen und kontinuierlichen Prozess. Produktionsabweichungen durch Schichtwechsel, menschliche Fehlhandlungen oder andere durch Menschen verrichtete Handlungen werden ausgeschlossen.<\/p>\n<p class=\"p1\"><strong><img decoding=\"async\" src=\"https:\/\/teknosavo.fi\/wp-content\/uploads\/2019\/04\/valittu-ruutu green.jpg\" alt=\"\" width=\"12\" height=\"12\">&nbsp;M\u00fchelose \u00dcberwachung<br><\/strong>Mithilfe der L\u00f6sungen von Teknosavo kann sich das Betriebspersonal auf die \u00dcberwachung der Produktion konzentrieren, anstelle sich mit manuellen Steuern zu besch\u00e4ftigen.<\/p>\n<p class=\"p1\"><strong><img decoding=\"async\" src=\"https:\/\/teknosavo.fi\/wp-content\/uploads\/2019\/04\/valittu-ruutu green.jpg\" alt=\"\" width=\"12\" height=\"12\">&nbsp;Je nach Bedarf einstellbar<br><\/strong>Der Optimierungsdienst ber\u00fccksichtigt \u00c4nderungen in der Produktion. Wir passen die Analyse je nach dem \u00c4nderungsbedarf in der Produktion an, z.B. nach einem Wechsel der Holzart.<\/p>\n<p class=\"p3\"><strong><img decoding=\"async\" src=\"https:\/\/teknosavo.fi\/wp-content\/uploads\/2019\/04\/valittu-ruutu green.jpg\" alt=\"\" width=\"12\" height=\"12\">&nbsp;Stets die modernste Technologie<br><\/strong>Die neuesten Technologiel\u00f6sungen gew\u00e4hrleisten die effiziente Funktion der Software und der Ger\u00e4te. Sie m\u00fcssen sich keine Sorgen mehr um Anlagen machen, die mit halber Leistung laufen, mit veralteter Technologie oder vom Markt genommenen Ersatzteilen.<strong><br><br>&nbsp;<\/strong><strong><img decoding=\"async\" src=\"https:\/\/teknosavo.fi\/wp-content\/uploads\/2019\/04\/valittu-ruutu green.jpg\" alt=\"\" width=\"12\" height=\"12\">&nbsp;Kontinuierlicher Technologiesupport und Ersatzteilservice<br><\/strong>Der Technologiesupport gew\u00e4hrleistet die st\u00f6rungsfreie Funktion des Prozesses und beugt gegen Produktionsunterbrechungen im Voraus vor. Der Ersatzteilservice garantiert schnelle Ersatzteillieferungen und deren Montage vor Ort.<\/p>\t\t\t\t\t\t\t\t<\/div>\n\t\t\t\t<\/div>\n\t\t\t\t<div class=\"elementor-element elementor-element-3270f773d4f3e9f8a7d83928b2040d7c g1 blue block ce_text elementor-widget elementor-widget-text-editor\" data-id=\"3270f773d4f3e9f8a7d83928b2040d7c\" data-element_type=\"widget\" data-widget_type=\"text-editor.default\">\n\t\t\t\t<div class=\"elementor-widget-container\">\n\t\t\t\t\t\t\t\t\t<h5>SERVICEVERTRAG<\/h5>\t\t\t\t\t\t\t\t<\/div>\n\t\t\t\t<\/div>\n\t\t\t\t<div class=\"elementor-element elementor-element-e739b992960bd845bc9a9f396ee0f659 g1 blue block ce_text elementor-widget elementor-widget-text-editor\" data-id=\"e739b992960bd845bc9a9f396ee0f659\" data-element_type=\"widget\" data-widget_type=\"text-editor.default\">\n\t\t\t\t<div class=\"elementor-widget-container\">\n\t\t\t\t\t\t\t\t\t<img decoding=\"async\" width=\"368\" height=\"327\" src=\"https:\/\/teknosavo.fi\/wp-content\/uploads\/2019\/04\/Ka\u0308ytto\u0308liittyma\u0308leiska.jpg\" class=\"float_left\" alt=\"\" width=\"f\" height=\"u\" srcset=\"https:\/\/teknosavo.fi\/wp-content\/uploads\/2019\/04\/Ka\u0308ytto\u0308liittyma\u0308leiska.jpg 368w, https:\/\/teknosavo.fi\/wp-content\/uploads\/2019\/04\/Ka\u0308ytto\u0308liittyma\u0308leiska-300x267.jpg 300w\" sizes=\"(max-width: 368px) 100vw, 368px\" \/>\n\n<p><strong>Mit einem Monatsvertrag stehen die WoodSmartTM-Optimierungsl\u00f6sungsvorteile sofort zur Verf\u00fcgung. <\/strong><\/p>\n<p>Der Servicevertrag von Teknosavo beinhaltet die auf die Produktionsmenge der Kundenanlage zugeschnittene Technologie, Montage\u00fcberwachung, Inbetriebnahme und Aktualisierungen. Das monatlich fakturierte Optimierungssystem zum Festpreis bietet dem Kunden die M\u00f6glichkeit, sein Gesch\u00e4ft auf einfache Weise zu intensivieren und betr\u00e4chtliche Ersparnisse zu erzielen.&nbsp;&nbsp;<br><br>Zum Vertrag z\u00e4hlen Technologiel\u00f6sungen, Wartungen und die erforderlichen Ersatzteile sowie der weltweite Kundensupport. Der Vertrag wird jeweils f\u00fcr f\u00fcnf Jahre abgeschlossen. Teknosavo garantiert den Effizienzvorteil f\u00fcr die gesamte Vertragslaufzeit.<\/p>\t\t\t\t\t\t\t\t<\/div>\n\t\t\t\t<\/div>\n\t\t\t\t\t<\/div>\n\t\t<\/div>\n\t\t\t\t\t<\/div>\n\t\t<\/section>\n\t\t\t\t<\/div>\n\t\t","protected":false},"excerpt":{"rendered":"","protected":false},"author":12,"featured_media":317,"parent":0,"menu_order":0,"comment_status":"closed","ping_status":"closed","template":"","meta":{"footnotes":""},"class_list":["post-144","page","type-page","status-publish","has-post-thumbnail","hentry"],"aioseo_notices":[],"_links":{"self":[{"href":"https:\/\/teknosavo.fi\/de\/wp-json\/wp\/v2\/pages\/144","targetHints":{"allow":["GET"]}}],"collection":[{"href":"https:\/\/teknosavo.fi\/de\/wp-json\/wp\/v2\/pages"}],"about":[{"href":"https:\/\/teknosavo.fi\/de\/wp-json\/wp\/v2\/types\/page"}],"author":[{"embeddable":true,"href":"https:\/\/teknosavo.fi\/de\/wp-json\/wp\/v2\/users\/12"}],"replies":[{"embeddable":true,"href":"https:\/\/teknosavo.fi\/de\/wp-json\/wp\/v2\/comments?post=144"}],"version-history":[{"count":1,"href":"https:\/\/teknosavo.fi\/de\/wp-json\/wp\/v2\/pages\/144\/revisions"}],"predecessor-version":[{"id":261,"href":"https:\/\/teknosavo.fi\/de\/wp-json\/wp\/v2\/pages\/144\/revisions\/261"}],"wp:featuredmedia":[{"embeddable":true,"href":"https:\/\/teknosavo.fi\/de\/wp-json\/wp\/v2\/media\/317"}],"wp:attachment":[{"href":"https:\/\/teknosavo.fi\/de\/wp-json\/wp\/v2\/media?parent=144"}],"curies":[{"name":"wp","href":"https:\/\/api.w.org\/{rel}","templated":true}]}}